{"id":108,"date":"2018-03-13T18:31:48","date_gmt":"2018-03-13T17:31:48","guid":{"rendered":"https:\/\/blogsaverroes.juntadeandalucia.es\/ceipciudaddebaza\/?page_id=108"},"modified":"2018-11-30T18:37:14","modified_gmt":"2018-11-30T17:37:14","slug":"historia","status":"publish","type":"page","link":"https:\/\/blogsaverroes.juntadeandalucia.es\/ceipciudaddebaza\/historia\/","title":{"rendered":"Historia"},"content":{"rendered":"<p>Era el a\u00f1o 1.971, y en el Bolet\u00edn Oficial del Estado n\u00ba 127, se publicaba por Orden ministerial de 28 de mayo de 1.971 relativa a centros docentes estatales, la siguiente rese\u00f1a referida a la provincia de Granada:<\/p>\n<p><em>\u00abMunicipio de Baza, localidad de Baza. Constituci\u00f3n del Colegio Nacional Mixto \u00abCiudad de Baza\u00bb, que contar\u00e1 con 16 unidades escolares y Direcci\u00f3n sin curso (ocho unidades escolares de ni\u00f1os y ocho unidades escolares de ni\u00f1as). A tal efecto se crean ocho unidades escolares de ni\u00f1os y tres de ni\u00f1as para funcionar en el nuevo edificio de nueva construcci\u00f3n. Al mismo tiempo se integran y se trasladan a este mismo edificio cinco unidades escolares de ni\u00f1as y la plaza de Director escolar, desglosadas del desaparecido Colegio Nacional de Ni\u00f1as \u00ab\u00c1lvarez Lara\u00bb.<\/em><\/p>\n<p>El \u00abCiudad de Baza\u00bb abr\u00eda sus puertas el d\u00eda 16 de septiembre de 1.971 a los 559 alumnos y alumnas que se matricularon en este primer curso escolar y 16 maestros\/as. Como an\u00e9cdota rese\u00f1ar que la denominaci\u00f3n de mixto se reduc\u00eda a distribuir al alumnado femenino en ocho aulas por las que acced\u00edan por la puerta derecha, mientras que los varones lo hac\u00edan por las de la puerta izquierda, la coeducaci\u00f3n a\u00fan tardar\u00eda un tiempo en llegar.<\/p>\n<p>El reci\u00e9n creado Centro se ubicaba en un amplio solar en la \u00abHuerta de la Tamasca\u00bb, entonces en las afueras de Baza y respond\u00eda a las demandas creadas por la entonces innovadora ley de Educaci\u00f3n General B\u00e1sica del en aquel momento ministro Villar Palas\u00ed, por la cual la escolarizaci\u00f3n se hac\u00eda obligatoria hasta los 14 a\u00f1os, y al aprobar el 8\u00ba curso se otorgaba el t\u00edtulo de Graduado Escolar. El edificio contaba con 16 aulas, sal\u00f3n de actos, biblioteca, cocina, calefacci\u00f3n central, vestuarios y duchas para deporte, tutor\u00edas, Sala de Profesores, despachos de Direcci\u00f3n y Secretar\u00eda, servicios para el alumnado y el profesorado, casa de conserje y edificio para 6 viviendas de maestros. El proyecto contaba con un gimnasio en el patio delantero que no lleg\u00f3 a materializarse, siendo los patios de tierra.<\/p>\n<p>En estos primeros a\u00f1os el alumnado vest\u00eda de uniforme, pantal\u00f3n o falda gris y jersey azul, luego la falda pasar\u00eda a ser de cuadros. La ratio de alumnos\/as por aula era muy alta, 73 alumnos por clase en el curso escolar 1.971\/72 y 43 alumnos por clase en el siguiente curso. El primer Claustro del profesorado se celebrar\u00e1 el d\u00eda 9 de octubre de 1.971 actuando como primer Secretario D. \u00c1ngel Berruezo Herrero, ocupando el cargo de Director D. Antonio Valdivieso Ram\u00f3n, que permanecer\u00e1 como tal hasta el curso escolar 1.983\/84. El 4 de noviembre del mismo a\u00f1o se constituye la APA, siendo su primer presidente Juan Romera Piernas. El presupuesto del Centro en este primer curso fue de 171,50 \u20ac.<\/p>\n<p>Durante le curso 1.972\/73 funcionar\u00e1 una fugaz Escuela Hogar en nuestro Centro, habilit\u00e1ndose dos aulas para dormitorios, siendo su Directora D\u00aa. Carmen Campo. En el 1.973\/74 se inician los viajes de Fin de Escolaridad, primero a Madrid bajo la coordinaci\u00f3n de D. Manuel Vico y posteriormente a C\u00f3rdoba, Sevilla y Huelva. En 1.974 funcionar\u00e1n dos aulas nocturnas de adultos con capacidad para sesenta alumnos. En el curso 1.973\/74 se organiza la rondalla escolar del Colegio bajo la direcci\u00f3n del m\u00fasico D. Juan Jos\u00e9 L\u00f3pez Gea. En 1.975 se ampliar\u00e1 el Colegio a 19 unidades escolares con la creaci\u00f3n de dos unidades de educaci\u00f3n especial. Y en 1.976 comienza por primera vez la participaci\u00f3n de la comunidad escolar en el gobierno del Centro por medio del llamado Consejo Asesor, que con el tiempo pasar\u00e1 a denominarse C. Escolar. En 1.980 se integra en el \u00abCiudad de Baza\u00bb la Escuela Graduada \u00abM\u00e1rquez Torres\u00bb, aportando cinco unidades mixtas de EGB y una de P\u00e1rvulos. Desde entonces el conocido como colegio de \u00abLos Solares\u00bb funcionar\u00e1 como dependencia anexa al centro matriz hasta 2015.<\/p>\n<p>A comienzos del curso 1.983\/84 se hace cargo de la Direcci\u00f3n de forma accidental D\u00aa. \u00c1ngeles Corral Jerez, hasta que a propuesta del Claustro y del Consejo de Direcci\u00f3n es nombrado Director D. Manuel Vico Arias que ostentar\u00e1 el cargo hasta el curso 1.993\/94, siendo Jefe de Estudios D. Antonio Hern\u00e1ndez P\u00e9rez y Secretario D. Jes\u00fas Serrano P\u00e9rez.<\/p>\n<p>En 1.987 ser\u00e1 destinada al Centro la maestra D\u00aa. Amelia Iriarte Zambudio, como monitora escolar, asumiendo desde entonces las tareas administrativas, constituy\u00e9ndose en un referente en cuanto a las tareas burocr\u00e1ticas y administrativas del Colegio.<\/p>\n<p>Durante el curso 1.992\/93 comienza a implantarse una nueva reforma educativa, la LOGSE, la cual implicar\u00e1 la desaparici\u00f3n de los cursos 7\u00ba y 8\u00ba de EGB que se imparten en la Primaria, los cuales pasar\u00e1n junto con 5 profesores a integrarse en los Institutos de Ense\u00f1anza Secundaria, como 1\u00ba y 2\u00ba de ESO. El Colegio quedar\u00e1 estructurado en tres l\u00edneas educativas completas que abarcan desde la infantil 3 a\u00f1os hasta 6\u00ba curso de Primaria.<\/p>\n<p>El 1 de febrero de 1.992 empieza a funcionar la jornada escolar continua, de cinco sesiones de ma\u00f1ana y dos de tarde, hasta entonces el alumnado repart\u00eda su horario lectivo entre la ma\u00f1ana y la tarde, de lunes a viernes. Comienzan de manera reglada las actividades extraescolares.<\/p>\n<p>En el curso 1.994\/95 es elegido Director D. Julio Fern\u00e1ndez Soria, ocupando la Jefatura de Estudios D. Andr\u00e9s Torres Gonz\u00e1lez y la Secretar\u00eda del \u00abCiudad de Baza\u00bb D. Jes\u00fas Serrano P\u00e9rez.<\/p>\n<p>Durante el curso 1996\/97 se cumplen los XXV a\u00f1os de existencia del \u00abCiudad de Baza\u00bb celebr\u00e1ndose un apretado programa de actos, por esas fechas hab\u00edan pasado ya por las aulas de nuestro Centro, m\u00e1s de 2.600 alumnos y alumnas y 114 docentes.<\/p>\n<p>Desde el curso 2.000\/01 y hasta el 2009 desempe\u00f1ar\u00e1 el cargo de Director D. Andr\u00e9s Torres Gonz\u00e1lez, actuando como Jefe de Estudios D. Pedro Mart\u00edn G\u00f3mez y de Secretario D. Jes\u00fas Serrano P\u00e9rez, que a su jubilaci\u00f3n en 2.006, ser\u00e1 sustituido por D. Antonio Francisco Montalb\u00e1n Sierra.<\/p>\n<p>&nbsp;<\/p>\n<p>Durante el curso escolar 2006\/2007 las ya anquilosadas dependencias del Colegio sufren una reforma integral, quedando s\u00f3lo el esqueleto de su estructura, al inicio del curso siguiente alumnado y profesorado tendr\u00e1n que soportar un duro a\u00f1o, distribuidos por diferentes dependencias de la localidad, en el curso siguiente se podr\u00e1 disfrutar de un edificio totalmente renovado. Se construye una pista polideportiva y se arregla la casa del conserje como dependencia para educaci\u00f3n f\u00edsica, junto al nuevo gimnasio financiado por el Ayuntamiento y AMPA. Igualmente se instala el sistema de calefacci\u00f3n central en el edificio de \u201cLos Solares\u201d. En 2008 comienza a funcionar el servicio de comedor y aula matinal de nuestro Centro, ampliamente demandado por las familias, el cual provisionalmente queda ubicado en las dependencias del gimnasio.<\/p>\n<p>En el periodo 2009 a 2018 desempe\u00f1a la direcci\u00f3n el equipo formado por D. Rafael Montero Todera como Director, D. Dionisio Salas Quirante, Jefe de Estudios y D\u00aa. M\u00aa. Rosario P\u00e9rez Rodr\u00edguez, Secretaria. Durante este periodo se construyen las dependencias del nuevo comedor escolar y un aula de infantil, se gestionan las obras de renovaci\u00f3n de cubiertas del colegio y se moderniza la instalaci\u00f3n el\u00e9ctrica de la sala de calderas de la calefacci\u00f3n. Se digitalizan todas las aulas del centro, creaci\u00f3n de la p\u00e1gina web del colegio, blog de aula, se informatizan los procesos de trabajo, documentaci\u00f3n y programaci\u00f3n educativa de todos los niveles. Adem\u00e1s se inicia la adaptaci\u00f3n del centro a dos l\u00edneas educativas lo cual permite una mejora en la utilizaci\u00f3n de las dependencias y su aprovechamiento educativo por parte del alumnado, como es la puesta en funcionamiento de las dependencias de la nueva biblioteca. En este mismo periodo se potencian los programas relacionados con la mejora de las competencias educativas y atenci\u00f3n a la diversidad, contempladas en las legislaci\u00f3n educativa de la LOE (2006) y LOMCE (2013). Durante este periodo estuvo funcionando en las dependencias del edificio anexo de la calle Solares un aula matinal y comedor escolar para el alumnado ubicado en dicho edificio hasta su cierre definitivo al finalizar el curso 2014-15.<\/p>\n<p>En el curso 2018\/19 asume la direcci\u00f3n un nuevo equipo con D\u00aa. Mar\u00eda del Rosario P\u00e9rez Rodr\u00edguez como Directora, D\u00aa. M\u00aa. Dolores S\u00e1nchez Garc\u00eda, Jefe de Estudios y D. Juan Carlos S\u00e1nchez Agudo, Secretario. Al inicio del periodo se llevan a cabo las obras de renovaci\u00f3n y aislamiento t\u00e9rmico de cubiertas del edificio y la renovaci\u00f3n de la p\u00e1gina web red social como medio de comunicaci\u00f3n oficial del Centro.<\/p>\n<p>Dada la demanda que el Colegio \u201cCiudad de Baza\u201d ha tenido entre la poblaci\u00f3n de Baza, la matr\u00edcula de alumnado desde los primeros cursos ha sido siempre muy elevada, superando los 700 alumnos\/as en 1.979, alcanzando en el curso 1.983\/84 los 778 alumnos y la ratio de alumnos por clase ha oscilado entre los 29 del a\u00f1o 1.987 y los 25 de promedio que se observan desde 1993 hasta la fecha. En la actualidad, treinta docentes al servicio de la educaci\u00f3n en Baza y cuarenta a\u00f1os de docencia de nuestro Colegio, haciendo algo de peque\u00f1a historia en nuestra milenaria localidad. Antiguos y nuevos maestros, los hijos de nuestros antiguos alumnos, son ahora los nuevos colegiales, modernos retos, cambios legislativos y generacionales y cada vez m\u00e1s variado alumnado; todo en vertiginosa y constante renovaci\u00f3n, son los tiempos actuales\u2026 avanzando como una quilla educativa al servicio de la ense\u00f1anza, el Colegio de Educaci\u00f3n Infantil y Primaria \u201cCiudad de Baza\u201d.<\/p>\n<p>Y finalmente, c\u00f3mo no recordar a todos los maestros y maestras que han impartido o imparten docencia en el Colegio, pues ellos son los que con su trabajo han forjado y siguen educando, junto a las familias, a los ciudadanos del ma\u00f1ana. Nota: Especial recordatorio al gran maestro y compa\u00f1ero D. Jes\u00fas Serrano P\u00e9rez, pues gracias a sus apuntes hist\u00f3ricos del Centro, fue posible redactar en parte esta breve compilaci\u00f3n hist\u00f3rica de nuestro Colegio, agradecimiento que se hace extensible a D\u00aa. Josefa Serrano y D\u00aa. Amelia Iriarte.<\/p>\n","protected":false},"excerpt":{"rendered":"<p>Era el a\u00f1o 1.971, y en el Bolet\u00edn Oficial del Estado n\u00ba 127, se publicaba por Orden ministerial de 28 de mayo de 1.971 relativa a centros docentes estatales, la siguiente rese\u00f1a referida a&#46;&#46;&#46;<\/p>\n","protected":false},"author":6076,"featured_media":0,"parent":0,"menu_order":0,"comment_status":"closed","ping_status":"closed","template":"page-templates\/child-menu.php","meta":{"ngg_post_thumbnail":0,"footnotes":""},"aioseo_notices":[],"_links":{"self":[{"href":"https:\/\/blogsaverroes.juntadeandalucia.es\/ceipciudaddebaza\/wp-json\/wp\/v2\/pages\/108"}],"collection":[{"href":"https:\/\/blogsaverroes.juntadeandalucia.es\/ceipciudaddebaza\/wp-json\/wp\/v2\/pages"}],"about":[{"href":"https:\/\/blogsaverroes.juntadeandalucia.es\/ceipciudaddebaza\/wp-json\/wp\/v2\/types\/page"}],"author":[{"embeddable":true,"href":"https:\/\/blogsaverroes.juntadeandalucia.es\/ceipciudaddebaza\/wp-json\/wp\/v2\/users\/6076"}],"replies":[{"embeddable":true,"href":"https:\/\/blogsaverroes.juntadeandalucia.es\/ceipciudaddebaza\/wp-json\/wp\/v2\/comments?post=108"}],"version-history":[{"count":5,"href":"https:\/\/blogsaverroes.juntadeandalucia.es\/ceipciudaddebaza\/wp-json\/wp\/v2\/pages\/108\/revisions"}],"predecessor-version":[{"id":805,"href":"https:\/\/blogsaverroes.juntadeandalucia.es\/ceipciudaddebaza\/wp-json\/wp\/v2\/pages\/108\/revisions\/805"}],"wp:attachment":[{"href":"https:\/\/blogsaverroes.juntadeandalucia.es\/ceipciudaddebaza\/wp-json\/wp\/v2\/media?parent=108"}],"curies":[{"name":"wp","href":"https:\/\/api.w.org\/{rel}","templated":true}]}}