{"id":2459,"date":"2022-12-15T11:57:59","date_gmt":"2022-12-15T10:57:59","guid":{"rendered":"https:\/\/blogsaverroes.juntadeandalucia.es\/ceipciudaddebaza\/?page_id=2459"},"modified":"2023-02-15T19:35:06","modified_gmt":"2023-02-15T18:35:06","slug":"tde","status":"publish","type":"page","link":"https:\/\/blogsaverroes.juntadeandalucia.es\/ceipciudaddebaza\/tde\/","title":{"rendered":"TDE"},"content":{"rendered":"<p><a href=\"https:\/\/blogsaverroes.juntadeandalucia.es\/ceipciudaddebaza\/files\/2023\/02\/RESOLUCI\u00d3N-TDE-CURSO-22-23.pdf\" target=\"_blank\" rel=\"noopener noreferrer\">RESOLUCI\u00d3N DE 20 DE SEPTIEMBRE, DE LA DIRECCI\u00d3N DE TECONOLG\u00cdAS AVANZADAS Y TRANSFORMACI\u00d3N EDUCATIVA, SOBRE MEDIDAS PARA EL IMPULSO DE LA COMPETENCIA DIGITAL EN LOS CENTROS DOCENTES SOSTENIDOS CON FONDOS P\u00daBLICOS EN EL MARCO DEL PROGRAMA DE COOPERACI\u00d3N TERRITORIAL #CompDigEdu.<\/a><\/p>\n<p>El programa de Transformaci\u00f3n Digital Educativa (TDE) de la Consejer\u00eda de Educaci\u00f3n y Deporte tiene como objetivo la transformaci\u00f3n de los centros con tres l\u00edneas de actuaci\u00f3n: organizativa, pedag\u00f3gica y de comunicaci\u00f3n.<br \/>\nPretende reforzar la capacitaci\u00f3n digital de la comunidad educativa del Centro: alumnado y profesorado, para incrementar el valor de la experiencia del aprendizaje del alumnado y, por consiguiente, ayudar a la mejora de los resultados acad\u00e9micos.<\/p>\n<p>El TDE tiene dos funciones. En primer lugar, con car\u00e1cter general, este programa aspira a propiciar el aporte que la sociedad necesita para mejorar su capacidad para hacerle frente a los nuevos retos del mundo actual. En un segundo sentido, m\u00e1s espec\u00edfico dentro del \u00e1mbito de la Ense\u00f1anza, se plantea como objetivo el mejorar la experiencia de aprendizaje, as\u00ed como sus resultados.<\/p>\n<p>&nbsp;<\/p>\n<p style=\"text-align: center\"><a href=\"https:\/\/blogsaverroes.juntadeandalucia.es\/ceipciudaddebaza\/files\/2023\/02\/PLAN-DE-ACTUACI\u00d3N-DIGITAL-CEIP-CIUDAD-DE-BAZA-Curso-2022-23.pdf\" target=\"_blank\" rel=\"noopener noreferrer\"><span style=\"font-size: 18pt\"><strong>PLAN DE ACTUACI\u00d3N DIGITAL DEL CEIP CIUDAD DE BAZA. <\/strong><\/span><\/a><\/p>\n<p style=\"text-align: center\"><a href=\"https:\/\/blogsaverroes.juntadeandalucia.es\/ceipciudaddebaza\/files\/2023\/02\/PLAN-DE-ACTUACI\u00d3N-DIGITAL-CEIP-CIUDAD-DE-BAZA-Curso-2022-23.pdf\" target=\"_blank\" rel=\"noopener noreferrer\"><span style=\"font-size: 18pt\"><strong>CURSO 22\/23<\/strong><\/span><\/a><\/p>\n<p>&nbsp;<\/p>\n","protected":false},"excerpt":{"rendered":"<p>RESOLUCI\u00d3N DE 20 DE SEPTIEMBRE, DE LA DIRECCI\u00d3N DE TECONOLG\u00cdAS AVANZADAS Y TRANSFORMACI\u00d3N EDUCATIVA, SOBRE MEDIDAS PARA EL IMPULSO DE LA COMPETENCIA DIGITAL EN LOS CENTROS DOCENTES SOSTENIDOS CON FONDOS P\u00daBLICOS EN EL MARCO&#46;&#46;&#46;<\/p>\n","protected":false},"author":6076,"featured_media":0,"parent":0,"menu_order":0,"comment_status":"closed","ping_status":"closed","template":"","meta":{"ngg_post_thumbnail":0,"footnotes":""},"aioseo_notices":[],"_links":{"self":[{"href":"https:\/\/blogsaverroes.juntadeandalucia.es\/ceipciudaddebaza\/wp-json\/wp\/v2\/pages\/2459"}],"collection":[{"href":"https:\/\/blogsaverroes.juntadeandalucia.es\/ceipciudaddebaza\/wp-json\/wp\/v2\/pages"}],"about":[{"href":"https:\/\/blogsaverroes.juntadeandalucia.es\/ceipciudaddebaza\/wp-json\/wp\/v2\/types\/page"}],"author":[{"embeddable":true,"href":"https:\/\/blogsaverroes.juntadeandalucia.es\/ceipciudaddebaza\/wp-json\/wp\/v2\/users\/6076"}],"replies":[{"embeddable":true,"href":"https:\/\/blogsaverroes.juntadeandalucia.es\/ceipciudaddebaza\/wp-json\/wp\/v2\/comments?post=2459"}],"version-history":[{"count":11,"href":"https:\/\/blogsaverroes.juntadeandalucia.es\/ceipciudaddebaza\/wp-json\/wp\/v2\/pages\/2459\/revisions"}],"predecessor-version":[{"id":2463,"href":"https:\/\/blogsaverroes.juntadeandalucia.es\/ceipciudaddebaza\/wp-json\/wp\/v2\/pages\/2459\/revisions\/2463"}],"wp:attachment":[{"href":"https:\/\/blogsaverroes.juntadeandalucia.es\/ceipciudaddebaza\/wp-json\/wp\/v2\/media?parent=2459"}],"curies":[{"name":"wp","href":"https:\/\/api.w.org\/{rel}","templated":true}]}}