{"id":288,"date":"2022-09-10T17:29:07","date_gmt":"2022-09-10T16:29:07","guid":{"rendered":"https:\/\/blogsaverroes.juntadeandalucia.es\/ceipciudaddebaza\/?page_id=288"},"modified":"2022-10-16T19:21:52","modified_gmt":"2022-10-16T18:21:52","slug":"aula-matinal","status":"publish","type":"page","link":"https:\/\/blogsaverroes.juntadeandalucia.es\/ceipciudaddebaza\/aula-matinal\/","title":{"rendered":"Aula matinal"},"content":{"rendered":"<div style=\"text-align: center\"><span style=\"font-size: 14pt\"><strong>&nbsp;PLAN DE APERTURA<\/strong><\/span>&nbsp;<\/div>\n<div>&nbsp;<\/div>\n<div>En cualquier momento del curso y siempre que existan plazas vacantes podr\u00e1n solicitar el uso de estos servicios, de forma que para evitar errores se recomienda rellenar y entregar la solicitud cuando tengan la seguridad de que sus hijos van a asistir. Aunque el cupo de usuarios est\u00e9 completo podr\u00e1n quedar en lista de espera de futuras vacantes que se puedan producir a lo largo del curso.<\/div>\n<ul style=\"list-style-type: square\">\n<li>Al comedor se podr\u00e1 asistir por meses completos o d\u00edas sueltos. En caso de d\u00edas sueltos deben indicarlo rellenado la solicitud correspondiente y entreg\u00e1ndola en el comedor cada mes con 15 d\u00edas de antelaci\u00f3n.<\/li>\n<li>Los recibos se pasar\u00e1n por banco a mes cumplido.&nbsp;&nbsp;<\/li>\n<li>El precio variar\u00e1 dependiendo de la bonificaci\u00f3n a la que tengan derecho las familias. Las bonificaciones las aplica la administraci\u00f3n en funci\u00f3n de la \u00faltima renta declarada del a\u00f1o fiscal concluido.<\/li>\n<\/ul>\n<div>El impago de 2 recibos consecutivos origina la baja inmediata en el servicio, la cual ser\u00e1 comunicada previamente al afectado y su sustituci\u00f3n por otro solicitante de la lista de espera del servicio de Aula Matinal, Comedor o Actividades Extraescolares.<\/div>\n<div>&nbsp;<\/div>\n<div>\n<div style=\"text-align: center\"><span style=\"font-size: 14pt\"><strong>AULA MATINAL<\/strong><\/span><\/div>\n<div>&nbsp;<\/div>\n<ul style=\"list-style-type: circle\">\n<li>Horario: De 7.30 a 9.00 h. (se podr\u00e1 traer a los ni\u00f1os a cualquier hora dentro de ese tramo). Al terminar el servicio (9.00 h.) los alumnos de Primaria se ir\u00e1n a sus filas y&nbsp; los de infantil ser\u00e1n acompa\u00f1ados por los monitores.<\/li>\n<li>Las actividades son distintas a las que se llevan a cabo durante la jornada escolar de 9 a 14 h. Son, adem\u00e1s, actividades variadas, en funci\u00f3n de la edad y caracter\u00edsticas del alumnado.<\/li>\n<li>El alumnado estar\u00e1 atendido por personal especializado.<\/li>\n<\/ul>\n<div>&nbsp;<\/div>\n<div><strong>Precio Aula Matinal:<\/strong><\/div>\n<div>-Precio mensual&nbsp; &nbsp;(sin bonificaci\u00f3n)&#8230;&#8230;&#8230;&#8230;&#8230;&#8230;&#8230;. 16,81\u20ac.<\/div>\n<div>-Precio por d\u00eda&nbsp; &nbsp; &nbsp;(sin bonificaci\u00f3n)&#8230;&#8230;&#8230;&#8230;&#8230;&#8230;&#8230;..&nbsp; 1,28\u20ac.<\/div>\n<div>&nbsp;<\/div>\n<div>Empresa concesionaria del Aula matinal: \u00abGRUPO EUROSEPER SL\u00bb<\/div>\n<\/div>\n","protected":false},"excerpt":{"rendered":"<p>&nbsp;PLAN DE APERTURA&nbsp; &nbsp; En cualquier momento del curso y siempre que existan plazas vacantes podr\u00e1n solicitar el uso de estos servicios, de forma que para evitar errores se recomienda rellenar y entregar la&#46;&#46;&#46;<\/p>\n","protected":false},"author":6076,"featured_media":0,"parent":0,"menu_order":0,"comment_status":"closed","ping_status":"closed","template":"","meta":{"ngg_post_thumbnail":0,"footnotes":""},"aioseo_notices":[],"_links":{"self":[{"href":"https:\/\/blogsaverroes.juntadeandalucia.es\/ceipciudaddebaza\/wp-json\/wp\/v2\/pages\/288"}],"collection":[{"href":"https:\/\/blogsaverroes.juntadeandalucia.es\/ceipciudaddebaza\/wp-json\/wp\/v2\/pages"}],"about":[{"href":"https:\/\/blogsaverroes.juntadeandalucia.es\/ceipciudaddebaza\/wp-json\/wp\/v2\/types\/page"}],"author":[{"embeddable":true,"href":"https:\/\/blogsaverroes.juntadeandalucia.es\/ceipciudaddebaza\/wp-json\/wp\/v2\/users\/6076"}],"replies":[{"embeddable":true,"href":"https:\/\/blogsaverroes.juntadeandalucia.es\/ceipciudaddebaza\/wp-json\/wp\/v2\/comments?post=288"}],"version-history":[{"count":5,"href":"https:\/\/blogsaverroes.juntadeandalucia.es\/ceipciudaddebaza\/wp-json\/wp\/v2\/pages\/288\/revisions"}],"predecessor-version":[{"id":4703,"href":"https:\/\/blogsaverroes.juntadeandalucia.es\/ceipciudaddebaza\/wp-json\/wp\/v2\/pages\/288\/revisions\/4703"}],"wp:attachment":[{"href":"https:\/\/blogsaverroes.juntadeandalucia.es\/ceipciudaddebaza\/wp-json\/wp\/v2\/media?parent=288"}],"curies":[{"name":"wp","href":"https:\/\/api.w.org\/{rel}","templated":true}]}}