{"id":2946,"date":"2021-10-21T17:04:03","date_gmt":"2021-10-21T16:04:03","guid":{"rendered":"https:\/\/blogsaverroes.juntadeandalucia.es\/ceipciudaddebaza\/?page_id=2946"},"modified":"2021-11-16T17:50:47","modified_gmt":"2021-11-16T16:50:47","slug":"erasmus-plus","status":"publish","type":"page","link":"https:\/\/blogsaverroes.juntadeandalucia.es\/ceipciudaddebaza\/erasmus-plus\/","title":{"rendered":"ERASMUS PLUS"},"content":{"rendered":"<p>&nbsp;<img loading=\"lazy\" decoding=\"async\" class=\"wp-image-2962 alignleft\" src=\"https:\/\/blogsaverroes.juntadeandalucia.es\/ceipciudaddebaza\/files\/2021\/10\/ciudaddebaza.jpg\" alt=\"\" width=\"197\" height=\"136\" srcset=\"https:\/\/blogsaverroes.juntadeandalucia.es\/ceipciudaddebaza\/files\/2021\/10\/ciudaddebaza.jpg 540w, https:\/\/blogsaverroes.juntadeandalucia.es\/ceipciudaddebaza\/files\/2021\/10\/ciudaddebaza-300x207.jpg 300w\" sizes=\"(max-width: 197px) 100vw, 197px\" \/><img loading=\"lazy\" decoding=\"async\" class=\" wp-image-2964 alignright\" src=\"https:\/\/blogsaverroes.juntadeandalucia.es\/ceipciudaddebaza\/files\/2021\/10\/Erasmus.jpg\" alt=\"\" width=\"295\" height=\"100\"><\/p>\n<p>&nbsp;<\/p>\n<p>&nbsp;<\/p>\n<p>&nbsp;<\/p>\n<p><img loading=\"lazy\" decoding=\"async\" class=\"wp-image-2963 aligncenter\" src=\"https:\/\/blogsaverroes.juntadeandalucia.es\/ceipciudaddebaza\/files\/2021\/10\/Erasmus-Plus.png\" alt=\"\" width=\"809\" height=\"165\" srcset=\"https:\/\/blogsaverroes.juntadeandalucia.es\/ceipciudaddebaza\/files\/2021\/10\/Erasmus-Plus.png 671w, https:\/\/blogsaverroes.juntadeandalucia.es\/ceipciudaddebaza\/files\/2021\/10\/Erasmus-Plus-300x61.png 300w\" sizes=\"(max-width: 809px) 100vw, 809px\" \/><\/p>\n<p style=\"text-align: center\">Inauguramos con mucha ilusi\u00f3n y alegr\u00eda este<\/p>\n<p style=\"text-align: center\">espacio dedicado a nuestro proyecto de corta<\/p>\n<p style=\"text-align: center\">duraci\u00f3n de movilidad de alumnado y personal<\/p>\n<p style=\"text-align: center\">(KA122-SCH).<\/p>\n<p style=\"text-align: center\">&nbsp;Convocatoria 2021<\/p>\n<p style=\"text-align: center\"><span style=\"color: #3366ff\">CIUDAD DE BAZA, NUEVAS METAS SIN FRONTERAS<\/span><\/p>\n<p style=\"text-align: center\"><span style=\"color: #000080\">CIUDAD DE BAZA, NEW GOALS NO FRONTIERS<\/span><\/p>\n<p>&nbsp;<\/p>\n<p><img loading=\"lazy\" decoding=\"async\" class=\"wp-image-2965 aligncenter\" src=\"https:\/\/blogsaverroes.juntadeandalucia.es\/ceipciudaddebaza\/files\/2021\/10\/Start.jpg\" alt=\"\" width=\"605\" height=\"429\" srcset=\"https:\/\/blogsaverroes.juntadeandalucia.es\/ceipciudaddebaza\/files\/2021\/10\/Start.jpg 303w, https:\/\/blogsaverroes.juntadeandalucia.es\/ceipciudaddebaza\/files\/2021\/10\/Start-300x213.jpg 300w\" sizes=\"(max-width: 605px) 100vw, 605px\" \/><\/p>\n","protected":false},"excerpt":{"rendered":"<p>&nbsp; &nbsp; &nbsp; &nbsp; Inauguramos con mucha ilusi\u00f3n y alegr\u00eda este espacio dedicado a nuestro proyecto de corta duraci\u00f3n de movilidad de alumnado y personal (KA122-SCH). &nbsp;Convocatoria 2021 CIUDAD DE BAZA, NUEVAS METAS SIN&#46;&#46;&#46;<\/p>\n","protected":false},"author":6076,"featured_media":0,"parent":0,"menu_order":0,"comment_status":"closed","ping_status":"closed","template":"","meta":{"ngg_post_thumbnail":0,"footnotes":""},"aioseo_notices":[],"_links":{"self":[{"href":"https:\/\/blogsaverroes.juntadeandalucia.es\/ceipciudaddebaza\/wp-json\/wp\/v2\/pages\/2946"}],"collection":[{"href":"https:\/\/blogsaverroes.juntadeandalucia.es\/ceipciudaddebaza\/wp-json\/wp\/v2\/pages"}],"about":[{"href":"https:\/\/blogsaverroes.juntadeandalucia.es\/ceipciudaddebaza\/wp-json\/wp\/v2\/types\/page"}],"author":[{"embeddable":true,"href":"https:\/\/blogsaverroes.juntadeandalucia.es\/ceipciudaddebaza\/wp-json\/wp\/v2\/users\/6076"}],"replies":[{"embeddable":true,"href":"https:\/\/blogsaverroes.juntadeandalucia.es\/ceipciudaddebaza\/wp-json\/wp\/v2\/comments?post=2946"}],"version-history":[{"count":3,"href":"https:\/\/blogsaverroes.juntadeandalucia.es\/ceipciudaddebaza\/wp-json\/wp\/v2\/pages\/2946\/revisions"}],"predecessor-version":[{"id":3021,"href":"https:\/\/blogsaverroes.juntadeandalucia.es\/ceipciudaddebaza\/wp-json\/wp\/v2\/pages\/2946\/revisions\/3021"}],"wp:attachment":[{"href":"https:\/\/blogsaverroes.juntadeandalucia.es\/ceipciudaddebaza\/wp-json\/wp\/v2\/media?parent=2946"}],"curies":[{"name":"wp","href":"https:\/\/api.w.org\/{rel}","templated":true}]}}