{"id":302,"date":"2018-09-10T17:33:28","date_gmt":"2018-09-10T16:33:28","guid":{"rendered":"https:\/\/blogsaverroes.juntadeandalucia.es\/ceipciudaddebaza\/?page_id=302"},"modified":"2018-11-21T22:23:42","modified_gmt":"2018-11-21T21:23:42","slug":"libros-de-texto","status":"publish","type":"page","link":"https:\/\/blogsaverroes.juntadeandalucia.es\/ceipciudaddebaza\/libros-de-texto\/","title":{"rendered":"Libros de texto"},"content":{"rendered":"<p style=\"text-align: center\"><strong>EDUCACI\u00d3N INFANTIL<\/strong><\/p>\n<p>&nbsp;<\/p>\n<p><strong>3 a\u00f1os<\/strong><\/p>\n<ul style=\"list-style-type: square\">\n<li>Proyecto PAPELILLOS. Editorial: Algaida.- ANAYA.&nbsp; &nbsp; ISBN 978-84-9877-284-5<\/li>\n<li>LIBROS DE INGL\u00c9S DAISY ROBIN &amp; ME START GREEN CB PK&nbsp; &nbsp; ISBN: 9780194806626<\/li>\n<\/ul>\n<p><strong>4 a\u00f1os<\/strong><\/p>\n<ul style=\"list-style-type: square\">\n<li>Proyecto PAPELILLOS. Editorial: Algaida.- ANAYA.&nbsp; &nbsp; &nbsp; ISBN 978-84-9877-288-3<\/li>\n<li>LIBROS DE INGL\u00c9S DAISY ROBIN &amp; ME A GREEN CB PK&nbsp; &nbsp; &nbsp; ISBN: 9780194806435<\/li>\n<\/ul>\n<p><strong>5 a\u00f1os<\/strong><\/p>\n<ul style=\"list-style-type: square\">\n<li>Proyecto PAPELILLOS. Editorial: Algaida.- ANAYA.&nbsp; &nbsp; &nbsp;ISBN 978-84-9877-292-0<\/li>\n<li>LIBROS DE INGL\u00c9S DAISY ROBIN &amp; ME B GREEN CB PK&nbsp; &nbsp; ISBN: 9780194806534<\/li>\n<\/ul>\n<p>&nbsp;<\/p>\n<p style=\"text-align: center\"><strong>EDUCACI\u00d3N PRIMARIA<\/strong><\/p>\n<p><strong>PRIMERO DE PRIMARIA (POR \u00c1REA-PAUTA)<\/strong><\/p>\n<ul style=\"list-style-type: square\">\n<li>LENGUA CASTELLANA 1. (POR \u00c1REA) Edici\u00f3n 2015. Proyecto \u201cAprender es crecer en conexi\u00f3n\u201d PAUTA. Ed. Anaya + Libro de Lecturas \u201dLos misterios de Lupas\u201d. EAN 9788467875508. (Cheque Libro).<\/li>\n<li>MATEM\u00c1TICAS 1. (POR \u00c1REA) Edici\u00f3n 2015. Proyecto \u201cAprender es crecer en conexi\u00f3n\u201d PAUTA. Ed. Anaya. + Material manipulativo + Cuaderno Ejercicios y Problemas. EAN 9788467875652. (Cheque Libro).<\/li>\n<li>CIENCIAS NATURALEZA 1 + NATURAL SCIENCE 1 IN FOCUS. (POR \u00c1REA) Edici\u00f3n 2015. Proyecto \u201cAprender es crecer en conexi\u00f3n\u201d PAUTA. Ed. Anaya. EAN 9788467839494. (Cheque Libro).<\/li>\n<li>CIENCIAS SOCIALES 1 + SOCIAL SCIENCE 1 IN FOCUS. (POR \u00c1REA) Edici\u00f3n 2015. Proyecto \u201cAprender es crecer en conexi\u00f3n\u201d PAUTA. EAN 9788467839517. (Cheque Libro).<\/li>\n<li>INGL\u00c9S. Tiger 1 Pupil\u2019s Book &#8211; Versi\u00f3n Andaluc\u00eda. Ed. Macmillan. ISBN 9780230492578. (Cheque Libro).<\/li>\n<li>PL\u00c1STICA 1. Edici\u00f3n 2015. Proyecto \u201cAprender es crecer en conexi\u00f3n\u201d. EAN 9788467846218. (Cheque Libro).<\/li>\n<li>M\u00daSICA 1. Edici\u00f3n 2015. Proyecto \u201cAprender es crecer en conexi\u00f3n\u201d. EAN 9788467846232. (Cheque Libro).<\/li>\n<li>RELIGI\u00d3N CAT\u00d3LICA 1. Edici\u00f3n 2015. Proyecto \u201cAprender es crecer en conexi\u00f3n\u201d. EAN 9788469806784. (Cheque Libro).<\/li>\n<li>VALORES SOCIALES Y C\u00cdVICOS 1. (Alternativa a la Religi\u00f3n). Edici\u00f3n 2015. Proyecto \u201cAprender es crecer en conexi\u00f3n\u201d. EAN 9788467845808. (Cheque Libro).<\/li>\n<\/ul>\n<p><strong>SEGUNDO DE PRIMARIA (POR \u00c1REA-PAUTA)<\/strong><\/p>\n<ul style=\"list-style-type: square\">\n<li>LENGUA CASTELLANA 2. (POR \u00c1REA) Edici\u00f3n 2015. Proyecto \u201cAprender es crecer en conexi\u00f3n\u201d PAUTA. Ed. Anaya + Libro de Lecturas \u201dLos misterios de Lupas\u201d. EAN 9788467875607. (Cheque Libro).<\/li>\n<li>MATEM\u00c1TICAS 2. (POR \u00c1REA) Edici\u00f3n 2015. Proyecto \u201cAprender es crecer en conexi\u00f3n\u201d PAUTA. Ed. Anaya. + Material Manipulativo + Cuaderno Ejercicios y Problemas. EAN 9788467875751. (Cheque Libro).<\/li>\n<li>CIENCIAS NATURALEZA 2 + NATURAL SCIENCE 2 IN FOCUS. (POR \u00c1REA) Edici\u00f3n 2015. Proyecto \u201cAprender es crecer en conexi\u00f3n\u201d PAUTA. Ed. Anaya. EAN 9788467875805. (Cheque Libro).<\/li>\n<li>CIENCIAS SOCIALES 2 + SOCIAL SCIENCE 2 IN FOCUS. (POR \u00c1REA) Edici\u00f3n 2015. Proyecto \u201cAprender es crecer en conexi\u00f3n\u201d PAUTA. EAN 9788467875911. (Cheque Libro).<\/li>\n<li>INGL\u00c9S. Tiger 2 Pupil\u2019s Book &#8211; Versi\u00f3n Andaluc\u00eda. Ed. Macmillan. ISBN 9780230492585. (Cheque Libro).<\/li>\n<li>PL\u00c1STICA 2. Edici\u00f3n 2015. Proyecto \u201cAprender es crecer en conexi\u00f3n\u201d. EAN 9788467876024. (Cheque Libro).<\/li>\n<li>M\u00daSICA 2. Edici\u00f3n 2015. Proyecto \u201cAprender es crecer en conexi\u00f3n\u201d. EAN 9788467876031. (Cheque Libro).<\/li>\n<li>RELIGI\u00d3N CAT\u00d3LICA 2. Edici\u00f3n 2015. Proyecto \u201cAprender es crecer en conexi\u00f3n\u201d. EAN 9788469806791. (Cheque Libro).<\/li>\n<li>VALORES SOCIALES Y C\u00cdVICOS 2. (Alternativa a la Religi\u00f3n). Edici\u00f3n 2015. Proyecto \u201cAprender es crecer en conexi\u00f3n\u201d. EAN 9788467874891. (Cheque Libro).<\/li>\n<\/ul>\n<p>&nbsp;<\/p>\n<p><strong>TERCERO&nbsp;<\/strong><\/p>\n<ul style=\"list-style-type: square\">\n<li>LENGUA CASTELLANA 3. (Monovolumen) Edici\u00f3n 2015. Proyecto \u201cAprender es crecer en conexi\u00f3n\u201d. Ed. Anaya. + Libro de Lecturas \u201dLos misterios de Lupas\u201d. EAN 9788467888485. (Colegio).<\/li>\n<li>MATEM\u00c1TICAS 3. (Monovolumen) Edici\u00f3n 2015. Proyecto \u201cAprender es crecer en conexi\u00f3n\u201d. Ed. Anaya. + Cuaderno Resoluci\u00f3n de problemas. EAN 9788467897654. (Colegio).<\/li>\n<li>CIENCIAS NATURALEZA 3 + NATURAL SCIENCE 3 IN FOCUS. Edici\u00f3n 2015. Proyecto \u201cAprender es crecer en conexi\u00f3n\u201d. Ed. Anaya. EAN 9788467848601. (Colegio).<\/li>\n<li>CIENCIAS SOCIALES 3 + SOCIAL SCIENCE 3 IN FOCUS. Edici\u00f3n 2015. Proyecto \u201cAprender es crecer en conexi\u00f3n\u201d. Ed. Anaya. EAN 9788467848625. (Colegio).<\/li>\n<li>INGL\u00c9S. Tiger 3 Pupil\u2019s Book &#8211; Versi\u00f3n Andaluc\u00eda. Ed. Macmillan. ISBN 9780230492592. (Colegio).<\/li>\n<li>FRANC\u00c9S: ZIG-ZAG 3\u00ba. Ed. Anaya. EAN 9782090383867. (Colegio).<\/li>\n<li>PL\u00c1STICA 3. Edici\u00f3n 2015. Proyecto \u201cAprender es crecer en conexi\u00f3n\u201d. Ed. Anaya. EAN 9788467848649. (Colegio).<\/li>\n<li>M\u00daSICA 3. Edici\u00f3n 2015. Proyecto \u201cAprender es crecer en conexi\u00f3n\u201d. Ed. Anaya. EAN 9788467848663. (Colegio).<\/li>\n<li>RELIGI\u00d3N CAT\u00d3LICA 3. Edici\u00f3n 2015. Proyecto \u201cAprender es crecer en conexi\u00f3n\u201d. Ed. Anaya. EAN 9788469806821. (Colegio).<\/li>\n<li>VALORES SOCIALES Y C\u00cdVICOS 3. (Alternativa a la Religi\u00f3n) Edici\u00f3n 2015. Proyecto \u201cAprender es crecer en conexi\u00f3n\u201d. Ed. Anaya. EAN 9788467848373. (Colegio).<\/li>\n<\/ul>\n<p><strong>CUARTO&nbsp;<\/strong><\/p>\n<ul style=\"list-style-type: square\">\n<li>LENGUA CASTELLANA 4. (Monovolumen) Edici\u00f3n 2015. Proyecto \u201cAprender es crecer en conexi\u00f3n\u201d. Ed. Anaya. + Libro de Lecturas \u201dLos misterios de Lupas\u201d. EAN 9788467888485. (Colegio).<\/li>\n<li>MATEM\u00c1TICAS 4. (Monovolumen) Edici\u00f3n 2015. Proyecto \u201cAprender es crecer en conexi\u00f3n\u201d. Ed. Anaya. + Cuaderno Resoluci\u00f3n de problemas. EAN 9788467897654. (Colegio).<\/li>\n<li>CIENCIAS NATURALEZA 4 + NATURAL SCIENCE 4 IN FOCUS. Edici\u00f3n 2015. Proyecto \u201cAprender es crecer en conexi\u00f3n\u201d. Ed. Anaya. EAN 9788467848601. (Colegio).<\/li>\n<li>CIENCIAS SOCIALES 4 + SOCIAL SCIENCE 4 IN FOCUS. Edici\u00f3n 2015. Proyecto \u201cAprender es crecer en conexi\u00f3n\u201d. Ed. Anaya. EAN 9788467848625. (Colegio).<\/li>\n<li>INGL\u00c9S. Tiger 4 Pupil\u2019s Book &#8211; Versi\u00f3n Andaluc\u00eda. Ed. Macmillan. ISBN 9780230492608. (Colegio).<\/li>\n<li>FRANC\u00c9S: ZIG-ZAG 4\u00ba. Ed. Anaya. EAN 9782090383898. (Colegio).<\/li>\n<li>PL\u00c1STICA 4. Edici\u00f3n 2015. Proyecto \u201cAprender es crecer en conexi\u00f3n\u201d. Ed. Anaya. EAN 9788467848649. (Colegio).<\/li>\n<li>M\u00daSICA 4. Edici\u00f3n 2015. Proyecto \u201cAprender es crecer en conexi\u00f3n\u201d. Ed. Anaya. EAN 9788467848663. (Colegio).<\/li>\n<li>RELIGI\u00d3N CAT\u00d3LICA 4. Edici\u00f3n 2015. Proyecto \u201cAprender es crecer en conexi\u00f3n\u201d. Ed. Anaya. EAN 9788469806821. (Colegio).<\/li>\n<li>VALORES SOCIALES Y C\u00cdVICOS 4. (Alternativa a la Religi\u00f3n) Edici\u00f3n 2015. Proyecto \u201cAprender es crecer en conexi\u00f3n\u201d. Ed. Anaya. EAN 9788467878608. (Colegio).<\/li>\n<\/ul>\n<p><strong>QUINTO<\/strong>&nbsp;<\/p>\n<ul style=\"list-style-type: square\">\n<li>LENGUA CASTELLANA 5. (Monovolumen) Edici\u00f3n 2015. Proyecto \u201cAprender es crecer en conexi\u00f3n\u201d. Ed. Anaya. + Taller de Escritura. EAN 9788467897531. (Colegio).<\/li>\n<li>MATEM\u00c1TICAS 5. (Monovolumen) Edici\u00f3n 2015. Proyecto \u201cAprender es crecer en conexi\u00f3n\u201d. Ed. Anaya. + Cuaderno Resoluci\u00f3n de problemas. EAN 9788467897708. (Colegio).<\/li>\n<li>CIENCIAS NATURALEZA 5 + NATURAL SCIENCE 5 IN FOCUS. Edici\u00f3n 2015. Proyecto \u201cAprender es crecer en conexi\u00f3n\u201d. Ed. Anaya. EAN 9788467850376. (Colegio).<\/li>\n<li>CIENCIAS SOCIALES 5 + SOCIAL SCIENCE 5 IN FOCUS. Edici\u00f3n 2015. Proyecto \u201cAprender es crecer en conexi\u00f3n\u201d. Ed. Anaya. EAN 9788467833980. (Colegio).<\/li>\n<li>INGL\u00c9S. Tiger 5 Pupil\u2019s Book &#8211; Versi\u00f3n Andaluc\u00eda. Ed. Macmillan. ISBN 9780230492615. (Colegio).<\/li>\n<li>FRANC\u00c9S: JUS D\u2019ORANGE 5\u00ba. Ed. Anaya. EAN 9788467850307. (Colegio).<\/li>\n<li>PL\u00c1STICA 5. Edici\u00f3n 2015. Proyecto \u201cAprender es crecer en conexi\u00f3n\u201d. Ed. Anaya. EAN 9788467834031. (Colegio).<\/li>\n<li>M\u00daSICA 5. Edici\u00f3n 2015. Proyecto \u201cAprender es crecer en conexi\u00f3n\u201d. Ed. Anaya. EAN 9788467834093. (Colegio).<\/li>\n<li>RELIGI\u00d3N CAT\u00d3LICA 5. Edici\u00f3n 2015. Proyecto \u201cAprender es crecer en conexi\u00f3n\u201d. Ed. Anaya. EAN 9788469806869. (Colegio).<\/li>\n<li>VALORES SOCIALES Y C\u00cdVICOS 5. (Alternativa a la Religi\u00f3n) Edici\u00f3n 2015. Proyecto \u201cAprender es crecer en conexi\u00f3n\u201d. Ed. Anaya. EAN 9788467850185. (Colegio).<\/li>\n<li>EDUCACI\u00d3N P\/CIUDADAN\u00cdA Y DERECHOS HUMANOS. Edici\u00f3n 2015. Proyecto \u201cAprender es crecer en conexi\u00f3n\u201d. Ed. Anaya. EAN 9788467884326. (Colegio).<\/li>\n<\/ul>\n<p>&nbsp;<\/p>\n<p><strong>SEXTO<\/strong><\/p>\n<ul style=\"list-style-type: square\">\n<li>LENGUA CASTELLANA 6. (Monovolumen) Edici\u00f3n 2015. Proyecto \u201cAprender es crecer en conexi\u00f3n\u201d. Ed. Anaya. + Taller de Escritura. EAN 9788467897555. (Colegio).<\/li>\n<li>MATEM\u00c1TICAS 6. (Monovolumen) Edici\u00f3n 2015. Proyecto \u201cAprender es crecer en conexi\u00f3n\u201d. Ed. Anaya. + Cuaderno Resoluci\u00f3n de problemas. EAN 9788467897746. (Colegio).<\/li>\n<li>CIENCIAS NATURALEZA 6 + NATURAL SCIENCE 6 IN FOCUS. Edici\u00f3n 2015. Proyecto \u201cAprender es crecer en conexi\u00f3n\u201d. Ed. Anaya. EAN 9788467881981. (Colegio).<\/li>\n<li>CIENCIAS SOCIALES 6 + SOCIAL SCIENCE 6 IN FOCUS. Edici\u00f3n 2015. Proyecto \u201cAprender es crecer en conexi\u00f3n\u201d. Ed. Anaya. EAN 9788467834017. (Colegio).<\/li>\n<li>INGL\u00c9S. Tiger 6 Pupil\u2019s Book &#8211; Versi\u00f3n Andaluc\u00eda. Ed. Macmillan. ISBN 9780230492622. (Colegio).<\/li>\n<li>FRANC\u00c9S: JUS D\u2019ORANGE 6\u00ba. Ed. Anaya. EAN 9788466790109. (Colegio).<\/li>\n<li>PL\u00c1STICA 6. Edici\u00f3n 2015. Proyecto \u201cAprender es crecer en conexi\u00f3n\u201d. Ed. Anaya. EAN 9788467834062. (Colegio).<\/li>\n<li>M\u00daSICA 6. Edici\u00f3n 2015. Proyecto \u201cAprender es crecer en conexi\u00f3n\u201d. Ed. Anaya. EAN 9788467834116. (Colegio).<\/li>\n<li>RELIGI\u00d3N CAT\u00d3LICA 6. Edici\u00f3n 2015. Proyecto \u201cAprender es crecer en conexi\u00f3n\u201d. Ed. Anaya. EAN 9788469806876. (Colegio).<\/li>\n<li>VALORES SOCIALES Y C\u00cdVICOS 6. (Alternativa a la Religi\u00f3n) Edici\u00f3n 2015. Proyecto \u201cAprender es crecer en conexi\u00f3n\u201d. Ed. Anaya. EAN 9788467881547. (Colegio).<\/li>\n<li>CULTURA Y PR\u00c1CTICA DIGITAL 6. Edici\u00f3n 2015. Proyecto \u201cAprender es crecer en conexi\u00f3n\u201d. Ed. Anaya. EAN 9788467884296. (Colegio).<\/li>\n<\/ul>\n","protected":false},"excerpt":{"rendered":"<p>EDUCACI\u00d3N INFANTIL &nbsp; 3 a\u00f1os Proyecto PAPELILLOS. Editorial: Algaida.- ANAYA.&nbsp; &nbsp; ISBN 978-84-9877-284-5 LIBROS DE INGL\u00c9S DAISY ROBIN &amp; ME START GREEN CB PK&nbsp; &nbsp; ISBN: 9780194806626 4 a\u00f1os Proyecto PAPELILLOS. Editorial: Algaida.- ANAYA.&nbsp;&#46;&#46;&#46;<\/p>\n","protected":false},"author":6076,"featured_media":0,"parent":0,"menu_order":0,"comment_status":"closed","ping_status":"closed","template":"","meta":{"ngg_post_thumbnail":0,"footnotes":""},"aioseo_notices":[],"_links":{"self":[{"href":"https:\/\/blogsaverroes.juntadeandalucia.es\/ceipciudaddebaza\/wp-json\/wp\/v2\/pages\/302"}],"collection":[{"href":"https:\/\/blogsaverroes.juntadeandalucia.es\/ceipciudaddebaza\/wp-json\/wp\/v2\/pages"}],"about":[{"href":"https:\/\/blogsaverroes.juntadeandalucia.es\/ceipciudaddebaza\/wp-json\/wp\/v2\/types\/page"}],"author":[{"embeddable":true,"href":"https:\/\/blogsaverroes.juntadeandalucia.es\/ceipciudaddebaza\/wp-json\/wp\/v2\/users\/6076"}],"replies":[{"embeddable":true,"href":"https:\/\/blogsaverroes.juntadeandalucia.es\/ceipciudaddebaza\/wp-json\/wp\/v2\/comments?post=302"}],"version-history":[{"count":4,"href":"https:\/\/blogsaverroes.juntadeandalucia.es\/ceipciudaddebaza\/wp-json\/wp\/v2\/pages\/302\/revisions"}],"predecessor-version":[{"id":485,"href":"https:\/\/blogsaverroes.juntadeandalucia.es\/ceipciudaddebaza\/wp-json\/wp\/v2\/pages\/302\/revisions\/485"}],"wp:attachment":[{"href":"https:\/\/blogsaverroes.juntadeandalucia.es\/ceipciudaddebaza\/wp-json\/wp\/v2\/media?parent=302"}],"curies":[{"name":"wp","href":"https:\/\/api.w.org\/{rel}","templated":true}]}}