{"id":3160,"date":"2021-11-21T19:55:47","date_gmt":"2021-11-21T18:55:47","guid":{"rendered":"https:\/\/blogsaverroes.juntadeandalucia.es\/ceipciudaddebaza\/?page_id=3160"},"modified":"2021-11-24T18:49:02","modified_gmt":"2021-11-24T17:49:02","slug":"halloween","status":"publish","type":"page","link":"https:\/\/blogsaverroes.juntadeandalucia.es\/ceipciudaddebaza\/halloween\/","title":{"rendered":"Halloween"},"content":{"rendered":"<p>ngg_shortcode_0_placeholder<strong>Comenzamos nuestra apertura a Europa con la celebraci\u00f3n de &nbsp;Halloween en el colegio, de manera conjunta con todo el alumnado y la colaboraci\u00f3n del profesorado del centro. <\/strong><\/p>\n<p>La celebraci\u00f3n de Halloween, refuerza uno de los objetivos fundamentales de nuestro proyecto Erasmus+ como es la multiculturalidad, siendo esta la primera actividad conjunta de internacionalizaci\u00f3n.<\/p>\n<p>Halloween es una celebraci\u00f3n de origen europeo y de impacto general no solo en los pa\u00edses de habla anglosajona.<\/p>\n<p>Nuestro alumnado de todos los niveles educativos ha trabajado con un proyecto com\u00fan que ha partido desde el curr\u00edculo del \u00e1rea de ingl\u00e9s, siendo impulsado por los profesores que imparten el \u00e1rea y ha contado con la colaboraci\u00f3n e implicaci\u00f3n entusiasta de todo el profesorado del centro.<\/p>\n<p>Nos hemos propuesto <strong>promover en el alumnado una mentalidad internacional que fomente el respeto y la curiosidad<\/strong><strong>&nbsp;<\/strong>por las diferentes culturas, ideolog\u00edas y creencias, en un ambiente de tolerancia y diversidad.&nbsp; De esta manera intentamos formar alumnos que sean ciudadanos del mundo, con mentalidad abierta, capaces de comprender y respetar sus propias tradiciones y las del resto del mundo.<\/p>\n<p><strong>Adem\u00e1s ha representado una oportunidad y un est\u00edmulo positivo para el aprendizaje<\/strong><strong>.<\/strong> El potencial visual de esta celebraci\u00f3n ha supuesto un agente motivador para promover un aprendizaje significativo de esta celebraci\u00f3n en nuestro alumnado.<\/p>\n<p>En Educaci\u00f3n Infantil, por ejemplo, trabajar por tem\u00e1ticas atractivas, asociando a ellas esta unidad did\u00e1ctica, ayuda a los ni\u00f1os a despertar su curiosidad y <strong>mejorar el aprendizaje<\/strong>. Los alumnos han trabajado Halloween, utilizando canciones y actividades asociadas a esta celebraci\u00f3n de forma l\u00fadica.<\/p>\n<p><strong>Se ha reforzado el aprendizaje del ingl\u00e9s<\/strong><strong>.<\/strong> Halloween representa un est\u00edmulo para que los alumnos no solo practiquen el ingl\u00e9s con m\u00e1s entusiasmo, sino que tambi\u00e9n lo lleven a casa, repitiendo canciones aprendidas, leyendo lecturas o realizando actividades cuyas instrucciones est\u00e1n en ingl\u00e9s. Disfrutando de actividades grupales que fomentan la inclusi\u00f3n con tareas multinivel, como \u201cgymkhanas\u201d en los cursos de 5\u00ba y 6\u00ba. Decorando el colegio con elementos alusivos a esta celebraci\u00f3n.<\/p>\n<p>Se ha implicado a la comunidad educativa en general, ya que las familias han colaborado en los disfraces de sus hijos e hijas. Todo el alumnado ha asistido a clase el 29 de octubre disfrazado y ha participado en la actividad desarrollada en la \u201cCasita del Terror\u201d o \u201cThe Haunted Little House\u201d, donde la madre de un alumno, Vanesa Mesas Cruz, ha representado de forma desinteresada y con mucho arte, una funci\u00f3n teatral adaptada a las distintas edades de nuestro alumnado, con una puesta en escena musical, l\u00fadica y llena de informaci\u00f3n cultural sobre el origen de Halloween y el verdadero significado de esta celebraci\u00f3n.<\/p>\n<p>Damos las gracias a Vanesa, las familias, el profesorado y por supuesto a nuestros ni\u00f1os y ni\u00f1as que siempre son el motor de nuestra actividad. Ha resultado muy gratificante ver c\u00f3mo han aprendido y disfrutado.<\/p>\n","protected":false},"excerpt":{"rendered":"<p>Comenzamos nuestra apertura a Europa con la celebraci\u00f3n de &nbsp;Halloween en el colegio, de manera conjunta con todo el alumnado y la colaboraci\u00f3n del profesorado del centro. La celebraci\u00f3n de Halloween, refuerza uno de&#46;&#46;&#46;<\/p>\n","protected":false},"author":6076,"featured_media":0,"parent":0,"menu_order":0,"comment_status":"closed","ping_status":"closed","template":"","meta":{"ngg_post_thumbnail":0,"footnotes":""},"aioseo_notices":[],"_links":{"self":[{"href":"https:\/\/blogsaverroes.juntadeandalucia.es\/ceipciudaddebaza\/wp-json\/wp\/v2\/pages\/3160"}],"collection":[{"href":"https:\/\/blogsaverroes.juntadeandalucia.es\/ceipciudaddebaza\/wp-json\/wp\/v2\/pages"}],"about":[{"href":"https:\/\/blogsaverroes.juntadeandalucia.es\/ceipciudaddebaza\/wp-json\/wp\/v2\/types\/page"}],"author":[{"embeddable":true,"href":"https:\/\/blogsaverroes.juntadeandalucia.es\/ceipciudaddebaza\/wp-json\/wp\/v2\/users\/6076"}],"replies":[{"embeddable":true,"href":"https:\/\/blogsaverroes.juntadeandalucia.es\/ceipciudaddebaza\/wp-json\/wp\/v2\/comments?post=3160"}],"version-history":[{"count":8,"href":"https:\/\/blogsaverroes.juntadeandalucia.es\/ceipciudaddebaza\/wp-json\/wp\/v2\/pages\/3160\/revisions"}],"predecessor-version":[{"id":3316,"href":"https:\/\/blogsaverroes.juntadeandalucia.es\/ceipciudaddebaza\/wp-json\/wp\/v2\/pages\/3160\/revisions\/3316"}],"wp:attachment":[{"href":"https:\/\/blogsaverroes.juntadeandalucia.es\/ceipciudaddebaza\/wp-json\/wp\/v2\/media?parent=3160"}],"curies":[{"name":"wp","href":"https:\/\/api.w.org\/{rel}","templated":true}]}}