{"id":4746,"date":"2022-10-28T20:42:05","date_gmt":"2022-10-28T19:42:05","guid":{"rendered":"https:\/\/blogsaverroes.juntadeandalucia.es\/ceipciudaddebaza\/?page_id=4746"},"modified":"2022-11-08T20:52:13","modified_gmt":"2022-11-08T19:52:13","slug":"halloween-2","status":"publish","type":"page","link":"https:\/\/blogsaverroes.juntadeandalucia.es\/ceipciudaddebaza\/halloween-2\/","title":{"rendered":"Halloween"},"content":{"rendered":"<p>We celebrate Halloween at school!&nbsp;<\/p>\n<p>Celebramos Halloween en el colegio con varias actividades educativas y l\u00fadicas. Los alumnos mayores del cole de 6\u00ba curso han ense\u00f1ado a sus compa\u00f1eros m\u00e1s peque\u00f1os aspectos interesantes sobre esta celebraci\u00f3n anglosajona. Todos han aprendido y disfrutado de la experiencia mucho, ha sido un trabajo en grupo muy gratificante para todos.<\/p>\n<p>&nbsp;<\/p>\nngg_shortcode_0_placeholder\n","protected":false},"excerpt":{"rendered":"<p>We celebrate Halloween at school!&nbsp; Celebramos Halloween en el colegio con varias actividades educativas y l\u00fadicas. Los alumnos mayores del cole de 6\u00ba curso han ense\u00f1ado a sus compa\u00f1eros m\u00e1s peque\u00f1os aspectos interesantes sobre&#46;&#46;&#46;<\/p>\n","protected":false},"author":6076,"featured_media":0,"parent":0,"menu_order":0,"comment_status":"closed","ping_status":"closed","template":"","meta":{"ngg_post_thumbnail":0,"footnotes":""},"aioseo_notices":[],"_links":{"self":[{"href":"https:\/\/blogsaverroes.juntadeandalucia.es\/ceipciudaddebaza\/wp-json\/wp\/v2\/pages\/4746"}],"collection":[{"href":"https:\/\/blogsaverroes.juntadeandalucia.es\/ceipciudaddebaza\/wp-json\/wp\/v2\/pages"}],"about":[{"href":"https:\/\/blogsaverroes.juntadeandalucia.es\/ceipciudaddebaza\/wp-json\/wp\/v2\/types\/page"}],"author":[{"embeddable":true,"href":"https:\/\/blogsaverroes.juntadeandalucia.es\/ceipciudaddebaza\/wp-json\/wp\/v2\/users\/6076"}],"replies":[{"embeddable":true,"href":"https:\/\/blogsaverroes.juntadeandalucia.es\/ceipciudaddebaza\/wp-json\/wp\/v2\/comments?post=4746"}],"version-history":[{"count":1,"href":"https:\/\/blogsaverroes.juntadeandalucia.es\/ceipciudaddebaza\/wp-json\/wp\/v2\/pages\/4746\/revisions"}],"predecessor-version":[{"id":4784,"href":"https:\/\/blogsaverroes.juntadeandalucia.es\/ceipciudaddebaza\/wp-json\/wp\/v2\/pages\/4746\/revisions\/4784"}],"wp:attachment":[{"href":"https:\/\/blogsaverroes.juntadeandalucia.es\/ceipciudaddebaza\/wp-json\/wp\/v2\/media?parent=4746"}],"curies":[{"name":"wp","href":"https:\/\/api.w.org\/{rel}","templated":true}]}}