{"id":5946,"date":"2023-06-18T18:38:34","date_gmt":"2023-06-18T17:38:34","guid":{"rendered":"https:\/\/blogsaverroes.juntadeandalucia.es\/ceipciudaddebaza\/?page_id=5946"},"modified":"2023-06-18T18:38:34","modified_gmt":"2023-06-18T17:38:34","slug":"acreditacion-erasmus-ka-120","status":"publish","type":"page","link":"https:\/\/blogsaverroes.juntadeandalucia.es\/ceipciudaddebaza\/acreditacion-erasmus-ka-120\/","title":{"rendered":"Acreditaci\u00f3n Erasmus+ KA 120"},"content":{"rendered":"<p>Nuestro colegio ha recibido la concesi\u00f3n de la Acreditaci\u00f3n Erasmus+ KA120 en el \u00e1mbito de la educaci\u00f3n escolar en la convocatoria 2022. \u00a1Seguimos enriqueciendo vidas y abriendo mentes! Enriching minds, opening minds!!<\/p>\n<p><img loading=\"lazy\" decoding=\"async\" class=\"aligncenter size-full wp-image-5941\" src=\"https:\/\/blogsaverroes.juntadeandalucia.es\/ceipciudaddebaza\/files\/2023\/06\/CARTEL-REDES_page-0001.jpg\" alt=\"\" width=\"1600\" height=\"1131\" srcset=\"https:\/\/blogsaverroes.juntadeandalucia.es\/ceipciudaddebaza\/files\/2023\/06\/CARTEL-REDES_page-0001.jpg 1600w, https:\/\/blogsaverroes.juntadeandalucia.es\/ceipciudaddebaza\/files\/2023\/06\/CARTEL-REDES_page-0001-300x212.jpg 300w, https:\/\/blogsaverroes.juntadeandalucia.es\/ceipciudaddebaza\/files\/2023\/06\/CARTEL-REDES_page-0001-1024x724.jpg 1024w, https:\/\/blogsaverroes.juntadeandalucia.es\/ceipciudaddebaza\/files\/2023\/06\/CARTEL-REDES_page-0001-768x543.jpg 768w, https:\/\/blogsaverroes.juntadeandalucia.es\/ceipciudaddebaza\/files\/2023\/06\/CARTEL-REDES_page-0001-1536x1086.jpg 1536w\" sizes=\"(max-width: 1600px) 100vw, 1600px\" \/><\/p>\n","protected":false},"excerpt":{"rendered":"<p>Nuestro colegio ha recibido la concesi\u00f3n de la Acreditaci\u00f3n Erasmus+ KA120 en el \u00e1mbito de la educaci\u00f3n escolar en la convocatoria 2022. \u00a1Seguimos enriqueciendo vidas y abriendo mentes! Enriching minds, opening minds!!<\/p>\n","protected":false},"author":6076,"featured_media":0,"parent":0,"menu_order":0,"comment_status":"closed","ping_status":"closed","template":"","meta":{"ngg_post_thumbnail":0,"footnotes":""},"aioseo_notices":[],"_links":{"self":[{"href":"https:\/\/blogsaverroes.juntadeandalucia.es\/ceipciudaddebaza\/wp-json\/wp\/v2\/pages\/5946"}],"collection":[{"href":"https:\/\/blogsaverroes.juntadeandalucia.es\/ceipciudaddebaza\/wp-json\/wp\/v2\/pages"}],"about":[{"href":"https:\/\/blogsaverroes.juntadeandalucia.es\/ceipciudaddebaza\/wp-json\/wp\/v2\/types\/page"}],"author":[{"embeddable":true,"href":"https:\/\/blogsaverroes.juntadeandalucia.es\/ceipciudaddebaza\/wp-json\/wp\/v2\/users\/6076"}],"replies":[{"embeddable":true,"href":"https:\/\/blogsaverroes.juntadeandalucia.es\/ceipciudaddebaza\/wp-json\/wp\/v2\/comments?post=5946"}],"version-history":[{"count":1,"href":"https:\/\/blogsaverroes.juntadeandalucia.es\/ceipciudaddebaza\/wp-json\/wp\/v2\/pages\/5946\/revisions"}],"predecessor-version":[{"id":5950,"href":"https:\/\/blogsaverroes.juntadeandalucia.es\/ceipciudaddebaza\/wp-json\/wp\/v2\/pages\/5946\/revisions\/5950"}],"wp:attachment":[{"href":"https:\/\/blogsaverroes.juntadeandalucia.es\/ceipciudaddebaza\/wp-json\/wp\/v2\/media?parent=5946"}],"curies":[{"name":"wp","href":"https:\/\/api.w.org\/{rel}","templated":true}]}}