{"id":7182,"date":"2025-11-10T15:24:15","date_gmt":"2025-11-10T14:24:15","guid":{"rendered":"https:\/\/blogsaverroes.juntadeandalucia.es\/ceipciudaddebaza\/?page_id=7182"},"modified":"2025-11-11T19:36:47","modified_gmt":"2025-11-11T18:36:47","slug":"5-anos-a","status":"publish","type":"page","link":"https:\/\/blogsaverroes.juntadeandalucia.es\/ceipciudaddebaza\/5-anos-a\/","title":{"rendered":"5 A\u00d1OS A"},"content":{"rendered":"<h1 style=\"text-align: center\">SE\u00d1O MAR\u00cdA JOS\u00c9<\/h1>\n<p><img loading=\"lazy\" decoding=\"async\" class=\"aligncenter wp-image-7244 size-full\" src=\"https:\/\/blogsaverroes.juntadeandalucia.es\/ceipciudaddebaza\/files\/2025\/11\/WhatsApp-Image-2025-11-08-at-16.23.31-2-e1762810548838.jpeg\" alt=\"\" width=\"2040\" height=\"656\" srcset=\"https:\/\/blogsaverroes.juntadeandalucia.es\/ceipciudaddebaza\/files\/2025\/11\/WhatsApp-Image-2025-11-08-at-16.23.31-2-e1762810548838.jpeg 2040w, https:\/\/blogsaverroes.juntadeandalucia.es\/ceipciudaddebaza\/files\/2025\/11\/WhatsApp-Image-2025-11-08-at-16.23.31-2-e1762810548838-300x96.jpeg 300w, https:\/\/blogsaverroes.juntadeandalucia.es\/ceipciudaddebaza\/files\/2025\/11\/WhatsApp-Image-2025-11-08-at-16.23.31-2-e1762810548838-1024x329.jpeg 1024w, https:\/\/blogsaverroes.juntadeandalucia.es\/ceipciudaddebaza\/files\/2025\/11\/WhatsApp-Image-2025-11-08-at-16.23.31-2-e1762810548838-768x247.jpeg 768w, https:\/\/blogsaverroes.juntadeandalucia.es\/ceipciudaddebaza\/files\/2025\/11\/WhatsApp-Image-2025-11-08-at-16.23.31-2-e1762810548838-1536x494.jpeg 1536w\" sizes=\"(max-width: 2040px) 100vw, 2040px\" \/><\/p>\n<p><img loading=\"lazy\" decoding=\"async\" class=\"aligncenter size-full wp-image-7310\" src=\"https:\/\/blogsaverroes.juntadeandalucia.es\/ceipciudaddebaza\/files\/2025\/11\/5.png\" alt=\"\" width=\"2000\" height=\"1414\" srcset=\"https:\/\/blogsaverroes.juntadeandalucia.es\/ceipciudaddebaza\/files\/2025\/11\/5.png 1600w, https:\/\/blogsaverroes.juntadeandalucia.es\/ceipciudaddebaza\/files\/2025\/11\/5-300x212.png 300w, https:\/\/blogsaverroes.juntadeandalucia.es\/ceipciudaddebaza\/files\/2025\/11\/5-1024x724.png 1024w, https:\/\/blogsaverroes.juntadeandalucia.es\/ceipciudaddebaza\/files\/2025\/11\/5-768x543.png 768w, https:\/\/blogsaverroes.juntadeandalucia.es\/ceipciudaddebaza\/files\/2025\/11\/5-1536x1086.png 1536w\" sizes=\"(max-width: 2000px) 100vw, 2000px\" \/><\/p>\n","protected":false},"excerpt":{"rendered":"<p>SE\u00d1O MAR\u00cdA JOS\u00c9<\/p>\n","protected":false},"author":6076,"featured_media":0,"parent":0,"menu_order":0,"comment_status":"closed","ping_status":"closed","template":"","meta":{"ngg_post_thumbnail":0,"footnotes":""},"aioseo_notices":[],"_links":{"self":[{"href":"https:\/\/blogsaverroes.juntadeandalucia.es\/ceipciudaddebaza\/wp-json\/wp\/v2\/pages\/7182"}],"collection":[{"href":"https:\/\/blogsaverroes.juntadeandalucia.es\/ceipciudaddebaza\/wp-json\/wp\/v2\/pages"}],"about":[{"href":"https:\/\/blogsaverroes.juntadeandalucia.es\/ceipciudaddebaza\/wp-json\/wp\/v2\/types\/page"}],"author":[{"embeddable":true,"href":"https:\/\/blogsaverroes.juntadeandalucia.es\/ceipciudaddebaza\/wp-json\/wp\/v2\/users\/6076"}],"replies":[{"embeddable":true,"href":"https:\/\/blogsaverroes.juntadeandalucia.es\/ceipciudaddebaza\/wp-json\/wp\/v2\/comments?post=7182"}],"version-history":[{"count":3,"href":"https:\/\/blogsaverroes.juntadeandalucia.es\/ceipciudaddebaza\/wp-json\/wp\/v2\/pages\/7182\/revisions"}],"predecessor-version":[{"id":7316,"href":"https:\/\/blogsaverroes.juntadeandalucia.es\/ceipciudaddebaza\/wp-json\/wp\/v2\/pages\/7182\/revisions\/7316"}],"wp:attachment":[{"href":"https:\/\/blogsaverroes.juntadeandalucia.es\/ceipciudaddebaza\/wp-json\/wp\/v2\/media?parent=7182"}],"curies":[{"name":"wp","href":"https:\/\/api.w.org\/{rel}","templated":true}]}}