{"id":7206,"date":"2025-11-10T15:26:25","date_gmt":"2025-11-10T14:26:25","guid":{"rendered":"https:\/\/blogsaverroes.juntadeandalucia.es\/ceipciudaddebaza\/?page_id=7206"},"modified":"2025-11-11T19:52:38","modified_gmt":"2025-11-11T18:52:38","slug":"tercero-c","status":"publish","type":"page","link":"https:\/\/blogsaverroes.juntadeandalucia.es\/ceipciudaddebaza\/tercero-c\/","title":{"rendered":"TERCERO C"},"content":{"rendered":"<h1 style=\"text-align: center\">SE\u00d1O MAR\u00cdA JOS\u00c9<\/h1>\n<p><img loading=\"lazy\" decoding=\"async\" class=\"aligncenter wp-image-7250 size-full\" src=\"https:\/\/blogsaverroes.juntadeandalucia.es\/ceipciudaddebaza\/files\/2025\/11\/WhatsApp-Image-2025-11-08-at-16.23.35-1-e1762884501608.jpeg\" alt=\"\" width=\"1328\" height=\"900\" srcset=\"https:\/\/blogsaverroes.juntadeandalucia.es\/ceipciudaddebaza\/files\/2025\/11\/WhatsApp-Image-2025-11-08-at-16.23.35-1-e1762884501608.jpeg 1328w, https:\/\/blogsaverroes.juntadeandalucia.es\/ceipciudaddebaza\/files\/2025\/11\/WhatsApp-Image-2025-11-08-at-16.23.35-1-e1762884501608-300x203.jpeg 300w, https:\/\/blogsaverroes.juntadeandalucia.es\/ceipciudaddebaza\/files\/2025\/11\/WhatsApp-Image-2025-11-08-at-16.23.35-1-e1762884501608-1024x694.jpeg 1024w, https:\/\/blogsaverroes.juntadeandalucia.es\/ceipciudaddebaza\/files\/2025\/11\/WhatsApp-Image-2025-11-08-at-16.23.35-1-e1762884501608-768x520.jpeg 768w\" sizes=\"(max-width: 1328px) 100vw, 1328px\" \/><\/p>\n<p><img loading=\"lazy\" decoding=\"async\" class=\"aligncenter size-full wp-image-7332\" src=\"https:\/\/blogsaverroes.juntadeandalucia.es\/ceipciudaddebaza\/files\/2025\/11\/TERCERO-C.jpg\" alt=\"\" width=\"1110\" height=\"621\" srcset=\"https:\/\/blogsaverroes.juntadeandalucia.es\/ceipciudaddebaza\/files\/2025\/11\/TERCERO-C.jpg 1110w, https:\/\/blogsaverroes.juntadeandalucia.es\/ceipciudaddebaza\/files\/2025\/11\/TERCERO-C-300x168.jpg 300w, https:\/\/blogsaverroes.juntadeandalucia.es\/ceipciudaddebaza\/files\/2025\/11\/TERCERO-C-1024x573.jpg 1024w, https:\/\/blogsaverroes.juntadeandalucia.es\/ceipciudaddebaza\/files\/2025\/11\/TERCERO-C-768x430.jpg 768w\" sizes=\"(max-width: 1110px) 100vw, 1110px\" \/><\/p>\n","protected":false},"excerpt":{"rendered":"<p>SE\u00d1O MAR\u00cdA JOS\u00c9<\/p>\n","protected":false},"author":6076,"featured_media":0,"parent":0,"menu_order":0,"comment_status":"closed","ping_status":"closed","template":"","meta":{"ngg_post_thumbnail":0,"footnotes":""},"aioseo_notices":[],"_links":{"self":[{"href":"https:\/\/blogsaverroes.juntadeandalucia.es\/ceipciudaddebaza\/wp-json\/wp\/v2\/pages\/7206"}],"collection":[{"href":"https:\/\/blogsaverroes.juntadeandalucia.es\/ceipciudaddebaza\/wp-json\/wp\/v2\/pages"}],"about":[{"href":"https:\/\/blogsaverroes.juntadeandalucia.es\/ceipciudaddebaza\/wp-json\/wp\/v2\/types\/page"}],"author":[{"embeddable":true,"href":"https:\/\/blogsaverroes.juntadeandalucia.es\/ceipciudaddebaza\/wp-json\/wp\/v2\/users\/6076"}],"replies":[{"embeddable":true,"href":"https:\/\/blogsaverroes.juntadeandalucia.es\/ceipciudaddebaza\/wp-json\/wp\/v2\/comments?post=7206"}],"version-history":[{"count":4,"href":"https:\/\/blogsaverroes.juntadeandalucia.es\/ceipciudaddebaza\/wp-json\/wp\/v2\/pages\/7206\/revisions"}],"predecessor-version":[{"id":7343,"href":"https:\/\/blogsaverroes.juntadeandalucia.es\/ceipciudaddebaza\/wp-json\/wp\/v2\/pages\/7206\/revisions\/7343"}],"wp:attachment":[{"href":"https:\/\/blogsaverroes.juntadeandalucia.es\/ceipciudaddebaza\/wp-json\/wp\/v2\/media?parent=7206"}],"curies":[{"name":"wp","href":"https:\/\/api.w.org\/{rel}","templated":true}]}}