{"id":7658,"date":"2025-12-02T19:21:35","date_gmt":"2025-12-02T18:21:35","guid":{"rendered":"https:\/\/blogsaverroes.juntadeandalucia.es\/ceipciudaddebaza\/?page_id=7658"},"modified":"2025-12-02T19:21:35","modified_gmt":"2025-12-02T18:21:35","slug":"programaciones-didacticas-educacion-primaria","status":"publish","type":"page","link":"https:\/\/blogsaverroes.juntadeandalucia.es\/ceipciudaddebaza\/programaciones-didacticas-educacion-primaria\/","title":{"rendered":"PROGRAMACIONES DID\u00c1CTICAS. EDUCACI\u00d3N PRIMARIA"},"content":{"rendered":"<ul>\n<li><a href=\"https:\/\/drive.google.com\/file\/d\/14YRCJvWiAomcrMmemrbS9_vD8WS-DA23\/view?usp=drive_link\">EDUCACI\u00d3N ART\u00cdSTICA<\/a><\/li>\n<li><a href=\"https:\/\/drive.google.com\/file\/d\/1oSMJhWBcNSFea5LYGgoZ8UFRj-hxX9E8\/view?usp=drive_link\">CONOCIMIENTO DEL MEDIO<\/a><\/li>\n<li><a href=\"https:\/\/drive.google.com\/file\/d\/1x2ssmfNzpAEF5sBAnfpUQ7xPaLC53Kmt\/view?usp=drive_link\">EDUCACI\u00d3N F\u00cdSICA<\/a><\/li>\n<li><a href=\"https:\/\/drive.google.com\/file\/d\/1TmsSwO9mK9qIMdtGDruBCLapjUpGsiEa\/view?usp=drive_link\">INGL\u00c9S<\/a><\/li>\n<li><a href=\"https:\/\/drive.google.com\/file\/d\/1bql0ljt1g4SsGAA16ZUZC8YnqxFzgHr8\/view?usp=drive_link\">FRANC\u00c9S<\/a><\/li>\n<li><a href=\"https:\/\/drive.google.com\/file\/d\/1lYQXIWO17nC8o46OC5fYnBjzAhwGTX1p\/view?usp=drive_link\">LENGUA<\/a><\/li>\n<li><a href=\"https:\/\/drive.google.com\/file\/d\/1CW4Cecn4UXBoKoPrrHjWlcmqbTrLkKBu\/view?usp=sharing\">VALORES<\/a><\/li>\n<li><a href=\"https:\/\/drive.google.com\/file\/d\/1V3M1rPXHmDeTGX7lsMhkRUh2ymU1t_n8\/view?usp=drive_link\">MATEM\u00c1TICAS<\/a><\/li>\n<\/ul>\n","protected":false},"excerpt":{"rendered":"<p>EDUCACI\u00d3N ART\u00cdSTICA CONOCIMIENTO DEL MEDIO EDUCACI\u00d3N F\u00cdSICA INGL\u00c9S FRANC\u00c9S LENGUA VALORES MATEM\u00c1TICAS<\/p>\n","protected":false},"author":6076,"featured_media":0,"parent":0,"menu_order":0,"comment_status":"closed","ping_status":"closed","template":"","meta":{"ngg_post_thumbnail":0,"footnotes":""},"aioseo_notices":[],"_links":{"self":[{"href":"https:\/\/blogsaverroes.juntadeandalucia.es\/ceipciudaddebaza\/wp-json\/wp\/v2\/pages\/7658"}],"collection":[{"href":"https:\/\/blogsaverroes.juntadeandalucia.es\/ceipciudaddebaza\/wp-json\/wp\/v2\/pages"}],"about":[{"href":"https:\/\/blogsaverroes.juntadeandalucia.es\/ceipciudaddebaza\/wp-json\/wp\/v2\/types\/page"}],"author":[{"embeddable":true,"href":"https:\/\/blogsaverroes.juntadeandalucia.es\/ceipciudaddebaza\/wp-json\/wp\/v2\/users\/6076"}],"replies":[{"embeddable":true,"href":"https:\/\/blogsaverroes.juntadeandalucia.es\/ceipciudaddebaza\/wp-json\/wp\/v2\/comments?post=7658"}],"version-history":[{"count":1,"href":"https:\/\/blogsaverroes.juntadeandalucia.es\/ceipciudaddebaza\/wp-json\/wp\/v2\/pages\/7658\/revisions"}],"predecessor-version":[{"id":7659,"href":"https:\/\/blogsaverroes.juntadeandalucia.es\/ceipciudaddebaza\/wp-json\/wp\/v2\/pages\/7658\/revisions\/7659"}],"wp:attachment":[{"href":"https:\/\/blogsaverroes.juntadeandalucia.es\/ceipciudaddebaza\/wp-json\/wp\/v2\/media?parent=7658"}],"curies":[{"name":"wp","href":"https:\/\/api.w.org\/{rel}","templated":true}]}}