{"id":7661,"date":"2025-12-02T19:25:49","date_gmt":"2025-12-02T18:25:49","guid":{"rendered":"https:\/\/blogsaverroes.juntadeandalucia.es\/ceipciudaddebaza\/?page_id=7661"},"modified":"2025-12-02T19:25:49","modified_gmt":"2025-12-02T18:25:49","slug":"propuestas-pedagogicas-educacion-infantil","status":"publish","type":"page","link":"https:\/\/blogsaverroes.juntadeandalucia.es\/ceipciudaddebaza\/propuestas-pedagogicas-educacion-infantil\/","title":{"rendered":"PROPUESTAS PEDAG\u00d3GICAS. EDUCACI\u00d3N INFANTIL"},"content":{"rendered":"<ul>\n<li><a href=\"https:\/\/drive.google.com\/file\/d\/1Mg435VxT_rksrqbaviWmAvBOI6lBqMv7\/view?usp=drive_link\">CRECIMIENTO EN ARMON\u00cdA<\/a><\/li>\n<li><a href=\"https:\/\/drive.google.com\/file\/d\/155mAVU1M5K5CZEgRTx4BnhBOu4AzdbuJ\/view?usp=drive_link\">DESCUBRIMIENTO Y EXPLORACI\u00d3N DEL ENTORNO<\/a><\/li>\n<li><a href=\"https:\/\/drive.google.com\/file\/d\/1UufmDdcyQTxO-Rx3HzsHNzeD4MPp4TiF\/view?usp=drive_link\">COMUNICACI\u00d3N Y REPRESENTACI\u00d3N DE LA REALIDAD<\/a><\/li>\n<\/ul>\n","protected":false},"excerpt":{"rendered":"<p>CRECIMIENTO EN ARMON\u00cdA DESCUBRIMIENTO Y EXPLORACI\u00d3N DEL ENTORNO COMUNICACI\u00d3N Y REPRESENTACI\u00d3N DE LA REALIDAD<\/p>\n","protected":false},"author":6076,"featured_media":0,"parent":0,"menu_order":0,"comment_status":"closed","ping_status":"closed","template":"","meta":{"ngg_post_thumbnail":0,"footnotes":""},"aioseo_notices":[],"_links":{"self":[{"href":"https:\/\/blogsaverroes.juntadeandalucia.es\/ceipciudaddebaza\/wp-json\/wp\/v2\/pages\/7661"}],"collection":[{"href":"https:\/\/blogsaverroes.juntadeandalucia.es\/ceipciudaddebaza\/wp-json\/wp\/v2\/pages"}],"about":[{"href":"https:\/\/blogsaverroes.juntadeandalucia.es\/ceipciudaddebaza\/wp-json\/wp\/v2\/types\/page"}],"author":[{"embeddable":true,"href":"https:\/\/blogsaverroes.juntadeandalucia.es\/ceipciudaddebaza\/wp-json\/wp\/v2\/users\/6076"}],"replies":[{"embeddable":true,"href":"https:\/\/blogsaverroes.juntadeandalucia.es\/ceipciudaddebaza\/wp-json\/wp\/v2\/comments?post=7661"}],"version-history":[{"count":1,"href":"https:\/\/blogsaverroes.juntadeandalucia.es\/ceipciudaddebaza\/wp-json\/wp\/v2\/pages\/7661\/revisions"}],"predecessor-version":[{"id":7663,"href":"https:\/\/blogsaverroes.juntadeandalucia.es\/ceipciudaddebaza\/wp-json\/wp\/v2\/pages\/7661\/revisions\/7663"}],"wp:attachment":[{"href":"https:\/\/blogsaverroes.juntadeandalucia.es\/ceipciudaddebaza\/wp-json\/wp\/v2\/media?parent=7661"}],"curies":[{"name":"wp","href":"https:\/\/api.w.org\/{rel}","templated":true}]}}