{"id":84,"date":"2018-03-08T16:47:11","date_gmt":"2018-03-08T15:47:11","guid":{"rendered":"https:\/\/blogsaverroes.juntadeandalucia.es\/ceipciudaddebaza\/?page_id=84"},"modified":"2018-12-20T06:55:40","modified_gmt":"2018-12-20T05:55:40","slug":"presentacion","status":"publish","type":"page","link":"https:\/\/blogsaverroes.juntadeandalucia.es\/ceipciudaddebaza\/presentacion\/","title":{"rendered":"Presentaci\u00f3n"},"content":{"rendered":"<p>Estimadas familias:<\/p>\n<p>Tengo el honor de dirigirme a&nbsp; todos vosotros, miembros de la Comunidad Educativa del CEIP Ciudad de Baza desde nuestra renovada y reci\u00e9n&nbsp; estrenada &nbsp;p\u00e1gina web. La p\u00e1gina antigua ya hab\u00eda cumplido 8 a\u00f1os y hemos decidido seguir avanzando en el tiempo y cambiar a \u00e9sta m\u00e1s actual, moderna y sencilla, que esperamos contin\u00fae siendo para vosotros &nbsp;un&nbsp; excelente medio para conocer de forma actualizada c\u00f3mo funciona y todo lo que va pasando en nuestro colegio y en la vida de vuestros hijos e hijas , ya que gran parte de&nbsp; su vida transcurre aqu\u00ed, en nuestra popularmente conocida \u201cTamasca\u201d.<\/p>\n<p>Como ya os he dicho anteriormente, el tiempo va pasando y no solamente renovamos nuestra p\u00e1gina, sino que tambi\u00e9n hemos cambiado de Equipo de Direcci\u00f3n. Tras 9 a\u00f1os &nbsp;de aprendizaje continuo,&nbsp; formando parte del anterior equipo, afronto la Direcci\u00f3n como un gran reto profesional y personal , intentando ejercer un &nbsp;liderazgo compartido, con mi equipo directivo, con mi Claustro y con toda la Comunidad educativa.<\/p>\n<p>Tengo la suerte de comenzar a trabajar con un gran equipo, con muchas ganas e ilusi\u00f3n de mantener el CEIP Ciudad de Baza como el centro de referencia que ha sido a lo largo de sus casi 50 a\u00f1os de historia. En esta tarea tan compleja tambi\u00e9n cuento con un gran Claustro y con unas grandes familias, a las que aprovecho para agradeceros la confianza depositada al confiar en nosotros algo tan importante como es la educaci\u00f3n de vuestros hijos e hijas. Contad con todo nuestro apoyo y cooperaci\u00f3n , para mantener esa confianza que siempre hab\u00e9is demostrado y que espero se convierta en el motor diario de nuestra labor educativa.<\/p>\n<p>Pero la educaci\u00f3n es una tarea compartida, compartida entre el centro y la familia por lo que la comunicaci\u00f3n entre ambos es imprescindible. Tambi\u00e9n es imprescindible el compartir con vosotros intereses, en toda esta tarea de la ense\u00f1anza. Porque conseguir una educaci\u00f3n de calidad y en igualdad, en un ambiente de afecto y seguridad, que potencie la autonom\u00eda, la confianza, la &nbsp;autoestima y la integraci\u00f3n social de vuestros hijos es&nbsp; nuestro principal objetivo y por el que trabajamos cada d\u00eda. para conseguirlo.<\/p>\n<p>Os doy la bienvenida a esta p\u00e1gina web, y os invito a visitarla con frecuencia, &nbsp;tambi\u00e9n os doy la bienvenida al CEIP Ciudad de Baza y os invito a participar de forma activa en la vida de nuestro colegio. Todas las puertas est\u00e1n abiertas para seguir construyendo un modelo de centro tolerante, culto, plural, abierto y moderno.<\/p>\n<p>Un saludo.<\/p>\n<p style=\"text-align: right\">M\u00aa del Rosario P\u00e9rez Rodr\u00edguez,&nbsp;Directora<\/p>\n","protected":false},"excerpt":{"rendered":"<p>Estimadas familias: Tengo el honor de dirigirme a&nbsp; todos vosotros, miembros de la Comunidad Educativa del CEIP Ciudad de Baza desde nuestra renovada y reci\u00e9n&nbsp; estrenada &nbsp;p\u00e1gina web. La p\u00e1gina antigua ya hab\u00eda cumplido&#46;&#46;&#46;<\/p>\n","protected":false},"author":6076,"featured_media":0,"parent":0,"menu_order":0,"comment_status":"closed","ping_status":"closed","template":"","meta":{"ngg_post_thumbnail":0,"footnotes":""},"aioseo_notices":[],"_links":{"self":[{"href":"https:\/\/blogsaverroes.juntadeandalucia.es\/ceipciudaddebaza\/wp-json\/wp\/v2\/pages\/84"}],"collection":[{"href":"https:\/\/blogsaverroes.juntadeandalucia.es\/ceipciudaddebaza\/wp-json\/wp\/v2\/pages"}],"about":[{"href":"https:\/\/blogsaverroes.juntadeandalucia.es\/ceipciudaddebaza\/wp-json\/wp\/v2\/types\/page"}],"author":[{"embeddable":true,"href":"https:\/\/blogsaverroes.juntadeandalucia.es\/ceipciudaddebaza\/wp-json\/wp\/v2\/users\/6076"}],"replies":[{"embeddable":true,"href":"https:\/\/blogsaverroes.juntadeandalucia.es\/ceipciudaddebaza\/wp-json\/wp\/v2\/comments?post=84"}],"version-history":[{"count":6,"href":"https:\/\/blogsaverroes.juntadeandalucia.es\/ceipciudaddebaza\/wp-json\/wp\/v2\/pages\/84\/revisions"}],"predecessor-version":[{"id":1108,"href":"https:\/\/blogsaverroes.juntadeandalucia.es\/ceipciudaddebaza\/wp-json\/wp\/v2\/pages\/84\/revisions\/1108"}],"wp:attachment":[{"href":"https:\/\/blogsaverroes.juntadeandalucia.es\/ceipciudaddebaza\/wp-json\/wp\/v2\/media?parent=84"}],"curies":[{"name":"wp","href":"https:\/\/api.w.org\/{rel}","templated":true}]}}