{"id":2143,"date":"2015-11-25T12:13:34","date_gmt":"2015-11-25T12:13:34","guid":{"rendered":"http:\/\/blogsaverroes.juntadeandalucia.es\/ceipciudaddejerez\/?page_id=2143"},"modified":"2018-11-05T19:02:52","modified_gmt":"2018-11-05T17:02:52","slug":"personal-docente","status":"publish","type":"page","link":"https:\/\/blogsaverroes.juntadeandalucia.es\/ceipciudaddejerez\/personal-docente\/","title":{"rendered":"Personal Docente"},"content":{"rendered":"<p style=\"text-align: center\"><strong>CURSO 2018 \/ 2019<\/strong><\/p>\n<p><strong>EDUCACI\u00d3N&nbsp; INFANTIL<\/strong><\/p>\n<table width=\"0\">\n<tbody>\n<tr>\n<td width=\"58\"><strong>Etapa<\/strong><\/td>\n<td width=\"175\"><strong>Profesor\/a<\/strong><\/td>\n<td width=\"99\"><strong>Curso<\/strong><\/td>\n<td width=\"123\"><strong>Funci\u00f3n<\/strong><\/td>\n<\/tr>\n<tr>\n<td width=\"58\">Infantil<\/td>\n<td width=\"175\">D\u00aa M\u00aa Luisa Pedrosa Barruezo<\/td>\n<td width=\"99\">Infantil 3 a\u00f1os A<\/td>\n<td width=\"123\">Tutora<\/td>\n<\/tr>\n<tr>\n<td width=\"58\">Infantil<\/td>\n<td width=\"175\">D\u00aa Inmaculada Otero Velo<\/td>\n<td width=\"99\">Infantil 3 a\u00f1os B<\/td>\n<td width=\"123\">Tutora<\/td>\n<\/tr>\n<tr>\n<td width=\"58\">Infantil<\/td>\n<td width=\"175\">D\u00aa Roc\u00edo Olivo Morales<\/td>\n<td width=\"99\">Infantil 4 a\u00f1os A<\/td>\n<td width=\"123\">Tutora<\/td>\n<\/tr>\n<tr>\n<td width=\"58\">Infantil<\/td>\n<td width=\"175\">D\u00aa Rosa M\u00aa Rodr\u00edguez Calvo<\/td>\n<td width=\"99\">Infantil 4 a\u00f1os B<\/td>\n<td width=\"123\">Tutora<\/td>\n<\/tr>\n<tr>\n<td width=\"58\">Infantil<\/td>\n<td width=\"175\">D\u00aa &nbsp;Blanca Berraquero Marlasca<\/td>\n<td width=\"99\">Infantil 5 a\u00f1os A<\/td>\n<td width=\"123\">Tutora<\/td>\n<\/tr>\n<tr>\n<td width=\"58\">Infantil<\/td>\n<td width=\"175\">D\u00aa &nbsp;Inmaculada Luque V\u00e1zquez<\/td>\n<td width=\"99\">Infantil 5 a\u00f1os B<\/td>\n<td width=\"123\">Tutora<\/td>\n<\/tr>\n<tr>\n<td width=\"58\">Infantil<\/td>\n<td width=\"175\">D\u00aa Antonia M\u00aa Gonz\u00e1lez Delgado<\/td>\n<td width=\"99\">&nbsp;<\/td>\n<td width=\"123\">Profesora de Apoyo, Coord. Ciclo<\/td>\n<\/tr>\n<\/tbody>\n<\/table>\n<p>&nbsp;<\/p>\n<p><strong>EDUCACION PRIMARIA<\/strong><\/p>\n<table width=\"0\">\n<tbody>\n<tr>\n<td width=\"63\"><strong>Etapa<\/strong><\/td>\n<td width=\"220\"><strong>Profesor\/a<\/strong><\/td>\n<td width=\"88\"><strong>Curso<\/strong><\/td>\n<td width=\"117\"><strong>Funci\u00f3n<\/strong><\/td>\n<\/tr>\n<tr>\n<td width=\"63\">Primaria<\/td>\n<td width=\"220\">D\u00aa Rosa M\u00aa Guerra Pinte\u00f1o<\/td>\n<td width=\"88\">Primaria 1\u00ba A<\/td>\n<td width=\"117\">Tutora<\/td>\n<\/tr>\n<tr>\n<td width=\"63\">Primaria<\/td>\n<td width=\"220\">D\u00aa Marian Gallardo Gonz\u00e1lez<\/td>\n<td width=\"88\">Primaria 1\u00ba B<\/td>\n<td width=\"117\">Tutora<\/td>\n<\/tr>\n<tr>\n<td width=\"63\">Primaria<\/td>\n<td width=\"220\">D. Antonio Vegas Calvo<\/td>\n<td width=\"88\">Primaria 2\u00ba A<\/td>\n<td width=\"117\">Tutor<\/td>\n<\/tr>\n<tr>\n<td width=\"63\">Primaria<\/td>\n<td width=\"220\">D\u00aa M\u00aa Rosario Guerrero Romero<\/td>\n<td width=\"88\">Primaria 2\u00ba B<\/td>\n<td width=\"117\">Tutora. Coordinadora Ciclo<\/td>\n<\/tr>\n<tr>\n<td width=\"63\">Primaria<\/td>\n<td width=\"220\">D. Jos\u00e9 Antonio Fern\u00e1ndez Ram\u00edrez<\/td>\n<td width=\"88\">Primaria 3\u00ba A<\/td>\n<td width=\"117\">Tutor<\/td>\n<\/tr>\n<tr>\n<td width=\"63\">Primaria<\/td>\n<td width=\"220\">D\u00aa Manuela Guti\u00e9rrez de la Flor<\/td>\n<td width=\"88\">Primaria 3\u00ba B<\/td>\n<td width=\"117\">Tutora- Franc\u00e9s<\/td>\n<\/tr>\n<tr>\n<td width=\"63\">Primaria<\/td>\n<td width=\"220\">D\u00aa M\u00aa Luisa Otero Moreno<\/td>\n<td width=\"88\">Primaria 4\u00ba A<\/td>\n<td width=\"117\">Tutora<\/td>\n<\/tr>\n<tr>\n<td width=\"63\">Primaria<\/td>\n<td width=\"220\">D\u00aa M\u00aa Carmen Lozano Castellanos<\/td>\n<td width=\"88\">Primaria 4\u00ba B<\/td>\n<td width=\"117\">Tutora<\/td>\n<\/tr>\n<tr>\n<td width=\"63\">Primaria<\/td>\n<td width=\"220\">D. Juan Jos\u00e9 Medina Gonz\u00e1lez<\/td>\n<td width=\"88\">Primaria 5\u00ba A<\/td>\n<td width=\"117\">Tutor<\/td>\n<\/tr>\n<tr>\n<td width=\"63\">Primaria<\/td>\n<td width=\"220\">D. Pablo Gonz\u00e1lez&nbsp; Gonz\u00e1lez<\/td>\n<td width=\"88\">Primaria 5\u00ba B<\/td>\n<td width=\"117\">Tutor- M\u00fasica<\/td>\n<\/tr>\n<tr>\n<td width=\"63\">Primaria<\/td>\n<td width=\"220\">D\u00aa M\u00aa Angeles Guerra Pav\u00f3n<\/td>\n<td width=\"88\">Primaria 6\u00ba A<\/td>\n<td width=\"117\">Tutora. Coordinadora de Ciclo<\/td>\n<\/tr>\n<tr>\n<td width=\"63\">Primaria<\/td>\n<td width=\"220\">D\u00aa Elena Valero Amador<\/td>\n<td width=\"88\">Primaria 6\u00ba B<\/td>\n<td width=\"117\">Tutora<\/td>\n<\/tr>\n<tr>\n<td width=\"63\">Primaria<\/td>\n<td width=\"220\">D\u00aa M\u00aa \u00c1ngeles Pi\u00f1ero Ruiz<\/td>\n<td width=\"88\">Primaria 6\u00ba C<\/td>\n<td width=\"117\">Tutora<\/td>\n<\/tr>\n<\/tbody>\n<\/table>\n<p>&nbsp;<\/p>\n<p>&nbsp;<\/p>\n<p><strong>OTRO PROFESORADO Y PERSONAL DOCENTE Y NO DOCENTE<\/strong><\/p>\n<table width=\"0\">\n<tbody>\n<tr>\n<td width=\"88\"><strong>Etapa<\/strong><\/td>\n<td width=\"273\"><strong>Profesor\/a<\/strong><\/td>\n<td width=\"180\"><strong>Funci\u00f3n<\/strong><\/td>\n<\/tr>\n<tr>\n<td width=\"88\">Infantil<\/td>\n<td width=\"273\">&nbsp;D\u00aa &nbsp;Mar\u00eda Luisa Pe\u00f1a Garrido<\/td>\n<td width=\"180\">Profesora Religi\u00f3n<\/td>\n<\/tr>\n<tr>\n<td width=\"88\">Primaria<\/td>\n<td width=\"273\">D\u00aa &nbsp;Paloma Gil Cala<\/td>\n<td width=\"180\">Profesora Religi\u00f3n<\/td>\n<\/tr>\n<tr>\n<td width=\"88\">Primaria<\/td>\n<td width=\"273\">D. Fco. Jes\u00fas Vega Mart\u00ednez<\/td>\n<td width=\"180\">Educaci\u00f3n F\u00edsica. Coordinador de Ciclo<\/td>\n<\/tr>\n<tr>\n<td width=\"88\">Primaria, Infantil<\/td>\n<td width=\"273\">D\u00aa &nbsp;Rosa M\u00aa Garc\u00eda Fuentes<\/td>\n<td width=\"180\">Ingl\u00e9s<\/td>\n<\/tr>\n<tr>\n<td width=\"88\">Primaria<\/td>\n<td width=\"273\">D\u00aa &nbsp;M\u00aa Jos\u00e9 Cardona Armario<\/td>\n<td width=\"180\">Pedagog\u00eda Terap\u00e9utica<\/td>\n<\/tr>\n<tr>\n<td width=\"88\">Primaria<\/td>\n<td width=\"273\">D\u00aa &nbsp;\u00darsula Moreno Alc\u00e1ntara<\/td>\n<td width=\"180\">Audici\u00f3n y Lenguaje<\/td>\n<\/tr>\n<tr>\n<td width=\"88\">Primaria<\/td>\n<td width=\"273\">D. Juan Esteb\u00e1n Sanguiao Olivares<\/td>\n<td width=\"180\">Biling\u00fce. Jefe de Estudios<\/td>\n<\/tr>\n<tr>\n<td width=\"88\">Primaria<\/td>\n<td width=\"273\">D\u00aa Isabel Reina Perdigones<\/td>\n<td width=\"180\">Directora<\/td>\n<\/tr>\n<tr>\n<td width=\"88\">Infantil y Primaria<\/td>\n<td width=\"273\">D\u00aa &nbsp;Inmaculada Herrera Vald\u00e9s<\/td>\n<td width=\"180\">Monitora de E. Especial<\/td>\n<\/tr>\n<tr>\n<td width=\"88\">Personal de adm\u00f3n. y servicios<\/td>\n<td width=\"273\">D\u00aa &nbsp;&nbsp;Br\u00edgida G\u00f3mez Becerra<\/td>\n<td width=\"180\">Monitora Administrativa<\/td>\n<\/tr>\n<tr>\n<td width=\"88\">Personal de adm\u00f3n. y servicios<\/td>\n<td width=\"273\">D. Alonso Caro Cano<\/td>\n<td width=\"180\">Conserje<\/td>\n<\/tr>\n<\/tbody>\n<\/table>\n","protected":false},"excerpt":{"rendered":"<p>CURSO 2018 \/ 2019 EDUCACI\u00d3N&nbsp; INFANTIL Etapa Profesor\/a Curso Funci\u00f3n Infantil D\u00aa M\u00aa Luisa Pedrosa Barruezo Infantil 3 a\u00f1os A Tutora Infantil D\u00aa Inmaculada Otero Velo Infantil 3 a\u00f1os B Tutora Infantil D\u00aa Roc\u00edo&#46;&#46;&#46;<\/p>\n","protected":false},"author":2359,"featured_media":0,"parent":0,"menu_order":0,"comment_status":"open","ping_status":"open","template":"","meta":{"ngg_post_thumbnail":0,"footnotes":"","_mc_calendar":[]},"aioseo_notices":[],"_links":{"self":[{"href":"https:\/\/blogsaverroes.juntadeandalucia.es\/ceipciudaddejerez\/wp-json\/wp\/v2\/pages\/2143"}],"collection":[{"href":"https:\/\/blogsaverroes.juntadeandalucia.es\/ceipciudaddejerez\/wp-json\/wp\/v2\/pages"}],"about":[{"href":"https:\/\/blogsaverroes.juntadeandalucia.es\/ceipciudaddejerez\/wp-json\/wp\/v2\/types\/page"}],"author":[{"embeddable":true,"href":"https:\/\/blogsaverroes.juntadeandalucia.es\/ceipciudaddejerez\/wp-json\/wp\/v2\/users\/2359"}],"replies":[{"embeddable":true,"href":"https:\/\/blogsaverroes.juntadeandalucia.es\/ceipciudaddejerez\/wp-json\/wp\/v2\/comments?post=2143"}],"version-history":[{"count":6,"href":"https:\/\/blogsaverroes.juntadeandalucia.es\/ceipciudaddejerez\/wp-json\/wp\/v2\/pages\/2143\/revisions"}],"predecessor-version":[{"id":6238,"href":"https:\/\/blogsaverroes.juntadeandalucia.es\/ceipciudaddejerez\/wp-json\/wp\/v2\/pages\/2143\/revisions\/6238"}],"wp:attachment":[{"href":"https:\/\/blogsaverroes.juntadeandalucia.es\/ceipciudaddejerez\/wp-json\/wp\/v2\/media?parent=2143"}],"curies":[{"name":"wp","href":"https:\/\/api.w.org\/{rel}","templated":true}]}}