{"id":2162,"date":"2015-11-25T13:41:02","date_gmt":"2015-11-25T13:41:02","guid":{"rendered":"http:\/\/blogsaverroes.juntadeandalucia.es\/ceipciudaddejerez\/?page_id=2162"},"modified":"2015-11-26T11:28:36","modified_gmt":"2015-11-26T10:28:36","slug":"plan-de-igualdad","status":"publish","type":"page","link":"https:\/\/blogsaverroes.juntadeandalucia.es\/ceipciudaddejerez\/plan-de-igualdad\/","title":{"rendered":"Plan de Igualdad"},"content":{"rendered":"<h3 style=\"text-align: center;\"><strong>El d\u00eda de la mujer trabajadora<\/strong><\/h3>\n<p>Este a\u00f1o hemos celebrado el d\u00eda de la mujer trabajadora realizando un circuito en el que el alumnado ha podido recorrer diferentes talleres.Hemos contado con un taller en el que doblar y tender ropa, otro de los talleres se ha dedicado al bricolaje; taller para aprender a hacer la cama y el de poner la mesa y aprender a crear con servilletas. Destacar que se ha contado con la ayuda de padres y madres delegados\/as de todo el centro: sin su ayuda este proyecto no podr\u00eda haberse llevado a cabo.<\/p>\n<p><iframe loading=\"lazy\" src=\"https:\/\/www.youtube.com\/embed\/LrpRRJ-_08U?feature=player_detailpage\" width=\"640\" height=\"360\" frameborder=\"0\" allowfullscreen=\"allowfullscreen\"><\/iframe><\/p>\n","protected":false},"excerpt":{"rendered":"<p>El d\u00eda de la mujer trabajadora Este a\u00f1o hemos celebrado el d\u00eda de la mujer trabajadora realizando un circuito en el que el alumnado ha podido recorrer diferentes talleres.Hemos contado con un taller en&#46;&#46;&#46;<\/p>\n","protected":false},"author":2359,"featured_media":0,"parent":0,"menu_order":0,"comment_status":"open","ping_status":"open","template":"","meta":{"ngg_post_thumbnail":0,"footnotes":"","_mc_calendar":[]},"aioseo_notices":[],"_links":{"self":[{"href":"https:\/\/blogsaverroes.juntadeandalucia.es\/ceipciudaddejerez\/wp-json\/wp\/v2\/pages\/2162"}],"collection":[{"href":"https:\/\/blogsaverroes.juntadeandalucia.es\/ceipciudaddejerez\/wp-json\/wp\/v2\/pages"}],"about":[{"href":"https:\/\/blogsaverroes.juntadeandalucia.es\/ceipciudaddejerez\/wp-json\/wp\/v2\/types\/page"}],"author":[{"embeddable":true,"href":"https:\/\/blogsaverroes.juntadeandalucia.es\/ceipciudaddejerez\/wp-json\/wp\/v2\/users\/2359"}],"replies":[{"embeddable":true,"href":"https:\/\/blogsaverroes.juntadeandalucia.es\/ceipciudaddejerez\/wp-json\/wp\/v2\/comments?post=2162"}],"version-history":[{"count":1,"href":"https:\/\/blogsaverroes.juntadeandalucia.es\/ceipciudaddejerez\/wp-json\/wp\/v2\/pages\/2162\/revisions"}],"predecessor-version":[{"id":2163,"href":"https:\/\/blogsaverroes.juntadeandalucia.es\/ceipciudaddejerez\/wp-json\/wp\/v2\/pages\/2162\/revisions\/2163"}],"wp:attachment":[{"href":"https:\/\/blogsaverroes.juntadeandalucia.es\/ceipciudaddejerez\/wp-json\/wp\/v2\/media?parent=2162"}],"curies":[{"name":"wp","href":"https:\/\/api.w.org\/{rel}","templated":true}]}}