{"id":35,"date":"2015-03-13T08:21:43","date_gmt":"2015-03-13T08:21:43","guid":{"rendered":"http:\/\/blogsaverroes.juntadeandalucia.es\/pre\/ceip\/?page_id=35"},"modified":"2015-11-26T11:28:36","modified_gmt":"2015-11-26T10:28:36","slug":"el-centro-2","status":"publish","type":"page","link":"https:\/\/blogsaverroes.juntadeandalucia.es\/ceipciudaddejerez\/el-centro-2\/","title":{"rendered":"Situaci\u00f3n"},"content":{"rendered":"<p><iframe loading=\"lazy\" style=\"border: 0;\" src=\"https:\/\/www.google.com\/maps\/embed?pb=!1m18!1m12!1m3!1d3199.8137392719227!2d-6.1128130489473556!3d36.67897918211489!2m3!1f0!2f0!3f0!3m2!1i1024!2i768!4f13.1!3m3!1m2!1s0xd0dc6fd54087683%3A0x6785cd317ba485a6!2sCEIP+Ciudad+de+Jerez!5e0!3m2!1ses!2ses!4v1448449863783\" width=\"600\" height=\"450\" frameborder=\"0\" allowfullscreen=\"allowfullscreen\"><\/iframe><br \/>\n<iframe loading=\"lazy\" src=\"https:\/\/www.google.com\/maps\/embed?pb=!1m0!3m2!1ses!2ses!4v1448450666247!6m8!1m7!1s0bVllSPxilly4qc7YVzZ9A!2m2!1d36.6790387!2d-6.1106761!3f77.00943128826299!4f-0.05663690820112777!5f0.7820865974627469\" width=\"600\" height=\"450\" frameborder=\"0\" style=\"border:0\" allowfullscreen><\/iframe><br \/>\n<strong>Direcci\u00f3n<\/strong>: C\/ Mandarina, s\/n. Bda.Pago San Jos\u00e9<br \/>\n<strong>Localidad<\/strong>: Jerez de la Frontera<br \/>\n<strong>Provincia<\/strong>: C\u00e1diz<br \/>\n<strong>Tel\u00e9fono<\/strong>: 856811808<br \/>\n<strong>Tel\u00e9fono corp<\/strong>: 492808<br \/>\n<strong>email<\/strong>: 11008252.edu@juntadeandalucia.es<\/p>\n","protected":false},"excerpt":{"rendered":"<p>Direcci\u00f3n: C\/ Mandarina, s\/n. Bda.Pago San Jos\u00e9 Localidad: Jerez de la Frontera Provincia: C\u00e1diz Tel\u00e9fono: 856811808 Tel\u00e9fono corp: 492808 email: 11008252.edu@juntadeandalucia.es<\/p>\n","protected":false},"author":2359,"featured_media":0,"parent":0,"menu_order":0,"comment_status":"closed","ping_status":"open","template":"","meta":{"ngg_post_thumbnail":0,"footnotes":"","_mc_calendar":[]},"aioseo_notices":[],"_links":{"self":[{"href":"https:\/\/blogsaverroes.juntadeandalucia.es\/ceipciudaddejerez\/wp-json\/wp\/v2\/pages\/35"}],"collection":[{"href":"https:\/\/blogsaverroes.juntadeandalucia.es\/ceipciudaddejerez\/wp-json\/wp\/v2\/pages"}],"about":[{"href":"https:\/\/blogsaverroes.juntadeandalucia.es\/ceipciudaddejerez\/wp-json\/wp\/v2\/types\/page"}],"author":[{"embeddable":true,"href":"https:\/\/blogsaverroes.juntadeandalucia.es\/ceipciudaddejerez\/wp-json\/wp\/v2\/users\/2359"}],"replies":[{"embeddable":true,"href":"https:\/\/blogsaverroes.juntadeandalucia.es\/ceipciudaddejerez\/wp-json\/wp\/v2\/comments?post=35"}],"version-history":[{"count":24,"href":"https:\/\/blogsaverroes.juntadeandalucia.es\/ceipciudaddejerez\/wp-json\/wp\/v2\/pages\/35\/revisions"}],"predecessor-version":[{"id":2241,"href":"https:\/\/blogsaverroes.juntadeandalucia.es\/ceipciudaddejerez\/wp-json\/wp\/v2\/pages\/35\/revisions\/2241"}],"wp:attachment":[{"href":"https:\/\/blogsaverroes.juntadeandalucia.es\/ceipciudaddejerez\/wp-json\/wp\/v2\/media?parent=35"}],"curies":[{"name":"wp","href":"https:\/\/api.w.org\/{rel}","templated":true}]}}