{"id":6410,"date":"2020-03-14T14:57:18","date_gmt":"2020-03-14T12:57:18","guid":{"rendered":"https:\/\/blogsaverroes.juntadeandalucia.es\/ceipciudaddejerez\/?page_id=6410"},"modified":"2020-03-16T09:44:33","modified_gmt":"2020-03-16T07:44:33","slug":"tareas-online","status":"publish","type":"page","link":"https:\/\/blogsaverroes.juntadeandalucia.es\/ceipciudaddejerez\/tareas-online\/","title":{"rendered":"EDUCACI\u00d3N ONLINE"},"content":{"rendered":"<p>En estos enlaces podr\u00e1s acceder a las p\u00e1ginas de cada curso para ver la informaci\u00f3n de cada aula.<\/p>\n<p><a href=\"https:\/\/blogsaverroes.juntadeandalucia.es\/ceipciudaddejerez\/2020\/03\/15\/6478\/\">Infantil 3 a\u00f1os<\/a><\/p>\n<p><a href=\"https:\/\/blogsaverroes.juntadeandalucia.es\/ceipciudaddejerez\/2020\/03\/16\/infantil-4-anos\/\">Infantil 4 a\u00f1os<\/a><\/p>\n<p><a href=\"https:\/\/blogsaverroes.juntadeandalucia.es\/ceipciudaddejerez\/2020\/03\/16\/infantil-5-anos\/\">Infantil 5 a\u00f1os<\/a><\/p>\n<p><a href=\"https:\/\/blogsaverroes.juntadeandalucia.es\/ceipciudaddejerez\/2020\/03\/16\/1o-de-primaria\/\">1\u00ba de Primaria<\/a><\/p>\n<p><a href=\"https:\/\/blogsaverroes.juntadeandalucia.es\/ceipciudaddejerez\/2020\/03\/16\/2o-de-primaria\/\">2\u00ba de Primaria<\/a><\/p>\n<p><a href=\"https:\/\/blogsaverroes.juntadeandalucia.es\/ceipciudaddejerez\/2020\/03\/16\/3o-de-primaria\/\">3\u00ba de Primaria<\/a><\/p>\n<p><a href=\"https:\/\/blogsaverroes.juntadeandalucia.es\/ceipciudaddejerez\/2020\/03\/16\/4o-de-primaria\/\">4\u00ba de Primaria<\/a><\/p>\n<p><a href=\"https:\/\/blogsaverroes.juntadeandalucia.es\/ceipciudaddejerez\/2020\/03\/16\/5o-de-primaria\/\">5\u00ba de Primaria<\/a><\/p>\n<p><a href=\"https:\/\/blogsaverroes.juntadeandalucia.es\/ceipciudaddejerez\/2020\/03\/16\/6o-de-primaria\/\">6\u00ba de Primaria<\/a><\/p>\n","protected":false},"excerpt":{"rendered":"<p>En estos enlaces podr\u00e1s acceder a las p\u00e1ginas de cada curso para ver la informaci\u00f3n de cada aula. Infantil 3 a\u00f1os Infantil 4 a\u00f1os Infantil 5 a\u00f1os 1\u00ba de Primaria 2\u00ba de Primaria 3\u00ba&#46;&#46;&#46;<\/p>\n","protected":false},"author":2359,"featured_media":0,"parent":0,"menu_order":0,"comment_status":"closed","ping_status":"closed","template":"","meta":{"ngg_post_thumbnail":0,"footnotes":"","_mc_calendar":[]},"aioseo_notices":[],"_links":{"self":[{"href":"https:\/\/blogsaverroes.juntadeandalucia.es\/ceipciudaddejerez\/wp-json\/wp\/v2\/pages\/6410"}],"collection":[{"href":"https:\/\/blogsaverroes.juntadeandalucia.es\/ceipciudaddejerez\/wp-json\/wp\/v2\/pages"}],"about":[{"href":"https:\/\/blogsaverroes.juntadeandalucia.es\/ceipciudaddejerez\/wp-json\/wp\/v2\/types\/page"}],"author":[{"embeddable":true,"href":"https:\/\/blogsaverroes.juntadeandalucia.es\/ceipciudaddejerez\/wp-json\/wp\/v2\/users\/2359"}],"replies":[{"embeddable":true,"href":"https:\/\/blogsaverroes.juntadeandalucia.es\/ceipciudaddejerez\/wp-json\/wp\/v2\/comments?post=6410"}],"version-history":[{"count":6,"href":"https:\/\/blogsaverroes.juntadeandalucia.es\/ceipciudaddejerez\/wp-json\/wp\/v2\/pages\/6410\/revisions"}],"predecessor-version":[{"id":6508,"href":"https:\/\/blogsaverroes.juntadeandalucia.es\/ceipciudaddejerez\/wp-json\/wp\/v2\/pages\/6410\/revisions\/6508"}],"wp:attachment":[{"href":"https:\/\/blogsaverroes.juntadeandalucia.es\/ceipciudaddejerez\/wp-json\/wp\/v2\/media?parent=6410"}],"curies":[{"name":"wp","href":"https:\/\/api.w.org\/{rel}","templated":true}]}}