{"id":872,"date":"2015-03-16T12:50:42","date_gmt":"2015-03-16T12:50:42","guid":{"rendered":"http:\/\/blogsaverroes.juntadeandalucia.es\/pre\/ceip\/?page_id=120"},"modified":"2015-12-10T09:25:37","modified_gmt":"2015-12-10T08:25:37","slug":"contactar","status":"publish","type":"page","link":"https:\/\/blogsaverroes.juntadeandalucia.es\/ceipciudaddejerez\/contactar\/","title":{"rendered":"Contacto"},"content":{"rendered":"<h1>Contacto con Direcci\u00f3n y Jefatura<\/h1>\n<p><strong>HORARIO DE DIRECCI\u00d3N :<\/strong><br \/>\nDe lunes a viernes previa petici\u00f3n de hora.<\/p>\n<p><strong>HORARIO DE JEFATURA DE ESTUDIOS :<\/strong><br \/>\nDe lunes a viernes previa petici\u00f3n de hora.<\/p>\n<p><strong>TEL\u00c9FONOS DE CONTACTO :<\/strong><br \/>\nDIRECCI\u00d3N : 8 5 6 &#8211; 8 1 1 8 0 9<br \/>\nSECRETAR\u00cdA : 8 5 6 &#8211; 8 1 1 8 0 8<\/p>\n<p>FAX: 856- 811810<\/p>\n<p><strong>CORREO ELECTR\u00d3NICO :<\/strong><br \/>\n11008252.edu@juntadeandalucia.es<\/p>\n<p>Tambi\u00e9n puede contactar con nosotros a trav\u00e9s del siguiente cuestionario. Intentaremos contestarle a la mayor brevedad posible.<br \/>\n*(campo obligatorio)<\/p>\n<p>[contact_form]<\/p>\n","protected":false},"excerpt":{"rendered":"<p>Contacto con Direcci\u00f3n y Jefatura HORARIO DE DIRECCI\u00d3N : De lunes a viernes previa petici\u00f3n de hora. HORARIO DE JEFATURA DE ESTUDIOS : De lunes a viernes previa petici\u00f3n de hora. TEL\u00c9FONOS DE CONTACTO&#46;&#46;&#46;<\/p>\n","protected":false},"author":2359,"featured_media":0,"parent":0,"menu_order":0,"comment_status":"closed","ping_status":"open","template":"","meta":{"ngg_post_thumbnail":0,"footnotes":"","_mc_calendar":[]},"aioseo_notices":[],"_links":{"self":[{"href":"https:\/\/blogsaverroes.juntadeandalucia.es\/ceipciudaddejerez\/wp-json\/wp\/v2\/pages\/872"}],"collection":[{"href":"https:\/\/blogsaverroes.juntadeandalucia.es\/ceipciudaddejerez\/wp-json\/wp\/v2\/pages"}],"about":[{"href":"https:\/\/blogsaverroes.juntadeandalucia.es\/ceipciudaddejerez\/wp-json\/wp\/v2\/types\/page"}],"author":[{"embeddable":true,"href":"https:\/\/blogsaverroes.juntadeandalucia.es\/ceipciudaddejerez\/wp-json\/wp\/v2\/users\/2359"}],"replies":[{"embeddable":true,"href":"https:\/\/blogsaverroes.juntadeandalucia.es\/ceipciudaddejerez\/wp-json\/wp\/v2\/comments?post=872"}],"version-history":[{"count":13,"href":"https:\/\/blogsaverroes.juntadeandalucia.es\/ceipciudaddejerez\/wp-json\/wp\/v2\/pages\/872\/revisions"}],"predecessor-version":[{"id":2762,"href":"https:\/\/blogsaverroes.juntadeandalucia.es\/ceipciudaddejerez\/wp-json\/wp\/v2\/pages\/872\/revisions\/2762"}],"wp:attachment":[{"href":"https:\/\/blogsaverroes.juntadeandalucia.es\/ceipciudaddejerez\/wp-json\/wp\/v2\/media?parent=872"}],"curies":[{"name":"wp","href":"https:\/\/api.w.org\/{rel}","templated":true}]}}