{"id":1996,"date":"2023-02-02T15:44:12","date_gmt":"2023-02-02T15:44:12","guid":{"rendered":"https:\/\/blogsaverroes.juntadeandalucia.es\/ceipcolon\/?page_id=1996"},"modified":"2025-11-05T15:23:46","modified_gmt":"2025-11-05T15:23:46","slug":"planes-y-programas","status":"publish","type":"page","link":"https:\/\/blogsaverroes.juntadeandalucia.es\/ceipcolon\/planes-y-programas\/","title":{"rendered":"Planes y programas"},"content":{"rendered":"\t\t<div data-elementor-type=\"wp-page\" data-elementor-id=\"1996\" class=\"elementor elementor-1996\">\n\t\t\t\t\t\t<section class=\"elementor-section elementor-top-section elementor-element elementor-element-35fc8a4 elementor-section-boxed elementor-section-height-default elementor-section-height-default\" data-id=\"35fc8a4\" data-element_type=\"section\">\n\t\t\t\t\t\t<div class=\"elementor-container elementor-column-gap-default\">\n\t\t\t\t\t<div class=\"elementor-column elementor-col-100 elementor-top-column elementor-element elementor-element-963ef6e\" data-id=\"963ef6e\" data-element_type=\"column\">\n\t\t\t<div class=\"elementor-widget-wrap elementor-element-populated\">\n\t\t\t\t\t\t<div class=\"elementor-element elementor-element-17f15f9 elementor-widget elementor-widget-heading\" data-id=\"17f15f9\" data-element_type=\"widget\" data-widget_type=\"heading.default\">\n\t\t\t\t<div class=\"elementor-widget-container\">\n\t\t\t\t\t<h2 class=\"elementor-heading-title elementor-size-default\">Planes y Programas<\/h2>\t\t\t\t<\/div>\n\t\t\t\t<\/div>\n\t\t\t\t<section class=\"elementor-section elementor-inner-section elementor-element elementor-element-addd71e elementor-section-boxed elementor-section-height-default elementor-section-height-default\" data-id=\"addd71e\" data-element_type=\"section\">\n\t\t\t\t\t\t<div class=\"elementor-container elementor-column-gap-default\">\n\t\t\t\t\t<div class=\"elementor-column elementor-col-33 elementor-inner-column elementor-element elementor-element-af8c882\" data-id=\"af8c882\" data-element_type=\"column\">\n\t\t\t<div class=\"elementor-widget-wrap elementor-element-populated\">\n\t\t\t\t\t\t<div class=\"elementor-element elementor-element-f55f104 elementor-widget elementor-widget-image\" data-id=\"f55f104\" data-element_type=\"widget\" data-widget_type=\"image.default\">\n\t\t\t\t<div class=\"elementor-widget-container\">\n\t\t\t\t\t\t\t\t\t\t\t\t\t\t\t\t<a href=\"https:\/\/sites.google.com\/ceipcolon.es\/colonbilingue\/\">\n\t\t\t\t\t\t\t<img fetchpriority=\"high\" decoding=\"async\" width=\"500\" height=\"500\" src=\"https:\/\/blogsaverroes.juntadeandalucia.es\/ceipcolon\/files\/2023\/12\/proyecto_binlingue.png\" class=\"attachment-1536x1536 size-1536x1536 wp-image-4394\" alt=\"\" srcset=\"https:\/\/blogsaverroes.juntadeandalucia.es\/ceipcolon\/files\/2023\/12\/proyecto_binlingue.png 500w, https:\/\/blogsaverroes.juntadeandalucia.es\/ceipcolon\/files\/2023\/12\/proyecto_binlingue-300x300.png 300w, https:\/\/blogsaverroes.juntadeandalucia.es\/ceipcolon\/files\/2023\/12\/proyecto_binlingue-150x150.png 150w\" sizes=\"(max-width: 500px) 100vw, 500px\" \/>\t\t\t\t\t\t\t\t<\/a>\n\t\t\t\t\t\t\t\t\t\t\t\t\t\t\t<\/div>\n\t\t\t\t<\/div>\n\t\t\t\t<div class=\"elementor-element elementor-element-e45129f elementor-widget elementor-widget-image-box\" data-id=\"e45129f\" data-element_type=\"widget\" data-widget_type=\"image-box.default\">\n\t\t\t\t<div class=\"elementor-widget-container\">\n\t\t\t\t\t<div class=\"elementor-image-box-wrapper\"><div class=\"elementor-image-box-content\"><h3 class=\"elementor-image-box-title\"><a href=\"https:\/\/sites.google.com\/ceipcolon.es\/colonbilingue\/\">Proyecto Biling\u00fce<\/a><\/h3><\/div><\/div>\t\t\t\t<\/div>\n\t\t\t\t<\/div>\n\t\t\t\t<div class=\"elementor-element elementor-element-b01c11c elementor-widget elementor-widget-text-editor\" data-id=\"b01c11c\" data-element_type=\"widget\" data-widget_type=\"text-editor.default\">\n\t\t\t\t<div class=\"elementor-widget-container\">\n\t\t\t\t\t\t\t\t\t<p style=\"text-align: center\"><a href=\"https:\/\/sites.google.com\/g.educaand.es\/ceipcolonlanguageassistant\/incio?authuser=0\">Wik&#8217;s Site<\/a><\/p>\t\t\t\t\t\t\t\t<\/div>\n\t\t\t\t<\/div>\n\t\t\t\t\t<\/div>\n\t\t<\/div>\n\t\t\t\t<div class=\"elementor-column elementor-col-33 elementor-inner-column elementor-element elementor-element-f85771f\" data-id=\"f85771f\" data-element_type=\"column\">\n\t\t\t<div class=\"elementor-widget-wrap elementor-element-populated\">\n\t\t\t\t\t\t<div class=\"elementor-element elementor-element-2df0692 elementor-widget elementor-widget-image\" data-id=\"2df0692\" data-element_type=\"widget\" data-widget_type=\"image.default\">\n\t\t\t\t<div class=\"elementor-widget-container\">\n\t\t\t\t\t\t\t\t\t\t\t\t\t\t\t\t<a href=\"https:\/\/lsebilinguecolon.blogspot.com\/\">\n\t\t\t\t\t\t\t<img decoding=\"async\" width=\"500\" height=\"500\" src=\"https:\/\/blogsaverroes.juntadeandalucia.es\/ceipcolon\/files\/2023\/12\/programa_lse.png\" class=\"attachment-large size-large wp-image-4395\" alt=\"\" srcset=\"https:\/\/blogsaverroes.juntadeandalucia.es\/ceipcolon\/files\/2023\/12\/programa_lse.png 500w, https:\/\/blogsaverroes.juntadeandalucia.es\/ceipcolon\/files\/2023\/12\/programa_lse-300x300.png 300w, https:\/\/blogsaverroes.juntadeandalucia.es\/ceipcolon\/files\/2023\/12\/programa_lse-150x150.png 150w\" sizes=\"(max-width: 500px) 100vw, 500px\" \/>\t\t\t\t\t\t\t\t<\/a>\n\t\t\t\t\t\t\t\t\t\t\t\t\t\t\t<\/div>\n\t\t\t\t<\/div>\n\t\t\t\t<div class=\"elementor-element elementor-element-01d7b57 elementor-widget elementor-widget-image-box\" data-id=\"01d7b57\" data-element_type=\"widget\" data-widget_type=\"image-box.default\">\n\t\t\t\t<div class=\"elementor-widget-container\">\n\t\t\t\t\t<div class=\"elementor-image-box-wrapper\"><div class=\"elementor-image-box-content\"><h3 class=\"elementor-image-box-title\"><a href=\"https:\/\/lsebilinguecolon.blogspot.com\/\">Lengua de Signos<\/a><\/h3><\/div><\/div>\t\t\t\t<\/div>\n\t\t\t\t<\/div>\n\t\t\t\t\t<\/div>\n\t\t<\/div>\n\t\t\t\t<div class=\"elementor-column elementor-col-33 elementor-inner-column elementor-element elementor-element-e581d5a\" data-id=\"e581d5a\" data-element_type=\"column\">\n\t\t\t<div class=\"elementor-widget-wrap elementor-element-populated\">\n\t\t\t\t\t\t<div class=\"elementor-element elementor-element-bfec53d elementor-widget elementor-widget-image\" data-id=\"bfec53d\" data-element_type=\"widget\" data-widget_type=\"image.default\">\n\t\t\t\t<div class=\"elementor-widget-container\">\n\t\t\t\t\t\t\t\t\t\t\t\t\t\t\t\t<a href=\"https:\/\/sites.google.com\/g.educaand.es\/biblioteca-colon\/inicio\">\n\t\t\t\t\t\t\t<img decoding=\"async\" width=\"500\" height=\"500\" src=\"https:\/\/blogsaverroes.juntadeandalucia.es\/ceipcolon\/files\/2023\/12\/biblioteca.png\" class=\"attachment-large size-large wp-image-4397\" alt=\"\" srcset=\"https:\/\/blogsaverroes.juntadeandalucia.es\/ceipcolon\/files\/2023\/12\/biblioteca.png 500w, https:\/\/blogsaverroes.juntadeandalucia.es\/ceipcolon\/files\/2023\/12\/biblioteca-300x300.png 300w, https:\/\/blogsaverroes.juntadeandalucia.es\/ceipcolon\/files\/2023\/12\/biblioteca-150x150.png 150w\" sizes=\"(max-width: 500px) 100vw, 500px\" \/>\t\t\t\t\t\t\t\t<\/a>\n\t\t\t\t\t\t\t\t\t\t\t\t\t\t\t<\/div>\n\t\t\t\t<\/div>\n\t\t\t\t<div class=\"elementor-element elementor-element-3d2342f elementor-widget elementor-widget-image-box\" data-id=\"3d2342f\" data-element_type=\"widget\" data-widget_type=\"image-box.default\">\n\t\t\t\t<div class=\"elementor-widget-container\">\n\t\t\t\t\t<div class=\"elementor-image-box-wrapper\"><div class=\"elementor-image-box-content\"><h3 class=\"elementor-image-box-title\"><a href=\"https:\/\/sites.google.com\/g.educaand.es\/biblioteca-colon\/inicio\">Biblioteca<\/a><\/h3><\/div><\/div>\t\t\t\t<\/div>\n\t\t\t\t<\/div>\n\t\t\t\t\t<\/div>\n\t\t<\/div>\n\t\t\t\t\t<\/div>\n\t\t<\/section>\n\t\t\t\t<section class=\"elementor-section elementor-inner-section elementor-element elementor-element-69b76c6 elementor-section-boxed elementor-section-height-default elementor-section-height-default\" data-id=\"69b76c6\" data-element_type=\"section\">\n\t\t\t\t\t\t<div class=\"elementor-container elementor-column-gap-default\">\n\t\t\t\t\t<div class=\"elementor-column elementor-col-33 elementor-inner-column elementor-element elementor-element-a82f585\" data-id=\"a82f585\" data-element_type=\"column\">\n\t\t\t<div class=\"elementor-widget-wrap elementor-element-populated\">\n\t\t\t\t\t\t<div class=\"elementor-element elementor-element-ddddfcf elementor-widget elementor-widget-image\" data-id=\"ddddfcf\" data-element_type=\"widget\" data-widget_type=\"image.default\">\n\t\t\t\t<div class=\"elementor-widget-container\">\n\t\t\t\t\t\t\t\t\t\t\t\t\t\t\t\t<a href=\"https:\/\/view.genial.ly\/5fa7b53ecb9a580cfa4a6f67https:\/\/view.genial.ly\/5fa7b53ecb9a580cfa4a6f67\">\n\t\t\t\t\t\t\t<img loading=\"lazy\" decoding=\"async\" width=\"500\" height=\"500\" src=\"https:\/\/blogsaverroes.juntadeandalucia.es\/ceipcolon\/files\/2023\/12\/igualdad.png\" class=\"attachment-large size-large wp-image-4408\" alt=\"\" srcset=\"https:\/\/blogsaverroes.juntadeandalucia.es\/ceipcolon\/files\/2023\/12\/igualdad.png 500w, https:\/\/blogsaverroes.juntadeandalucia.es\/ceipcolon\/files\/2023\/12\/igualdad-300x300.png 300w, https:\/\/blogsaverroes.juntadeandalucia.es\/ceipcolon\/files\/2023\/12\/igualdad-150x150.png 150w\" sizes=\"(max-width: 500px) 100vw, 500px\" \/>\t\t\t\t\t\t\t\t<\/a>\n\t\t\t\t\t\t\t\t\t\t\t\t\t\t\t<\/div>\n\t\t\t\t<\/div>\n\t\t\t\t<div class=\"elementor-element elementor-element-cf8bb76 elementor-widget elementor-widget-image-box\" data-id=\"cf8bb76\" data-element_type=\"widget\" data-widget_type=\"image-box.default\">\n\t\t\t\t<div class=\"elementor-widget-container\">\n\t\t\t\t\t<div class=\"elementor-image-box-wrapper\"><div class=\"elementor-image-box-content\"><h3 class=\"elementor-image-box-title\"><a href=\"https:\/\/view.genial.ly\/5fa7b53ecb9a580cfa4a6f67https:\/\/view.genial.ly\/5fa7b53ecb9a580cfa4a6f67\">Igualdad de G\u00e9nero<\/a><\/h3><\/div><\/div>\t\t\t\t<\/div>\n\t\t\t\t<\/div>\n\t\t\t\t\t<\/div>\n\t\t<\/div>\n\t\t\t\t<div class=\"elementor-column elementor-col-33 elementor-inner-column elementor-element elementor-element-b19c49a\" data-id=\"b19c49a\" data-element_type=\"column\">\n\t\t\t<div class=\"elementor-widget-wrap elementor-element-populated\">\n\t\t\t\t\t\t<div class=\"elementor-element elementor-element-0b3eee0 elementor-widget elementor-widget-image\" data-id=\"0b3eee0\" data-element_type=\"widget\" data-widget_type=\"image.default\">\n\t\t\t\t<div class=\"elementor-widget-container\">\n\t\t\t\t\t\t\t\t\t\t\t\t\t\t\t\t<a href=\"https:\/\/sites.google.com\/ceipcolon.es\/aulaconfucio\/inicio\">\n\t\t\t\t\t\t\t<img loading=\"lazy\" decoding=\"async\" width=\"500\" height=\"500\" src=\"https:\/\/blogsaverroes.juntadeandalucia.es\/ceipcolon\/files\/2023\/12\/aula_confucio.png\" class=\"attachment-large size-large wp-image-4399\" alt=\"\" srcset=\"https:\/\/blogsaverroes.juntadeandalucia.es\/ceipcolon\/files\/2023\/12\/aula_confucio.png 500w, https:\/\/blogsaverroes.juntadeandalucia.es\/ceipcolon\/files\/2023\/12\/aula_confucio-300x300.png 300w, https:\/\/blogsaverroes.juntadeandalucia.es\/ceipcolon\/files\/2023\/12\/aula_confucio-150x150.png 150w\" sizes=\"(max-width: 500px) 100vw, 500px\" \/>\t\t\t\t\t\t\t\t<\/a>\n\t\t\t\t\t\t\t\t\t\t\t\t\t\t\t<\/div>\n\t\t\t\t<\/div>\n\t\t\t\t<div class=\"elementor-element elementor-element-4507e86 elementor-widget elementor-widget-image-box\" data-id=\"4507e86\" data-element_type=\"widget\" data-widget_type=\"image-box.default\">\n\t\t\t\t<div class=\"elementor-widget-container\">\n\t\t\t\t\t<div class=\"elementor-image-box-wrapper\"><div class=\"elementor-image-box-content\"><h3 class=\"elementor-image-box-title\"><a href=\"https:\/\/sites.google.com\/ceipcolon.es\/aulaconfucio\/inicio\">Aula Confucio<\/a><\/h3><\/div><\/div>\t\t\t\t<\/div>\n\t\t\t\t<\/div>\n\t\t\t\t\t<\/div>\n\t\t<\/div>\n\t\t\t\t<div class=\"elementor-column elementor-col-33 elementor-inner-column elementor-element elementor-element-dae2c95\" data-id=\"dae2c95\" data-element_type=\"column\">\n\t\t\t<div class=\"elementor-widget-wrap elementor-element-populated\">\n\t\t\t\t\t\t<div class=\"elementor-element elementor-element-03ac049 elementor-widget elementor-widget-image\" data-id=\"03ac049\" data-element_type=\"widget\" data-widget_type=\"image.default\">\n\t\t\t\t<div class=\"elementor-widget-container\">\n\t\t\t\t\t\t\t\t\t\t\t\t\t\t\t\t<a href=\"https:\/\/sites.google.com\/view\/colonespaciodepaz\/inicio\">\n\t\t\t\t\t\t\t<img loading=\"lazy\" decoding=\"async\" width=\"500\" height=\"500\" src=\"https:\/\/blogsaverroes.juntadeandalucia.es\/ceipcolon\/files\/2023\/12\/espacio_de_paz.png\" class=\"attachment-large size-large wp-image-4400\" alt=\"\" srcset=\"https:\/\/blogsaverroes.juntadeandalucia.es\/ceipcolon\/files\/2023\/12\/espacio_de_paz.png 500w, https:\/\/blogsaverroes.juntadeandalucia.es\/ceipcolon\/files\/2023\/12\/espacio_de_paz-300x300.png 300w, https:\/\/blogsaverroes.juntadeandalucia.es\/ceipcolon\/files\/2023\/12\/espacio_de_paz-150x150.png 150w\" sizes=\"(max-width: 500px) 100vw, 500px\" \/>\t\t\t\t\t\t\t\t<\/a>\n\t\t\t\t\t\t\t\t\t\t\t\t\t\t\t<\/div>\n\t\t\t\t<\/div>\n\t\t\t\t<div class=\"elementor-element elementor-element-913c339 elementor-widget elementor-widget-image-box\" data-id=\"913c339\" data-element_type=\"widget\" data-widget_type=\"image-box.default\">\n\t\t\t\t<div class=\"elementor-widget-container\">\n\t\t\t\t\t<div class=\"elementor-image-box-wrapper\"><div class=\"elementor-image-box-content\"><h3 class=\"elementor-image-box-title\"><a href=\"https:\/\/sites.google.com\/view\/colonespaciodepaz\/inicio\">Escuela \"Espacio de Paz\"<\/a><\/h3><\/div><\/div>\t\t\t\t<\/div>\n\t\t\t\t<\/div>\n\t\t\t\t\t<\/div>\n\t\t<\/div>\n\t\t\t\t\t<\/div>\n\t\t<\/section>\n\t\t\t\t<section class=\"elementor-section elementor-inner-section elementor-element elementor-element-c4a9a10 elementor-section-boxed elementor-section-height-default elementor-section-height-default\" data-id=\"c4a9a10\" data-element_type=\"section\">\n\t\t\t\t\t\t<div class=\"elementor-container elementor-column-gap-default\">\n\t\t\t\t\t<div class=\"elementor-column elementor-col-33 elementor-inner-column elementor-element elementor-element-80f1ddb\" data-id=\"80f1ddb\" data-element_type=\"column\">\n\t\t\t<div class=\"elementor-widget-wrap elementor-element-populated\">\n\t\t\t\t\t\t<div class=\"elementor-element elementor-element-c39bac6 elementor-widget elementor-widget-image\" data-id=\"c39bac6\" data-element_type=\"widget\" data-widget_type=\"image.default\">\n\t\t\t\t<div class=\"elementor-widget-container\">\n\t\t\t\t\t\t\t\t\t\t\t\t\t\t\t\t<a href=\"http:\/\/ceipcoloncordoba.blogspot.com\/p\/ecoescuela.html\">\n\t\t\t\t\t\t\t<img loading=\"lazy\" decoding=\"async\" width=\"843\" height=\"128\" src=\"https:\/\/blogsaverroes.juntadeandalucia.es\/ceipcolon\/files\/2023\/02\/ecoescuela-1024x156.jpeg\" class=\"attachment-large size-large wp-image-3087\" alt=\"\" srcset=\"https:\/\/blogsaverroes.juntadeandalucia.es\/ceipcolon\/files\/2023\/02\/ecoescuela-1024x156.jpeg 1024w, https:\/\/blogsaverroes.juntadeandalucia.es\/ceipcolon\/files\/2023\/02\/ecoescuela-300x46.jpeg 300w, https:\/\/blogsaverroes.juntadeandalucia.es\/ceipcolon\/files\/2023\/02\/ecoescuela-768x117.jpeg 768w, https:\/\/blogsaverroes.juntadeandalucia.es\/ceipcolon\/files\/2023\/02\/ecoescuela.jpeg 1280w\" sizes=\"(max-width: 843px) 100vw, 843px\" \/>\t\t\t\t\t\t\t\t<\/a>\n\t\t\t\t\t\t\t\t\t\t\t\t\t\t\t<\/div>\n\t\t\t\t<\/div>\n\t\t\t\t<div class=\"elementor-element elementor-element-fd5d537 elementor-widget elementor-widget-image-box\" data-id=\"fd5d537\" data-element_type=\"widget\" data-widget_type=\"image-box.default\">\n\t\t\t\t<div class=\"elementor-widget-container\">\n\t\t\t\t\t<div class=\"elementor-image-box-wrapper\"><div class=\"elementor-image-box-content\"><h3 class=\"elementor-image-box-title\"><a href=\"http:\/\/ceipcoloncordoba.blogspot.com\/p\/ecoescuela.html\">Ecoescuela<\/a><\/h3><\/div><\/div>\t\t\t\t<\/div>\n\t\t\t\t<\/div>\n\t\t\t\t\t<\/div>\n\t\t<\/div>\n\t\t\t\t<div class=\"elementor-column elementor-col-33 elementor-inner-column elementor-element elementor-element-8619957\" data-id=\"8619957\" data-element_type=\"column\">\n\t\t\t<div class=\"elementor-widget-wrap elementor-element-populated\">\n\t\t\t\t\t\t<div class=\"elementor-element elementor-element-2e3f3aa elementor-widget elementor-widget-image\" data-id=\"2e3f3aa\" data-element_type=\"widget\" data-widget_type=\"image.default\">\n\t\t\t\t<div class=\"elementor-widget-container\">\n\t\t\t\t\t\t\t\t\t\t\t\t\t\t\t\t<a href=\"https:\/\/efcolon.wordpress.com\/\">\n\t\t\t\t\t\t\t<img loading=\"lazy\" decoding=\"async\" width=\"500\" height=\"500\" src=\"https:\/\/blogsaverroes.juntadeandalucia.es\/ceipcolon\/files\/2023\/12\/blogs_escolares.png\" class=\"attachment-large size-large wp-image-4401\" alt=\"\" srcset=\"https:\/\/blogsaverroes.juntadeandalucia.es\/ceipcolon\/files\/2023\/12\/blogs_escolares.png 500w, https:\/\/blogsaverroes.juntadeandalucia.es\/ceipcolon\/files\/2023\/12\/blogs_escolares-300x300.png 300w, https:\/\/blogsaverroes.juntadeandalucia.es\/ceipcolon\/files\/2023\/12\/blogs_escolares-150x150.png 150w\" sizes=\"(max-width: 500px) 100vw, 500px\" \/>\t\t\t\t\t\t\t\t<\/a>\n\t\t\t\t\t\t\t\t\t\t\t\t\t\t\t<\/div>\n\t\t\t\t<\/div>\n\t\t\t\t<div class=\"elementor-element elementor-element-590840b elementor-widget elementor-widget-image-box\" data-id=\"590840b\" data-element_type=\"widget\" data-widget_type=\"image-box.default\">\n\t\t\t\t<div class=\"elementor-widget-container\">\n\t\t\t\t\t<div class=\"elementor-image-box-wrapper\"><div class=\"elementor-image-box-content\"><h3 class=\"elementor-image-box-title\"><a href=\"https:\/\/efcolon.wordpress.com\/\">Educaci\u00f3n F\u00edsica<\/a><\/h3><\/div><\/div>\t\t\t\t<\/div>\n\t\t\t\t<\/div>\n\t\t\t\t\t<\/div>\n\t\t<\/div>\n\t\t\t\t<div class=\"elementor-column elementor-col-33 elementor-inner-column elementor-element elementor-element-b593b77\" data-id=\"b593b77\" data-element_type=\"column\">\n\t\t\t<div class=\"elementor-widget-wrap elementor-element-populated\">\n\t\t\t\t\t\t<div class=\"elementor-element elementor-element-3154d8e elementor-widget elementor-widget-image\" data-id=\"3154d8e\" data-element_type=\"widget\" data-widget_type=\"image.default\">\n\t\t\t\t<div class=\"elementor-widget-container\">\n\t\t\t\t\t\t\t\t\t\t\t\t\t\t\t\t<a href=\"https:\/\/ceipcoloncordoba.blogspot.com\/p\/rincon-del-alumn.html\">\n\t\t\t\t\t\t\t<img loading=\"lazy\" decoding=\"async\" width=\"500\" height=\"500\" src=\"https:\/\/blogsaverroes.juntadeandalucia.es\/ceipcolon\/files\/2023\/12\/blogs_escolares.png\" class=\"attachment-large size-large wp-image-4401\" alt=\"\" srcset=\"https:\/\/blogsaverroes.juntadeandalucia.es\/ceipcolon\/files\/2023\/12\/blogs_escolares.png 500w, https:\/\/blogsaverroes.juntadeandalucia.es\/ceipcolon\/files\/2023\/12\/blogs_escolares-300x300.png 300w, https:\/\/blogsaverroes.juntadeandalucia.es\/ceipcolon\/files\/2023\/12\/blogs_escolares-150x150.png 150w\" sizes=\"(max-width: 500px) 100vw, 500px\" \/>\t\t\t\t\t\t\t\t<\/a>\n\t\t\t\t\t\t\t\t\t\t\t\t\t\t\t<\/div>\n\t\t\t\t<\/div>\n\t\t\t\t<div class=\"elementor-element elementor-element-71964c9 elementor-widget elementor-widget-image-box\" data-id=\"71964c9\" data-element_type=\"widget\" data-widget_type=\"image-box.default\">\n\t\t\t\t<div class=\"elementor-widget-container\">\n\t\t\t\t\t<div class=\"elementor-image-box-wrapper\"><div class=\"elementor-image-box-content\"><h3 class=\"elementor-image-box-title\"><a href=\"https:\/\/ceipcoloncordoba.blogspot.com\/p\/rincon-del-alumn.html\">Rinc\u00f3n del Alumnado<\/a><\/h3><\/div><\/div>\t\t\t\t<\/div>\n\t\t\t\t<\/div>\n\t\t\t\t\t<\/div>\n\t\t<\/div>\n\t\t\t\t\t<\/div>\n\t\t<\/section>\n\t\t\t\t<section class=\"elementor-section elementor-inner-section elementor-element elementor-element-08c6eb2 elementor-section-boxed elementor-section-height-default elementor-section-height-default\" data-id=\"08c6eb2\" data-element_type=\"section\">\n\t\t\t\t\t\t<div class=\"elementor-container elementor-column-gap-default\">\n\t\t\t\t\t<div class=\"elementor-column elementor-col-33 elementor-inner-column elementor-element elementor-element-fbc93d8\" data-id=\"fbc93d8\" data-element_type=\"column\">\n\t\t\t<div class=\"elementor-widget-wrap elementor-element-populated\">\n\t\t\t\t\t\t<div class=\"elementor-element elementor-element-b6b67c8 elementor-widget elementor-widget-image\" data-id=\"b6b67c8\" data-element_type=\"widget\" data-widget_type=\"image.default\">\n\t\t\t\t<div class=\"elementor-widget-container\">\n\t\t\t\t\t\t\t\t\t\t\t\t\t\t\t<img loading=\"lazy\" decoding=\"async\" width=\"500\" height=\"500\" src=\"https:\/\/blogsaverroes.juntadeandalucia.es\/ceipcolon\/files\/2023\/11\/emocionarte.jpg\" class=\"attachment-large size-large wp-image-4386\" alt=\"\" srcset=\"https:\/\/blogsaverroes.juntadeandalucia.es\/ceipcolon\/files\/2023\/11\/emocionarte.jpg 500w, https:\/\/blogsaverroes.juntadeandalucia.es\/ceipcolon\/files\/2023\/11\/emocionarte-300x300.jpg 300w, https:\/\/blogsaverroes.juntadeandalucia.es\/ceipcolon\/files\/2023\/11\/emocionarte-150x150.jpg 150w\" sizes=\"(max-width: 500px) 100vw, 500px\" \/>\t\t\t\t\t\t\t\t\t\t\t\t\t\t\t<\/div>\n\t\t\t\t<\/div>\n\t\t\t\t<div class=\"elementor-element elementor-element-9adefc6 elementor-widget elementor-widget-image-box\" data-id=\"9adefc6\" data-element_type=\"widget\" data-widget_type=\"image-box.default\">\n\t\t\t\t<div class=\"elementor-widget-container\">\n\t\t\t\t\t<div class=\"elementor-image-box-wrapper\"><div class=\"elementor-image-box-content\"><h3 class=\"elementor-image-box-title\"><a href=\"https:\/\/sites.google.com\/g.educaand.es\/aprofundizacolon\/inicio\">Programa \"Investiga y descubre\"\n\nEmoci\u00f3n...arte<\/a><\/h3><\/div><\/div>\t\t\t\t<\/div>\n\t\t\t\t<\/div>\n\t\t\t\t\t<\/div>\n\t\t<\/div>\n\t\t\t\t<div class=\"elementor-column elementor-col-33 elementor-inner-column elementor-element elementor-element-ea3f87e\" data-id=\"ea3f87e\" data-element_type=\"column\">\n\t\t\t<div class=\"elementor-widget-wrap elementor-element-populated\">\n\t\t\t\t\t\t<div class=\"elementor-element elementor-element-f709cb4 elementor-widget elementor-widget-image\" data-id=\"f709cb4\" data-element_type=\"widget\" data-widget_type=\"image.default\">\n\t\t\t\t<div class=\"elementor-widget-container\">\n\t\t\t\t\t\t\t\t\t\t\t\t\t\t\t\t<a href=\"https:\/\/sites.google.com\/g.educaand.es\/investigaydescubrecine\/inicio\">\n\t\t\t\t\t\t\t<img loading=\"lazy\" decoding=\"async\" width=\"500\" height=\"500\" src=\"https:\/\/blogsaverroes.juntadeandalucia.es\/ceipcolon\/files\/2023\/11\/silencioserueda.jpg\" class=\"attachment-large size-large wp-image-4385\" alt=\"\" srcset=\"https:\/\/blogsaverroes.juntadeandalucia.es\/ceipcolon\/files\/2023\/11\/silencioserueda.jpg 500w, https:\/\/blogsaverroes.juntadeandalucia.es\/ceipcolon\/files\/2023\/11\/silencioserueda-300x300.jpg 300w, https:\/\/blogsaverroes.juntadeandalucia.es\/ceipcolon\/files\/2023\/11\/silencioserueda-150x150.jpg 150w\" sizes=\"(max-width: 500px) 100vw, 500px\" \/>\t\t\t\t\t\t\t\t<\/a>\n\t\t\t\t\t\t\t\t\t\t\t\t\t\t\t<\/div>\n\t\t\t\t<\/div>\n\t\t\t\t<div class=\"elementor-element elementor-element-40a0de8 elementor-widget elementor-widget-image-box\" data-id=\"40a0de8\" data-element_type=\"widget\" data-widget_type=\"image-box.default\">\n\t\t\t\t<div class=\"elementor-widget-container\">\n\t\t\t\t\t<div class=\"elementor-image-box-wrapper\"><div class=\"elementor-image-box-content\"><h3 class=\"elementor-image-box-title\">Programa \"Investiga y descubre\"\n\nSilencio, se rueda<\/h3><\/div><\/div>\t\t\t\t<\/div>\n\t\t\t\t<\/div>\n\t\t\t\t\t<\/div>\n\t\t<\/div>\n\t\t\t\t<div class=\"elementor-column elementor-col-33 elementor-inner-column elementor-element elementor-element-0f60523\" data-id=\"0f60523\" data-element_type=\"column\">\n\t\t\t<div class=\"elementor-widget-wrap elementor-element-populated\">\n\t\t\t\t\t\t<div class=\"elementor-element elementor-element-b50b937 elementor-widget elementor-widget-image\" data-id=\"b50b937\" data-element_type=\"widget\" data-widget_type=\"image.default\">\n\t\t\t\t<div class=\"elementor-widget-container\">\n\t\t\t\t\t\t\t\t\t\t\t\t\t\t\t\t<a href=\"https:\/\/sites.google.com\/g.educaand.es\/aprofundizacolon\/inicio\">\n\t\t\t\t\t\t\t<img loading=\"lazy\" decoding=\"async\" width=\"500\" height=\"500\" src=\"https:\/\/blogsaverroes.juntadeandalucia.es\/ceipcolon\/files\/2023\/12\/andalucia_profundiza_22_23.jpg\" class=\"attachment-large size-large wp-image-4451\" alt=\"\" srcset=\"https:\/\/blogsaverroes.juntadeandalucia.es\/ceipcolon\/files\/2023\/12\/andalucia_profundiza_22_23.jpg 500w, https:\/\/blogsaverroes.juntadeandalucia.es\/ceipcolon\/files\/2023\/12\/andalucia_profundiza_22_23-300x300.jpg 300w, https:\/\/blogsaverroes.juntadeandalucia.es\/ceipcolon\/files\/2023\/12\/andalucia_profundiza_22_23-150x150.jpg 150w\" sizes=\"(max-width: 500px) 100vw, 500px\" \/>\t\t\t\t\t\t\t\t<\/a>\n\t\t\t\t\t\t\t\t\t\t\t\t\t\t\t<\/div>\n\t\t\t\t<\/div>\n\t\t\t\t<div class=\"elementor-element elementor-element-e9f4552 elementor-widget elementor-widget-image-box\" data-id=\"e9f4552\" data-element_type=\"widget\" data-widget_type=\"image-box.default\">\n\t\t\t\t<div class=\"elementor-widget-container\">\n\t\t\t\t\t<div class=\"elementor-image-box-wrapper\"><div class=\"elementor-image-box-content\"><h3 class=\"elementor-image-box-title\">Programa \"Andaluc\u00eda Profundiza\"\nLuces, c\u00e1mara... \u00a1Acci\u00f3n!<\/h3><\/div><\/div>\t\t\t\t<\/div>\n\t\t\t\t<\/div>\n\t\t\t\t\t<\/div>\n\t\t<\/div>\n\t\t\t\t\t<\/div>\n\t\t<\/section>\n\t\t\t\t\t<\/div>\n\t\t<\/div>\n\t\t\t\t\t<\/div>\n\t\t<\/section>\n\t\t\t\t<\/div>\n\t\t","protected":false},"excerpt":{"rendered":"<p>Planes y Programas Proyecto Biling\u00fce Wik&#8217;s Site Lengua de Signos Biblioteca Igualdad de G\u00e9nero Aula Confucio Escuela \u00abEspacio de Paz\u00bb Ecoescuela Educaci\u00f3n F\u00edsica Rinc\u00f3n del&hellip;<\/p>\n","protected":false},"author":11312,"featured_media":0,"parent":0,"menu_order":0,"comment_status":"closed","ping_status":"closed","template":"","meta":{"ngg_post_thumbnail":0,"footnotes":""},"aioseo_notices":[],"_links":{"self":[{"href":"https:\/\/blogsaverroes.juntadeandalucia.es\/ceipcolon\/wp-json\/wp\/v2\/pages\/1996"}],"collection":[{"href":"https:\/\/blogsaverroes.juntadeandalucia.es\/ceipcolon\/wp-json\/wp\/v2\/pages"}],"about":[{"href":"https:\/\/blogsaverroes.juntadeandalucia.es\/ceipcolon\/wp-json\/wp\/v2\/types\/page"}],"author":[{"embeddable":true,"href":"https:\/\/blogsaverroes.juntadeandalucia.es\/ceipcolon\/wp-json\/wp\/v2\/users\/11312"}],"replies":[{"embeddable":true,"href":"https:\/\/blogsaverroes.juntadeandalucia.es\/ceipcolon\/wp-json\/wp\/v2\/comments?post=1996"}],"version-history":[{"count":118,"href":"https:\/\/blogsaverroes.juntadeandalucia.es\/ceipcolon\/wp-json\/wp\/v2\/pages\/1996\/revisions"}],"predecessor-version":[{"id":5552,"href":"https:\/\/blogsaverroes.juntadeandalucia.es\/ceipcolon\/wp-json\/wp\/v2\/pages\/1996\/revisions\/5552"}],"wp:attachment":[{"href":"https:\/\/blogsaverroes.juntadeandalucia.es\/ceipcolon\/wp-json\/wp\/v2\/media?parent=1996"}],"curies":[{"name":"wp","href":"https:\/\/api.w.org\/{rel}","templated":true}]}}