{"id":671,"date":"2023-01-02T07:35:19","date_gmt":"2023-01-02T07:35:19","guid":{"rendered":"https:\/\/blogsaverroes.juntadeandalucia.es\/ceipcolon\/?page_id=671"},"modified":"2023-02-20T21:58:10","modified_gmt":"2023-02-20T21:58:10","slug":"historia","status":"publish","type":"page","link":"https:\/\/blogsaverroes.juntadeandalucia.es\/ceipcolon\/historia\/","title":{"rendered":"Historia"},"content":{"rendered":"\t\t<div data-elementor-type=\"wp-page\" data-elementor-id=\"671\" class=\"elementor elementor-671\">\n\t\t\t\t\t\t<section class=\"elementor-section elementor-top-section elementor-element elementor-element-4ad7ac9 elementor-section-content-middle elementor-section-boxed elementor-section-height-default elementor-section-height-default\" data-id=\"4ad7ac9\" data-element_type=\"section\">\n\t\t\t\t\t\t<div class=\"elementor-container elementor-column-gap-no\">\n\t\t\t\t\t<div class=\"elementor-column elementor-col-100 elementor-top-column elementor-element elementor-element-5be8a72\" data-id=\"5be8a72\" data-element_type=\"column\">\n\t\t\t<div class=\"elementor-widget-wrap elementor-element-populated\">\n\t\t\t\t\t\t<div class=\"elementor-element elementor-element-c6ab824 elementor-widget elementor-widget-heading\" data-id=\"c6ab824\" data-element_type=\"widget\" data-widget_type=\"heading.default\">\n\t\t\t\t<div class=\"elementor-widget-container\">\n\t\t\t\t\t<h2 class=\"elementor-heading-title elementor-size-default\">Historia<\/h2>\t\t\t\t<\/div>\n\t\t\t\t<\/div>\n\t\t\t\t<section class=\"elementor-section elementor-inner-section elementor-element elementor-element-aaf48da elementor-section-boxed elementor-section-height-default elementor-section-height-default\" data-id=\"aaf48da\" data-element_type=\"section\">\n\t\t\t\t\t\t<div class=\"elementor-container elementor-column-gap-default\">\n\t\t\t\t\t<div class=\"elementor-column elementor-col-50 elementor-inner-column elementor-element elementor-element-baf0b5a\" data-id=\"baf0b5a\" data-element_type=\"column\">\n\t\t\t<div class=\"elementor-widget-wrap elementor-element-populated\">\n\t\t\t\t\t\t<div class=\"elementor-element elementor-element-b9e18b5 elementor-widget elementor-widget-text-editor\" data-id=\"b9e18b5\" data-element_type=\"widget\" data-widget_type=\"text-editor.default\">\n\t\t\t\t<div class=\"elementor-widget-container\">\n\t\t\t\t\t\t\t\t\t<p>Su construcci\u00f3n comenz\u00f3 en 1926, seg\u00fan proyecto del arquitecto D. Rafael de la Hoz Salda\u00f1a, inspirado en otro de D. Francisco Azor\u00edn Izquierdo, amigo pedag\u00f3gico de D. Eloy Vaquero Cantillo, en cuyas experiencias pedag\u00f3gicas de las Escuelas Obreras al aire libre se ciment\u00f3.<\/p><p>En el a\u00f1o 1929, con el nombre de Grupo Escolar Marqu\u00e9s de Estella, se abrieron las puertas del nuevo centro educativo para ni\u00f1as situado en el Campo de la Merced, en su porci\u00f3n sureste, con vistas a la citada Puerta del Rinc\u00f3n.<\/p><p>En este centro educativo, desde su apertura, hasta el a\u00f1o1967, es decir, 38 a\u00f1os funcion\u00f3 la Escuela Pr\u00e1ctica aneja a la Escuela Normal de Maestras de C\u00f3rdoba, siendo el centro en el que se formaron e iniciaron en su profesi\u00f3n las estudiantes de Magisterio que despu\u00e9s han sido, y todav\u00eda lo son, las maestras de C\u00f3rdoba y su provincia.<\/p><div>\u00a0<\/div>\t\t\t\t\t\t\t\t<\/div>\n\t\t\t\t<\/div>\n\t\t\t\t\t<\/div>\n\t\t<\/div>\n\t\t\t\t<div class=\"elementor-column elementor-col-50 elementor-inner-column elementor-element elementor-element-889daf1\" data-id=\"889daf1\" data-element_type=\"column\">\n\t\t\t<div class=\"elementor-widget-wrap elementor-element-populated\">\n\t\t\t\t\t\t<div class=\"elementor-element elementor-element-3361422 elementor-widget elementor-widget-image\" data-id=\"3361422\" data-element_type=\"widget\" data-widget_type=\"image.default\">\n\t\t\t\t<div class=\"elementor-widget-container\">\n\t\t\t\t\t\t\t\t\t\t\t\t\t\t\t<img fetchpriority=\"high\" decoding=\"async\" width=\"843\" height=\"313\" src=\"https:\/\/blogsaverroes.juntadeandalucia.es\/ceipcolon\/files\/2023\/01\/edificio.png\" class=\"attachment-large size-large wp-image-732\" alt=\"Edificio del CEIP Col\u00f3n\" srcset=\"https:\/\/blogsaverroes.juntadeandalucia.es\/ceipcolon\/files\/2023\/01\/edificio.png 878w, https:\/\/blogsaverroes.juntadeandalucia.es\/ceipcolon\/files\/2023\/01\/edificio-300x111.png 300w, https:\/\/blogsaverroes.juntadeandalucia.es\/ceipcolon\/files\/2023\/01\/edificio-768x285.png 768w, https:\/\/blogsaverroes.juntadeandalucia.es\/ceipcolon\/files\/2023\/01\/edificio-500x185.png 500w\" sizes=\"(max-width: 843px) 100vw, 843px\" \/>\t\t\t\t\t\t\t\t\t\t\t\t\t\t\t<\/div>\n\t\t\t\t<\/div>\n\t\t\t\t\t<\/div>\n\t\t<\/div>\n\t\t\t\t\t<\/div>\n\t\t<\/section>\n\t\t\t\t<section class=\"elementor-section elementor-inner-section elementor-element elementor-element-8792164 elementor-section-boxed elementor-section-height-default elementor-section-height-default\" data-id=\"8792164\" data-element_type=\"section\">\n\t\t\t\t\t\t<div class=\"elementor-container elementor-column-gap-default\">\n\t\t\t\t\t<div class=\"elementor-column elementor-col-100 elementor-inner-column elementor-element elementor-element-feecc8a\" data-id=\"feecc8a\" data-element_type=\"column\">\n\t\t\t<div class=\"elementor-widget-wrap elementor-element-populated\">\n\t\t\t\t\t\t<div class=\"elementor-element elementor-element-4bcb806 elementor-widget elementor-widget-heading\" data-id=\"4bcb806\" data-element_type=\"widget\" data-widget_type=\"heading.default\">\n\t\t\t\t<div class=\"elementor-widget-container\">\n\t\t\t\t\t<h2 class=\"elementor-heading-title elementor-size-default\">Descripci\u00f3n y su entorno<\/h2>\t\t\t\t<\/div>\n\t\t\t\t<\/div>\n\t\t\t\t\t<\/div>\n\t\t<\/div>\n\t\t\t\t\t<\/div>\n\t\t<\/section>\n\t\t\t\t<section class=\"elementor-section elementor-inner-section elementor-element elementor-element-66a308e elementor-section-boxed elementor-section-height-default elementor-section-height-default\" data-id=\"66a308e\" data-element_type=\"section\">\n\t\t\t\t\t\t<div class=\"elementor-container elementor-column-gap-default\">\n\t\t\t\t\t<div class=\"elementor-column elementor-col-50 elementor-inner-column elementor-element elementor-element-933f473\" data-id=\"933f473\" data-element_type=\"column\">\n\t\t\t<div class=\"elementor-widget-wrap elementor-element-populated\">\n\t\t\t\t\t\t<div class=\"elementor-element elementor-element-fc69b4a elementor-widget elementor-widget-text-editor\" data-id=\"fc69b4a\" data-element_type=\"widget\" data-widget_type=\"text-editor.default\">\n\t\t\t\t<div class=\"elementor-widget-container\">\n\t\t\t\t\t\t\t\t\t<p>Situado en el centro de la capital cordobesa y con una larga trayectoria educativa, el CEIP Col\u00f3n cuenta con un entorno de familias con cierta homogeneidad, de un nivel socioecon\u00f3mico y cultural medio-alto, con trabajos en su mayor\u00eda del sector servicios y con un alumnado orientado generalmente a optar por estudios superiores y buscar empleos para los que ser\u00e1 necesaria una notable formaci\u00f3n acad\u00e9mica en muchos de los casos.<\/p>\n<p>Por otro lado, son parte de la zona otros edificios y monumentos de relevancia para la ciudad como el propio edificio de la Diputaci\u00f3n, iglesias como la de Santa Marina, la Torre de la Malmuerta, el Palacio de Viana o los propios Jardines. Estas caracter\u00edsticas del entorno en s\u00ed, nos dan pie a que podamos decir que nos encontramos un entorno estable y positivo social, cultural y educativamente hablando, lo cual hace que \u00e9ste mismo entorno genere unas buenas expectativas hacia el Colegio, considerando al mismo referente en los tres \u00e1mbitos anteriormente mencionados, lo que tambi\u00e9n est\u00e1 ligado a la propia historia del Centro.<\/p>\t\t\t\t\t\t\t\t<\/div>\n\t\t\t\t<\/div>\n\t\t\t\t\t<\/div>\n\t\t<\/div>\n\t\t\t\t<div class=\"elementor-column elementor-col-50 elementor-inner-column elementor-element elementor-element-64ce8d2\" data-id=\"64ce8d2\" data-element_type=\"column\">\n\t\t\t<div class=\"elementor-widget-wrap elementor-element-populated\">\n\t\t\t\t\t\t<div class=\"elementor-element elementor-element-8ebe1a7 elementor-widget elementor-widget-image\" data-id=\"8ebe1a7\" data-element_type=\"widget\" data-widget_type=\"image.default\">\n\t\t\t\t<div class=\"elementor-widget-container\">\n\t\t\t\t\t\t\t\t\t\t\t\t\t\t\t<img decoding=\"async\" width=\"843\" height=\"682\" src=\"https:\/\/blogsaverroes.juntadeandalucia.es\/ceipcolon\/files\/2023\/01\/Jardines_de_Col\u00f3n_C\u00f3rdoba-1024x829.jpg\" class=\"attachment-large size-large wp-image-1686\" alt=\"\" srcset=\"https:\/\/blogsaverroes.juntadeandalucia.es\/ceipcolon\/files\/2023\/01\/Jardines_de_Col\u00f3n_C\u00f3rdoba-1024x829.jpg 1024w, https:\/\/blogsaverroes.juntadeandalucia.es\/ceipcolon\/files\/2023\/01\/Jardines_de_Col\u00f3n_C\u00f3rdoba-300x243.jpg 300w, https:\/\/blogsaverroes.juntadeandalucia.es\/ceipcolon\/files\/2023\/01\/Jardines_de_Col\u00f3n_C\u00f3rdoba-768x622.jpg 768w, https:\/\/blogsaverroes.juntadeandalucia.es\/ceipcolon\/files\/2023\/01\/Jardines_de_Col\u00f3n_C\u00f3rdoba.jpg 1037w\" sizes=\"(max-width: 843px) 100vw, 843px\" \/>\t\t\t\t\t\t\t\t\t\t\t\t\t\t\t<\/div>\n\t\t\t\t<\/div>\n\t\t\t\t\t<\/div>\n\t\t<\/div>\n\t\t\t\t\t<\/div>\n\t\t<\/section>\n\t\t\t\t<section class=\"elementor-section elementor-inner-section elementor-element elementor-element-bdec71a elementor-section-boxed elementor-section-height-default elementor-section-height-default\" data-id=\"bdec71a\" data-element_type=\"section\">\n\t\t\t\t\t\t<div class=\"elementor-container elementor-column-gap-default\">\n\t\t\t\t\t<div class=\"elementor-column elementor-col-100 elementor-inner-column elementor-element elementor-element-d1d72e6\" data-id=\"d1d72e6\" data-element_type=\"column\">\n\t\t\t<div class=\"elementor-widget-wrap elementor-element-populated\">\n\t\t\t\t\t\t<div class=\"elementor-element elementor-element-9bab996 elementor-widget elementor-widget-text-editor\" data-id=\"9bab996\" data-element_type=\"widget\" data-widget_type=\"text-editor.default\">\n\t\t\t\t<div class=\"elementor-widget-container\">\n\t\t\t\t\t\t\t\t\t<p><span>Actualmente este edificio de 1929 tiene algunas remodelaciones, est\u00e1 construido en tres plantas (s\u00f3tano, baja y alta), con forma de U abierta, tiene una fachada orientada hacia el sur y parte trasera donde est\u00e1 el patio de recreo orientada al parque de la plaza Col\u00f3n.<\/span><\/p><p>Desde su institucionalizaci\u00f3n como Colegio p\u00fablico de Infantil y Primaria el CEIP Col\u00f3n es un referente educativo del centro de nuestra ciudad, con una muy alta tasa de promoci\u00f3n y unos altos porcentajes de calificaciones positivas del alumnado, a lo que hay que sumar una gran labor en el apartado de atenci\u00f3n de la diversidad.<\/p>\t\t\t\t\t\t\t\t<\/div>\n\t\t\t\t<\/div>\n\t\t\t\t\t<\/div>\n\t\t<\/div>\n\t\t\t\t\t<\/div>\n\t\t<\/section>\n\t\t\t\t\t<\/div>\n\t\t<\/div>\n\t\t\t\t\t<\/div>\n\t\t<\/section>\n\t\t\t\t<\/div>\n\t\t","protected":false},"excerpt":{"rendered":"<p>Historia Su construcci\u00f3n comenz\u00f3 en 1926, seg\u00fan proyecto del arquitecto D. Rafael de la Hoz Salda\u00f1a, inspirado en otro de D. Francisco Azor\u00edn Izquierdo, amigo&hellip;<\/p>\n","protected":false},"author":11312,"featured_media":0,"parent":0,"menu_order":0,"comment_status":"closed","ping_status":"closed","template":"","meta":{"ngg_post_thumbnail":0,"footnotes":""},"aioseo_notices":[],"_links":{"self":[{"href":"https:\/\/blogsaverroes.juntadeandalucia.es\/ceipcolon\/wp-json\/wp\/v2\/pages\/671"}],"collection":[{"href":"https:\/\/blogsaverroes.juntadeandalucia.es\/ceipcolon\/wp-json\/wp\/v2\/pages"}],"about":[{"href":"https:\/\/blogsaverroes.juntadeandalucia.es\/ceipcolon\/wp-json\/wp\/v2\/types\/page"}],"author":[{"embeddable":true,"href":"https:\/\/blogsaverroes.juntadeandalucia.es\/ceipcolon\/wp-json\/wp\/v2\/users\/11312"}],"replies":[{"embeddable":true,"href":"https:\/\/blogsaverroes.juntadeandalucia.es\/ceipcolon\/wp-json\/wp\/v2\/comments?post=671"}],"version-history":[{"count":247,"href":"https:\/\/blogsaverroes.juntadeandalucia.es\/ceipcolon\/wp-json\/wp\/v2\/pages\/671\/revisions"}],"predecessor-version":[{"id":3026,"href":"https:\/\/blogsaverroes.juntadeandalucia.es\/ceipcolon\/wp-json\/wp\/v2\/pages\/671\/revisions\/3026"}],"wp:attachment":[{"href":"https:\/\/blogsaverroes.juntadeandalucia.es\/ceipcolon\/wp-json\/wp\/v2\/media?parent=671"}],"curies":[{"name":"wp","href":"https:\/\/api.w.org\/{rel}","templated":true}]}}