{"id":851,"date":"2023-01-10T22:00:06","date_gmt":"2023-01-10T22:00:06","guid":{"rendered":"https:\/\/blogsaverroes.juntadeandalucia.es\/ceipcolon\/?page_id=851"},"modified":"2023-02-20T22:13:15","modified_gmt":"2023-02-20T22:13:15","slug":"noticias","status":"publish","type":"page","link":"https:\/\/blogsaverroes.juntadeandalucia.es\/ceipcolon\/noticias\/","title":{"rendered":"Noticias"},"content":{"rendered":"\t\t<div data-elementor-type=\"wp-page\" data-elementor-id=\"851\" class=\"elementor elementor-851\">\n\t\t\t\t\t\t<section class=\"elementor-section elementor-top-section elementor-element elementor-element-252ee4c elementor-section-content-middle elementor-section-boxed elementor-section-height-default elementor-section-height-default\" data-id=\"252ee4c\" data-element_type=\"section\">\n\t\t\t\t\t\t<div class=\"elementor-container elementor-column-gap-no\">\n\t\t\t\t\t<div class=\"elementor-column elementor-col-100 elementor-top-column elementor-element elementor-element-8d80e6c\" data-id=\"8d80e6c\" data-element_type=\"column\">\n\t\t\t<div class=\"elementor-widget-wrap elementor-element-populated\">\n\t\t\t\t\t\t<div class=\"elementor-element elementor-element-0529e3e elementor-widget elementor-widget-heading\" data-id=\"0529e3e\" data-element_type=\"widget\" data-widget_type=\"heading.default\">\n\t\t\t\t<div class=\"elementor-widget-container\">\n\t\t\t\t\t<h2 class=\"elementor-heading-title elementor-size-default\">Noticias<\/h2>\t\t\t\t<\/div>\n\t\t\t\t<\/div>\n\t\t\t\t<section class=\"elementor-section elementor-inner-section elementor-element elementor-element-533c7c5 elementor-section-boxed elementor-section-height-default elementor-section-height-default\" data-id=\"533c7c5\" data-element_type=\"section\">\n\t\t\t\t\t\t<div class=\"elementor-container elementor-column-gap-default\">\n\t\t\t\t\t<div class=\"elementor-column elementor-col-100 elementor-inner-column elementor-element elementor-element-8cba91f\" data-id=\"8cba91f\" data-element_type=\"column\">\n\t\t\t<div class=\"elementor-widget-wrap elementor-element-populated\">\n\t\t\t\t\t\t<div class=\"elementor-element elementor-element-7683a4c elementor-widget elementor-widget-text-editor\" data-id=\"7683a4c\" data-element_type=\"widget\" data-widget_type=\"text-editor.default\">\n\t\t\t\t<div class=\"elementor-widget-container\">\n\t\t\t\t\t\t\t\t\t<p><div class=\"pt-cv-wrapper\"><div class=\"pt-cv-view pt-cv-grid pt-cv-colsys\" id=\"pt-cv-view-203e9bd9xq\"><div data-id=\"pt-cv-page-1\" class=\"pt-cv-page\" data-cvc=\"3\"><div class=\"col-md-4 col-sm-6 col-xs-12 pt-cv-content-item pt-cv-1-col\" ><div class='pt-cv-ifield'><a href=\"https:\/\/blogsaverroes.juntadeandalucia.es\/ceipcolon\/doing-science\/\" class=\"_self pt-cv-href-thumbnail pt-cv-thumb-default\" target=\"_self\" ><img fetchpriority=\"high\" decoding=\"async\" width=\"843\" height=\"632\" src=\"https:\/\/blogsaverroes.juntadeandalucia.es\/ceipcolon\/files\/2026\/05\/Doing-science-2-1024x768.jpeg\" class=\"pt-cv-thumbnail\" alt=\"\" srcset=\"https:\/\/blogsaverroes.juntadeandalucia.es\/ceipcolon\/files\/2026\/05\/Doing-science-2-1024x768.jpeg 1024w, https:\/\/blogsaverroes.juntadeandalucia.es\/ceipcolon\/files\/2026\/05\/Doing-science-2-300x225.jpeg 300w, https:\/\/blogsaverroes.juntadeandalucia.es\/ceipcolon\/files\/2026\/05\/Doing-science-2-768x576.jpeg 768w, https:\/\/blogsaverroes.juntadeandalucia.es\/ceipcolon\/files\/2026\/05\/Doing-science-2-1536x1152.jpeg 1536w, https:\/\/blogsaverroes.juntadeandalucia.es\/ceipcolon\/files\/2026\/05\/Doing-science-2.jpeg 1600w\" sizes=\"(max-width: 843px) 100vw, 843px\" \/><\/a>\n<h4 class=\"pt-cv-title\"><a href=\"https:\/\/blogsaverroes.juntadeandalucia.es\/ceipcolon\/doing-science\/\" class=\"_self\" target=\"_self\" >Doing science!<\/a><\/h4>\n<div class=\"pt-cv-content\">Doing science meant testing ideas to find out if they were true, using everyday materials available at home, such as &#8230;<br \/><div class=\"pt-cv-rmwrap\"><a href=\"https:\/\/blogsaverroes.juntadeandalucia.es\/ceipcolon\/doing-science\/\" class=\"_self pt-cv-readmore btn btn-success\" target=\"_self\">Leer M\u00e1s<\/a><\/div><\/div><\/div><\/div>\n<div class=\"col-md-4 col-sm-6 col-xs-12 pt-cv-content-item pt-cv-1-col\" ><div class='pt-cv-ifield'><a href=\"https:\/\/blogsaverroes.juntadeandalucia.es\/ceipcolon\/construimos-una-ciudad-con-materiales-reciclados\/\" class=\"_self pt-cv-href-thumbnail pt-cv-thumb-default\" target=\"_self\" ><img decoding=\"async\" width=\"843\" height=\"632\" src=\"https:\/\/blogsaverroes.juntadeandalucia.es\/ceipcolon\/files\/2026\/05\/\u00a1Construimos-una-ciudad-con-materiales-reciclados-1-1024x768.jpeg\" class=\"pt-cv-thumbnail\" alt=\"\" srcset=\"https:\/\/blogsaverroes.juntadeandalucia.es\/ceipcolon\/files\/2026\/05\/\u00a1Construimos-una-ciudad-con-materiales-reciclados-1-1024x768.jpeg 1024w, https:\/\/blogsaverroes.juntadeandalucia.es\/ceipcolon\/files\/2026\/05\/\u00a1Construimos-una-ciudad-con-materiales-reciclados-1-300x225.jpeg 300w, https:\/\/blogsaverroes.juntadeandalucia.es\/ceipcolon\/files\/2026\/05\/\u00a1Construimos-una-ciudad-con-materiales-reciclados-1-768x576.jpeg 768w, https:\/\/blogsaverroes.juntadeandalucia.es\/ceipcolon\/files\/2026\/05\/\u00a1Construimos-una-ciudad-con-materiales-reciclados-1-1536x1152.jpeg 1536w, https:\/\/blogsaverroes.juntadeandalucia.es\/ceipcolon\/files\/2026\/05\/\u00a1Construimos-una-ciudad-con-materiales-reciclados-1.jpeg 2048w\" sizes=\"(max-width: 843px) 100vw, 843px\" \/><\/a>\n<h4 class=\"pt-cv-title\"><a href=\"https:\/\/blogsaverroes.juntadeandalucia.es\/ceipcolon\/construimos-una-ciudad-con-materiales-reciclados\/\" class=\"_self\" target=\"_self\" >\u00a1Construimos una ciudad con materiales reciclados!<\/a><\/h4>\n<div class=\"pt-cv-content\">El alumnado de 2.\u00ba de Primaria del Colegio Col\u00f3n ha llevado a cabo un proyecto muy especial en el \u00e1rea &#8230;<br \/><div class=\"pt-cv-rmwrap\"><a href=\"https:\/\/blogsaverroes.juntadeandalucia.es\/ceipcolon\/construimos-una-ciudad-con-materiales-reciclados\/\" class=\"_self pt-cv-readmore btn btn-success\" target=\"_self\">Leer M\u00e1s<\/a><\/div><\/div><\/div><\/div>\n<div class=\"col-md-4 col-sm-6 col-xs-12 pt-cv-content-item pt-cv-1-col\" ><div class='pt-cv-ifield'><a href=\"https:\/\/blogsaverroes.juntadeandalucia.es\/ceipcolon\/%f0%9f%93%9d-revision-de-notas-finales-informacion-para-las-familias\/\" class=\"_self pt-cv-href-thumbnail pt-cv-thumb-default\" target=\"_self\" ><\/a>\n<h4 class=\"pt-cv-title\"><a href=\"https:\/\/blogsaverroes.juntadeandalucia.es\/ceipcolon\/%f0%9f%93%9d-revision-de-notas-finales-informacion-para-las-familias\/\" class=\"_self\" target=\"_self\" >\ud83d\udcdd Revisi\u00f3n de notas finales: informaci\u00f3n para las familias<\/a><\/h4>\n<div class=\"pt-cv-content\">En estos \u00faltimos d\u00edas de curso, queremos acompa\u00f1aros tambi\u00e9n en un momento importante: la evaluaci\u00f3n final de vuestros hijos e &#8230;<br \/><div class=\"pt-cv-rmwrap\"><a href=\"https:\/\/blogsaverroes.juntadeandalucia.es\/ceipcolon\/%f0%9f%93%9d-revision-de-notas-finales-informacion-para-las-familias\/\" class=\"_self pt-cv-readmore btn btn-success\" target=\"_self\">Leer M\u00e1s<\/a><\/div><\/div><\/div><\/div>\n<div class=\"col-md-4 col-sm-6 col-xs-12 pt-cv-content-item pt-cv-1-col\" ><div class='pt-cv-ifield'><a href=\"https:\/\/blogsaverroes.juntadeandalucia.es\/ceipcolon\/seguimos-avanzando-con-el-programa-proa\/\" class=\"_self pt-cv-href-thumbnail pt-cv-thumb-default\" target=\"_self\" ><img decoding=\"async\" width=\"724\" height=\"1024\" src=\"https:\/\/blogsaverroes.juntadeandalucia.es\/ceipcolon\/files\/2026\/04\/proa1-724x1024.jpeg\" class=\"pt-cv-thumbnail\" alt=\"\" srcset=\"https:\/\/blogsaverroes.juntadeandalucia.es\/ceipcolon\/files\/2026\/04\/proa1-724x1024.jpeg 724w, https:\/\/blogsaverroes.juntadeandalucia.es\/ceipcolon\/files\/2026\/04\/proa1-212x300.jpeg 212w, https:\/\/blogsaverroes.juntadeandalucia.es\/ceipcolon\/files\/2026\/04\/proa1-768x1086.jpeg 768w, https:\/\/blogsaverroes.juntadeandalucia.es\/ceipcolon\/files\/2026\/04\/proa1-1086x1536.jpeg 1086w, https:\/\/blogsaverroes.juntadeandalucia.es\/ceipcolon\/files\/2026\/04\/proa1.jpeg 1131w\" sizes=\"(max-width: 724px) 100vw, 724px\" \/><\/a>\n<h4 class=\"pt-cv-title\"><a href=\"https:\/\/blogsaverroes.juntadeandalucia.es\/ceipcolon\/seguimos-avanzando-con-el-programa-proa\/\" class=\"_self\" target=\"_self\" >Seguimos avanzando con el Programa PROA+<\/a><\/h4>\n<div class=\"pt-cv-content\">Durante este curso, nuestro centro contin\u00faa desarrollando actuaciones de refuerzo educativo dentro del Programa PROA.Estas sesiones permiten ofrecer una atenci\u00f3n &#8230;<br \/><div class=\"pt-cv-rmwrap\"><a href=\"https:\/\/blogsaverroes.juntadeandalucia.es\/ceipcolon\/seguimos-avanzando-con-el-programa-proa\/\" class=\"_self pt-cv-readmore btn btn-success\" target=\"_self\">Leer M\u00e1s<\/a><\/div><\/div><\/div><\/div>\n<div class=\"col-md-4 col-sm-6 col-xs-12 pt-cv-content-item pt-cv-1-col\" ><div class='pt-cv-ifield'><a href=\"https:\/\/blogsaverroes.juntadeandalucia.es\/ceipcolon\/dia-internacional-de-la-mujer\/\" class=\"_self pt-cv-href-thumbnail pt-cv-thumb-default\" target=\"_self\" ><img loading=\"lazy\" decoding=\"async\" width=\"843\" height=\"632\" src=\"https:\/\/blogsaverroes.juntadeandalucia.es\/ceipcolon\/files\/2026\/03\/dia_mujer_8m.png\" class=\"pt-cv-thumbnail\" alt=\"\" srcset=\"https:\/\/blogsaverroes.juntadeandalucia.es\/ceipcolon\/files\/2026\/03\/dia_mujer_8m.png 886w, https:\/\/blogsaverroes.juntadeandalucia.es\/ceipcolon\/files\/2026\/03\/dia_mujer_8m-300x225.png 300w, https:\/\/blogsaverroes.juntadeandalucia.es\/ceipcolon\/files\/2026\/03\/dia_mujer_8m-768x576.png 768w\" sizes=\"(max-width: 843px) 100vw, 843px\" \/><\/a>\n<h4 class=\"pt-cv-title\"><a href=\"https:\/\/blogsaverroes.juntadeandalucia.es\/ceipcolon\/dia-internacional-de-la-mujer\/\" class=\"_self\" target=\"_self\" >D\u00eda Internacional de la Mujer<\/a><\/h4>\n<div class=\"pt-cv-content\">Con motivo del D\u00eda Internacional de la Mujer, nuestro centro celebr\u00f3 un acto conjunto en el patio bajo el lema &#8230;<br \/><div class=\"pt-cv-rmwrap\"><a href=\"https:\/\/blogsaverroes.juntadeandalucia.es\/ceipcolon\/dia-internacional-de-la-mujer\/\" class=\"_self pt-cv-readmore btn btn-success\" target=\"_self\">Leer M\u00e1s<\/a><\/div><\/div><\/div><\/div>\n<div class=\"col-md-4 col-sm-6 col-xs-12 pt-cv-content-item pt-cv-1-col\" ><div class='pt-cv-ifield'><a href=\"https:\/\/blogsaverroes.juntadeandalucia.es\/ceipcolon\/yo-tambien-puedo-ser-cientifica\/\" class=\"_self pt-cv-href-thumbnail pt-cv-thumb-default\" target=\"_self\" ><img loading=\"lazy\" decoding=\"async\" width=\"548\" height=\"684\" src=\"https:\/\/blogsaverroes.juntadeandalucia.es\/ceipcolon\/files\/2026\/03\/mujer_cientifica.png\" class=\"pt-cv-thumbnail\" alt=\"\" srcset=\"https:\/\/blogsaverroes.juntadeandalucia.es\/ceipcolon\/files\/2026\/03\/mujer_cientifica.png 548w, https:\/\/blogsaverroes.juntadeandalucia.es\/ceipcolon\/files\/2026\/03\/mujer_cientifica-240x300.png 240w\" sizes=\"(max-width: 548px) 100vw, 548px\" \/><\/a>\n<h4 class=\"pt-cv-title\"><a href=\"https:\/\/blogsaverroes.juntadeandalucia.es\/ceipcolon\/yo-tambien-puedo-ser-cientifica\/\" class=\"_self\" target=\"_self\" >Yo tambi\u00e9n puedo ser cient\u00edfica<\/a><\/h4>\n<div class=\"pt-cv-content\">Con motivo del D\u00eda Internacional de la Mujer y la Ni\u00f1a en la Ciencia, nuestro centro ha desarrollado, del 9 &#8230;<br \/><div class=\"pt-cv-rmwrap\"><a href=\"https:\/\/blogsaverroes.juntadeandalucia.es\/ceipcolon\/yo-tambien-puedo-ser-cientifica\/\" class=\"_self pt-cv-readmore btn btn-success\" target=\"_self\">Leer M\u00e1s<\/a><\/div><\/div><\/div><\/div>\n<div class=\"col-md-4 col-sm-6 col-xs-12 pt-cv-content-item pt-cv-1-col\" ><div class='pt-cv-ifield'><a href=\"https:\/\/blogsaverroes.juntadeandalucia.es\/ceipcolon\/programa-escuela-de-radio\/\" class=\"_self pt-cv-href-thumbnail pt-cv-thumb-default\" target=\"_self\" ><\/a>\n<h4 class=\"pt-cv-title\"><a href=\"https:\/\/blogsaverroes.juntadeandalucia.es\/ceipcolon\/programa-escuela-de-radio\/\" class=\"_self\" target=\"_self\" >Programa  \u201cEscuela de radio\u00bb<\/a><\/h4>\n<div class=\"pt-cv-content\">Os dejamos el enlace al programa que han hecho hoy los ni\u00f1os de 6\u00ba B en Radio COPE con el &#8230;<br \/><div class=\"pt-cv-rmwrap\"><a href=\"https:\/\/blogsaverroes.juntadeandalucia.es\/ceipcolon\/programa-escuela-de-radio\/\" class=\"_self pt-cv-readmore btn btn-success\" target=\"_self\">Leer M\u00e1s<\/a><\/div><\/div><\/div><\/div>\n<div class=\"col-md-4 col-sm-6 col-xs-12 pt-cv-content-item pt-cv-1-col\" ><div class='pt-cv-ifield'><a href=\"https:\/\/blogsaverroes.juntadeandalucia.es\/ceipcolon\/colon-contra-la-violencia-educar-para-convivir\/\" class=\"_self pt-cv-href-thumbnail pt-cv-thumb-default\" target=\"_self\" ><img loading=\"lazy\" decoding=\"async\" width=\"800\" height=\"795\" src=\"https:\/\/blogsaverroes.juntadeandalucia.es\/ceipcolon\/files\/2025\/12\/colon_contra_la_violencia.png\" class=\"pt-cv-thumbnail\" alt=\"\" srcset=\"https:\/\/blogsaverroes.juntadeandalucia.es\/ceipcolon\/files\/2025\/12\/colon_contra_la_violencia.png 800w, https:\/\/blogsaverroes.juntadeandalucia.es\/ceipcolon\/files\/2025\/12\/colon_contra_la_violencia-300x298.png 300w, https:\/\/blogsaverroes.juntadeandalucia.es\/ceipcolon\/files\/2025\/12\/colon_contra_la_violencia-150x150.png 150w, https:\/\/blogsaverroes.juntadeandalucia.es\/ceipcolon\/files\/2025\/12\/colon_contra_la_violencia-768x763.png 768w\" sizes=\"(max-width: 800px) 100vw, 800px\" \/><\/a>\n<h4 class=\"pt-cv-title\"><a href=\"https:\/\/blogsaverroes.juntadeandalucia.es\/ceipcolon\/colon-contra-la-violencia-educar-para-convivir\/\" class=\"_self\" target=\"_self\" >Col\u00f3n contra la violencia: educar para convivir<\/a><\/h4>\n<div class=\"pt-cv-content\">En el CEIP Col\u00f3n creemos firmemente que la educaci\u00f3n es la herramienta m\u00e1s poderosa para construir una sociedad basada en &#8230;<br \/><div class=\"pt-cv-rmwrap\"><a href=\"https:\/\/blogsaverroes.juntadeandalucia.es\/ceipcolon\/colon-contra-la-violencia-educar-para-convivir\/\" class=\"_self pt-cv-readmore btn btn-success\" target=\"_self\">Leer M\u00e1s<\/a><\/div><\/div><\/div><\/div>\n<div class=\"col-md-4 col-sm-6 col-xs-12 pt-cv-content-item pt-cv-1-col\" ><div class='pt-cv-ifield'><a href=\"https:\/\/blogsaverroes.juntadeandalucia.es\/ceipcolon\/dia-de-las-personas-con-discapacidad\/\" class=\"_self pt-cv-href-thumbnail pt-cv-thumb-default\" target=\"_self\" ><img loading=\"lazy\" decoding=\"async\" width=\"790\" height=\"1004\" src=\"https:\/\/blogsaverroes.juntadeandalucia.es\/ceipcolon\/files\/2025\/12\/dia_discapacidad.png\" class=\"pt-cv-thumbnail\" alt=\"\" srcset=\"https:\/\/blogsaverroes.juntadeandalucia.es\/ceipcolon\/files\/2025\/12\/dia_discapacidad.png 790w, https:\/\/blogsaverroes.juntadeandalucia.es\/ceipcolon\/files\/2025\/12\/dia_discapacidad-236x300.png 236w, https:\/\/blogsaverroes.juntadeandalucia.es\/ceipcolon\/files\/2025\/12\/dia_discapacidad-768x976.png 768w\" sizes=\"(max-width: 790px) 100vw, 790px\" \/><\/a>\n<h4 class=\"pt-cv-title\"><a href=\"https:\/\/blogsaverroes.juntadeandalucia.es\/ceipcolon\/dia-de-las-personas-con-discapacidad\/\" class=\"_self\" target=\"_self\" >D\u00eda de las Personas con Discapacidad<\/a><\/h4>\n<div class=\"pt-cv-content\">Hoy celebramos el D\u00eda de las Personas con Discapacidad recordando que todas las personas tienen talentos, sue\u00f1os y formas \u00fanicas &#8230;<br \/><div class=\"pt-cv-rmwrap\"><a href=\"https:\/\/blogsaverroes.juntadeandalucia.es\/ceipcolon\/dia-de-las-personas-con-discapacidad\/\" class=\"_self pt-cv-readmore btn btn-success\" target=\"_self\">Leer M\u00e1s<\/a><\/div><\/div><\/div><\/div>\n<div class=\"col-md-4 col-sm-6 col-xs-12 pt-cv-content-item pt-cv-1-col\" ><div class='pt-cv-ifield'><a href=\"https:\/\/blogsaverroes.juntadeandalucia.es\/ceipcolon\/visita-de-la-directora-del-programa-aulas-confucio-a-nuestro-centro\/\" class=\"_self pt-cv-href-thumbnail pt-cv-thumb-default\" target=\"_self\" ><img loading=\"lazy\" decoding=\"async\" width=\"843\" height=\"474\" src=\"https:\/\/blogsaverroes.juntadeandalucia.es\/ceipcolon\/files\/2025\/11\/WhatsApp-Image-2025-11-05-at-12.42.35-1024x576.jpeg\" class=\"pt-cv-thumbnail\" alt=\"\" srcset=\"https:\/\/blogsaverroes.juntadeandalucia.es\/ceipcolon\/files\/2025\/11\/WhatsApp-Image-2025-11-05-at-12.42.35-1024x576.jpeg 1024w, https:\/\/blogsaverroes.juntadeandalucia.es\/ceipcolon\/files\/2025\/11\/WhatsApp-Image-2025-11-05-at-12.42.35-300x169.jpeg 300w, https:\/\/blogsaverroes.juntadeandalucia.es\/ceipcolon\/files\/2025\/11\/WhatsApp-Image-2025-11-05-at-12.42.35-768x432.jpeg 768w, https:\/\/blogsaverroes.juntadeandalucia.es\/ceipcolon\/files\/2025\/11\/WhatsApp-Image-2025-11-05-at-12.42.35-1536x864.jpeg 1536w, https:\/\/blogsaverroes.juntadeandalucia.es\/ceipcolon\/files\/2025\/11\/WhatsApp-Image-2025-11-05-at-12.42.35.jpeg 1600w\" sizes=\"(max-width: 843px) 100vw, 843px\" \/><\/a>\n<h4 class=\"pt-cv-title\"><a href=\"https:\/\/blogsaverroes.juntadeandalucia.es\/ceipcolon\/visita-de-la-directora-del-programa-aulas-confucio-a-nuestro-centro\/\" class=\"_self\" target=\"_self\" >Visita de la Directora del Programa Aulas Confucio a nuestro centro<\/a><\/h4>\n<div class=\"pt-cv-content\">En la jornada de ayer tuvimos el honor de recibir en el CEIP Col\u00f3n a Chunyan Wang, Directora del Programa &#8230;<br \/><div class=\"pt-cv-rmwrap\"><a href=\"https:\/\/blogsaverroes.juntadeandalucia.es\/ceipcolon\/visita-de-la-directora-del-programa-aulas-confucio-a-nuestro-centro\/\" class=\"_self pt-cv-readmore btn btn-success\" target=\"_self\">Leer M\u00e1s<\/a><\/div><\/div><\/div><\/div>\n<div class=\"col-md-4 col-sm-6 col-xs-12 pt-cv-content-item pt-cv-1-col\" ><div class='pt-cv-ifield'><a href=\"https:\/\/blogsaverroes.juntadeandalucia.es\/ceipcolon\/%f0%9f%8c%bf%e2%9c%a8-flora-mini-2025-colon-florece-contigo-%e2%9c%a8%f0%9f%8c%bf\/\" class=\"_self pt-cv-href-thumbnail pt-cv-thumb-default\" target=\"_self\" ><img loading=\"lazy\" decoding=\"async\" width=\"843\" height=\"383\" src=\"https:\/\/blogsaverroes.juntadeandalucia.es\/ceipcolon\/files\/2022\/11\/Flora-Mini-2025.png\" class=\"pt-cv-thumbnail\" alt=\"\" srcset=\"https:\/\/blogsaverroes.juntadeandalucia.es\/ceipcolon\/files\/2022\/11\/Flora-Mini-2025.png 863w, https:\/\/blogsaverroes.juntadeandalucia.es\/ceipcolon\/files\/2022\/11\/Flora-Mini-2025-300x136.png 300w, https:\/\/blogsaverroes.juntadeandalucia.es\/ceipcolon\/files\/2022\/11\/Flora-Mini-2025-768x349.png 768w\" sizes=\"(max-width: 843px) 100vw, 843px\" \/><\/a>\n<h4 class=\"pt-cv-title\"><a href=\"https:\/\/blogsaverroes.juntadeandalucia.es\/ceipcolon\/%f0%9f%8c%bf%e2%9c%a8-flora-mini-2025-colon-florece-contigo-%e2%9c%a8%f0%9f%8c%bf\/\" class=\"_self\" target=\"_self\" >\ud83c\udf3f\u2728 Flora Mini 2025: Col\u00f3n florece contigo \u2728\ud83c\udf3f<\/a><\/h4>\n<div class=\"pt-cv-content\">El CEIP Col\u00f3n ha vivido una experiencia inolvidable participando en Flora Mini 2025, un proyecto donde arte, naturaleza y emoci\u00f3n &#8230;<br \/><div class=\"pt-cv-rmwrap\"><a href=\"https:\/\/blogsaverroes.juntadeandalucia.es\/ceipcolon\/%f0%9f%8c%bf%e2%9c%a8-flora-mini-2025-colon-florece-contigo-%e2%9c%a8%f0%9f%8c%bf\/\" class=\"_self pt-cv-readmore btn btn-success\" target=\"_self\">Leer M\u00e1s<\/a><\/div><\/div><\/div><\/div>\n<div class=\"col-md-4 col-sm-6 col-xs-12 pt-cv-content-item pt-cv-1-col\" ><div class='pt-cv-ifield'><a href=\"https:\/\/blogsaverroes.juntadeandalucia.es\/ceipcolon\/solicitudes-de-bonificaciones-de-los-servicios-complementarios-comedor-aula-matinal-y-actividades-extraescolares-2025-2026\/\" class=\"_self pt-cv-href-thumbnail pt-cv-thumb-default\" target=\"_self\" ><img loading=\"lazy\" decoding=\"async\" width=\"843\" height=\"843\" src=\"https:\/\/blogsaverroes.juntadeandalucia.es\/ceipcolon\/files\/2025\/08\/Bonificacion-25_26-1024x1024.png\" class=\"pt-cv-thumbnail\" alt=\"\" srcset=\"https:\/\/blogsaverroes.juntadeandalucia.es\/ceipcolon\/files\/2025\/08\/Bonificacion-25_26-1024x1024.png 1024w, https:\/\/blogsaverroes.juntadeandalucia.es\/ceipcolon\/files\/2025\/08\/Bonificacion-25_26-300x300.png 300w, https:\/\/blogsaverroes.juntadeandalucia.es\/ceipcolon\/files\/2025\/08\/Bonificacion-25_26-150x150.png 150w, https:\/\/blogsaverroes.juntadeandalucia.es\/ceipcolon\/files\/2025\/08\/Bonificacion-25_26-768x768.png 768w, https:\/\/blogsaverroes.juntadeandalucia.es\/ceipcolon\/files\/2025\/08\/Bonificacion-25_26.png 1080w\" sizes=\"(max-width: 843px) 100vw, 843px\" \/><\/a>\n<h4 class=\"pt-cv-title\"><a href=\"https:\/\/blogsaverroes.juntadeandalucia.es\/ceipcolon\/solicitudes-de-bonificaciones-de-los-servicios-complementarios-comedor-aula-matinal-y-actividades-extraescolares-2025-2026\/\" class=\"_self\" target=\"_self\" >Solicitudes de bonificaciones de los servicios complementarios: Comedor, aula matinal y actividades extraescolares 2025-2026<\/a><\/h4>\n<div class=\"pt-cv-content\">Se recuerda que el plazo para solicitar la gratuidad\/bonificaci\u00f3n del precio p\u00fablico por los servicios complementarios de aula matinal, comedor &#8230;<br \/><div class=\"pt-cv-rmwrap\"><a href=\"https:\/\/blogsaverroes.juntadeandalucia.es\/ceipcolon\/solicitudes-de-bonificaciones-de-los-servicios-complementarios-comedor-aula-matinal-y-actividades-extraescolares-2025-2026\/\" class=\"_self pt-cv-readmore btn btn-success\" target=\"_self\">Leer M\u00e1s<\/a><\/div><\/div><\/div><\/div><\/div><\/div>\n<div class=\" pt-cv-pagination-wrapper\"><ul class=\"pt-cv-pagination pt-cv-ajax pagination\" data-totalpages=\"6\" data-currentpage=\"1\" data-sid=\"203e9bd9xq\" data-unid=\"\" data-isblock=\"\" data-postid=\"\"><li class=\"active\"><a href=\"#\">1<\/a><\/li>\n\t<li ><a class=\"\" href=\"https:\/\/blogsaverroes.juntadeandalucia.es\/ceipcolon\/wp-json\/wp\/v2\/pages\/851\/?_page=2\">2<\/a><\/li>\n\t<li ><a class=\"\" href=\"https:\/\/blogsaverroes.juntadeandalucia.es\/ceipcolon\/wp-json\/wp\/v2\/pages\/851\/?_page=3\">3<\/a><\/li>\n\t<li ><a href=\"#\">&hellip;<\/a><\/li>\n\t<li ><a class=\"\" href=\"https:\/\/blogsaverroes.juntadeandalucia.es\/ceipcolon\/wp-json\/wp\/v2\/pages\/851\/?_page=6\">6<\/a><\/li>\n\t<li ><a class=\" \" href=\"https:\/\/blogsaverroes.juntadeandalucia.es\/ceipcolon\/wp-json\/wp\/v2\/pages\/851\/?_page=2\">&rsaquo;<\/a><\/li>\n\t<\/ul><img loading=\"lazy\" decoding=\"async\" width=\"15\" height=\"15\" class=\"pt-cv-spinner\" alt=\"Cargando...\" src=\"data:image\/gif;base64,R0lGODlhDwAPALMPAMrKygwMDJOTkz09PZWVla+vr3p6euTk5M7OzuXl5TMzMwAAAJmZmWZmZszMzP\/\/\/yH\/C05FVFNDQVBFMi4wAwEAAAAh+QQFCgAPACwAAAAADwAPAAAEQvDJaZaZOIcV8iQK8VRX4iTYoAwZ4iCYoAjZ4RxejhVNoT+mRGP4cyF4Pp0N98sBGIBMEMOotl6YZ3S61Bmbkm4mAgAh+QQFCgAPACwAAAAADQANAAAENPDJSRSZeA418itN8QiK8BiLITVsFiyBBIoYqnoewAD4xPw9iY4XLGYSjkQR4UAUD45DLwIAIfkEBQoADwAsAAAAAA8ACQAABC\/wyVlamTi3nSdgwFNdhEJgTJoNyoB9ISYoQmdjiZPcj7EYCAeCF1gEDo4Dz2eIAAAh+QQFCgAPACwCAAAADQANAAAEM\/DJBxiYeLKdX3IJZT1FU0iIg2RNKx3OkZVnZ98ToRD4MyiDnkAh6BkNC0MvsAj0kMpHBAAh+QQFCgAPACwGAAAACQAPAAAEMDC59KpFDll73HkAA2wVY5KgiK5b0RRoI6MuzG6EQqCDMlSGheEhUAgqgUUAFRySIgAh+QQFCgAPACwCAAIADQANAAAEM\/DJKZNLND\/kkKaHc3xk+QAMYDKsiaqmZCxGVjSFFCxB1vwy2oOgIDxuucxAMTAJFAJNBAAh+QQFCgAPACwAAAYADwAJAAAEMNAs86q1yaWwwv2Ig0jUZx3OYa4XoRAfwADXoAwfo1+CIjyFRuEho60aSNYlOPxEAAAh+QQFCgAPACwAAAIADQANAAAENPA9s4y8+IUVcqaWJ4qEQozSoAzoIyhCK2NFU2SJk0hNnyEOhKR2AzAAj4Pj4GE4W0bkJQIAOw==\" \/><div class=\"clear pt-cv-clear-pagination\"><\/div><\/div><\/div><\/p>\t\t\t\t\t\t\t\t<\/div>\n\t\t\t\t<\/div>\n\t\t\t\t\t<\/div>\n\t\t<\/div>\n\t\t\t\t\t<\/div>\n\t\t<\/section>\n\t\t\t\t\t<\/div>\n\t\t<\/div>\n\t\t\t\t\t<\/div>\n\t\t<\/section>\n\t\t\t\t<\/div>\n\t\t","protected":false},"excerpt":{"rendered":"<p>Noticias<\/p>\n","protected":false},"author":11312,"featured_media":0,"parent":0,"menu_order":0,"comment_status":"closed","ping_status":"closed","template":"","meta":{"ngg_post_thumbnail":0,"footnotes":""},"aioseo_notices":[],"_links":{"self":[{"href":"https:\/\/blogsaverroes.juntadeandalucia.es\/ceipcolon\/wp-json\/wp\/v2\/pages\/851"}],"collection":[{"href":"https:\/\/blogsaverroes.juntadeandalucia.es\/ceipcolon\/wp-json\/wp\/v2\/pages"}],"about":[{"href":"https:\/\/blogsaverroes.juntadeandalucia.es\/ceipcolon\/wp-json\/wp\/v2\/types\/page"}],"author":[{"embeddable":true,"href":"https:\/\/blogsaverroes.juntadeandalucia.es\/ceipcolon\/wp-json\/wp\/v2\/users\/11312"}],"replies":[{"embeddable":true,"href":"https:\/\/blogsaverroes.juntadeandalucia.es\/ceipcolon\/wp-json\/wp\/v2\/comments?post=851"}],"version-history":[{"count":29,"href":"https:\/\/blogsaverroes.juntadeandalucia.es\/ceipcolon\/wp-json\/wp\/v2\/pages\/851\/revisions"}],"predecessor-version":[{"id":3061,"href":"https:\/\/blogsaverroes.juntadeandalucia.es\/ceipcolon\/wp-json\/wp\/v2\/pages\/851\/revisions\/3061"}],"wp:attachment":[{"href":"https:\/\/blogsaverroes.juntadeandalucia.es\/ceipcolon\/wp-json\/wp\/v2\/media?parent=851"}],"curies":[{"name":"wp","href":"https:\/\/api.w.org\/{rel}","templated":true}]}}