{"id":2205,"date":"2019-11-18T12:32:04","date_gmt":"2019-11-18T12:32:04","guid":{"rendered":"http:\/\/blogsaverroes.juntadeandalucia.es\/ceipcoloniaaraceli\/?page_id=2205"},"modified":"2025-08-15T10:55:15","modified_gmt":"2025-08-15T10:55:15","slug":"profesorado","status":"publish","type":"page","link":"https:\/\/blogsaverroes.juntadeandalucia.es\/ceipcoloniaaraceli\/?page_id=2205","title":{"rendered":"Profesorado"},"content":{"rendered":"<table class=\" aligncenter\" style=\"width: 100%;height: 1064px\" width=\"100%\">\n<tbody>\n<tr style=\"height: 56px\">\n<td style=\"height: 56px\" colspan=\"2\" width=\"47%\">NOMBRE<\/td>\n<td style=\"height: 56px\" width=\"52%\">Especialidad<\/td>\n<\/tr>\n<tr style=\"height: 56px\">\n<td style=\"height: 56px\" width=\"6%\">1<\/td>\n<td style=\"height: 56px\" width=\"40%\">Barrionuevo Salvador, Bego\u00f1a<\/td>\n<td style=\"height: 56px\" width=\"52%\">Primaria<\/td>\n<\/tr>\n<tr style=\"height: 56px\">\n<td style=\"height: 56px\" width=\"6%\">2<\/td>\n<td style=\"height: 56px\" width=\"40%\">Checa Pleguezuelos, Antonio Francisco<\/td>\n<td style=\"height: 56px\" width=\"52%\">M\u00fasica<\/td>\n<\/tr>\n<tr style=\"height: 56px\">\n<td style=\"height: 56px\" width=\"6%\">3<\/td>\n<td style=\"height: 56px\" width=\"40%\">Fern\u00e1ndez Lozano, Rafael<\/td>\n<td style=\"height: 56px\" width=\"52%\">Primaria<\/td>\n<\/tr>\n<tr style=\"height: 56px\">\n<td style=\"height: 56px\" width=\"6%\">4<\/td>\n<td style=\"height: 56px\" width=\"40%\">Ferre Montoya, Rosa<\/td>\n<td style=\"height: 56px\" width=\"52%\">Infantil 4 a\u00f1os<\/td>\n<\/tr>\n<tr style=\"height: 56px\">\n<td style=\"height: 56px\" width=\"6%\">5<\/td>\n<td style=\"height: 56px\" width=\"40%\">Flores Fern\u00e1ndez, Marina<\/td>\n<td style=\"height: 56px\" width=\"52%\">Franc\u00e9s<\/td>\n<\/tr>\n<tr style=\"height: 56px\">\n<td style=\"height: 56px\" width=\"6%\">6<\/td>\n<td style=\"height: 56px\" width=\"40%\">Flores L\u00f3pez, Isabel<\/td>\n<td style=\"height: 56px\" width=\"52%\">PT<\/td>\n<\/tr>\n<tr style=\"height: 56px\">\n<td style=\"height: 56px\" width=\"6%\">7<\/td>\n<td style=\"height: 56px\" width=\"40%\">Garc\u00eda Fern\u00e1ndez, Mar\u00eda<\/td>\n<td style=\"height: 56px\" width=\"52%\">Infantil 5 a\u00f1os<\/td>\n<\/tr>\n<tr style=\"height: 56px\">\n<td style=\"height: 56px\" width=\"6%\">8<\/td>\n<td style=\"height: 56px\" width=\"40%\">Garc\u00eda Vargas, Mar\u00eda Jos\u00e9<\/td>\n<td style=\"height: 56px\" width=\"52%\">Programa Cooperaci\u00f3n Territorial Matem\u00e1ticas<\/td>\n<\/tr>\n<tr style=\"height: 56px\">\n<td style=\"height: 56px\" width=\"6%\">9<\/td>\n<td style=\"height: 56px\" width=\"40%\">Hern\u00e1ndez Gim\u00e9nez, Susana<\/td>\n<td style=\"height: 56px\" width=\"52%\">Primaria<\/td>\n<\/tr>\n<tr style=\"height: 56px\">\n<td style=\"height: 56px\" width=\"6%\">10<\/td>\n<td style=\"height: 56px\" width=\"40%\">Maga\u00f1a Mart\u00ednez, Laura<\/td>\n<td style=\"height: 56px\" width=\"52%\">Programa Cooperaci\u00f3n Territorial Lengua<\/td>\n<\/tr>\n<tr style=\"height: 56px\">\n<td style=\"height: 56px\" width=\"6%\">11<\/td>\n<td style=\"height: 56px\" width=\"40%\">Mart\u00ednez Sede\u00f1o, Adela Mar\u00eda<\/td>\n<td style=\"height: 56px\" width=\"52%\">Infantil 3 a\u00f1os<\/td>\n<\/tr>\n<tr style=\"height: 56px\">\n<td style=\"height: 56px\" width=\"6%\">12<\/td>\n<td style=\"height: 56px\" width=\"40%\">Nicol\u00e1s Ferrer, Mar\u00eda Bel\u00e9n<\/td>\n<td style=\"height: 56px\" width=\"52%\">Ingl\u00e9s<\/td>\n<\/tr>\n<tr style=\"height: 56px\">\n<td style=\"height: 56px\" width=\"6%\">13<\/td>\n<td style=\"height: 56px\" width=\"40%\">Pastor Lozano, Mar\u00eda Jes\u00fas<\/td>\n<td style=\"height: 56px\" width=\"52%\">Ingl\u00e9s<\/td>\n<\/tr>\n<tr style=\"height: 56px\">\n<td style=\"height: 56px\" width=\"6%\">14<\/td>\n<td style=\"height: 56px\" width=\"40%\">Porcel G\u00e1lvez, Emilia Fernanda<\/td>\n<td style=\"height: 56px\" width=\"52%\">Educaci\u00f3n f\u00edsica<\/td>\n<\/tr>\n<tr style=\"height: 56px\">\n<td style=\"height: 56px\" width=\"6%\">15<\/td>\n<td style=\"height: 56px\" width=\"40%\">Ramos Requena, Silvia<\/td>\n<td style=\"height: 56px\" width=\"52%\">Religi\u00f3n<\/td>\n<\/tr>\n<tr style=\"height: 56px\">\n<td style=\"height: 56px\" width=\"6%\">16<\/td>\n<td style=\"height: 56px\" width=\"40%\">Rodr\u00edguez Godoy, Mar\u00eda Inmaculada<\/td>\n<td style=\"height: 56px\" width=\"52%\">Primaria<\/td>\n<\/tr>\n<tr style=\"height: 56px\">\n<td style=\"height: 56px\" width=\"6%\">17<\/td>\n<td style=\"height: 56px\" width=\"40%\">S\u00e1nchez Rueda, Mar\u00eda Dolores<\/td>\n<td style=\"height: 56px\" width=\"52%\">PT \/ T.E.A.<\/td>\n<\/tr>\n<tr style=\"height: 56px\">\n<td style=\"height: 56px\" width=\"6%\">18<\/td>\n<td style=\"height: 56px\" width=\"40%\">Soriano Garc\u00eda, Vicente<\/td>\n<td style=\"height: 56px\" width=\"52%\">Educaci\u00f3n f\u00edsica<\/td>\n<\/tr>\n<\/tbody>\n<\/table>\n","protected":false},"excerpt":{"rendered":"<p>NOMBRE Especialidad 1 Barrionuevo Salvador, Bego\u00f1a Primaria 2 Checa Pleguezuelos, Antonio Francisco M\u00fasica 3 Fern\u00e1ndez Lozano, Rafael Primaria 4 Ferre Montoya, Rosa Infantil 4 a\u00f1os 5 Flores Fern\u00e1ndez, Marina Franc\u00e9s 6 Flores L\u00f3pez, Isabel PT 7 Garc\u00eda Fern\u00e1ndez, Mar\u00eda Infantil 5 a\u00f1os 8 Garc\u00eda Vargas, Mar\u00eda Jos\u00e9 Programa Cooperaci\u00f3n Territorial Matem\u00e1ticas 9 Hern\u00e1ndez Gim\u00e9nez, Susana &hellip; <a href=\"https:\/\/blogsaverroes.juntadeandalucia.es\/ceipcoloniaaraceli\/?page_id=2205\" class=\"more-link\">Continuar leyendo<span class=\"screen-reader-text\"> \u00abProfesorado\u00bb<\/span><\/a><\/p>\n","protected":false},"author":3110,"featured_media":0,"parent":0,"menu_order":0,"comment_status":"closed","ping_status":"closed","template":"","meta":{"ngg_post_thumbnail":0,"footnotes":"","_mc_calendar":[]},"aioseo_notices":[],"_links":{"self":[{"href":"https:\/\/blogsaverroes.juntadeandalucia.es\/ceipcoloniaaraceli\/index.php?rest_route=\/wp\/v2\/pages\/2205"}],"collection":[{"href":"https:\/\/blogsaverroes.juntadeandalucia.es\/ceipcoloniaaraceli\/index.php?rest_route=\/wp\/v2\/pages"}],"about":[{"href":"https:\/\/blogsaverroes.juntadeandalucia.es\/ceipcoloniaaraceli\/index.php?rest_route=\/wp\/v2\/types\/page"}],"author":[{"embeddable":true,"href":"https:\/\/blogsaverroes.juntadeandalucia.es\/ceipcoloniaaraceli\/index.php?rest_route=\/wp\/v2\/users\/3110"}],"replies":[{"embeddable":true,"href":"https:\/\/blogsaverroes.juntadeandalucia.es\/ceipcoloniaaraceli\/index.php?rest_route=%2Fwp%2Fv2%2Fcomments&post=2205"}],"version-history":[{"count":9,"href":"https:\/\/blogsaverroes.juntadeandalucia.es\/ceipcoloniaaraceli\/index.php?rest_route=\/wp\/v2\/pages\/2205\/revisions"}],"predecessor-version":[{"id":2408,"href":"https:\/\/blogsaverroes.juntadeandalucia.es\/ceipcoloniaaraceli\/index.php?rest_route=\/wp\/v2\/pages\/2205\/revisions\/2408"}],"wp:attachment":[{"href":"https:\/\/blogsaverroes.juntadeandalucia.es\/ceipcoloniaaraceli\/index.php?rest_route=%2Fwp%2Fv2%2Fmedia&parent=2205"}],"curies":[{"name":"wp","href":"https:\/\/api.w.org\/{rel}","templated":true}]}}