{"id":2209,"date":"2019-11-18T12:39:51","date_gmt":"2019-11-18T12:39:51","guid":{"rendered":"http:\/\/blogsaverroes.juntadeandalucia.es\/ceipcoloniaaraceli\/?page_id=2209"},"modified":"2024-10-18T10:59:37","modified_gmt":"2024-10-18T10:59:37","slug":"prodig","status":"publish","type":"page","link":"https:\/\/blogsaverroes.juntadeandalucia.es\/ceipcoloniaaraceli\/?page_id=2209","title":{"rendered":"Transformaci\u00f3n Digital Educativa"},"content":{"rendered":"<table style=\"height: 132px;width: 76.1824%;border-collapse: collapse;background-color: #080ea6\">\n<tbody>\n<tr>\n<td style=\"width: 100%\"><a href=\"https:\/\/drive.google.com\/file\/d\/1rmqU1X1NA9AE5nGOllhihAkA2TWRiaJp\/view?usp=sharing\" target=\"_blank\" rel=\"noopener\"><span style=\"color: #ffffff\"><strong>Plan de Actuaci\u00f3n digital CEIP Colonia Araceli<\/strong><\/span><\/a><\/td>\n<\/tr>\n<tr>\n<td style=\"width: 100%\"><a href=\"https:\/\/drive.google.com\/file\/d\/1_XV4sp170zTzwYOg6vijexW9dn_la-DC\/view?usp=sharing\" target=\"_blank\" rel=\"noopener\"><span style=\"color: #ffffff\"><strong>Plan de Actuaci\u00f3n S\u00e9neca<\/strong><\/span><\/a><\/td>\n<\/tr>\n<tr>\n<td style=\"width: 100%\"><a href=\"https:\/\/drive.google.com\/file\/d\/1gr2U-M3f35s1Om3s_C7jOks7lKuCkhLz\/view?usp=drive_link\" target=\"_blank\" rel=\"noopener\"><span style=\"color: #ffffff\"><strong>Informe de Centro Competencia Digital<\/strong><\/span><\/a><\/td>\n<\/tr>\n<\/tbody>\n<\/table>\n","protected":false},"excerpt":{"rendered":"<p>Plan de Actuaci\u00f3n digital CEIP Colonia Araceli Plan de Actuaci\u00f3n S\u00e9neca Informe de Centro Competencia Digital<\/p>\n","protected":false},"author":3110,"featured_media":0,"parent":0,"menu_order":0,"comment_status":"closed","ping_status":"closed","template":"","meta":{"ngg_post_thumbnail":0,"footnotes":"","_mc_calendar":[]},"aioseo_notices":[],"_links":{"self":[{"href":"https:\/\/blogsaverroes.juntadeandalucia.es\/ceipcoloniaaraceli\/index.php?rest_route=\/wp\/v2\/pages\/2209"}],"collection":[{"href":"https:\/\/blogsaverroes.juntadeandalucia.es\/ceipcoloniaaraceli\/index.php?rest_route=\/wp\/v2\/pages"}],"about":[{"href":"https:\/\/blogsaverroes.juntadeandalucia.es\/ceipcoloniaaraceli\/index.php?rest_route=\/wp\/v2\/types\/page"}],"author":[{"embeddable":true,"href":"https:\/\/blogsaverroes.juntadeandalucia.es\/ceipcoloniaaraceli\/index.php?rest_route=\/wp\/v2\/users\/3110"}],"replies":[{"embeddable":true,"href":"https:\/\/blogsaverroes.juntadeandalucia.es\/ceipcoloniaaraceli\/index.php?rest_route=%2Fwp%2Fv2%2Fcomments&post=2209"}],"version-history":[{"count":7,"href":"https:\/\/blogsaverroes.juntadeandalucia.es\/ceipcoloniaaraceli\/index.php?rest_route=\/wp\/v2\/pages\/2209\/revisions"}],"predecessor-version":[{"id":2579,"href":"https:\/\/blogsaverroes.juntadeandalucia.es\/ceipcoloniaaraceli\/index.php?rest_route=\/wp\/v2\/pages\/2209\/revisions\/2579"}],"wp:attachment":[{"href":"https:\/\/blogsaverroes.juntadeandalucia.es\/ceipcoloniaaraceli\/index.php?rest_route=%2Fwp%2Fv2%2Fmedia&parent=2209"}],"curies":[{"name":"wp","href":"https:\/\/api.w.org\/{rel}","templated":true}]}}