{"id":2522,"date":"2021-09-05T08:44:50","date_gmt":"2021-09-05T08:44:50","guid":{"rendered":"http:\/\/blogsaverroes.juntadeandalucia.es\/ceipcoloniaaraceli\/?page_id=2522"},"modified":"2022-02-11T09:02:49","modified_gmt":"2022-02-11T09:02:49","slug":"protocolo-covid-19","status":"publish","type":"page","link":"https:\/\/blogsaverroes.juntadeandalucia.es\/ceipcoloniaaraceli\/?page_id=2522","title":{"rendered":"Protocolo COVID-19"},"content":{"rendered":"<div style=\"width: 100%\">\n<div style=\"padding-bottom: 56.25%;padding-top: 0;height: 0\">\n<p>Actualizaci\u00f3n 10-02-2022. <a href=\"https:\/\/drive.google.com\/file\/d\/1iXoWH0No2VeTFKgVW43KWafGDmsHzaag\/view?usp=sharing\">PROTOCOLO CEIP COLONIA ARACELI<\/a><\/p>\n<ul>\n<li><a href=\"https:\/\/drive.google.com\/file\/d\/1spTmx4YLDk9BfE-3ERFh7u2Q-x_jUnBo\/view?usp=sharing\"><span style=\"font-family: NewsGotT\"><span style=\"font-size: medium\"><b>INSTRUCCIONES DE 10 DE FEBRERO DE 2022, DE LA VICECONSEJER\u00cdA DE EDUCACI\u00d3N Y DEPORTE, POR LAS QUE SE MODIFICAN LAS INSTRUCCIONES DE 13 DE JULIO DE 2021 RELATIVAS A LA ORGANIZACI\u00d3N DE LOS CENTROS DOCENTES Y A LA FLEXIBILIZACI\u00d3N CURRICULAR PARA EL CURSO ESCO<\/b><\/span><\/span><\/a><\/li>\n<li>\n<p align=\"LEFT\"><span style=\"font-family: NewsGotT\"><span style=\"font-size: medium\"><a href=\"https:\/\/drive.google.com\/file\/d\/1HPrtHHl09QUxK0RZ8umAr_3GCTKzh9p5\/view?usp=sharing\"><b>USO DE MASCARILLA EN LOS CENTROS Y SERVICIOS EDUCATIVOS DOCENTES (NO UNIVERSITARIOS) DE ANDALUC\u00cdA. 10 Febrero de 2020. Consejer\u00eda de Salud y Familias Direcci\u00f3n General de Salud P\u00fablica y Ordenaci\u00f3n Farmac\u00e9utica<\/b><\/a><\/span><\/span><\/p>\n<\/li>\n<li><a href=\"https:\/\/drive.google.com\/file\/d\/1iXoWH0No2VeTFKgVW43KWafGDmsHzaag\/view?usp=sharing\"><span style=\"font-family: NewsGotT\"><span style=\"font-size: medium\">ANEXO del documento \u201cMEDIDAS DE PREVENCI\u00d3N, PROTECCI\u00d3N, VIGILANCIA Y PROMOCI\u00d3N DE LA SALUD COVID -19\u201d GESTI\u00d3N DE CASOS: Actuaciones ante sospecha y confirmaci\u00f3n. CENTROS Y SERVICIOS EDUCATIVOS DOCENTES (NO UNIVERSITARIOS) DE ANDALUC\u00cdA. CURSO 2021\/2022 Rev<\/span><\/span><\/a><\/li>\n<li>&nbsp;<\/li>\n<\/ul>\n<p><a href=\"http:\/\/ANEXO del documento \u201cMEDIDAS DE PREVENCI\u00d3N, PROTECCI\u00d3N, VIGILANCIA Y PROMOCI\u00d3N DE LA SALUD COVID -19\u201d CENTROS Y SERVICIOS EDUCATIVOS DOCENTES (NO UNIVERSITARIOS) DE ANDALUC\u00cdA. CURSO 2021\/2022 Revisi\u00f3n: 1 3 Enero 2022\">Actualizaci\u00f3n del protocolo 14-01-2022.<\/a>ANEXO del documento \u201cMEDIDAS DE PREVENCI\u00d3N, PROTECCI\u00d3N, VIGILANCIA Y PROMOCI\u00d3N DE LA SALUD COVID -19\u201d<\/p>\n<p>CENTROS Y SERVICIOS EDUCATIVOS DOCENTES (NO UNIVERSITARIOS) DE ANDALUC\u00cdA. CURSO 2021\/2022 Revisi\u00f3n: 1 3 Enero 2022<\/p>\n<p><a href=\"https:\/\/blogsaverroes.juntadeandalucia.es\/ceipcoloniaaraceli\/files\/2022\/01\/INFOGRAFIA_COVID-2022-1_page-0001.jpg\"><img loading=\"lazy\" decoding=\"async\" class=\"alignnone size-medium wp-image-2545\" src=\"https:\/\/blogsaverroes.juntadeandalucia.es\/ceipcoloniaaraceli\/files\/2022\/01\/INFOGRAFIA_COVID-2022-1_page-0001-212x300.jpg\" alt=\"\" width=\"212\" height=\"300\" srcset=\"https:\/\/blogsaverroes.juntadeandalucia.es\/ceipcoloniaaraceli\/files\/2022\/01\/INFOGRAFIA_COVID-2022-1_page-0001-212x300.jpg 212w, https:\/\/blogsaverroes.juntadeandalucia.es\/ceipcoloniaaraceli\/files\/2022\/01\/INFOGRAFIA_COVID-2022-1_page-0001-724x1024.jpg 724w, https:\/\/blogsaverroes.juntadeandalucia.es\/ceipcoloniaaraceli\/files\/2022\/01\/INFOGRAFIA_COVID-2022-1_page-0001-768x1086.jpg 768w, https:\/\/blogsaverroes.juntadeandalucia.es\/ceipcoloniaaraceli\/files\/2022\/01\/INFOGRAFIA_COVID-2022-1_page-0001-1086x1536.jpg 1086w, https:\/\/blogsaverroes.juntadeandalucia.es\/ceipcoloniaaraceli\/files\/2022\/01\/INFOGRAFIA_COVID-2022-1_page-0001.jpg 1131w\" sizes=\"(max-width: 212px) 85vw, 212px\" \/><\/a> <a href=\"https:\/\/blogsaverroes.juntadeandalucia.es\/ceipcoloniaaraceli\/files\/2022\/01\/INFOGRAFIA_COVID-2022-2_page-0001.jpg\"><img loading=\"lazy\" decoding=\"async\" class=\"alignnone size-medium wp-image-2546\" src=\"https:\/\/blogsaverroes.juntadeandalucia.es\/ceipcoloniaaraceli\/files\/2022\/01\/INFOGRAFIA_COVID-2022-2_page-0001-212x300.jpg\" alt=\"\" width=\"212\" height=\"300\" srcset=\"https:\/\/blogsaverroes.juntadeandalucia.es\/ceipcoloniaaraceli\/files\/2022\/01\/INFOGRAFIA_COVID-2022-2_page-0001-212x300.jpg 212w, https:\/\/blogsaverroes.juntadeandalucia.es\/ceipcoloniaaraceli\/files\/2022\/01\/INFOGRAFIA_COVID-2022-2_page-0001-724x1024.jpg 724w, https:\/\/blogsaverroes.juntadeandalucia.es\/ceipcoloniaaraceli\/files\/2022\/01\/INFOGRAFIA_COVID-2022-2_page-0001-768x1086.jpg 768w, https:\/\/blogsaverroes.juntadeandalucia.es\/ceipcoloniaaraceli\/files\/2022\/01\/INFOGRAFIA_COVID-2022-2_page-0001-1086x1536.jpg 1086w, https:\/\/blogsaverroes.juntadeandalucia.es\/ceipcoloniaaraceli\/files\/2022\/01\/INFOGRAFIA_COVID-2022-2_page-0001.jpg 1131w\" sizes=\"(max-width: 212px) 85vw, 212px\" \/><\/a> <a href=\"https:\/\/blogsaverroes.juntadeandalucia.es\/ceipcoloniaaraceli\/files\/2022\/01\/INFOGRAFIA_COVID-2022-3_page-0001.jpg\"><img loading=\"lazy\" decoding=\"async\" class=\"alignnone size-medium wp-image-2547\" src=\"https:\/\/blogsaverroes.juntadeandalucia.es\/ceipcoloniaaraceli\/files\/2022\/01\/INFOGRAFIA_COVID-2022-3_page-0001-212x300.jpg\" alt=\"\" width=\"212\" height=\"300\" srcset=\"https:\/\/blogsaverroes.juntadeandalucia.es\/ceipcoloniaaraceli\/files\/2022\/01\/INFOGRAFIA_COVID-2022-3_page-0001-212x300.jpg 212w, https:\/\/blogsaverroes.juntadeandalucia.es\/ceipcoloniaaraceli\/files\/2022\/01\/INFOGRAFIA_COVID-2022-3_page-0001-724x1024.jpg 724w, https:\/\/blogsaverroes.juntadeandalucia.es\/ceipcoloniaaraceli\/files\/2022\/01\/INFOGRAFIA_COVID-2022-3_page-0001-768x1086.jpg 768w, https:\/\/blogsaverroes.juntadeandalucia.es\/ceipcoloniaaraceli\/files\/2022\/01\/INFOGRAFIA_COVID-2022-3_page-0001-1086x1536.jpg 1086w, https:\/\/blogsaverroes.juntadeandalucia.es\/ceipcoloniaaraceli\/files\/2022\/01\/INFOGRAFIA_COVID-2022-3_page-0001.jpg 1131w\" sizes=\"(max-width: 212px) 85vw, 212px\" \/><\/a><\/p>\n<p><iframe loading=\"lazy\" src=\"https:\/\/view.genial.ly\/5f27d56c2c2f8f0d283010f3\" width=\"1200\" height=\"675\" frameborder=\"0\" scrolling=\"yes\"><\/iframe><\/p>\n<\/div>\n<\/div>\n","protected":false},"excerpt":{"rendered":"<p>Actualizaci\u00f3n 10-02-2022. PROTOCOLO CEIP COLONIA ARACELI INSTRUCCIONES DE 10 DE FEBRERO DE 2022, DE LA VICECONSEJER\u00cdA DE EDUCACI\u00d3N Y DEPORTE, POR LAS QUE SE MODIFICAN LAS INSTRUCCIONES DE 13 DE JULIO DE 2021 RELATIVAS A LA ORGANIZACI\u00d3N DE LOS CENTROS DOCENTES Y A LA FLEXIBILIZACI\u00d3N CURRICULAR PARA EL CURSO ESCO USO DE MASCARILLA EN LOS &hellip; <a href=\"https:\/\/blogsaverroes.juntadeandalucia.es\/ceipcoloniaaraceli\/?page_id=2522\" class=\"more-link\">Continuar leyendo<span class=\"screen-reader-text\"> \u00abProtocolo COVID-19\u00bb<\/span><\/a><\/p>\n","protected":false},"author":3110,"featured_media":0,"parent":0,"menu_order":0,"comment_status":"closed","ping_status":"closed","template":"","meta":{"ngg_post_thumbnail":0,"footnotes":"","_mc_calendar":[]},"aioseo_notices":[],"_links":{"self":[{"href":"https:\/\/blogsaverroes.juntadeandalucia.es\/ceipcoloniaaraceli\/index.php?rest_route=\/wp\/v2\/pages\/2522"}],"collection":[{"href":"https:\/\/blogsaverroes.juntadeandalucia.es\/ceipcoloniaaraceli\/index.php?rest_route=\/wp\/v2\/pages"}],"about":[{"href":"https:\/\/blogsaverroes.juntadeandalucia.es\/ceipcoloniaaraceli\/index.php?rest_route=\/wp\/v2\/types\/page"}],"author":[{"embeddable":true,"href":"https:\/\/blogsaverroes.juntadeandalucia.es\/ceipcoloniaaraceli\/index.php?rest_route=\/wp\/v2\/users\/3110"}],"replies":[{"embeddable":true,"href":"https:\/\/blogsaverroes.juntadeandalucia.es\/ceipcoloniaaraceli\/index.php?rest_route=%2Fwp%2Fv2%2Fcomments&post=2522"}],"version-history":[{"count":5,"href":"https:\/\/blogsaverroes.juntadeandalucia.es\/ceipcoloniaaraceli\/index.php?rest_route=\/wp\/v2\/pages\/2522\/revisions"}],"predecessor-version":[{"id":2550,"href":"https:\/\/blogsaverroes.juntadeandalucia.es\/ceipcoloniaaraceli\/index.php?rest_route=\/wp\/v2\/pages\/2522\/revisions\/2550"}],"wp:attachment":[{"href":"https:\/\/blogsaverroes.juntadeandalucia.es\/ceipcoloniaaraceli\/index.php?rest_route=%2Fwp%2Fv2%2Fmedia&parent=2522"}],"curies":[{"name":"wp","href":"https:\/\/api.w.org\/{rel}","templated":true}]}}