{"id":2342,"date":"2020-07-02T11:13:59","date_gmt":"2020-07-02T11:13:59","guid":{"rendered":"https:\/\/blogsaverroes.juntadeandalucia.es\/ceipconcepcionestevarena\/?page_id=2342"},"modified":"2025-06-27T11:24:11","modified_gmt":"2025-06-27T09:24:11","slug":"gratuidad-de-libros-de-texto","status":"publish","type":"page","link":"https:\/\/blogsaverroes.juntadeandalucia.es\/ceipconcepcionestevarena\/gratuidad-de-libros-de-texto\/","title":{"rendered":"Gratuidad de Libros de Texto"},"content":{"rendered":"<p>El alumnado matriculado en los centros docentes de Andaluc\u00eda sostenidos con fondos p\u00fablicos, esto es, p\u00fablicos y concertados,&nbsp;en los cursos de Primaria, Educaci\u00f3n Secundaria Obligatoria (ESO), Formaci\u00f3n Profesional (FP) B\u00e1sica y Educaci\u00f3n Especial, puede disponer gratuitamente de los correspondientes libros de texto. Estos libros son propiedad de la Administraci\u00f3n educativa y, una vez concluido el a\u00f1o acad\u00e9mico, permanecen en el centro docente para que puedan ser utilizados por otros alumnos o alumnas. Todos los libros de texto se renuevan cada cuatro cursos escolares.<\/p>\n<ul>\n<li><a title=\"Informaci\u00f3n Programa de Gratuidad de Libros de Texto 2025-2026\" href=\"https:\/\/blogsaverroes.juntadeandalucia.es\/ceipconcepcionestevarena\/files\/2025\/06\/CirInf_PGL202526_00.pdf\" target=\"_blank\" rel=\"noopener\">Informaci\u00f3n Programa de Gratuidad de Libros de Texto 25-26<\/a><\/li>\n<li><a title=\"Relaci\u00f3n de Libros de Texto 25-26\" href=\"https:\/\/blogsaverroes.juntadeandalucia.es\/ceipconcepcionestevarena\/files\/2025\/06\/Relacion_de_libros_25-26.pdf\" target=\"_blank\" rel=\"noopener\">Relaci\u00f3n de Libros de Texto 25-26<\/a><\/li>\n<li><a title=\"Normativa sobre Libros de Texto y Material Curricular\" href=\"https:\/\/juntadeandalucia.es\/temas\/estudiar\/becas\/libros-texto.html\" target=\"_blank\" rel=\"noopener\">Normativa sobre Libros de Texto y Material Curricular<\/a><\/li>\n<\/ul>\n<p>Los beneficiarios del programa est\u00e1n obligados a:<\/p>\n<ul>\n<li>Garantizar un uso adecuado y cuidadoso de los libros.<\/li>\n<li>Devolverlos al centro una vez terminado el curso, o en el momento de la baja en caso de traslado.<\/li>\n<li>Reponer aquellos libros extraviados o deteriorados de forma malintencionada.<\/li>\n<\/ul>\n<p>El representante legal del alumno o alumna que no desee participar en el programa de gratuidad en un determinado a\u00f1o acad\u00e9mico, lo comunicar\u00e1 en el centro docente en el momento de formalizar la inscripci\u00f3n.<\/p>\n<ul>\n<li><a title=\"Orden de 27 de abril de 2005 (BOJA)\" href=\"https:\/\/juntadeandalucia.es\/boja\/2005\/92\/d6.pdf\" target=\"_blank\" rel=\"noopener\">Impreso de renuncia. Disponible en el Anexo I&nbsp;de la Orden de 27 de abril de 2005.<\/a><\/li>\n<\/ul>\n","protected":false},"excerpt":{"rendered":"<p>El alumnado matriculado en los centros docentes de Andaluc\u00eda sostenidos con fondos p\u00fablicos, esto es, p\u00fablicos y concertados,&nbsp;en los cursos de Primaria, Educaci\u00f3n Secundaria Obligatoria (ESO), Formaci\u00f3n Profesional (FP) B\u00e1sica y Educaci\u00f3n Especial, puede&#46;&#46;&#46;<\/p>\n","protected":false},"author":10234,"featured_media":3386,"parent":0,"menu_order":0,"comment_status":"closed","ping_status":"closed","template":"","meta":{"ngg_post_thumbnail":0,"footnotes":"","_mc_calendar":[]},"aioseo_notices":[],"_links":{"self":[{"href":"https:\/\/blogsaverroes.juntadeandalucia.es\/ceipconcepcionestevarena\/wp-json\/wp\/v2\/pages\/2342"}],"collection":[{"href":"https:\/\/blogsaverroes.juntadeandalucia.es\/ceipconcepcionestevarena\/wp-json\/wp\/v2\/pages"}],"about":[{"href":"https:\/\/blogsaverroes.juntadeandalucia.es\/ceipconcepcionestevarena\/wp-json\/wp\/v2\/types\/page"}],"author":[{"embeddable":true,"href":"https:\/\/blogsaverroes.juntadeandalucia.es\/ceipconcepcionestevarena\/wp-json\/wp\/v2\/users\/10234"}],"replies":[{"embeddable":true,"href":"https:\/\/blogsaverroes.juntadeandalucia.es\/ceipconcepcionestevarena\/wp-json\/wp\/v2\/comments?post=2342"}],"version-history":[{"count":20,"href":"https:\/\/blogsaverroes.juntadeandalucia.es\/ceipconcepcionestevarena\/wp-json\/wp\/v2\/pages\/2342\/revisions"}],"predecessor-version":[{"id":6568,"href":"https:\/\/blogsaverroes.juntadeandalucia.es\/ceipconcepcionestevarena\/wp-json\/wp\/v2\/pages\/2342\/revisions\/6568"}],"wp:featuredmedia":[{"embeddable":true,"href":"https:\/\/blogsaverroes.juntadeandalucia.es\/ceipconcepcionestevarena\/wp-json\/wp\/v2\/media\/3386"}],"wp:attachment":[{"href":"https:\/\/blogsaverroes.juntadeandalucia.es\/ceipconcepcionestevarena\/wp-json\/wp\/v2\/media?parent=2342"}],"curies":[{"name":"wp","href":"https:\/\/api.w.org\/{rel}","templated":true}]}}