{"id":3052,"date":"2022-01-09T11:56:10","date_gmt":"2022-01-09T11:56:10","guid":{"rendered":"https:\/\/blogsaverroes.juntadeandalucia.es\/ceipconcepcionestevarena\/?page_id=3052"},"modified":"2024-06-26T19:27:21","modified_gmt":"2024-06-26T17:27:21","slug":"plan-de-igualdad","status":"publish","type":"page","link":"https:\/\/blogsaverroes.juntadeandalucia.es\/ceipconcepcionestevarena\/plan-de-igualdad\/","title":{"rendered":"Plan de Igualdad de G\u00e9nero en la Educaci\u00f3n"},"content":{"rendered":"<h2><span style=\"color: #800080\">Curso 2023\/2024<\/span><\/h2>\n<p><strong>Efem\u00e9rides<\/strong> y actuaciones durante el curso escolar sobre <span style=\"color: #800080\"><strong>Coeducaci\u00f3<\/strong>n<\/span>:<\/p>\n<h4><a title=\"8M: D\u00eda Internacional de la Mujer (2024)\" href=\"https:\/\/blogsaverroes.juntadeandalucia.es\/ceipconcepcionestevarena\/8-m-dia-internacional-de-la-mujer\/\" target=\"_blank\" rel=\"noopener\"><span style=\"color: #cc99ff\"><strong>&#8211; 8 de marzo de 2024: D\u00eda Internacional de la Mujer:<\/strong><\/span><\/a><\/h4>\n<p>En nuestro cole se lo dedicamos a alguna de las inventoras europeas que han dejado su huella en la historia. <a title=\"8M: D\u00eda Internacional de la Mujer (2024)\" href=\"https:\/\/blogsaverroes.juntadeandalucia.es\/ceipconcepcionestevarena\/8-m-dia-internacional-de-la-mujer\/\" target=\"_blank\" rel=\"noopener\">Leer m\u00e1s&gt;&gt;&gt;<\/a><\/p>\n<h4><a title=\"11-F: D\u00eda Internacional de la Mujer y la Ni\u00f1a en la Ciencia\" href=\"https:\/\/blogsaverroes.juntadeandalucia.es\/ceipconcepcionestevarena\/efemerides\/11f-dia-internacional-de-la-mujer-y-la-nina-en-la-ciencia\/\" target=\"_blank\" rel=\"noopener noreferrer\"><span style=\"text-decoration: underline\">&#8211; 11 de febrero de 2024:<span class=\"ILfuVd\" lang=\"es\"><span class=\"hgKElc\"><b>D\u00eda internacional de la Mujer y la Ni\u00f1a en la Ciencia.<\/b><\/span><\/span><\/span><\/a><\/h4>\n<p><span class=\"ILfuVd\" lang=\"es\"><span class=\"hgKElc\"><b>En 2015 la ONU declar\u00f3 el 11 de febrero como el D\u00eda internacional de la Mujer y la Ni\u00f1a en la Ciencia<\/b>. El objetivo de esta efem\u00e9ride es promover el acceso pleno y equitativo a la ciencia y reconocer el papel fundamental que desempe\u00f1an las mujeres y las ni\u00f1as en los campos STEAM. <\/span><\/span><\/p>\n<p><span class=\"ILfuVd\" lang=\"es\"><span class=\"hgKElc\"><a title=\"11-F: D\u00eda Internacional de la Mujer y la Ni\u00f1a en la Ciencia\" href=\"https:\/\/blogsaverroes.juntadeandalucia.es\/ceipconcepcionestevarena\/efemerides\/11f-dia-internacional-de-la-mujer-y-la-nina-en-la-ciencia\/\" target=\"_blank\" rel=\"noopener noreferrer\">Clicar en la fecha o aqu\u00ed para acceder a mas informaci\u00f3n sobre las actividades realizadas en el centro con motivo de esta efem\u00e9ride<\/a>.<br \/>\n<\/span><\/span><\/p>\n<h4><span style=\"text-decoration: underline\"><strong>&#8211; 30 de enero de 2024<\/strong>: <strong>D\u00eda Escolar de la No-Violencia y la Paz<\/strong><\/span><\/h4>\n<p>\u00a1Celebramos el <strong>D\u00eda Escolar de la No-Violencia y la Paz<\/strong>! En nuestro colegio, promovemos la educaci\u00f3n para la paz y la coeducaci\u00f3n como pilares fundamentales. A trav\u00e9s de la igualdad y la promoci\u00f3n de valores de respeto y tolerancia, trabajamos juntos por un mundo m\u00e1s pac\u00edfico.<br \/>\n\u00bfTe unes? #D\u00edaEscolarNoViolenciayPaz #Coeducaci\u00f3n #Educaci\u00f3nParaLaPaz<br \/>\n#pactodeestadocontralaviolenciadege\u0301nero<\/p>\n<div style=\"width: 848px;\" class=\"wp-video\"><!--[if lt IE 9]><script>document.createElement('video');<\/script><![endif]-->\n<video class=\"wp-video-shortcode\" id=\"video-3052-1\" width=\"848\" height=\"480\" preload=\"metadata\" controls=\"controls\"><source type=\"video\/mp4\" src=\"https:\/\/blogsaverroes.juntadeandalucia.es\/ceipconcepcionestevarena\/files\/2024\/01\/Video-30-ENE.mp4?_=1\" \/><a href=\"https:\/\/blogsaverroes.juntadeandalucia.es\/ceipconcepcionestevarena\/files\/2024\/01\/Video-30-ENE.mp4\">https:\/\/blogsaverroes.juntadeandalucia.es\/ceipconcepcionestevarena\/files\/2024\/01\/Video-30-ENE.mp4<\/a><\/video><\/div>\n<hr>\n<h4><strong>&#8211; 5 al 21 de diciembre de 2023: <\/strong><strong>Campeonato Coeducativo de B\u00e1dminton. Del 5 al 21 de diciembre:<\/strong><\/h4>\n<div id=\"attachment_5015\" style=\"width: 182px\" class=\"wp-caption aligncenter\"><a href=\"https:\/\/blogsaverroes.juntadeandalucia.es\/ceipconcepcionestevarena\/files\/2023\/12\/B\u00e1dminton-23-Cartel.jpg\" target=\"_blank\" rel=\"noopener noreferrer\"><img loading=\"lazy\" decoding=\"async\" aria-describedby=\"caption-attachment-5015\" class=\"wp-image-5015 \" src=\"https:\/\/blogsaverroes.juntadeandalucia.es\/ceipconcepcionestevarena\/files\/2023\/12\/B\u00e1dminton-23-Cartel-212x300.jpg\" alt=\"\" width=\"172\" height=\"243\" srcset=\"https:\/\/blogsaverroes.juntadeandalucia.es\/ceipconcepcionestevarena\/files\/2023\/12\/B\u00e1dminton-23-Cartel-212x300.jpg 212w, https:\/\/blogsaverroes.juntadeandalucia.es\/ceipconcepcionestevarena\/files\/2023\/12\/B\u00e1dminton-23-Cartel-724x1024.jpg 724w, https:\/\/blogsaverroes.juntadeandalucia.es\/ceipconcepcionestevarena\/files\/2023\/12\/B\u00e1dminton-23-Cartel-768x1086.jpg 768w, https:\/\/blogsaverroes.juntadeandalucia.es\/ceipconcepcionestevarena\/files\/2023\/12\/B\u00e1dminton-23-Cartel-1086x1536.jpg 1086w, https:\/\/blogsaverroes.juntadeandalucia.es\/ceipconcepcionestevarena\/files\/2023\/12\/B\u00e1dminton-23-Cartel.jpg 1131w\" sizes=\"(max-width: 172px) 100vw, 172px\" \/><\/a><p id=\"caption-attachment-5015\" class=\"wp-caption-text\">Campeonato Coeducativo, del 5 al 21 de diciembre.<\/p><\/div>\n<p align=\"left\"><span style=\"font-family: georgia, palatino, serif\">Un a\u00f1o m\u00e1s, comienza nuestro <strong>Campeonato Coeducativo de B\u00e1dminton.<\/strong><\/span><\/p>\n<p style=\"text-align: center\" align=\"left\"><strong><span style=\"font-family: georgia, palatino, serif;color: #993366\">\u00a1Mucha suerte a los equipos participantes!<\/span><\/strong><\/p>\n<p align=\"left\"><em><span style=\"font-family: georgia, palatino, serif\">Actividad financiada por el #pactodeestadocontralaviolenciadege\u0301nero<\/span><\/em><\/p>\n<hr>\n<p><strong>&#8211; 20 al 24 de noviembre de 2023:<\/strong><\/p>\n<p><a title=\"25-N: D\u00eda Internacional de la Eliminaci\u00f3n de la Violencia contra la Mujer\" href=\"https:\/\/blogsaverroes.juntadeandalucia.es\/ceipconcepcionestevarena\/25-n-dia-internacional-de-la-eliminacion-de-la-violencia-contra-la-mujer\/\" target=\"_blank\" rel=\"noopener noreferrer\">25-N: D\u00eda Internacional Contra la Violencia hac\u00eda las Mujeres.<\/a><\/p>\n<p><!--nextpage--><\/p>\n<h2><span style=\"text-decoration: underline\"><span style=\"color: #800080;text-decoration: underline\">CURSO 2022-2023<\/span><\/span><\/h2>\n<h4><span style=\"color: #800080\">18\/05\/2023: CAMPEONATO DE RINGOL<\/span><\/h4>\n<p><a href=\"https:\/\/blogsaverroes.juntadeandalucia.es\/ceipconcepcionestevarena\/files\/2023\/05\/RinGol-2023.jpg\"><img loading=\"lazy\" decoding=\"async\" class=\"wp-image-4404 alignright\" src=\"https:\/\/blogsaverroes.juntadeandalucia.es\/ceipconcepcionestevarena\/files\/2023\/05\/RinGol-2023-212x300.jpg\" alt=\"\" width=\"187\" height=\"265\" srcset=\"https:\/\/blogsaverroes.juntadeandalucia.es\/ceipconcepcionestevarena\/files\/2023\/05\/RinGol-2023-212x300.jpg 212w, https:\/\/blogsaverroes.juntadeandalucia.es\/ceipconcepcionestevarena\/files\/2023\/05\/RinGol-2023-724x1024.jpg 724w, https:\/\/blogsaverroes.juntadeandalucia.es\/ceipconcepcionestevarena\/files\/2023\/05\/RinGol-2023-768x1086.jpg 768w, https:\/\/blogsaverroes.juntadeandalucia.es\/ceipconcepcionestevarena\/files\/2023\/05\/RinGol-2023-1086x1536.jpg 1086w, https:\/\/blogsaverroes.juntadeandalucia.es\/ceipconcepcionestevarena\/files\/2023\/05\/RinGol-2023.jpg 1131w\" sizes=\"(max-width: 187px) 100vw, 187px\" \/><\/a>El pr\u00f3ximo <span style=\"color: #800080\"><strong>23 de mayo de 2023<\/strong><\/span>, se conmemora el <span style=\"color: #800080\"><strong>D\u00eda Internacional del Futbol Femenino. <\/strong><\/span><\/p>\n<p>Con ocasi\u00f3n de dicha efem\u00e9ride, <span style=\"color: #800080\"><strong>desde el 18 de mayo<\/strong><\/span>, tendr\u00e1 lugar un campeonato de <span style=\"color: #800080\"><strong>RinGol<\/strong><\/span>, durante el horario lectivo y en la que participan equipos mixtos formados por el<span style=\"color: #800080\"><strong> alumnado<\/strong>.<\/span><\/p>\n<p><strong>\u00bfQu\u00e9 es el <span style=\"color: #800080\">RinGol<\/span>?<em>&nbsp;<\/em><\/strong><em>Es una modalidad deportiva de car\u00e1cter educativo que&nbsp;<span style=\"color: #800080\"><strong>a\u00fana actividad f\u00edsica, inclusi\u00f3n y coeducaci\u00f3n buscando la m\u00e1xima participaci\u00f3n<\/strong>.<\/span> Se trata de un deporte de equipo que se practica, en una superficie de juego rectangular, entre 2 equipos mixtos de 7 u 8 jugadores que, intentan introducir el bal\u00f3n en la porter\u00eda o aro contrarios pudiendo golpear el bal\u00f3n DOS VECES como m\u00e1ximo de forma consecutiva durante el juego con todas las partes del cuerpo excepto cabeza y pu\u00f1os, y agarre del bal\u00f3n en los saques y dentro del \u00e1rea contraria. Uno de los elementos m\u00e1s representativos de este deporte es&nbsp;el ARO, que se encuentra en la parte superior del larguero de la porter\u00eda, la anotaci\u00f3n en \u00e9ste tiene doble puntuaci\u00f3n.<\/em><\/p>\n<p><em>Dicha modalidad&nbsp;deportiva fomenta valores de&nbsp;<span style=\"color: #800080\"><strong>igualdad, cooperaci\u00f3n, inclusi\u00f3n, respeto y desarrollo de la autoestima<\/strong>.<\/span>&nbsp;Y es aplicable a todas las edades sin excepci\u00f3n alguna.<\/em><\/p>\n<ul>\n<li>M\u00e1s informaci\u00f3n sobre esta modalidad deportiva&gt;&gt;&gt; <strong><a href=\"https:\/\/www.ringol.es\/\" target=\"_blank\" rel=\"noopener noreferrer\">Ringol.es<\/a><\/strong><\/li>\n<\/ul>\n<hr>\n<h6>09\/03\/2023<\/h6>\n<p><a title=\"8-M: D\u00eda Internacional de la Mujer.\" href=\"https:\/\/blogsaverroes.juntadeandalucia.es\/ceipconcepcionestevarena\/8-m-dia-internacional-de-la-mujer\/\" target=\"_blank\" rel=\"noopener noreferrer\">8 de marzo: D\u00eda Internacional de la Mujer<\/a><\/p>\n<hr>\n<h6>11\/02\/2023:&nbsp;<\/h6>\n<p><a title=\"11-F: D\u00eda Internacional de la Mujer y la Ni\u00f1a en la Ciencia\" href=\"https:\/\/blogsaverroes.juntadeandalucia.es\/ceipconcepcionestevarena\/efemerides\/11f-dia-internacional-de-la-mujer-y-la-nina-en-la-ciencia\/\" target=\"_blank\" rel=\"noopener noreferrer\">11-F. D\u00eda Internacional de la Mujer y la Ni\u00f1a en la Ciencia.<\/a><\/p>\n<hr>\n<h6>30 de enero de 2023:&nbsp;<\/h6>\n<p>30-E: D\u00eda Escolar de la No Violencia y la Paz (DENVP)<\/p>\n<hr>\n<h6>25\/11\/2022:<\/h6>\n<p><a title=\"25-N: D\u00eda Internacional de la Eliminaci\u00f3n de la Violencia contra la Mujer\" href=\"https:\/\/blogsaverroes.juntadeandalucia.es\/ceipconcepcionestevarena\/25-n-dia-internacional-de-la-eliminacion-de-la-violencia-contra-la-mujer\/\" target=\"_blank\" rel=\"noopener noreferrer\">25-N: D\u00eda Internacional de la Eliminaci\u00f3n de la Violencia contra la Mujer.<\/a><!--nextpage--><\/p>\n<h2><span style=\"text-decoration: underline\"><span style=\"color: #800080;text-decoration: underline\">Curso: 2021-2022<\/span><\/span><\/h2>\n<h4><span style=\"color: #993366\">30\/05\/2022: Campeonato B\u00e1dminton. Mayo-junio 2022<\/span><\/h4>\n<p><a href=\"https:\/\/blogsaverroes.juntadeandalucia.es\/ceipconcepcionestevarena\/files\/2022\/06\/Camp-Badminton-2122.jpeg\"><img loading=\"lazy\" decoding=\"async\" class=\"alignleft wp-image-3335 \" src=\"https:\/\/blogsaverroes.juntadeandalucia.es\/ceipconcepcionestevarena\/files\/2022\/06\/Camp-Badminton-2122-212x300.jpeg\" alt=\"\" width=\"188\" height=\"266\" srcset=\"https:\/\/blogsaverroes.juntadeandalucia.es\/ceipconcepcionestevarena\/files\/2022\/06\/Camp-Badminton-2122-212x300.jpeg 212w, https:\/\/blogsaverroes.juntadeandalucia.es\/ceipconcepcionestevarena\/files\/2022\/06\/Camp-Badminton-2122-724x1024.jpeg 724w, https:\/\/blogsaverroes.juntadeandalucia.es\/ceipconcepcionestevarena\/files\/2022\/06\/Camp-Badminton-2122-768x1086.jpeg 768w, https:\/\/blogsaverroes.juntadeandalucia.es\/ceipconcepcionestevarena\/files\/2022\/06\/Camp-Badminton-2122-1086x1536.jpeg 1086w, https:\/\/blogsaverroes.juntadeandalucia.es\/ceipconcepcionestevarena\/files\/2022\/06\/Camp-Badminton-2122.jpeg 1131w\" sizes=\"(max-width: 188px) 100vw, 188px\" \/><\/a><\/p>\n<p>Estas semanas est\u00e1 teniendo lugar el primer campeonato de B\u00e1dminton en el CEIP Concepci\u00f3n de Estevarena. El alumnado de tercer ciclo (curso Quinto y Sexto) participa en este campeonato que tiene lugar durante los recreos y que se enmarca dentro de las actividades propuestas y financiadas por el #pactodeestadocontralaviolenciadeg\u00e9nero.<\/p>\n<p>En nuestro centro, la coeducaci\u00f3n trata de ser transversal en todas las \u00e1reas y, como hemos dicho muchas veces, desde la asignatura de E.F se promueven los juegos y deportes alternativos e inclusivos.<\/p>\n<hr>\n<h4><span style=\"color: #800080\">25\/04\/2022: D\u00eda Internacional del Libro.<\/span><\/h4>\n<p><a href=\"https:\/\/blogsaverroes.juntadeandalucia.es\/ceipconcepcionestevarena\/files\/2022\/05\/WImage-2022-04-25.jpeg\"><img loading=\"lazy\" decoding=\"async\" class=\"alignleft wp-image-3203 \" src=\"https:\/\/blogsaverroes.juntadeandalucia.es\/ceipconcepcionestevarena\/files\/2022\/05\/WImage-2022-04-25-300x225.jpeg\" alt=\"\" width=\"261\" height=\"196\" srcset=\"https:\/\/blogsaverroes.juntadeandalucia.es\/ceipconcepcionestevarena\/files\/2022\/05\/WImage-2022-04-25-300x225.jpeg 300w, https:\/\/blogsaverroes.juntadeandalucia.es\/ceipconcepcionestevarena\/files\/2022\/05\/WImage-2022-04-25-1024x768.jpeg 1024w, https:\/\/blogsaverroes.juntadeandalucia.es\/ceipconcepcionestevarena\/files\/2022\/05\/WImage-2022-04-25-768x576.jpeg 768w, https:\/\/blogsaverroes.juntadeandalucia.es\/ceipconcepcionestevarena\/files\/2022\/05\/WImage-2022-04-25-1536x1152.jpeg 1536w, https:\/\/blogsaverroes.juntadeandalucia.es\/ceipconcepcionestevarena\/files\/2022\/05\/WImage-2022-04-25.jpeg 1600w\" sizes=\"(max-width: 261px) 100vw, 261px\" \/><\/a>Para celebrar el <strong>D\u00eda Internacional del Libro <\/strong>(23 de abril) hemos incluido en nuestra <a title=\"Cat\u00e1logo\" href=\"https:\/\/www.juntadeandalucia.es\/educacion\/senecav2\/seneca\/biblioweb\/portal\/41004745\" target=\"_blank\" rel=\"noopener noreferrer\">biblioteca escolar<\/a> estos nuevos t\u00edtulos. Son lecturas que, adem\u00e1s de tener historias divertidas y entra\u00f1ables, fomentan la coeducaci\u00f3n y la igualdad entre ni\u00f1os y ni\u00f1as.<br \/>\nLa creaci\u00f3n de una secci\u00f3n coeducatica en nuestra biblioteca es una de nuestras propuestas en el proyecto de coeducaci\u00f3n y est\u00e1 financiada por el Pacto de Estado contra la Violencia de G\u00e9nero. #pactodeestadocontralaviolenciadegenero<\/p>\n<hr>\n<p><strong><span style=\"color: #800080\">19 de abril de 2022: <\/span><\/strong>El 19 de abril de 1967, Kathrine Switzer hizo historia. Aunque las mujeres ya hab\u00edan participado en maratones de forma no oficial, ella fue la primera mujer que corri\u00f3 una marat\u00f3n con dorsal -la de Boston- (una competici\u00f3n exclusiva para hombres), desencadenando un cambio en la situaci\u00f3n de las mujeres en el deporte. Desde entonces hasta ahora muchos cambios se han producido y muchos m\u00e1s vendr\u00e1n. Desde nuestro centro aportamos nuestro granito de arena fomentando la coeducaci\u00f3n y la participaci\u00f3n de nuestro alumnado. Lo hacemos de forma transversal y con propuestas espec\u00edficas incluidas en nuestro proyecto de coeducaci\u00f3n y financiadas por el Pacto de Estado contra la Violencia de G\u00e9nero. Para ello, adem\u00e1s de los m\u00e1s convencionales fomentamos los deportes y juegos alternativos como pueden ser el badminton, el bottleball, los malabares, etc. Os dejamos algunas im\u00e1genes.<\/p>\nngg_shortcode_0_placeholder\n<hr>\n<h4><span style=\"color: #3366ff\">11 de febrero de 2022: D\u00eda Internacional de la Mujer y la Ni\u00f1a en la Ciencia<\/span><\/h4>\n<hr>\n<h4><span style=\"color: #000080\">30 de enero 2022: D\u00eda Escolar de la No Violencia y la Paz (DENYP):<\/span><\/h4>\n<p>Celebramos el D\u00eda Escolar de la Paz y la No Violencia. La paz est\u00e1 en estrecha vinculaci\u00f3n con otros grandes valores como el respeto, la igualdad, la coeducaci\u00f3n, la justicia, la felicidad, la tolerancia y la cooperaci\u00f3n, por lo que nuestro trabajo est\u00e9 curso ha estado centrado en todos estos valores.<\/p>\nngg_shortcode_1_placeholder\n<hr>\n<h3><span style=\"color: #000080\">25N. D\u00eda Internacional de la Eliminaci\u00f3n de la Violencia contra las Mujeres<\/span>.<\/h3>\n<div style=\"width: 640px;\" class=\"wp-video\"><video class=\"wp-video-shortcode\" id=\"video-3052-2\" width=\"640\" height=\"352\" preload=\"metadata\" controls=\"controls\"><source type=\"video\/mp4\" src=\"https:\/\/blogsaverroes.juntadeandalucia.es\/ceipconcepcionestevarena\/files\/2022\/06\/25N-video-2122.mp4?_=2\" \/><a href=\"https:\/\/blogsaverroes.juntadeandalucia.es\/ceipconcepcionestevarena\/files\/2022\/06\/25N-video-2122.mp4\">https:\/\/blogsaverroes.juntadeandalucia.es\/ceipconcepcionestevarena\/files\/2022\/06\/25N-video-2122.mp4<\/a><\/video><\/div>\n<p>M\u00e1s informaci\u00f3n en&nbsp; <a href=\"https:\/\/fb.watch\/dCOw07Ai8Q\/\" target=\"_blank\" rel=\"noopener noreferrer\"><img loading=\"lazy\" decoding=\"async\" class=\" wp-image-3354 alignnone\" src=\"https:\/\/blogsaverroes.juntadeandalucia.es\/ceipconcepcionestevarena\/files\/2022\/06\/facebookth.jpg\" alt=\"\" width=\"67\" height=\"67\"><\/a> (https:\/\/fb.watch\/dCOw07Ai8Q\/)<\/p>\n","protected":false},"excerpt":{"rendered":"<p>Curso 2023\/2024 Efem\u00e9rides y actuaciones durante el curso escolar sobre Coeducaci\u00f3n: &#8211; 8 de marzo de 2024: D\u00eda Internacional de la Mujer: En nuestro cole se lo dedicamos a alguna de las inventoras europeas&#46;&#46;&#46;<\/p>\n","protected":false},"author":10234,"featured_media":4983,"parent":0,"menu_order":0,"comment_status":"closed","ping_status":"closed","template":"","meta":{"ngg_post_thumbnail":0,"footnotes":"","_mc_calendar":[]},"aioseo_notices":[],"_links":{"self":[{"href":"https:\/\/blogsaverroes.juntadeandalucia.es\/ceipconcepcionestevarena\/wp-json\/wp\/v2\/pages\/3052"}],"collection":[{"href":"https:\/\/blogsaverroes.juntadeandalucia.es\/ceipconcepcionestevarena\/wp-json\/wp\/v2\/pages"}],"about":[{"href":"https:\/\/blogsaverroes.juntadeandalucia.es\/ceipconcepcionestevarena\/wp-json\/wp\/v2\/types\/page"}],"author":[{"embeddable":true,"href":"https:\/\/blogsaverroes.juntadeandalucia.es\/ceipconcepcionestevarena\/wp-json\/wp\/v2\/users\/10234"}],"replies":[{"embeddable":true,"href":"https:\/\/blogsaverroes.juntadeandalucia.es\/ceipconcepcionestevarena\/wp-json\/wp\/v2\/comments?post=3052"}],"version-history":[{"count":86,"href":"https:\/\/blogsaverroes.juntadeandalucia.es\/ceipconcepcionestevarena\/wp-json\/wp\/v2\/pages\/3052\/revisions"}],"predecessor-version":[{"id":5685,"href":"https:\/\/blogsaverroes.juntadeandalucia.es\/ceipconcepcionestevarena\/wp-json\/wp\/v2\/pages\/3052\/revisions\/5685"}],"wp:featuredmedia":[{"embeddable":true,"href":"https:\/\/blogsaverroes.juntadeandalucia.es\/ceipconcepcionestevarena\/wp-json\/wp\/v2\/media\/4983"}],"wp:attachment":[{"href":"https:\/\/blogsaverroes.juntadeandalucia.es\/ceipconcepcionestevarena\/wp-json\/wp\/v2\/media?parent=3052"}],"curies":[{"name":"wp","href":"https:\/\/api.w.org\/{rel}","templated":true}]}}