{"id":3411,"date":"2022-07-07T10:14:27","date_gmt":"2022-07-07T10:14:27","guid":{"rendered":"https:\/\/blogsaverroes.juntadeandalucia.es\/ceipconcepcionestevarena\/?page_id=3411"},"modified":"2022-07-07T12:34:12","modified_gmt":"2022-07-07T12:34:12","slug":"plan-de-tde","status":"publish","type":"page","link":"https:\/\/blogsaverroes.juntadeandalucia.es\/ceipconcepcionestevarena\/plan-de-tde\/","title":{"rendered":"Plan TDE"},"content":{"rendered":"<h2><a href=\"https:\/\/blogsaverroes.juntadeandalucia.es\/ceipconcepcionestevarena\/files\/2022\/07\/logo-TED.png\"><img loading=\"lazy\" decoding=\"async\" class=\"alignleft size-full wp-image-3418\" src=\"https:\/\/blogsaverroes.juntadeandalucia.es\/ceipconcepcionestevarena\/files\/2022\/07\/logo-TED.png\" alt=\"\" width=\"100\" height=\"100\"><\/a>Plan de Transformaci\u00f3n Digital Educativa<\/h2>\n<p>El concepto de Transformaci\u00f3n Digital Educativa (TDE) incluye el conjunto de actuaciones orientadas a la mejora y modernizaci\u00f3n de los procesos, los procedimientos, los h\u00e1bitos y comportamientos de las organizaciones educativas y de las personas que, haciendo uso de las tecnolog\u00edas digitales, desarrollen su capacidad de hacer frente a los retos de la sociedad actual.<\/p>\n<ul>\n<li><a href=\"https:\/\/blogsaverroes.juntadeandalucia.es\/ceipconcepcionestevarena\/files\/2022\/07\/GU\u00cdA-TDE-2122.pdf\" target=\"_blank\" rel=\"noopener noreferrer\">GU\u00cdA TDE 21-22 (Versi\u00f3n Imprimible PDF)<\/a><\/li>\n<li><a href=\"https:\/\/auack5huzn9ribs15gz4rg.on.drv.tw\/Plan%20TDE\/GUIA_TDE\/\" target=\"_blank\" rel=\"noopener noreferrer\">GU\u00cdA TDE 21-22 (Versi\u00f3n web)&nbsp;<\/a>\n<ul>\n<li><a href=\"https:\/\/blogsaverroes.juntadeandalucia.es\/ceipconcepcionestevarena\/files\/2022\/07\/Autorizaci\u00f3n-cuentas-educaand-def.pdf\" target=\"_blank\" rel=\"noopener noreferrer\">Formulario de consentimiento informado.<\/a>.<\/li>\n<\/ul>\n<\/li>\n<li><a href=\"https:\/\/www.juntadeandalucia.es\/educacion\/eaprendizaje\/tde\/\">Transformaci\u00f3n Digital Educativa | eAprendizaje (juntadeandalucia.es)<\/a><\/li>\n<\/ul>\n","protected":false},"excerpt":{"rendered":"<p>Plan de Transformaci\u00f3n Digital Educativa El concepto de Transformaci\u00f3n Digital Educativa (TDE) incluye el conjunto de actuaciones orientadas a la mejora y modernizaci\u00f3n de los procesos, los procedimientos, los h\u00e1bitos y comportamientos de las&#46;&#46;&#46;<\/p>\n","protected":false},"author":10234,"featured_media":3418,"parent":0,"menu_order":0,"comment_status":"closed","ping_status":"closed","template":"","meta":{"ngg_post_thumbnail":0,"footnotes":"","_mc_calendar":[]},"aioseo_notices":[],"_links":{"self":[{"href":"https:\/\/blogsaverroes.juntadeandalucia.es\/ceipconcepcionestevarena\/wp-json\/wp\/v2\/pages\/3411"}],"collection":[{"href":"https:\/\/blogsaverroes.juntadeandalucia.es\/ceipconcepcionestevarena\/wp-json\/wp\/v2\/pages"}],"about":[{"href":"https:\/\/blogsaverroes.juntadeandalucia.es\/ceipconcepcionestevarena\/wp-json\/wp\/v2\/types\/page"}],"author":[{"embeddable":true,"href":"https:\/\/blogsaverroes.juntadeandalucia.es\/ceipconcepcionestevarena\/wp-json\/wp\/v2\/users\/10234"}],"replies":[{"embeddable":true,"href":"https:\/\/blogsaverroes.juntadeandalucia.es\/ceipconcepcionestevarena\/wp-json\/wp\/v2\/comments?post=3411"}],"version-history":[{"count":7,"href":"https:\/\/blogsaverroes.juntadeandalucia.es\/ceipconcepcionestevarena\/wp-json\/wp\/v2\/pages\/3411\/revisions"}],"predecessor-version":[{"id":3435,"href":"https:\/\/blogsaverroes.juntadeandalucia.es\/ceipconcepcionestevarena\/wp-json\/wp\/v2\/pages\/3411\/revisions\/3435"}],"wp:featuredmedia":[{"embeddable":true,"href":"https:\/\/blogsaverroes.juntadeandalucia.es\/ceipconcepcionestevarena\/wp-json\/wp\/v2\/media\/3418"}],"wp:attachment":[{"href":"https:\/\/blogsaverroes.juntadeandalucia.es\/ceipconcepcionestevarena\/wp-json\/wp\/v2\/media?parent=3411"}],"curies":[{"name":"wp","href":"https:\/\/api.w.org\/{rel}","templated":true}]}}