{"id":35,"date":"2022-09-01T08:21:43","date_gmt":"2022-09-01T06:21:43","guid":{"rendered":"http:\/\/blogsaverroes.juntadeandalucia.es\/pre\/ceip\/?page_id=35"},"modified":"2025-02-07T23:52:19","modified_gmt":"2025-02-07T21:52:19","slug":"el-centro-2","status":"publish","type":"page","link":"https:\/\/blogsaverroes.juntadeandalucia.es\/ceipconcepcionestevarena\/el-centro-2\/","title":{"rendered":"Datos del centro"},"content":{"rendered":"<p><iframe loading=\"lazy\" src=\"https:\/\/www.google.com\/maps\/embed?pb=!1m18!1m12!1m3!1d3169.1016002784277!2d-5.931431585157277!3d37.411073379827315!2m3!1f0!2f0!3f0!3m2!1i1024!2i768!4f13.1!3m3!1m2!1s0xd1268ce13736529%3A0xa922a03e2dadf75f!2sCEIP%20Concepci%C3%B3n%20Estevarena!5e0!3m2!1ses!2ses!4v1592331297040!5m2!1ses!2ses\" width=\"600\" height=\"450\" frameborder=\"0\"><span style=\"width: 0px;overflow: hidden;line-height: 0\" data-mce-type=\"bookmark\" class=\"mce_SELRES_start\">\ufeff<\/span><\/iframe><\/p>\n<h3 style=\"text-align: center\"><span style=\"color: #000080;font-family: helvetica, arial, sans-serif\"><strong>Datos de contacto.<\/strong><\/span><\/h3>\n<ul>\n<li><span style=\"font-family: helvetica, arial, sans-serif\"><strong>Denominaci\u00f3n: <\/strong>C.E.I.P. Concepci\u00f3n de Estevarena<\/span><\/li>\n<li><span style=\"font-family: helvetica, arial, sans-serif\"><strong>C\u00f3digo de centro:<\/strong> 41004745<\/span><\/li>\n<li><span style=\"font-family: helvetica, arial, sans-serif\"><strong>Direcci\u00f3n:<\/strong>&nbsp; Avenida Ciudad de Chiva, 10. 41019 Sevilla<\/span><\/li>\n<li><span style=\"font-family: helvetica, arial, sans-serif\"><strong>Tel\u00e9fono: <\/strong>955-622-556<\/span><\/li>\n<li><span style=\"font-family: helvetica, arial, sans-serif\"><strong>Email:<\/strong> <a href=\"mailto:41004745.edu@juntadeandalucia.es\" target=\"_blank\" rel=\"noopener noreferrer\">41004745.edu@juntadeandalucia.es<\/a><\/span><\/li>\n<li><span style=\"font-family: helvetica, arial, sans-serif\"><strong>Contacto web:<\/strong>&nbsp;<a href=\"https:\/\/blogsaverroes.juntadeandalucia.es\/ceipconcepcionestevarena\/contactar\/\" target=\"_blank\" rel=\"noopener noreferrer\">Formulario de contacto<\/a><\/span><\/li>\n<\/ul>\n<h3 style=\"text-align: center\"><span style=\"color: #000080;font-family: helvetica, arial, sans-serif\"><strong>Horarios:<\/strong><\/span><\/h3>\n<ul>\n<li><span style=\"font-family: helvetica, arial, sans-serif\"><strong>Horario lectivo:<\/strong> Lunes a viernes de 9:00 a 14:00 horas.<\/span><\/li>\n<li><span style=\"font-family: helvetica, arial, sans-serif\"><strong>Tutor\u00edas:<\/strong> Lunes de 16:00 a 17:00 horas.<\/span><\/li>\n<li><span style=\"font-family: helvetica, arial, sans-serif\"><strong><a title=\"Servicios Complementarios\" href=\"https:\/\/blogsaverroes.juntadeandalucia.es\/ceipconcepcionestevarena\/servicios-complementarios\/\" target=\"_blank\" rel=\"noopener\">Servicios complementarios<\/a> (Plan de Apoyo a la Familias)<\/strong><\/span>\n<ul>\n<li><span style=\"font-family: helvetica, arial, sans-serif\"><strong><a title=\"Aula Matinal\" href=\"https:\/\/blogsaverroes.juntadeandalucia.es\/ceipconcepcionestevarena\/aula-matinal\/\" target=\"_blank\" rel=\"noopener\">Aula Matinal<\/a>:<\/strong> De 7:30 a 9:00 horas:<\/span>\n<ul>\n<li><span style=\"font-family: helvetica, arial, sans-serif\">Acceso continuado de usuarios.<\/span><\/li>\n<\/ul>\n<\/li>\n<li><span style=\"font-family: helvetica, arial, sans-serif\"><a title=\"Comedor escolar.\" href=\"https:\/\/blogsaverroes.juntadeandalucia.es\/ceipconcepcionestevarena\/comedor-escolar\/\" target=\"_blank\" rel=\"noopener\"><strong>Comedor Escolar<\/strong><\/a>: De 14:00 a 16:00 horas.<\/span><\/li>\n<li><strong><a title=\"Actividades extraescolares\" href=\"https:\/\/blogsaverroes.juntadeandalucia.es\/ceipconcepcionestevarena\/actividades-extraescolares\/\" target=\"_blank\" rel=\"noopener\">Actividades extraescolares<\/a>.<\/strong><\/li>\n<\/ul>\n<\/li>\n<li><span style=\"font-family: helvetica, arial, sans-serif\"><strong>Plan de Acompa\u00f1amiento:<\/strong><\/span>\n<ul>\n<li><span style=\"font-family: helvetica, arial, sans-serif\"><strong>PROA<\/strong>: Martes y jueves de 16:00 a 18:00 horas.<\/span><\/li>\n<\/ul>\n<\/li>\n<\/ul>\n<h3 style=\"text-align: center\"><span style=\"font-family: helvetica, arial, sans-serif\"><strong><span style=\"color: #000080\">Instalaciones.<\/span><\/strong><\/span><\/h3>\n<p><!-- default-view.php -->\n<div\n\tclass=\"ngg-galleryoverview default-view\n\t ngg-ajax-pagination-none\t\"\n\tid=\"ngg-gallery-7bd57b0a1e84a07a972d91eb4118437e-1\">\n\n\t\t<!-- Thumbnails -->\n\t\t\t\t<div id=\"ngg-image-0\" class=\"ngg-gallery-thumbnail-box\n\t\t\t\t\t\t\t\t\t\t\t\"\n\t\t\t>\n\t\t\t\t\t\t<div class=\"ngg-gallery-thumbnail\">\n\t\t\t<a href=\"https:\/\/blogsaverroes.juntadeandalucia.es\/ceipconcepcionestevarena\/wp-content\/uploads\/sites\/797\/nggallery\/el-centro\/instalacion01.jpg\"\n\t\t\t\ttitle=\"\"\n\t\t\t\tdata-src=\"https:\/\/blogsaverroes.juntadeandalucia.es\/ceipconcepcionestevarena\/wp-content\/uploads\/sites\/797\/nggallery\/el-centro\/instalacion01.jpg\"\n\t\t\t\tdata-thumbnail=\"https:\/\/blogsaverroes.juntadeandalucia.es\/ceipconcepcionestevarena\/wp-content\/uploads\/sites\/797\/nggallery\/el-centro\/thumbs\/thumbs_instalacion01.jpg\"\n\t\t\t\tdata-image-id=\"14\"\n\t\t\t\tdata-title=\"instalacion01\"\n\t\t\t\tdata-description=\"\"\n\t\t\t\tdata-image-slug=\"instalacion01-1\"\n\t\t\t\tclass=\"ngg-fancybox\" rel=\"7bd57b0a1e84a07a972d91eb4118437e\">\n\t\t\t\t<img\n\t\t\t\t\ttitle=\"instalacion01\"\n\t\t\t\t\talt=\"instalacion01\"\n\t\t\t\t\tsrc=\"https:\/\/blogsaverroes.juntadeandalucia.es\/ceipconcepcionestevarena\/wp-content\/uploads\/sites\/797\/nggallery\/el-centro\/thumbs\/thumbs_instalacion01.jpg\"\n\t\t\t\t\twidth=\"120\"\n\t\t\t\t\theight=\"90\"\n\t\t\t\t\tstyle=\"max-width:100%;\"\n\t\t\t\t\/>\n\t\t\t<\/a>\n\t\t<\/div>\n\t\t\t\t\t\t\t<\/div>\n\t\t\t\n\t\t\t\t<div id=\"ngg-image-1\" class=\"ngg-gallery-thumbnail-box\n\t\t\t\t\t\t\t\t\t\t\t\"\n\t\t\t>\n\t\t\t\t\t\t<div class=\"ngg-gallery-thumbnail\">\n\t\t\t<a href=\"https:\/\/blogsaverroes.juntadeandalucia.es\/ceipconcepcionestevarena\/wp-content\/uploads\/sites\/797\/nggallery\/el-centro\/instalacion02.jpg\"\n\t\t\t\ttitle=\"\"\n\t\t\t\tdata-src=\"https:\/\/blogsaverroes.juntadeandalucia.es\/ceipconcepcionestevarena\/wp-content\/uploads\/sites\/797\/nggallery\/el-centro\/instalacion02.jpg\"\n\t\t\t\tdata-thumbnail=\"https:\/\/blogsaverroes.juntadeandalucia.es\/ceipconcepcionestevarena\/wp-content\/uploads\/sites\/797\/nggallery\/el-centro\/thumbs\/thumbs_instalacion02.jpg\"\n\t\t\t\tdata-image-id=\"15\"\n\t\t\t\tdata-title=\"instalacion02\"\n\t\t\t\tdata-description=\"\"\n\t\t\t\tdata-image-slug=\"instalacion02-1\"\n\t\t\t\tclass=\"ngg-fancybox\" rel=\"7bd57b0a1e84a07a972d91eb4118437e\">\n\t\t\t\t<img\n\t\t\t\t\ttitle=\"instalacion02\"\n\t\t\t\t\talt=\"instalacion02\"\n\t\t\t\t\tsrc=\"https:\/\/blogsaverroes.juntadeandalucia.es\/ceipconcepcionestevarena\/wp-content\/uploads\/sites\/797\/nggallery\/el-centro\/thumbs\/thumbs_instalacion02.jpg\"\n\t\t\t\t\twidth=\"120\"\n\t\t\t\t\theight=\"90\"\n\t\t\t\t\tstyle=\"max-width:100%;\"\n\t\t\t\t\/>\n\t\t\t<\/a>\n\t\t<\/div>\n\t\t\t\t\t\t\t<\/div>\n\t\t\t\n\t\t\t\t<div id=\"ngg-image-2\" class=\"ngg-gallery-thumbnail-box\n\t\t\t\t\t\t\t\t\t\t\t\"\n\t\t\t>\n\t\t\t\t\t\t<div class=\"ngg-gallery-thumbnail\">\n\t\t\t<a href=\"https:\/\/blogsaverroes.juntadeandalucia.es\/ceipconcepcionestevarena\/wp-content\/uploads\/sites\/797\/nggallery\/el-centro\/instalacion03.jpg\"\n\t\t\t\ttitle=\"\"\n\t\t\t\tdata-src=\"https:\/\/blogsaverroes.juntadeandalucia.es\/ceipconcepcionestevarena\/wp-content\/uploads\/sites\/797\/nggallery\/el-centro\/instalacion03.jpg\"\n\t\t\t\tdata-thumbnail=\"https:\/\/blogsaverroes.juntadeandalucia.es\/ceipconcepcionestevarena\/wp-content\/uploads\/sites\/797\/nggallery\/el-centro\/thumbs\/thumbs_instalacion03.jpg\"\n\t\t\t\tdata-image-id=\"16\"\n\t\t\t\tdata-title=\"instalacion03\"\n\t\t\t\tdata-description=\"\"\n\t\t\t\tdata-image-slug=\"instalacion03-1\"\n\t\t\t\tclass=\"ngg-fancybox\" rel=\"7bd57b0a1e84a07a972d91eb4118437e\">\n\t\t\t\t<img\n\t\t\t\t\ttitle=\"instalacion03\"\n\t\t\t\t\talt=\"instalacion03\"\n\t\t\t\t\tsrc=\"https:\/\/blogsaverroes.juntadeandalucia.es\/ceipconcepcionestevarena\/wp-content\/uploads\/sites\/797\/nggallery\/el-centro\/thumbs\/thumbs_instalacion03.jpg\"\n\t\t\t\t\twidth=\"120\"\n\t\t\t\t\theight=\"90\"\n\t\t\t\t\tstyle=\"max-width:100%;\"\n\t\t\t\t\/>\n\t\t\t<\/a>\n\t\t<\/div>\n\t\t\t\t\t\t\t<\/div>\n\t\t\t\n\t\t\t\t<div id=\"ngg-image-3\" class=\"ngg-gallery-thumbnail-box\n\t\t\t\t\t\t\t\t\t\t\t\"\n\t\t\t>\n\t\t\t\t\t\t<div class=\"ngg-gallery-thumbnail\">\n\t\t\t<a href=\"https:\/\/blogsaverroes.juntadeandalucia.es\/ceipconcepcionestevarena\/wp-content\/uploads\/sites\/797\/nggallery\/el-centro\/instalacion04.jpg\"\n\t\t\t\ttitle=\"\"\n\t\t\t\tdata-src=\"https:\/\/blogsaverroes.juntadeandalucia.es\/ceipconcepcionestevarena\/wp-content\/uploads\/sites\/797\/nggallery\/el-centro\/instalacion04.jpg\"\n\t\t\t\tdata-thumbnail=\"https:\/\/blogsaverroes.juntadeandalucia.es\/ceipconcepcionestevarena\/wp-content\/uploads\/sites\/797\/nggallery\/el-centro\/thumbs\/thumbs_instalacion04.jpg\"\n\t\t\t\tdata-image-id=\"17\"\n\t\t\t\tdata-title=\"instalacion04\"\n\t\t\t\tdata-description=\"\"\n\t\t\t\tdata-image-slug=\"instalacion04-1\"\n\t\t\t\tclass=\"ngg-fancybox\" rel=\"7bd57b0a1e84a07a972d91eb4118437e\">\n\t\t\t\t<img\n\t\t\t\t\ttitle=\"instalacion04\"\n\t\t\t\t\talt=\"instalacion04\"\n\t\t\t\t\tsrc=\"https:\/\/blogsaverroes.juntadeandalucia.es\/ceipconcepcionestevarena\/wp-content\/uploads\/sites\/797\/nggallery\/el-centro\/thumbs\/thumbs_instalacion04.jpg\"\n\t\t\t\t\twidth=\"120\"\n\t\t\t\t\theight=\"90\"\n\t\t\t\t\tstyle=\"max-width:100%;\"\n\t\t\t\t\/>\n\t\t\t<\/a>\n\t\t<\/div>\n\t\t\t\t\t\t\t<\/div>\n\t\t\t\n\t\t\t\t<div id=\"ngg-image-4\" class=\"ngg-gallery-thumbnail-box\n\t\t\t\t\t\t\t\t\t\t\t\"\n\t\t\t>\n\t\t\t\t\t\t<div class=\"ngg-gallery-thumbnail\">\n\t\t\t<a href=\"https:\/\/blogsaverroes.juntadeandalucia.es\/ceipconcepcionestevarena\/wp-content\/uploads\/sites\/797\/nggallery\/el-centro\/IMG_20180129_105922_editw.jpg\"\n\t\t\t\ttitle=\"\"\n\t\t\t\tdata-src=\"https:\/\/blogsaverroes.juntadeandalucia.es\/ceipconcepcionestevarena\/wp-content\/uploads\/sites\/797\/nggallery\/el-centro\/IMG_20180129_105922_editw.jpg\"\n\t\t\t\tdata-thumbnail=\"https:\/\/blogsaverroes.juntadeandalucia.es\/ceipconcepcionestevarena\/wp-content\/uploads\/sites\/797\/nggallery\/el-centro\/thumbs\/thumbs_IMG_20180129_105922_editw.jpg\"\n\t\t\t\tdata-image-id=\"104\"\n\t\t\t\tdata-title=\"IMG_20180129_105922_editw\"\n\t\t\t\tdata-description=\"\"\n\t\t\t\tdata-image-slug=\"img_20180129_105922_editw\"\n\t\t\t\tclass=\"ngg-fancybox\" rel=\"7bd57b0a1e84a07a972d91eb4118437e\">\n\t\t\t\t<img\n\t\t\t\t\ttitle=\"IMG_20180129_105922_editw\"\n\t\t\t\t\talt=\"IMG_20180129_105922_editw\"\n\t\t\t\t\tsrc=\"https:\/\/blogsaverroes.juntadeandalucia.es\/ceipconcepcionestevarena\/wp-content\/uploads\/sites\/797\/nggallery\/el-centro\/thumbs\/thumbs_IMG_20180129_105922_editw.jpg\"\n\t\t\t\t\twidth=\"120\"\n\t\t\t\t\theight=\"90\"\n\t\t\t\t\tstyle=\"max-width:100%;\"\n\t\t\t\t\/>\n\t\t\t<\/a>\n\t\t<\/div>\n\t\t\t\t\t\t\t<\/div>\n\t\t\t\n\t\t\t\t<div id=\"ngg-image-5\" class=\"ngg-gallery-thumbnail-box\n\t\t\t\t\t\t\t\t\t\t\t\"\n\t\t\t>\n\t\t\t\t\t\t<div class=\"ngg-gallery-thumbnail\">\n\t\t\t<a href=\"https:\/\/blogsaverroes.juntadeandalucia.es\/ceipconcepcionestevarena\/wp-content\/uploads\/sites\/797\/nggallery\/el-centro\/IMG_20180129_112341_editw.jpg\"\n\t\t\t\ttitle=\"\"\n\t\t\t\tdata-src=\"https:\/\/blogsaverroes.juntadeandalucia.es\/ceipconcepcionestevarena\/wp-content\/uploads\/sites\/797\/nggallery\/el-centro\/IMG_20180129_112341_editw.jpg\"\n\t\t\t\tdata-thumbnail=\"https:\/\/blogsaverroes.juntadeandalucia.es\/ceipconcepcionestevarena\/wp-content\/uploads\/sites\/797\/nggallery\/el-centro\/thumbs\/thumbs_IMG_20180129_112341_editw.jpg\"\n\t\t\t\tdata-image-id=\"105\"\n\t\t\t\tdata-title=\"IMG_20180129_112341_editw\"\n\t\t\t\tdata-description=\"\"\n\t\t\t\tdata-image-slug=\"img_20180129_112341_editw\"\n\t\t\t\tclass=\"ngg-fancybox\" rel=\"7bd57b0a1e84a07a972d91eb4118437e\">\n\t\t\t\t<img\n\t\t\t\t\ttitle=\"IMG_20180129_112341_editw\"\n\t\t\t\t\talt=\"IMG_20180129_112341_editw\"\n\t\t\t\t\tsrc=\"https:\/\/blogsaverroes.juntadeandalucia.es\/ceipconcepcionestevarena\/wp-content\/uploads\/sites\/797\/nggallery\/el-centro\/thumbs\/thumbs_IMG_20180129_112341_editw.jpg\"\n\t\t\t\t\twidth=\"120\"\n\t\t\t\t\theight=\"90\"\n\t\t\t\t\tstyle=\"max-width:100%;\"\n\t\t\t\t\/>\n\t\t\t<\/a>\n\t\t<\/div>\n\t\t\t\t\t\t\t<\/div>\n\t\t\t\n\t\t\t\t<div id=\"ngg-image-6\" class=\"ngg-gallery-thumbnail-box\n\t\t\t\t\t\t\t\t\t\t\t\"\n\t\t\t>\n\t\t\t\t\t\t<div class=\"ngg-gallery-thumbnail\">\n\t\t\t<a href=\"https:\/\/blogsaverroes.juntadeandalucia.es\/ceipconcepcionestevarena\/wp-content\/uploads\/sites\/797\/nggallery\/el-centro\/IMG_20180130_111837_editw.jpg\"\n\t\t\t\ttitle=\"\"\n\t\t\t\tdata-src=\"https:\/\/blogsaverroes.juntadeandalucia.es\/ceipconcepcionestevarena\/wp-content\/uploads\/sites\/797\/nggallery\/el-centro\/IMG_20180130_111837_editw.jpg\"\n\t\t\t\tdata-thumbnail=\"https:\/\/blogsaverroes.juntadeandalucia.es\/ceipconcepcionestevarena\/wp-content\/uploads\/sites\/797\/nggallery\/el-centro\/thumbs\/thumbs_IMG_20180130_111837_editw.jpg\"\n\t\t\t\tdata-image-id=\"106\"\n\t\t\t\tdata-title=\"IMG_20180130_111837_editw\"\n\t\t\t\tdata-description=\"\"\n\t\t\t\tdata-image-slug=\"img_20180130_111837_editw\"\n\t\t\t\tclass=\"ngg-fancybox\" rel=\"7bd57b0a1e84a07a972d91eb4118437e\">\n\t\t\t\t<img\n\t\t\t\t\ttitle=\"IMG_20180130_111837_editw\"\n\t\t\t\t\talt=\"IMG_20180130_111837_editw\"\n\t\t\t\t\tsrc=\"https:\/\/blogsaverroes.juntadeandalucia.es\/ceipconcepcionestevarena\/wp-content\/uploads\/sites\/797\/nggallery\/el-centro\/thumbs\/thumbs_IMG_20180130_111837_editw.jpg\"\n\t\t\t\t\twidth=\"120\"\n\t\t\t\t\theight=\"90\"\n\t\t\t\t\tstyle=\"max-width:100%;\"\n\t\t\t\t\/>\n\t\t\t<\/a>\n\t\t<\/div>\n\t\t\t\t\t\t\t<\/div>\n\t\t\t\n\t\t\t\t<div id=\"ngg-image-7\" class=\"ngg-gallery-thumbnail-box\n\t\t\t\t\t\t\t\t\t\t\t\"\n\t\t\t>\n\t\t\t\t\t\t<div class=\"ngg-gallery-thumbnail\">\n\t\t\t<a href=\"https:\/\/blogsaverroes.juntadeandalucia.es\/ceipconcepcionestevarena\/wp-content\/uploads\/sites\/797\/nggallery\/el-centro\/IMG-20210217-WA0019_editw.jpg\"\n\t\t\t\ttitle=\"\"\n\t\t\t\tdata-src=\"https:\/\/blogsaverroes.juntadeandalucia.es\/ceipconcepcionestevarena\/wp-content\/uploads\/sites\/797\/nggallery\/el-centro\/IMG-20210217-WA0019_editw.jpg\"\n\t\t\t\tdata-thumbnail=\"https:\/\/blogsaverroes.juntadeandalucia.es\/ceipconcepcionestevarena\/wp-content\/uploads\/sites\/797\/nggallery\/el-centro\/thumbs\/thumbs_IMG-20210217-WA0019_editw.jpg\"\n\t\t\t\tdata-image-id=\"107\"\n\t\t\t\tdata-title=\"IMG-20210217-WA0019_editw\"\n\t\t\t\tdata-description=\"\"\n\t\t\t\tdata-image-slug=\"img-20210217-wa0019_editw\"\n\t\t\t\tclass=\"ngg-fancybox\" rel=\"7bd57b0a1e84a07a972d91eb4118437e\">\n\t\t\t\t<img\n\t\t\t\t\ttitle=\"IMG-20210217-WA0019_editw\"\n\t\t\t\t\talt=\"IMG-20210217-WA0019_editw\"\n\t\t\t\t\tsrc=\"https:\/\/blogsaverroes.juntadeandalucia.es\/ceipconcepcionestevarena\/wp-content\/uploads\/sites\/797\/nggallery\/el-centro\/thumbs\/thumbs_IMG-20210217-WA0019_editw.jpg\"\n\t\t\t\t\twidth=\"120\"\n\t\t\t\t\theight=\"90\"\n\t\t\t\t\tstyle=\"max-width:100%;\"\n\t\t\t\t\/>\n\t\t\t<\/a>\n\t\t<\/div>\n\t\t\t\t\t\t\t<\/div>\n\t\t\t\n\t\t\t\t<div id=\"ngg-image-8\" class=\"ngg-gallery-thumbnail-box\n\t\t\t\t\t\t\t\t\t\t\t\"\n\t\t\t>\n\t\t\t\t\t\t<div class=\"ngg-gallery-thumbnail\">\n\t\t\t<a href=\"https:\/\/blogsaverroes.juntadeandalucia.es\/ceipconcepcionestevarena\/wp-content\/uploads\/sites\/797\/nggallery\/el-centro\/IMG-20210217-WA0041_editw.jpg\"\n\t\t\t\ttitle=\"\"\n\t\t\t\tdata-src=\"https:\/\/blogsaverroes.juntadeandalucia.es\/ceipconcepcionestevarena\/wp-content\/uploads\/sites\/797\/nggallery\/el-centro\/IMG-20210217-WA0041_editw.jpg\"\n\t\t\t\tdata-thumbnail=\"https:\/\/blogsaverroes.juntadeandalucia.es\/ceipconcepcionestevarena\/wp-content\/uploads\/sites\/797\/nggallery\/el-centro\/thumbs\/thumbs_IMG-20210217-WA0041_editw.jpg\"\n\t\t\t\tdata-image-id=\"108\"\n\t\t\t\tdata-title=\"IMG-20210217-WA0041_editw\"\n\t\t\t\tdata-description=\"\"\n\t\t\t\tdata-image-slug=\"img-20210217-wa0041_editw\"\n\t\t\t\tclass=\"ngg-fancybox\" rel=\"7bd57b0a1e84a07a972d91eb4118437e\">\n\t\t\t\t<img\n\t\t\t\t\ttitle=\"IMG-20210217-WA0041_editw\"\n\t\t\t\t\talt=\"IMG-20210217-WA0041_editw\"\n\t\t\t\t\tsrc=\"https:\/\/blogsaverroes.juntadeandalucia.es\/ceipconcepcionestevarena\/wp-content\/uploads\/sites\/797\/nggallery\/el-centro\/thumbs\/thumbs_IMG-20210217-WA0041_editw.jpg\"\n\t\t\t\t\twidth=\"120\"\n\t\t\t\t\theight=\"90\"\n\t\t\t\t\tstyle=\"max-width:100%;\"\n\t\t\t\t\/>\n\t\t\t<\/a>\n\t\t<\/div>\n\t\t\t\t\t\t\t<\/div>\n\t\t\t\n\t\t\t\t<div id=\"ngg-image-9\" class=\"ngg-gallery-thumbnail-box\n\t\t\t\t\t\t\t\t\t\t\t\"\n\t\t\t>\n\t\t\t\t\t\t<div class=\"ngg-gallery-thumbnail\">\n\t\t\t<a href=\"https:\/\/blogsaverroes.juntadeandalucia.es\/ceipconcepcionestevarena\/wp-content\/uploads\/sites\/797\/nggallery\/el-centro\/IMG-20210217-WA0053_editw.jpg\"\n\t\t\t\ttitle=\"\"\n\t\t\t\tdata-src=\"https:\/\/blogsaverroes.juntadeandalucia.es\/ceipconcepcionestevarena\/wp-content\/uploads\/sites\/797\/nggallery\/el-centro\/IMG-20210217-WA0053_editw.jpg\"\n\t\t\t\tdata-thumbnail=\"https:\/\/blogsaverroes.juntadeandalucia.es\/ceipconcepcionestevarena\/wp-content\/uploads\/sites\/797\/nggallery\/el-centro\/thumbs\/thumbs_IMG-20210217-WA0053_editw.jpg\"\n\t\t\t\tdata-image-id=\"109\"\n\t\t\t\tdata-title=\"IMG-20210217-WA0053_editw\"\n\t\t\t\tdata-description=\"\"\n\t\t\t\tdata-image-slug=\"img-20210217-wa0053_editw\"\n\t\t\t\tclass=\"ngg-fancybox\" rel=\"7bd57b0a1e84a07a972d91eb4118437e\">\n\t\t\t\t<img\n\t\t\t\t\ttitle=\"IMG-20210217-WA0053_editw\"\n\t\t\t\t\talt=\"IMG-20210217-WA0053_editw\"\n\t\t\t\t\tsrc=\"https:\/\/blogsaverroes.juntadeandalucia.es\/ceipconcepcionestevarena\/wp-content\/uploads\/sites\/797\/nggallery\/el-centro\/thumbs\/thumbs_IMG-20210217-WA0053_editw.jpg\"\n\t\t\t\t\twidth=\"120\"\n\t\t\t\t\theight=\"90\"\n\t\t\t\t\tstyle=\"max-width:100%;\"\n\t\t\t\t\/>\n\t\t\t<\/a>\n\t\t<\/div>\n\t\t\t\t\t\t\t<\/div>\n\t\t\t\n\t\t\t\t<div id=\"ngg-image-10\" class=\"ngg-gallery-thumbnail-box\n\t\t\t\t\t\t\t\t\t\t\t\"\n\t\t\t>\n\t\t\t\t\t\t<div class=\"ngg-gallery-thumbnail\">\n\t\t\t<a href=\"https:\/\/blogsaverroes.juntadeandalucia.es\/ceipconcepcionestevarena\/wp-content\/uploads\/sites\/797\/nggallery\/el-centro\/IMG-20210217-WA0067_editw.jpg\"\n\t\t\t\ttitle=\"\"\n\t\t\t\tdata-src=\"https:\/\/blogsaverroes.juntadeandalucia.es\/ceipconcepcionestevarena\/wp-content\/uploads\/sites\/797\/nggallery\/el-centro\/IMG-20210217-WA0067_editw.jpg\"\n\t\t\t\tdata-thumbnail=\"https:\/\/blogsaverroes.juntadeandalucia.es\/ceipconcepcionestevarena\/wp-content\/uploads\/sites\/797\/nggallery\/el-centro\/thumbs\/thumbs_IMG-20210217-WA0067_editw.jpg\"\n\t\t\t\tdata-image-id=\"110\"\n\t\t\t\tdata-title=\"IMG-20210217-WA0067_editw\"\n\t\t\t\tdata-description=\"\"\n\t\t\t\tdata-image-slug=\"img-20210217-wa0067_editw\"\n\t\t\t\tclass=\"ngg-fancybox\" rel=\"7bd57b0a1e84a07a972d91eb4118437e\">\n\t\t\t\t<img\n\t\t\t\t\ttitle=\"IMG-20210217-WA0067_editw\"\n\t\t\t\t\talt=\"IMG-20210217-WA0067_editw\"\n\t\t\t\t\tsrc=\"https:\/\/blogsaverroes.juntadeandalucia.es\/ceipconcepcionestevarena\/wp-content\/uploads\/sites\/797\/nggallery\/el-centro\/thumbs\/thumbs_IMG-20210217-WA0067_editw.jpg\"\n\t\t\t\t\twidth=\"120\"\n\t\t\t\t\theight=\"90\"\n\t\t\t\t\tstyle=\"max-width:100%;\"\n\t\t\t\t\/>\n\t\t\t<\/a>\n\t\t<\/div>\n\t\t\t\t\t\t\t<\/div>\n\t\t\t\n\t\n\t<br style=\"clear: both\" \/>\n\n\t\t<div class=\"slideshowlink\">\n\t\t<a href='https:\/\/blogsaverroes.juntadeandalucia.es\/ceipconcepcionestevarena\/el-centro-2\/nggallery\/slideshow'>[Mostrar presentaci\u00f3n de diapositivas]<\/a>\n\n\t<\/div>\n\t\n\t\t<!-- Pagination -->\n\t\t<div class='ngg-clear'><\/div>\t<\/div>\n<em>En construcci\u00f3n: Breve descripci\u00f3n de las ense\u00f1anzas ofrecidas en el centro, con posibilidad de enlazar a otras secciones informativas de la web.<\/em><\/p>\n","protected":false},"excerpt":{"rendered":"<p>\ufeff Datos de contacto. Denominaci\u00f3n: C.E.I.P. Concepci\u00f3n de Estevarena C\u00f3digo de centro: 41004745 Direcci\u00f3n:&nbsp; Avenida Ciudad de Chiva, 10. 41019 Sevilla Tel\u00e9fono: 955-622-556 Email: 41004745.edu@juntadeandalucia.es Contacto web:&nbsp;Formulario de contacto Horarios: Horario lectivo: Lunes a&#46;&#46;&#46;<\/p>\n","protected":false},"author":1,"featured_media":0,"parent":0,"menu_order":0,"comment_status":"closed","ping_status":"open","template":"page-cs.php","meta":{"ngg_post_thumbnail":0,"footnotes":"","_mc_calendar":[]},"aioseo_notices":[],"_links":{"self":[{"href":"https:\/\/blogsaverroes.juntadeandalucia.es\/ceipconcepcionestevarena\/wp-json\/wp\/v2\/pages\/35"}],"collection":[{"href":"https:\/\/blogsaverroes.juntadeandalucia.es\/ceipconcepcionestevarena\/wp-json\/wp\/v2\/pages"}],"about":[{"href":"https:\/\/blogsaverroes.juntadeandalucia.es\/ceipconcepcionestevarena\/wp-json\/wp\/v2\/types\/page"}],"author":[{"embeddable":true,"href":"https:\/\/blogsaverroes.juntadeandalucia.es\/ceipconcepcionestevarena\/wp-json\/wp\/v2\/users\/1"}],"replies":[{"embeddable":true,"href":"https:\/\/blogsaverroes.juntadeandalucia.es\/ceipconcepcionestevarena\/wp-json\/wp\/v2\/comments?post=35"}],"version-history":[{"count":50,"href":"https:\/\/blogsaverroes.juntadeandalucia.es\/ceipconcepcionestevarena\/wp-json\/wp\/v2\/pages\/35\/revisions"}],"predecessor-version":[{"id":6034,"href":"https:\/\/blogsaverroes.juntadeandalucia.es\/ceipconcepcionestevarena\/wp-json\/wp\/v2\/pages\/35\/revisions\/6034"}],"wp:attachment":[{"href":"https:\/\/blogsaverroes.juntadeandalucia.es\/ceipconcepcionestevarena\/wp-json\/wp\/v2\/media?parent=35"}],"curies":[{"name":"wp","href":"https:\/\/api.w.org\/{rel}","templated":true}]}}