{"id":3785,"date":"2022-11-26T07:01:27","date_gmt":"2022-11-26T07:01:27","guid":{"rendered":"https:\/\/blogsaverroes.juntadeandalucia.es\/ceipconcepcionestevarena\/?page_id=3785"},"modified":"2026-02-11T12:07:12","modified_gmt":"2026-02-11T10:07:12","slug":"efemerides","status":"publish","type":"page","link":"https:\/\/blogsaverroes.juntadeandalucia.es\/ceipconcepcionestevarena\/efemerides\/","title":{"rendered":"Conmemoraciones"},"content":{"rendered":"<p><strong>Cat\u00e1logo de efem\u00e9rides:<\/strong><\/p>\n<p>16-NOV:D\u00eda Internacional del Flamenco. <a title=\"16-NOV: D\u00eda Internacional del Flamenco\" href=\"https:\/\/blogsaverroes.juntadeandalucia.es\/ceipconcepcionestevarena\/16-n-flamenco\/\" target=\"_blank\" rel=\"noopener\">&gt;&gt;&gt;<\/a><\/p>\n<p>25-NOV: D\u00eda contra la Violencia de G\u00e9nero. <a title=\"25-NOV: D\u00eda contra la Violencia de G\u00e9nero\" href=\"https:\/\/blogsaverroes.juntadeandalucia.es\/ceipconcepcionestevarena\/25-n-dia-internacional-de-la-eliminacion-de-la-violencia-contra-la-mujer\/\" target=\"_blank\" rel=\"noopener\">&gt;&gt;&gt;<\/a><\/p>\n<p>8-DIC: D\u00eda de la Constituci\u00f3n.<\/p>\n<p>30-ENE: D\u00eda Escolar de la No Violencia y la Paz. <a title=\"30-ENE: D\u00eda Escolar de la No Violencia y la Paz\" href=\"https:\/\/blogsaverroes.juntadeandalucia.es\/ceipconcepcionestevarena\/30-n-dia-escolar-de-la-no-violencia-y-la-paz-denyp\/\" target=\"_blank\" rel=\"noopener\">&gt;&gt;&gt;<\/a><\/p>\n<p>28-FEB: D\u00eda de Andaluc\u00eda. <a title=\"28-FEB: D\u00eda de Andaluc\u00eda\" href=\"https:\/\/blogsaverroes.juntadeandalucia.es\/ceipconcepcionestevarena\/28-f-dia-de-andalucia\/\" target=\"_blank\" rel=\"noopener\">&gt;&gt;&gt;<\/a><\/p>\n<p>8-MAR: D\u00eda Internacional de la Mujer. <a title=\"8-MAR: D\u00eda Internacional de la Mujer\" href=\"https:\/\/blogsaverroes.juntadeandalucia.es\/ceipconcepcionestevarena\/8-m-dia-internacional-de-la-mujer\/\" target=\"_blank\" rel=\"noopener\">&gt;&gt;&gt;<\/a><\/p>\n<p>8-ABR: D\u00eda Mundial del Autismo. <a title=\"8-ABR: D\u00eda Mundial del Autismo\" href=\"https:\/\/blogsaverroes.juntadeandalucia.es\/ceipconcepcionestevarena\/efemerides\/2-de-abril-dia-mundial-autismo\/\" target=\"_blank\" rel=\"noopener\">&gt;&gt;&gt;<\/a><\/p>\n<p>9-MAY: D\u00eda de Europa. <a title=\"9-MAY: D\u00eda de Europa\" href=\"https:\/\/blogsaverroes.juntadeandalucia.es\/ceipconcepcionestevarena\/9-mayo-dia-de-europa\/\" target=\"_blank\" rel=\"noopener\">&gt;&gt;&gt;<\/a><\/p>\n<p>SEMANA CULTURAL <a title=\"Semana Cultural\" href=\"https:\/\/blogsaverroes.juntadeandalucia.es\/ceipconcepcionestevarena\/efemerides\/semana-cultural\/\" target=\"_blank\" rel=\"noopener\">&gt;&gt;&gt;<\/a><\/p>\n","protected":false},"excerpt":{"rendered":"<p>Cat\u00e1logo de efem\u00e9rides: 16-NOV:D\u00eda Internacional del Flamenco. &gt;&gt;&gt; 25-NOV: D\u00eda contra la Violencia de G\u00e9nero. &gt;&gt;&gt; 8-DIC: D\u00eda de la Constituci\u00f3n. 30-ENE: D\u00eda Escolar de la No Violencia y la Paz. &gt;&gt;&gt; 28-FEB: D\u00eda&#46;&#46;&#46;<\/p>\n","protected":false},"author":10234,"featured_media":0,"parent":0,"menu_order":0,"comment_status":"closed","ping_status":"closed","template":"","meta":{"ngg_post_thumbnail":0,"footnotes":"","_mc_calendar":[]},"aioseo_notices":[],"_links":{"self":[{"href":"https:\/\/blogsaverroes.juntadeandalucia.es\/ceipconcepcionestevarena\/wp-json\/wp\/v2\/pages\/3785"}],"collection":[{"href":"https:\/\/blogsaverroes.juntadeandalucia.es\/ceipconcepcionestevarena\/wp-json\/wp\/v2\/pages"}],"about":[{"href":"https:\/\/blogsaverroes.juntadeandalucia.es\/ceipconcepcionestevarena\/wp-json\/wp\/v2\/types\/page"}],"author":[{"embeddable":true,"href":"https:\/\/blogsaverroes.juntadeandalucia.es\/ceipconcepcionestevarena\/wp-json\/wp\/v2\/users\/10234"}],"replies":[{"embeddable":true,"href":"https:\/\/blogsaverroes.juntadeandalucia.es\/ceipconcepcionestevarena\/wp-json\/wp\/v2\/comments?post=3785"}],"version-history":[{"count":10,"href":"https:\/\/blogsaverroes.juntadeandalucia.es\/ceipconcepcionestevarena\/wp-json\/wp\/v2\/pages\/3785\/revisions"}],"predecessor-version":[{"id":6841,"href":"https:\/\/blogsaverroes.juntadeandalucia.es\/ceipconcepcionestevarena\/wp-json\/wp\/v2\/pages\/3785\/revisions\/6841"}],"wp:attachment":[{"href":"https:\/\/blogsaverroes.juntadeandalucia.es\/ceipconcepcionestevarena\/wp-json\/wp\/v2\/media?parent=3785"}],"curies":[{"name":"wp","href":"https:\/\/api.w.org\/{rel}","templated":true}]}}