{"id":3823,"date":"2022-12-13T11:41:24","date_gmt":"2022-12-13T11:41:24","guid":{"rendered":"https:\/\/blogsaverroes.juntadeandalucia.es\/ceipconcepcionestevarena\/?page_id=3823"},"modified":"2023-05-02T09:34:22","modified_gmt":"2023-05-02T09:34:22","slug":"erasmus","status":"publish","type":"page","link":"https:\/\/blogsaverroes.juntadeandalucia.es\/ceipconcepcionestevarena\/erasmus\/","title":{"rendered":"Erasmus+"},"content":{"rendered":"<h4>Nuestra experiencia en Europa:<\/h4>\n<p class=\"_04xlpA direction-ltr align-start para-style-body\"><span class=\"WdYUQQ\">El d\u00eda 15 de abril de 2023, nuestro&nbsp;<\/span><span class=\"WdYUQQ\">C.E.I.P. Concepci\u00f3n de Estevarena <\/span><span class=\"WdYUQQ\">inicia su primera actuaci\u00f3n de&nbsp; movilidad gracias al C.E.P. de Sevilla y su Consorcio de Erasmus+ del que somos part\u00edcipes junto a otros centros educativos de Sevilla.<\/span><\/p>\n<p>Para saber m\u00e1s sobre nuestra experiencia, hacer \u00abclic\u00bb en la imagen:<\/p>\n<p><a title=\"Erasmus+: Latina (Italia). Abril, 2023\" href=\"https:\/\/www.canva.com\/design\/DAFhSc1xo7w\/view\" target=\"_blank\" rel=\"noopener noreferrer\"><img loading=\"lazy\" decoding=\"async\" class=\"size-medium wp-image-4304 aligncenter\" src=\"https:\/\/blogsaverroes.juntadeandalucia.es\/ceipconcepcionestevarena\/files\/2023\/05\/ERASMUSportada-web-300x169.jpg\" alt=\"\" width=\"300\" height=\"169\" srcset=\"https:\/\/blogsaverroes.juntadeandalucia.es\/ceipconcepcionestevarena\/files\/2023\/05\/ERASMUSportada-web-300x169.jpg 300w, https:\/\/blogsaverroes.juntadeandalucia.es\/ceipconcepcionestevarena\/files\/2023\/05\/ERASMUSportada-web-768x432.jpg 768w, https:\/\/blogsaverroes.juntadeandalucia.es\/ceipconcepcionestevarena\/files\/2023\/05\/ERASMUSportada-web.jpg 1024w\" sizes=\"(max-width: 300px) 100vw, 300px\" \/><\/a><\/p>\n<h4>Actividades de difusi\u00f3n:<\/h4>\n<table style=\"width: 135.294%;height: 817px\" width=\"931\" cellspacing=\"0\" cellpadding=\"7\">\n<colgroup>\n<col width=\"218\">\n<col width=\"161\">\n<col width=\"100\">\n<col width=\"394\"> <\/colgroup>\n<tbody>\n<tr>\n<td style=\"width: 37.6097%\" bgcolor=\"#f1c232\" width=\"218\">\n<p align=\"center\">CENTRO<\/p>\n<\/td>\n<td style=\"width: 31.8013%\" bgcolor=\"#f1c232\" width=\"161\">\n<p align=\"center\">PLATAFORMA<\/p>\n<\/td>\n<td style=\"width: 15.1527%\" bgcolor=\"#f1c232\" width=\"100\">\n<p align=\"center\">FECHA<\/p>\n<\/td>\n<\/tr>\n<tr>\n<td style=\"width: 37.6097%\" width=\"218\">\n<p align=\"left\"><a href=\"https:\/\/twitter.com\/CEPdeSevilla346\/status\/1592186695650537474?s=20&amp;t=2ipiTGQ-4F8o2I84QZiBuQ\" target=\"_blank\" rel=\"noopener noreferrer\">CEP DE SEVILLA<\/a><\/p>\n<\/td>\n<td style=\"width: 31.8013%\" width=\"161\">\n<p align=\"left\">TWITTER<\/p>\n<\/td>\n<td style=\"width: 15.1527%\" width=\"100\">\n<p align=\"left\">14\/11\/2022<\/p>\n<\/td>\n<\/tr>\n<tr>\n<td style=\"width: 37.6097%\" width=\"218\">\n<p align=\"left\"><a href=\"https:\/\/twitter.com\/CEPdeSevilla346\/status\/1592186695650537474?s=20&amp;t=2ipiTGQ-4F8o2I84QZiBuQ\" target=\"_blank\" rel=\"noopener noreferrer\">CEIP CONCEPCI\u00d3N DE ESTEVARENA<\/a><\/p>\n<\/td>\n<td style=\"width: 31.8013%\" width=\"161\">FACEBOOK<\/td>\n<td style=\"width: 15.1527%\" width=\"100\">22\/11\/2022<\/td>\n<\/tr>\n<tr>\n<td style=\"width: 37.6097%\" rowspan=\"2\" width=\"218\">\n<p align=\"left\"><a href=\"https:\/\/iesciudadjardin.es\/\" target=\"_blank\" rel=\"noopener noreferrer\">I.E.S. CIUDAD JARD\u00cdN<\/a><\/p>\n<\/td>\n<td style=\"width: 31.8013%\" width=\"161\">\n<p align=\"left\">P\u00c1GINA WEB<\/p>\n<\/td>\n<td style=\"width: 15.1527%\" width=\"100\">\n<p align=\"left\">22\/11\/2022<\/p>\n<\/td>\n<\/tr>\n<tr>\n<td style=\"width: 31.8013%\" width=\"161\">\n<p align=\"left\">INSTAGRAM &#8211;&nbsp;@iesciudadjardin<\/p>\n<\/td>\n<td style=\"width: 15.1527%\" width=\"100\">\n<p align=\"left\">22\/11\/2022<\/p>\n<\/td>\n<\/tr>\n<tr>\n<td style=\"width: 37.6097%\" width=\"218\">\n<p align=\"left\"><a href=\"http:\/\/twitter.com\/iesmargsalas\" target=\"_blank\" rel=\"noopener noreferrer\">IES MARGARITA SALAS<\/a><\/p>\n<\/td>\n<td style=\"width: 31.8013%\" width=\"161\">\n<p align=\"left\">TWITTER<\/p>\n<\/td>\n<td style=\"width: 15.1527%\" width=\"100\">\n<p align=\"left\">23\/11\/2022<\/p>\n<\/td>\n<\/tr>\n<tr>\n<td style=\"width: 37.6097%\" width=\"218\"><a href=\"http:\/\/facebook.com\/IESMargSalas\" target=\"_blank\" rel=\"noopener noreferrer\">IES MARGARITA SALAS<\/a><\/td>\n<td style=\"width: 31.8013%\" width=\"161\">\n<p align=\"left\">FACEBOOK<\/p>\n<\/td>\n<td style=\"width: 15.1527%\" width=\"100\">23\/11\/2022<\/td>\n<\/tr>\n<tr>\n<td style=\"width: 37.6097%\" width=\"218\"><a href=\"http:\/\/instagram.com\/iesmargsalas\" target=\"_blank\" rel=\"noopener noreferrer\">IES MARGARITA SALAS<\/a><\/td>\n<td style=\"width: 31.8013%\" width=\"161\">\n<p align=\"left\">INSTAGRAM<\/p>\n<\/td>\n<td style=\"width: 15.1527%\" width=\"100\">23\/11\/2022<\/td>\n<\/tr>\n<\/tbody>\n<\/table>\n<ul>\n<li>Actuaciones en las movilidades:<a href=\"https:\/\/blogsaverroes.juntadeandalucia.es\/ceipconcepcionestevarena\/files\/2023\/02\/Captura-de-pantalla-de-2023-02-06-16-06-01.png\"><img loading=\"lazy\" decoding=\"async\" class=\"size-medium wp-image-3966 aligncenter\" src=\"https:\/\/blogsaverroes.juntadeandalucia.es\/ceipconcepcionestevarena\/files\/2023\/02\/Captura-de-pantalla-de-2023-02-06-16-06-01-300x186.png\" alt=\"\" width=\"300\" height=\"186\" srcset=\"https:\/\/blogsaverroes.juntadeandalucia.es\/ceipconcepcionestevarena\/files\/2023\/02\/Captura-de-pantalla-de-2023-02-06-16-06-01-300x186.png 300w, https:\/\/blogsaverroes.juntadeandalucia.es\/ceipconcepcionestevarena\/files\/2023\/02\/Captura-de-pantalla-de-2023-02-06-16-06-01-768x475.png 768w, https:\/\/blogsaverroes.juntadeandalucia.es\/ceipconcepcionestevarena\/files\/2023\/02\/Captura-de-pantalla-de-2023-02-06-16-06-01.png 831w\" sizes=\"(max-width: 300px) 100vw, 300px\" \/><\/a><\/li>\n<\/ul>\n<p>&nbsp;<\/p>\n<p><a title=\"Servicio Espa\u00f1ol para la Internacionalizaci\u00f3n de la Educaci\u00f3n\" href=\"http:\/\/www.sepie.es\" target=\"_blank\" rel=\"noopener noreferrer\"><img loading=\"lazy\" decoding=\"async\" class=\"wp-image-3829 aligncenter\" src=\"https:\/\/blogsaverroes.juntadeandalucia.es\/ceipconcepcionestevarena\/files\/2022\/12\/SEPIE_erasmus_plus-300x111.gif\" alt=\"\" width=\"173\" height=\"64\"><\/a><\/p>\n","protected":false},"excerpt":{"rendered":"<p>Nuestra experiencia en Europa: El d\u00eda 15 de abril de 2023, nuestro&nbsp;C.E.I.P. Concepci\u00f3n de Estevarena inicia su primera actuaci\u00f3n de&nbsp; movilidad gracias al C.E.P. de Sevilla y su Consorcio de Erasmus+ del que somos&#46;&#46;&#46;<\/p>\n","protected":false},"author":10234,"featured_media":3826,"parent":0,"menu_order":0,"comment_status":"closed","ping_status":"closed","template":"","meta":{"ngg_post_thumbnail":0,"footnotes":"","_mc_calendar":[]},"aioseo_notices":[],"_links":{"self":[{"href":"https:\/\/blogsaverroes.juntadeandalucia.es\/ceipconcepcionestevarena\/wp-json\/wp\/v2\/pages\/3823"}],"collection":[{"href":"https:\/\/blogsaverroes.juntadeandalucia.es\/ceipconcepcionestevarena\/wp-json\/wp\/v2\/pages"}],"about":[{"href":"https:\/\/blogsaverroes.juntadeandalucia.es\/ceipconcepcionestevarena\/wp-json\/wp\/v2\/types\/page"}],"author":[{"embeddable":true,"href":"https:\/\/blogsaverroes.juntadeandalucia.es\/ceipconcepcionestevarena\/wp-json\/wp\/v2\/users\/10234"}],"replies":[{"embeddable":true,"href":"https:\/\/blogsaverroes.juntadeandalucia.es\/ceipconcepcionestevarena\/wp-json\/wp\/v2\/comments?post=3823"}],"version-history":[{"count":24,"href":"https:\/\/blogsaverroes.juntadeandalucia.es\/ceipconcepcionestevarena\/wp-json\/wp\/v2\/pages\/3823\/revisions"}],"predecessor-version":[{"id":4321,"href":"https:\/\/blogsaverroes.juntadeandalucia.es\/ceipconcepcionestevarena\/wp-json\/wp\/v2\/pages\/3823\/revisions\/4321"}],"wp:featuredmedia":[{"embeddable":true,"href":"https:\/\/blogsaverroes.juntadeandalucia.es\/ceipconcepcionestevarena\/wp-json\/wp\/v2\/media\/3826"}],"wp:attachment":[{"href":"https:\/\/blogsaverroes.juntadeandalucia.es\/ceipconcepcionestevarena\/wp-json\/wp\/v2\/media?parent=3823"}],"curies":[{"name":"wp","href":"https:\/\/api.w.org\/{rel}","templated":true}]}}