{"id":4064,"date":"2023-02-17T11:06:32","date_gmt":"2023-02-17T11:06:32","guid":{"rendered":"https:\/\/blogsaverroes.juntadeandalucia.es\/ceipconcepcionestevarena\/?page_id=4064"},"modified":"2023-02-17T11:06:32","modified_gmt":"2023-02-17T11:06:32","slug":"huerto-escolar","status":"publish","type":"page","link":"https:\/\/blogsaverroes.juntadeandalucia.es\/ceipconcepcionestevarena\/huerto-escolar\/","title":{"rendered":"Huerto Escolar"},"content":{"rendered":"<ol>\n<li>\n<h4>Nuestro Huerto<\/h4>\n<\/li>\n<li>\n<h4>Divulgaci\u00f3n cient\u00edfica:<\/h4>\n<ol>\n<li><a title=\"Un jard\u00edn para mi centro educativo\" href=\"http:\/\/libros.csic.es\/product_info.php?products_id=1637\" target=\"_blank\" rel=\"noopener noreferrer\">Un jard\u00edn para mi centro educativo<\/a> (Ebook en PDF para descarga gratuita)<\/li>\n<\/ol>\n<\/li>\n<\/ol>\n","protected":false},"excerpt":{"rendered":"<p>Nuestro Huerto Divulgaci\u00f3n cient\u00edfica: Un jard\u00edn para mi centro educativo (Ebook en PDF para descarga gratuita)<\/p>\n","protected":false},"author":10234,"featured_media":0,"parent":0,"menu_order":0,"comment_status":"closed","ping_status":"closed","template":"","meta":{"ngg_post_thumbnail":0,"footnotes":"","_mc_calendar":[]},"aioseo_notices":[],"_links":{"self":[{"href":"https:\/\/blogsaverroes.juntadeandalucia.es\/ceipconcepcionestevarena\/wp-json\/wp\/v2\/pages\/4064"}],"collection":[{"href":"https:\/\/blogsaverroes.juntadeandalucia.es\/ceipconcepcionestevarena\/wp-json\/wp\/v2\/pages"}],"about":[{"href":"https:\/\/blogsaverroes.juntadeandalucia.es\/ceipconcepcionestevarena\/wp-json\/wp\/v2\/types\/page"}],"author":[{"embeddable":true,"href":"https:\/\/blogsaverroes.juntadeandalucia.es\/ceipconcepcionestevarena\/wp-json\/wp\/v2\/users\/10234"}],"replies":[{"embeddable":true,"href":"https:\/\/blogsaverroes.juntadeandalucia.es\/ceipconcepcionestevarena\/wp-json\/wp\/v2\/comments?post=4064"}],"version-history":[{"count":1,"href":"https:\/\/blogsaverroes.juntadeandalucia.es\/ceipconcepcionestevarena\/wp-json\/wp\/v2\/pages\/4064\/revisions"}],"predecessor-version":[{"id":4066,"href":"https:\/\/blogsaverroes.juntadeandalucia.es\/ceipconcepcionestevarena\/wp-json\/wp\/v2\/pages\/4064\/revisions\/4066"}],"wp:attachment":[{"href":"https:\/\/blogsaverroes.juntadeandalucia.es\/ceipconcepcionestevarena\/wp-json\/wp\/v2\/media?parent=4064"}],"curies":[{"name":"wp","href":"https:\/\/api.w.org\/{rel}","templated":true}]}}