{"id":44,"date":"2015-03-13T08:42:15","date_gmt":"2015-03-13T08:42:15","guid":{"rendered":"http:\/\/blogsaverroes.juntadeandalucia.es\/pre\/ceip\/?page_id=44"},"modified":"2022-11-15T13:48:50","modified_gmt":"2022-11-15T13:48:50","slug":"planes-y-proyectos","status":"publish","type":"page","link":"https:\/\/blogsaverroes.juntadeandalucia.es\/ceipconcepcionestevarena\/planes-y-proyectos\/","title":{"rendered":"Planes y Proyectos Educativos"},"content":{"rendered":"<p><img loading=\"lazy\" decoding=\"async\" class=\"alignnone size-medium wp-image-1667\" src=\"https:\/\/blogsaverroes.juntadeandalucia.es\/ceipconcepcionestevarena\/files\/2015\/03\/planes-300x150.png\" alt=\"planes\" width=\"300\" height=\"150\" srcset=\"https:\/\/blogsaverroes.juntadeandalucia.es\/ceipconcepcionestevarena\/files\/2015\/03\/planes-300x150.png 300w, https:\/\/blogsaverroes.juntadeandalucia.es\/ceipconcepcionestevarena\/files\/2015\/03\/planes.png 640w\" sizes=\"(max-width: 300px) 100vw, 300px\" \/><\/p>\n<p><strong>Adhesi\u00f3n a diferentes Planes, Programas y Proyectos Educativos promovidos desde la Consejer\u00eda de Educaci\u00f3n y Deporte.<\/strong><\/p>\n<p>Se relacionan estos Planes, Programas y Proyectos Educativos desarrollados por el centro para el curso 2022-2023:<\/p>\n<ul>\n<li><strong><a title=\"Plan de Igualdad de G\u00e9nero en la Educaci\u00f3n\" href=\"https:\/\/blogsaverroes.juntadeandalucia.es\/ceipconcepcionestevarena\/plan-de-igualadad\/\" target=\"_blank\" rel=\"noopener noreferrer\">Plan de Igualdad de G\u00e9nero en la Educaci\u00f3n (incluye Pacto de Estado)<\/a>.<\/strong><\/li>\n<li><strong>Plan de Apoyo a las Familias Andaluzas: Comedor Escolar y Aula Matinal.<\/strong><\/li>\n<li><a title=\"Programa Escolar: Creciendo en Salud\" href=\"https:\/\/blogsaverroes.juntadeandalucia.es\/ceipconcepcionestevarena\/programa-escolar-creciendo-en-salud\/\" target=\"_blank\" rel=\"noopener noreferrer\"><strong>Promoci\u00f3n de H\u00e1bitos de Vida Saludable. Creciendo en Salud<\/strong><\/a><\/li>\n<li><a title=\"Plan TDE\" href=\"https:\/\/blogsaverroes.juntadeandalucia.es\/ceipconcepcionestevarena\/plan-de-tde\/\" target=\"_blank\" rel=\"noopener noreferrer\"><strong>Plan de Transformaci\u00f3n Digital Educativa<\/strong><\/a><\/li>\n<li><a title=\"AulaDjaque\" href=\"https:\/\/blogsaverroes.juntadeandalucia.es\/ceipconcepcionestevarena\/planes-y-proyectos\/auladjaque\/\" target=\"_blank\" rel=\"noopener noreferrer\"><strong>AulaDjaque<\/strong><\/a><\/li>\n<li><strong>Programa STEAM: Rob\u00f3tica aplicada al aula<\/strong><\/li>\n<li><strong>Programa de Refuerzo, orientaci\u00f3n y apoyo educativo (PROA Andaluc\u00eda)<\/strong><\/li>\n<li><strong>Programa de acompa\u00f1amiento en lengua extranjera (PALE)<\/strong><\/li>\n<li><strong>Escuelas Deportivas (Atletismo)<\/strong><\/li>\n<li>&#8230;&#8230;&#8230;&#8230;.<\/li>\n<\/ul>\n<p>&nbsp;<\/p>\n","protected":false},"excerpt":{"rendered":"<p>Adhesi\u00f3n a diferentes Planes, Programas y Proyectos Educativos promovidos desde la Consejer\u00eda de Educaci\u00f3n y Deporte. Se relacionan estos Planes, Programas y Proyectos Educativos desarrollados por el centro para el curso 2022-2023: Plan de&#46;&#46;&#46;<\/p>\n","protected":false},"author":1,"featured_media":0,"parent":0,"menu_order":0,"comment_status":"closed","ping_status":"closed","template":"page-cs.php","meta":{"ngg_post_thumbnail":0,"footnotes":"","_mc_calendar":[]},"aioseo_notices":[],"_links":{"self":[{"href":"https:\/\/blogsaverroes.juntadeandalucia.es\/ceipconcepcionestevarena\/wp-json\/wp\/v2\/pages\/44"}],"collection":[{"href":"https:\/\/blogsaverroes.juntadeandalucia.es\/ceipconcepcionestevarena\/wp-json\/wp\/v2\/pages"}],"about":[{"href":"https:\/\/blogsaverroes.juntadeandalucia.es\/ceipconcepcionestevarena\/wp-json\/wp\/v2\/types\/page"}],"author":[{"embeddable":true,"href":"https:\/\/blogsaverroes.juntadeandalucia.es\/ceipconcepcionestevarena\/wp-json\/wp\/v2\/users\/1"}],"replies":[{"embeddable":true,"href":"https:\/\/blogsaverroes.juntadeandalucia.es\/ceipconcepcionestevarena\/wp-json\/wp\/v2\/comments?post=44"}],"version-history":[{"count":16,"href":"https:\/\/blogsaverroes.juntadeandalucia.es\/ceipconcepcionestevarena\/wp-json\/wp\/v2\/pages\/44\/revisions"}],"predecessor-version":[{"id":3746,"href":"https:\/\/blogsaverroes.juntadeandalucia.es\/ceipconcepcionestevarena\/wp-json\/wp\/v2\/pages\/44\/revisions\/3746"}],"wp:attachment":[{"href":"https:\/\/blogsaverroes.juntadeandalucia.es\/ceipconcepcionestevarena\/wp-json\/wp\/v2\/media?parent=44"}],"curies":[{"name":"wp","href":"https:\/\/api.w.org\/{rel}","templated":true}]}}