{"id":5161,"date":"2024-02-19T18:25:06","date_gmt":"2024-02-19T16:25:06","guid":{"rendered":"https:\/\/blogsaverroes.juntadeandalucia.es\/ceipconcepcionestevarena\/?page_id=5161"},"modified":"2024-03-19T12:24:24","modified_gmt":"2024-03-19T10:24:24","slug":"geografia","status":"publish","type":"page","link":"https:\/\/blogsaverroes.juntadeandalucia.es\/ceipconcepcionestevarena\/geografia\/","title":{"rendered":"Geograf\u00eda: Recursos educativos geogr\u00e1ficos."},"content":{"rendered":"<h3><span style=\"font-family: georgia, palatino, serif;color: #008000\"><strong>ANDALUC\u00cdA<\/strong><\/span><\/h3>\n<p><a href=\"https:\/\/www.juntadeandalucia.es\/institutodeestadisticaycartografia\/educaieca\/htm\/es\/index.html\" target=\"_blank\" rel=\"noopener noreferrer\"><img loading=\"lazy\" decoding=\"async\" class=\"alignright wp-image-5356\" title=\"Portal educativo del Instituto de&nbsp; Estad\u00edstica y Cartograf\u00eda de Andaluc\u00eda\" src=\"https:\/\/blogsaverroes.juntadeandalucia.es\/ceipconcepcionestevarena\/files\/2024\/03\/099-educaIECA-imagen.jpg\" alt=\"Portal educatuvo de IECA\" width=\"186\" height=\"121\"><\/a><strong><span style=\"color: #008000\"><a style=\"color: #008000\" title=\"Portal educativo del Instituto de&nbsp; Estad\u00edstica y Cartograf\u00eda de Andaluc\u00eda.\" href=\"https:\/\/www.juntadeandalucia.es\/institutodeestadisticaycartografia\/educaieca\/htm\/es\/index.html\" target=\"_blank\" rel=\"noopener noreferrer\">educa IECA<\/a>.<\/span> Portal educativo del Instituto de&nbsp; Estad\u00edstica y Cartograf\u00eda de Andaluc\u00eda.<\/strong><\/p>\n<p><em>Juegos, actividades de estad\u00edstica y cartograf\u00eda, datos, publicaciones, mapas e infograf\u00edas.<\/em><\/p>\n<p>&nbsp;<\/p>\n<hr>\n<p><a title=\"Geo Sapiens\" href=\"https:\/\/educativo.ign.es\/geosapiens\/htm\/es\/index.html\" target=\"_blank\" rel=\"noopener noreferrer\"><img loading=\"lazy\" decoding=\"async\" class=\"alignleft size-medium wp-image-5162\" src=\"https:\/\/blogsaverroes.juntadeandalucia.es\/ceipconcepcionestevarena\/files\/2024\/02\/GeoSapiens_educativo.ign_.es_-300x206.jpeg\" alt=\"\" width=\"300\" height=\"206\" srcset=\"https:\/\/blogsaverroes.juntadeandalucia.es\/ceipconcepcionestevarena\/files\/2024\/02\/GeoSapiens_educativo.ign_.es_-300x206.jpeg 300w, https:\/\/blogsaverroes.juntadeandalucia.es\/ceipconcepcionestevarena\/files\/2024\/02\/GeoSapiens_educativo.ign_.es_-1024x705.jpeg 1024w, https:\/\/blogsaverroes.juntadeandalucia.es\/ceipconcepcionestevarena\/files\/2024\/02\/GeoSapiens_educativo.ign_.es_-768x529.jpeg 768w, https:\/\/blogsaverroes.juntadeandalucia.es\/ceipconcepcionestevarena\/files\/2024\/02\/GeoSapiens_educativo.ign_.es_.jpeg 1148w\" sizes=\"(max-width: 300px) 100vw, 300px\" \/><\/a><\/p>\n<h3><strong><span style=\"color: #008080;font-family: georgia, palatino, serif\">ESPA\u00d1A Y EL MUNDO<\/span><\/strong><\/h3>\n<p><a title=\"Geo Sapiens\" href=\"https:\/\/educativo.ign.es\/geosapiens\/htm\/es\/index.html\" target=\"_blank\" rel=\"noopener noreferrer\"><strong>GeoSapiens<\/strong><\/a> es una aplicaci\u00f3n de mapas interactivos para estudiar la geograf\u00eda f\u00edsica y pol\u00edtica de Espa\u00f1a y el mundo. Consta de diferentes juegos para estudiar toda Espa\u00f1a o por comunidades aut\u00f3nomas, el mundo completo y por continente. Adem\u00e1s, incluye un m\u00f3dulo de paisaje.<\/p>\n<p><a title=\"Informaci\u00f3n del recurso\" href=\"https:\/\/educativo.ign.es\/geosapiens\/media\/MasInformacionGeoSapiens.pdf\" target=\"_blank\" rel=\"noopener noreferrer\">M\u00e1s informaci\u00f3n sobre el recurso (PDF)<\/a><\/p>\n<p><a href=\"https:\/\/blogsaverroes.juntadeandalucia.es\/ceipconcepcionestevarena\/files\/2024\/02\/ico-Geosapiens.jpg\"><img loading=\"lazy\" decoding=\"async\" class=\"wp-image-5172 alignright\" src=\"https:\/\/blogsaverroes.juntadeandalucia.es\/ceipconcepcionestevarena\/files\/2024\/02\/ico-Geosapiens.jpg\" alt=\"\" width=\"88\" height=\"88\" srcset=\"https:\/\/blogsaverroes.juntadeandalucia.es\/ceipconcepcionestevarena\/files\/2024\/02\/ico-Geosapiens.jpg 266w, https:\/\/blogsaverroes.juntadeandalucia.es\/ceipconcepcionestevarena\/files\/2024\/02\/ico-Geosapiens-150x150.jpg 150w\" sizes=\"(max-width: 88px) 100vw, 88px\" \/><\/a><\/p>\n<p><strong>Aplicaci\u00f3n m\u00f3vil<\/strong> de mapas interactivos para estudiar la geograf\u00eda f\u00edsica, pol\u00edtica y el paisaje de Espa\u00f1a y el mundo. Es biling\u00fce (espa\u00f1ol e ingl\u00e9s) y la mayor\u00eda de los juegos no requieren conexi\u00f3n a internet.<\/p>\n<p>Disponible en : <a href=\"https:\/\/play.google.com\/store\/apps\/details?id=es.ign.geosapiens&amp;hl=es&amp;gl=ES\" target=\"_blank\" rel=\"noopener noreferrer\">Google Play<\/a>, <a href=\"https:\/\/apps.apple.com\/es\/app\/geosapiens-ign\/id1536556160?ign-mpt=uo%3D2\" target=\"_blank\" rel=\"noopener noreferrer\">App Store<\/a>, <a href=\"https:\/\/appgallery.huawei.com\/#\/app\/C103452653\" target=\"_blank\" rel=\"noopener noreferrer\">AppGallery<\/a><\/p>\n<hr>\n<p><a title=\"Recurso educativos\" href=\"https:\/\/www.ign.es\/web\/recursos-educativos#\" target=\"_blank\" rel=\"noopener noreferrer\"><img loading=\"lazy\" decoding=\"async\" class=\"alignleft size-medium wp-image-5166\" src=\"https:\/\/blogsaverroes.juntadeandalucia.es\/ceipconcepcionestevarena\/files\/2024\/02\/Educa-IGN_cabecera-300x40.jpg\" alt=\"\" width=\"300\" height=\"40\" srcset=\"https:\/\/blogsaverroes.juntadeandalucia.es\/ceipconcepcionestevarena\/files\/2024\/02\/Educa-IGN_cabecera-300x40.jpg 300w, https:\/\/blogsaverroes.juntadeandalucia.es\/ceipconcepcionestevarena\/files\/2024\/02\/Educa-IGN_cabecera-1024x137.jpg 1024w, https:\/\/blogsaverroes.juntadeandalucia.es\/ceipconcepcionestevarena\/files\/2024\/02\/Educa-IGN_cabecera-768x102.jpg 768w, https:\/\/blogsaverroes.juntadeandalucia.es\/ceipconcepcionestevarena\/files\/2024\/02\/Educa-IGN_cabecera-1536x205.jpg 1536w, https:\/\/blogsaverroes.juntadeandalucia.es\/ceipconcepcionestevarena\/files\/2024\/02\/Educa-IGN_cabecera-2048x273.jpg 2048w, https:\/\/blogsaverroes.juntadeandalucia.es\/ceipconcepcionestevarena\/files\/2024\/02\/Educa-IGN_cabecera.jpg 1600w\" sizes=\"(max-width: 300px) 100vw, 300px\" \/><\/a>M\u00e1s <strong>recursos educativos geogr\u00e1ficos<\/strong> disponibles en Educa IGN. Material did\u00e1ctico, mapas, videos y juegos.<\/p>\n<hr>\n<p><a title=\"Atlas NAcional de Espa\u00f1a\" href=\"https:\/\/www.ign.es\/web\/ane-area-ane\" target=\"_blank\" rel=\"noopener noreferrer\"><img loading=\"lazy\" decoding=\"async\" class=\"wp-image-5180 size-thumbnail alignright\" src=\"https:\/\/blogsaverroes.juntadeandalucia.es\/ceipconcepcionestevarena\/files\/2024\/02\/Atlas_ANE_web-150x150.png\" alt=\"\" width=\"150\" height=\"150\"><\/a><strong>Atlas Nacional de Espa\u00f1a (ANE)<\/strong>: Esta p\u00e1gina incluye datos, informaci\u00f3n y conocimientos relacionados con los trabajos realizados en el Atlas Nacional de Espa\u00f1a.<\/p>\n<p>&nbsp;<\/p>\n","protected":false},"excerpt":{"rendered":"<p>ANDALUC\u00cdA educa IECA. Portal educativo del Instituto de&nbsp; Estad\u00edstica y Cartograf\u00eda de Andaluc\u00eda. Juegos, actividades de estad\u00edstica y cartograf\u00eda, datos, publicaciones, mapas e infograf\u00edas. &nbsp; ESPA\u00d1A Y EL MUNDO GeoSapiens es una aplicaci\u00f3n de&#46;&#46;&#46;<\/p>\n","protected":false},"author":10234,"featured_media":0,"parent":0,"menu_order":0,"comment_status":"closed","ping_status":"closed","template":"","meta":{"ngg_post_thumbnail":0,"footnotes":"","_mc_calendar":[]},"aioseo_notices":[],"_links":{"self":[{"href":"https:\/\/blogsaverroes.juntadeandalucia.es\/ceipconcepcionestevarena\/wp-json\/wp\/v2\/pages\/5161"}],"collection":[{"href":"https:\/\/blogsaverroes.juntadeandalucia.es\/ceipconcepcionestevarena\/wp-json\/wp\/v2\/pages"}],"about":[{"href":"https:\/\/blogsaverroes.juntadeandalucia.es\/ceipconcepcionestevarena\/wp-json\/wp\/v2\/types\/page"}],"author":[{"embeddable":true,"href":"https:\/\/blogsaverroes.juntadeandalucia.es\/ceipconcepcionestevarena\/wp-json\/wp\/v2\/users\/10234"}],"replies":[{"embeddable":true,"href":"https:\/\/blogsaverroes.juntadeandalucia.es\/ceipconcepcionestevarena\/wp-json\/wp\/v2\/comments?post=5161"}],"version-history":[{"count":25,"href":"https:\/\/blogsaverroes.juntadeandalucia.es\/ceipconcepcionestevarena\/wp-json\/wp\/v2\/pages\/5161\/revisions"}],"predecessor-version":[{"id":5367,"href":"https:\/\/blogsaverroes.juntadeandalucia.es\/ceipconcepcionestevarena\/wp-json\/wp\/v2\/pages\/5161\/revisions\/5367"}],"wp:attachment":[{"href":"https:\/\/blogsaverroes.juntadeandalucia.es\/ceipconcepcionestevarena\/wp-json\/wp\/v2\/media?parent=5161"}],"curies":[{"name":"wp","href":"https:\/\/api.w.org\/{rel}","templated":true}]}}