{"id":77,"date":"2015-03-16T06:54:56","date_gmt":"2015-03-16T06:54:56","guid":{"rendered":"http:\/\/blogsaverroes.juntadeandalucia.es\/pre\/ceip\/?page_id=77"},"modified":"2025-04-28T11:41:37","modified_gmt":"2025-04-28T09:41:37","slug":"secretaria","status":"publish","type":"page","link":"https:\/\/blogsaverroes.juntadeandalucia.es\/ceipconcepcionestevarena\/secretaria\/","title":{"rendered":"Secretar\u00eda"},"content":{"rendered":"<ul>\n<li><strong>Horario de atenci\u00f3n al p\u00fablico (presencial): <\/strong>De 10:30 a 12:00 h.<\/li>\n<\/ul>\n<p><strong><a title=\"Contactar\" href=\"https:\/\/blogsaverroes.juntadeandalucia.es\/ceipconcepcionestevarena\/contactar\/\" target=\"_blank\" rel=\"noopener noreferrer\"><img loading=\"lazy\" decoding=\"async\" class=\"alignleft wp-image-4401 \" src=\"https:\/\/blogsaverroes.juntadeandalucia.es\/ceipconcepcionestevarena\/files\/2023\/05\/Contacto_web-1-300x102.png\" alt=\"Contactar\" width=\"224\" height=\"76\" srcset=\"https:\/\/blogsaverroes.juntadeandalucia.es\/ceipconcepcionestevarena\/files\/2023\/05\/Contacto_web-1-300x102.png 300w, https:\/\/blogsaverroes.juntadeandalucia.es\/ceipconcepcionestevarena\/files\/2023\/05\/Contacto_web-1-768x261.png 768w, https:\/\/blogsaverroes.juntadeandalucia.es\/ceipconcepcionestevarena\/files\/2023\/05\/Contacto_web-1.png 800w\" sizes=\"(max-width: 224px) 100vw, 224px\" \/><\/a>Contactar:&nbsp;<\/strong><em>Si desea contactar con nosotros, rellene el siguiente cuestionario haciendo \u00abclic\u00bb en la imagen. Intentaremos contestarle a la mayor brevedad posible. *(campo obligatorio)<\/em><\/p>\n<hr>\n<h4>Tr\u00e1mites electr\u00f3nicos:<\/h4>\n<p><a title=\"Administraci\u00f3n electr\u00f3nica\" href=\"https:\/\/blogsaverroes.juntadeandalucia.es\/ceipconcepcionestevarena\/secretaria\/administracion-electronica\/\" target=\"_blank\" rel=\"noopener noreferrer\"><img loading=\"lazy\" decoding=\"async\" class=\" wp-image-2388 alignleft\" src=\"https:\/\/blogsaverroes.juntadeandalucia.es\/ceipconcepcionestevarena\/files\/2020\/09\/Secretar\u00eda-Virtual-de-los-centros-docentes-andaluces-300x71.png\" alt=\"secretar\u00eda Virtual de los centros educativos\" width=\"258\" height=\"61\" srcset=\"https:\/\/blogsaverroes.juntadeandalucia.es\/ceipconcepcionestevarena\/files\/2020\/09\/Secretar\u00eda-Virtual-de-los-centros-docentes-andaluces-300x71.png 300w, https:\/\/blogsaverroes.juntadeandalucia.es\/ceipconcepcionestevarena\/files\/2020\/09\/Secretar\u00eda-Virtual-de-los-centros-docentes-andaluces-24x6.png 24w, https:\/\/blogsaverroes.juntadeandalucia.es\/ceipconcepcionestevarena\/files\/2020\/09\/Secretar\u00eda-Virtual-de-los-centros-docentes-andaluces-36x9.png 36w, https:\/\/blogsaverroes.juntadeandalucia.es\/ceipconcepcionestevarena\/files\/2020\/09\/Secretar\u00eda-Virtual-de-los-centros-docentes-andaluces-48x11.png 48w, https:\/\/blogsaverroes.juntadeandalucia.es\/ceipconcepcionestevarena\/files\/2020\/09\/Secretar\u00eda-Virtual-de-los-centros-docentes-andaluces.png 399w\" sizes=\"(max-width: 258px) 100vw, 258px\" \/><\/a><\/p>\n<p><a title=\"Administraci\u00f3n electr\u00f3nica\" href=\"https:\/\/blogsaverroes.juntadeandalucia.es\/ceipconcepcionestevarena\/secretaria\/administracion-electronica\/\" target=\"_blank\" rel=\"noopener noreferrer\">\u00c1rea de Gesti\u00f3n de tr\u00e1mites electr\u00f3nicos<\/a><\/p>\n<hr>\n<h4>Ayudas para alumnado con necesidades espec\u00edficas de apoyo educativo. <a title=\"Ayudas de Apoyo Educativo.\" href=\"https:\/\/blogsaverroes.juntadeandalucia.es\/ceipconcepcionestevarena\/ayudas-para-alumnado-con-necesidades-especificas-de-apoyo-educativo\/\">M\u00e1s informaci\u00f3n&gt;&gt;&gt;<\/a><\/h4>\n<hr>\n<h4>Solicitud de Utilizaci\u00f3n de las instalaciones: <a title=\"Utilizaci\u00f3n de las instalaciones del centro\" href=\"https:\/\/blogsaverroes.juntadeandalucia.es\/ceipconcepcionestevarena\/servicios-complementarios\/utilizacion-de-las-instalaciones-del-centro\/\" target=\"_blank\" rel=\"noopener noreferrer\">M\u00e1s informaci\u00f3n&gt;&gt;&gt;<\/a><\/h4>\n","protected":false},"excerpt":{"rendered":"<p>Horario de atenci\u00f3n al p\u00fablico (presencial): De 10:30 a 12:00 h. Contactar:&nbsp;Si desea contactar con nosotros, rellene el siguiente cuestionario haciendo \u00abclic\u00bb en la imagen. Intentaremos contestarle a la mayor brevedad posible. *(campo obligatorio)&#46;&#46;&#46;<\/p>\n","protected":false},"author":1,"featured_media":0,"parent":0,"menu_order":0,"comment_status":"closed","ping_status":"open","template":"","meta":{"ngg_post_thumbnail":0,"footnotes":"","_mc_calendar":[]},"aioseo_notices":[],"_links":{"self":[{"href":"https:\/\/blogsaverroes.juntadeandalucia.es\/ceipconcepcionestevarena\/wp-json\/wp\/v2\/pages\/77"}],"collection":[{"href":"https:\/\/blogsaverroes.juntadeandalucia.es\/ceipconcepcionestevarena\/wp-json\/wp\/v2\/pages"}],"about":[{"href":"https:\/\/blogsaverroes.juntadeandalucia.es\/ceipconcepcionestevarena\/wp-json\/wp\/v2\/types\/page"}],"author":[{"embeddable":true,"href":"https:\/\/blogsaverroes.juntadeandalucia.es\/ceipconcepcionestevarena\/wp-json\/wp\/v2\/users\/1"}],"replies":[{"embeddable":true,"href":"https:\/\/blogsaverroes.juntadeandalucia.es\/ceipconcepcionestevarena\/wp-json\/wp\/v2\/comments?post=77"}],"version-history":[{"count":40,"href":"https:\/\/blogsaverroes.juntadeandalucia.es\/ceipconcepcionestevarena\/wp-json\/wp\/v2\/pages\/77\/revisions"}],"predecessor-version":[{"id":6389,"href":"https:\/\/blogsaverroes.juntadeandalucia.es\/ceipconcepcionestevarena\/wp-json\/wp\/v2\/pages\/77\/revisions\/6389"}],"wp:attachment":[{"href":"https:\/\/blogsaverroes.juntadeandalucia.es\/ceipconcepcionestevarena\/wp-json\/wp\/v2\/media?parent=77"}],"curies":[{"name":"wp","href":"https:\/\/api.w.org\/{rel}","templated":true}]}}