{"id":869,"date":"2019-03-30T07:03:52","date_gmt":"2019-03-30T05:03:52","guid":{"rendered":"http:\/\/blogsaverroes.juntadeandalucia.es\/pre\/ceip\/?page_id=84"},"modified":"2025-12-18T14:49:07","modified_gmt":"2025-12-18T12:49:07","slug":"calendario-escolar","status":"publish","type":"page","link":"https:\/\/blogsaverroes.juntadeandalucia.es\/ceipconcepcionestevarena\/curso-escolar\/calendario-escolar\/","title":{"rendered":"Calendario escolar"},"content":{"rendered":"<h2>Calendario escolar 2025-2026<\/h2>\n<p><strong><span lang=\"es-ES\"><a title=\"Resoluci\u00f3n Calendario 2025_2026(F)\" href=\"https:\/\/www.juntadeandalucia.es\/educacion\/portales\/documents\/1176698\/2082871\/RESOL%20CALEND%2025_26(F).pdf\/d6d9771b-6ad8-1787-5bae-0d739c4b178c?version=1.0\" target=\"_blank\" rel=\"noopener\">RESOLUCI\u00d3N<\/a> DE LA DELEGACI\u00d3N TERRITORIAL DE LA CONSEJER\u00cdA DE EDUCACI\u00d3N Y DEPORTE EN SEVILLA <\/span>POR LA QUE SE APRUEBAN EL CALENDARIO Y LA JORNADA ESCOLAR EN LOS CENTROS DOCENTES NO UNIVERSITARIOS PARA EL CURSO ACAD\u00c9MICO 2025\/2026. (29\/0<span lang=\"es-ES\">5\/20<\/span><span lang=\"es-ES\">25<\/span><span lang=\"es-ES\">).<\/span><\/strong><\/p>\n<p>Actualizaciones al calendario escolar:<\/p>\n<ul>\n<li>Fiestas locales (Sevilla): 22 de abril y 4 de junio (BOJA 197, de 14\/10\/2025)<\/li>\n<li>D\u00edas de libre disposici\u00f3n autorizados (Local): 23 y 24 de abril (Resoluci\u00f3n de 16\/12\/2025)<\/li>\n<\/ul>\n<p><a href=\"https:\/\/blogsaverroes.juntadeandalucia.es\/ceipconcepcionestevarena\/files\/2025\/12\/CalendarioEscolar_22526_v2_20251216.color_-1.pdf\" target=\"_blank\" rel=\"noopener\">Calendario Escolar_22526_v2_20251216<\/a><\/p>\n<h2><a href=\"https:\/\/blogsaverroes.juntadeandalucia.es\/ceipconcepcionestevarena\/files\/2025\/12\/Calendar_2526_v2-1.png\"><img loading=\"lazy\" decoding=\"async\" class=\"aligncenter wp-image-6776 size-full\" src=\"https:\/\/blogsaverroes.juntadeandalucia.es\/ceipconcepcionestevarena\/files\/2025\/12\/Calendar_2526_v2-1.png\" alt=\"\" width=\"580\" height=\"753\" srcset=\"https:\/\/blogsaverroes.juntadeandalucia.es\/ceipconcepcionestevarena\/files\/2025\/12\/Calendar_2526_v2-1.png 580w, https:\/\/blogsaverroes.juntadeandalucia.es\/ceipconcepcionestevarena\/files\/2025\/12\/Calendar_2526_v2-1-231x300.png 231w\" sizes=\"(max-width: 580px) 100vw, 580px\" \/><\/a><\/h2>\n<h2><!--nextpage-->Calendario escolar 2024-2025<\/h2>\n<p><strong><span lang=\"es-ES\"><a title=\"Resoluci\u00f3n Calendario 2024_2025(F)\" href=\"https:\/\/blogsaverroes.juntadeandalucia.es\/ceipconcepcionestevarena\/files\/2024\/06\/Resolucion-Calendario-2024_2025F.pdf\" target=\"_blank\" rel=\"noopener\">RESOLUCI\u00d3N<\/a> DE LA DELEGACI\u00d3N TERRITORIAL DE LA CONSEJER\u00cdA DE EDUCACI\u00d3N Y DEPORTE EN SEVILLA <\/span>POR LA QUE SE APRUEBAN EL CALENDARIO Y LA JORNADA ESCOLAR EN LOS CENTROS DOCENTES NO UNIVERSITARIOS PARA EL CURSO ACAD\u00c9MICO 2024\/2025. (29\/0<span lang=\"es-ES\">5\/20<\/span><span lang=\"es-ES\">24<\/span><span lang=\"es-ES\">).<\/span><\/strong><\/p>\n<p>Actualizaciones al calendario escolar:<\/p>\n<ul>\n<li>D\u00edas de libre disposici\u00f3n autorizados (Local): 8 y 9 de mayo de 2025.<\/li>\n<li>Fiestas locales (Sevilla): 7 de mayo (Feria de Abril) y 19 de junio (Corpus Christi) (BOJA 198 de 10\/10\/2024)<\/li>\n<\/ul>\n<p><a title=\"Calendario Escolar_2425\" href=\"https:\/\/blogsaverroes.juntadeandalucia.es\/ceipconcepcionestevarena\/curso-escolar\/calendario-escolar\/calendarioescolar_2425_v3_20241010-color\/\" target=\"_blank\" rel=\"noopener\">Calendario Escolar_2425_v3_20241010.color<\/a><\/p>\n<p><a title=\"Calendario escolar 24-25 (PNG)\" href=\"https:\/\/blogsaverroes.juntadeandalucia.es\/ceipconcepcionestevarena\/curso-escolar\/calendario-escolar\/calendar_2425_v30-w\/\" target=\"_blank\" rel=\"noopener\"><img loading=\"lazy\" decoding=\"async\" class=\"aligncenter wp-image-6094 size-full\" src=\"https:\/\/blogsaverroes.juntadeandalucia.es\/ceipconcepcionestevarena\/files\/2025\/02\/Calendar_2425_v30-w.png\" alt=\"\" width=\"580\" height=\"774\" srcset=\"https:\/\/blogsaverroes.juntadeandalucia.es\/ceipconcepcionestevarena\/files\/2025\/02\/Calendar_2425_v30-w.png 580w, https:\/\/blogsaverroes.juntadeandalucia.es\/ceipconcepcionestevarena\/files\/2025\/02\/Calendar_2425_v30-w-225x300.png 225w\" sizes=\"(max-width: 580px) 100vw, 580px\" \/><\/a><\/p>\n<p><!--nextpage--><\/p>\n<h2><span style=\"color: #003300\">Calendario escolar 2023-2024<\/span><\/h2>\n<p style=\"text-align: justify\"><strong><span style=\"font-family: georgia, palatino, serif\"><span style=\"color: #21211e\"><span style=\"font-size: small\"><span lang=\"es-ES\"><a href=\"https:\/\/www.juntadeandalucia.es\/educacion\/portals\/web\/ced\/delegaciones\/sevilla\/detalle-de-la-novedad\/-\/contenidos\/detalle\/resolucion-de-la-delegacion-territorial-de-desarrollo-educativo-y-formacion-profesional-y-de-universidad-investigacion-108b6lq9oqlx4\" target=\"_blank\" rel=\"noopener noreferrer\">RESOLUCI\u00d3N<\/a> DE LA DELEGACI\u00d3N TERRITORIAL DE LA CONSEJER\u00cdA DE EDUCACI\u00d3N Y DEPORTE EN SEVILLA <\/span><\/span><\/span><span style=\"color: #21211e\"><span style=\"font-size: small\">POR LA QUE SE APRUEBAN EL CALENDARIO Y LA JORNADA ESCOLAR EN LOS CENTROS DOCENTES NO UNIVERSITARIOS PARA EL CURSO ACAD\u00c9MICO 202<\/span><\/span><span style=\"color: #21211e\"><span style=\"font-size: small\">3<\/span><\/span><span style=\"color: #21211e\"><span style=\"font-size: small\">\/202<\/span><\/span><span style=\"color: #21211e\"><span style=\"font-size: small\">4<\/span><\/span><span style=\"color: #21211e\"><span style=\"font-size: small\">. <\/span><\/span><span style=\"color: #21211e\"><span style=\"font-size: small\">(<\/span><\/span><span style=\"color: #21211e\"><span style=\"font-size: small\">30\/0<\/span><\/span><span style=\"color: #21211e\"><span style=\"font-size: small\"><span lang=\"es-ES\">5\/20<\/span><\/span><\/span><span style=\"color: #21211e\"><span style=\"font-size: small\"><span lang=\"es-ES\">2<\/span><\/span><\/span><span style=\"color: #21211e\"><span style=\"font-size: small\"><span lang=\"es-ES\">3<\/span><\/span><\/span><span style=\"color: #21211e\"><span style=\"font-size: small\"><span lang=\"es-ES\">).<\/span><\/span><\/span><\/span><\/strong><\/p>\n<ul>\n<li><span style=\"font-family: georgia, palatino, serif\"><em><strong>Actualizaci\u00f3n de 29\/01\/2024:<\/strong> D\u00edas de Libre Disposici\u00f3n autorizados, <strong>18 y 19 de abril de 2024<\/strong>. (<a href=\"https:\/\/blogsaverroes.juntadeandalucia.es\/ceipconcepcionestevarena\/files\/2024\/01\/E_202454-Resoluci\u00f3n-DLD-Delegaci\u00f3n-Territorial-de-Educaci\u00f3n.pdf\" target=\"_blank\" rel=\"noopener noreferrer\">Resoluci\u00f3n Delegaci\u00f3n Territorial de Educaci\u00f3n<\/a>)<\/em><\/span><\/li>\n<li><span style=\"font-family: georgia, palatino, serif\"><strong><em>Actualizaci\u00f3n de 21\/12\/2023: <\/em><\/strong><a title=\"Festivos locales, 2024\" href=\"https:\/\/www.juntadeandalucia.es\/eboja\/2023\/243\/BOJA23-243-00022-40198-01_00294379.pdf\" target=\"_blank\" rel=\"noopener noreferrer\"><em>Festivos locales, Sevilla: 17 de abril y 30 de mayo (BOJA 243 de 21\/12\/2023)<\/em><\/a><\/span><\/li>\n<\/ul>\n<p><a title=\"Ver\/Imprimir Calendario Escolar 23-24 (PDF)\" href=\"https:\/\/blogsaverroes.juntadeandalucia.es\/ceipconcepcionestevarena\/files\/2024\/01\/CalendarioEscolar_2324_v3w_20240124.color_.pdf\" target=\"_blank\" rel=\"noopener noreferrer\">Ver\/Imprimir Calendario Escolar 23-24 (PDF)<\/a><br \/>\n<a href=\"https:\/\/blogsaverroes.juntadeandalucia.es\/ceipconcepcionestevarena\/files\/2024\/01\/Calendar_2324_v3-1.png\"><img loading=\"lazy\" decoding=\"async\" class=\"alignleft wp-image-5080 size-full\" src=\"https:\/\/blogsaverroes.juntadeandalucia.es\/ceipconcepcionestevarena\/files\/2024\/01\/Calendar_2324_v3-1.png\" alt=\"\" width=\"580\" height=\"761\" srcset=\"https:\/\/blogsaverroes.juntadeandalucia.es\/ceipconcepcionestevarena\/files\/2024\/01\/Calendar_2324_v3-1.png 580w, https:\/\/blogsaverroes.juntadeandalucia.es\/ceipconcepcionestevarena\/files\/2024\/01\/Calendar_2324_v3-1-229x300.png 229w\" sizes=\"(max-width: 580px) 100vw, 580px\" \/><\/a><\/p>\n<p>&nbsp;<\/p>\n<p><!--nextpage--><\/p>\n<h2><span style=\"color: #003300\">Calendario escolar 2022-2023<\/span><\/h2>\n<ul>\n<li>Actualizaci\u00f3n de 24\/10\/2022: D\u00edas de libre disposici\u00f3n (Sevilla capital), 27 y 28 de abril de 2023.<\/li>\n<li>Actualizaci\u00f3n de 21\/12\/2022: Fiesta Locales (Sevilla capital), 26 de abril y 8 de junio (Resoluci\u00f3n de 14\/12\/2022 BOJA 243, de 21\/12\/2022)<\/li>\n<li>Calendario actualizado (versi\u00f3n para imprimir PDF): <a href=\"https:\/\/blogsaverroes.juntadeandalucia.es\/ceipconcepcionestevarena\/files\/2022\/12\/CalendarioEscolar_2223_v31_20221222.color_.pdf\" target=\"_blank\" rel=\"noopener noreferrer\">CalendarioEscolar_2223_v31<\/a><\/li>\n<\/ul>\n<p><a href=\"https:\/\/blogsaverroes.juntadeandalucia.es\/ceipconcepcionestevarena\/files\/2022\/12\/Calendar_2223_v31-1.png\"><img loading=\"lazy\" decoding=\"async\" class=\"aligncenter wp-image-3874 size-full\" src=\"https:\/\/blogsaverroes.juntadeandalucia.es\/ceipconcepcionestevarena\/files\/2022\/12\/Calendar_2223_v31-1.png\" alt=\"\" width=\"580\" height=\"783\" srcset=\"https:\/\/blogsaverroes.juntadeandalucia.es\/ceipconcepcionestevarena\/files\/2022\/12\/Calendar_2223_v31-1.png 580w, https:\/\/blogsaverroes.juntadeandalucia.es\/ceipconcepcionestevarena\/files\/2022\/12\/Calendar_2223_v31-1-222x300.png 222w\" sizes=\"(max-width: 580px) 100vw, 580px\" \/><\/a><\/p>\n<p><a href=\"https:\/\/www.juntadeandalucia.es\/educacion\/portals\/delegate\/content\/a5ce857d-e7a6-4049-b685-a8215ee92bce\/Resolucion%20Calendario%202022_2023\" target=\"_blank\" rel=\"noopener noreferrer\">Resoluci\u00f3n calendario escolar 2022-2023 (30-05-2022)<\/a><\/p>\n<p><!--nextpage--><\/p>\n<h2><span style=\"color: #008000\">Calendario escolar 2021-2022<\/span><\/h2>\n<p>Resoluci\u00f3n de 28 de mayo de 2021 de la Delegaci\u00f3n Territorial de Educaci\u00f3n, Deporte, Igualdad, Pol\u00edticas Sociales y Conciliaci\u00f3n en Sevilla por la que se dictan las normas que han de regir el calendario escolar para el curso 2021\/2022 en todos los centros docentes, a excepci\u00f3n de los universitarios.<\/p>\n<p><strong>Actualizaci\u00f3n de 25\/10\/2021:<\/strong> D\u00edas de Libre Disposici\u00f3n autorizados, <span style=\"text-decoration: underline\">7 de diciembre de 2021 y 3 de mayo de 2022.<\/span><\/p>\n<p><strong>Actualizaci\u00f3n de 21\/12\/2021:<\/strong> Fiestas locales en Andaluc\u00eda (2022). Sevilla capital: 4 de mayo y 16 de junio de 2022 (<a href=\"https:\/\/www.juntadeandalucia.es\/boja\/2021\/243\/BOJA21-243-00016-20074-01_00252333.pdf\" target=\"_blank\" rel=\"noopener noreferrer\">BOJA 243, de 21\/12\/2021<\/a>.)<\/p>\n<p><a href=\"https:\/\/blogsaverroes.juntadeandalucia.es\/ceipconcepcionestevarena\/files\/2022\/03\/CalendarioEscolar_2122_v3_20220110.color_Cartel-m.pdf\" target=\"_blank\" rel=\"noopener noreferrer\">CalendarioEscolar_2122_v3_20220110.color_Cartel m (versi\u00f3n impresa PDF)<\/a><\/p>\n<p><!--nextpage--><\/p>\n<h2><span style=\"color: #003300\"><strong>Calendario Escolar 2020-2021<\/strong><\/span><\/h2>\n<p>Resoluci\u00f3n de 30 de mayo de 2020 de la Delegaci\u00f3n Territorial de Educaci\u00f3n, Deporte, Igualdad, Pol\u00edticas Sociales y Conciliaci\u00f3n de Sevilla por la que se dictan las normas que han de regir el calendario escolar para el curso 2020\/2021 en todos los centros docentes, a excepci\u00f3n de los universitarios.<\/p>\n<p><a href=\"https:\/\/blogsaverroes.juntadeandalucia.es\/ceipconcepcionestevarena\/files\/2020\/12\/CalEsc2021v03.jpg\" target=\"_blank\" rel=\"noopener noreferrer\"><img loading=\"lazy\" decoding=\"async\" class=\"alignnone wp-image-2463 size-medium\" src=\"https:\/\/blogsaverroes.juntadeandalucia.es\/ceipconcepcionestevarena\/files\/2020\/12\/CalEsc2021v03-233x300.jpg\" alt=\"\" width=\"233\" height=\"300\" srcset=\"https:\/\/blogsaverroes.juntadeandalucia.es\/ceipconcepcionestevarena\/files\/2020\/12\/CalEsc2021v03-233x300.jpg 233w, https:\/\/blogsaverroes.juntadeandalucia.es\/ceipconcepcionestevarena\/files\/2020\/12\/CalEsc2021v03-19x24.jpg 19w, https:\/\/blogsaverroes.juntadeandalucia.es\/ceipconcepcionestevarena\/files\/2020\/12\/CalEsc2021v03-28x36.jpg 28w, https:\/\/blogsaverroes.juntadeandalucia.es\/ceipconcepcionestevarena\/files\/2020\/12\/CalEsc2021v03-37x48.jpg 37w, https:\/\/blogsaverroes.juntadeandalucia.es\/ceipconcepcionestevarena\/files\/2020\/12\/CalEsc2021v03.jpg 579w\" sizes=\"(max-width: 233px) 100vw, 233px\" \/><\/a><\/p>\n<p><a title=\"Calendario Escolar Versi\u00f3n para imprimir\" href=\"https:\/\/blogsaverroes.juntadeandalucia.es\/ceipconcepcionestevarena\/files\/2020\/12\/CalendarioEscolar_2021_v3_20201203-color.pdf\" target=\"_blank\" rel=\"noopener noreferrer\">Calendario Escolar 20-21. Versi\u00f3n para imprimir<\/a><\/p>\n<p>Actualizaci\u00f3n Calendario Escolar 20-21:<\/p>\n<ul>\n<li>23 de septiembre de 2020 (Fiesta Local Sevilla)<\/li>\n<li>7 de enero de 2021 (D\u00eda de libre disposici\u00f3n)<\/li>\n<li>21 de abril de 2021 (Fiesta local)<\/li>\n<li>3 de junio de 2021 (Fiesta local)<\/li>\n<\/ul>\n<p>&nbsp;<\/p>\n<h4 style=\"text-align: center\"><strong>&nbsp;<\/strong><\/h4>\n<p style=\"text-align: center\">&nbsp;<\/p>\n","protected":false},"excerpt":{"rendered":"<p>Calendario escolar 2025-2026 RESOLUCI\u00d3N DE LA DELEGACI\u00d3N TERRITORIAL DE LA CONSEJER\u00cdA DE EDUCACI\u00d3N Y DEPORTE EN SEVILLA POR LA QUE SE APRUEBAN EL CALENDARIO Y LA JORNADA ESCOLAR EN LOS CENTROS DOCENTES NO UNIVERSITARIOS&#46;&#46;&#46;<\/p>\n","protected":false},"author":1000,"featured_media":0,"parent":80,"menu_order":0,"comment_status":"closed","ping_status":"closed","template":"","meta":{"ngg_post_thumbnail":0,"footnotes":"","_mc_calendar":[]},"aioseo_notices":[],"_links":{"self":[{"href":"https:\/\/blogsaverroes.juntadeandalucia.es\/ceipconcepcionestevarena\/wp-json\/wp\/v2\/pages\/869"}],"collection":[{"href":"https:\/\/blogsaverroes.juntadeandalucia.es\/ceipconcepcionestevarena\/wp-json\/wp\/v2\/pages"}],"about":[{"href":"https:\/\/blogsaverroes.juntadeandalucia.es\/ceipconcepcionestevarena\/wp-json\/wp\/v2\/types\/page"}],"author":[{"embeddable":true,"href":"https:\/\/blogsaverroes.juntadeandalucia.es\/ceipconcepcionestevarena\/wp-json\/wp\/v2\/users\/1000"}],"replies":[{"embeddable":true,"href":"https:\/\/blogsaverroes.juntadeandalucia.es\/ceipconcepcionestevarena\/wp-json\/wp\/v2\/comments?post=869"}],"version-history":[{"count":87,"href":"https:\/\/blogsaverroes.juntadeandalucia.es\/ceipconcepcionestevarena\/wp-json\/wp\/v2\/pages\/869\/revisions"}],"predecessor-version":[{"id":6779,"href":"https:\/\/blogsaverroes.juntadeandalucia.es\/ceipconcepcionestevarena\/wp-json\/wp\/v2\/pages\/869\/revisions\/6779"}],"up":[{"embeddable":true,"href":"https:\/\/blogsaverroes.juntadeandalucia.es\/ceipconcepcionestevarena\/wp-json\/wp\/v2\/pages\/80"}],"wp:attachment":[{"href":"https:\/\/blogsaverroes.juntadeandalucia.es\/ceipconcepcionestevarena\/wp-json\/wp\/v2\/media?parent=869"}],"curies":[{"name":"wp","href":"https:\/\/api.w.org\/{rel}","templated":true}]}}