{"id":870,"date":"2024-04-22T11:00:27","date_gmt":"2024-04-22T09:00:27","guid":{"rendered":"http:\/\/blogsaverroes.juntadeandalucia.es\/pre\/ceip\/?page_id=103"},"modified":"2025-11-07T13:59:43","modified_gmt":"2025-11-07T11:59:43","slug":"aula-matinal","status":"publish","type":"page","link":"https:\/\/blogsaverroes.juntadeandalucia.es\/ceipconcepcionestevarena\/aula-matinal\/","title":{"rendered":"Aula Matinal"},"content":{"rendered":"<p>El <strong>Aula Matinal<\/strong> abre a las 7:30 horas de lunes a viernes, ofreciendo actividades diversas a los estudiantes hasta el comienzo del horario lectivo.<\/p>\n<p><span style=\"color: #000080\"><strong>Horario de acceso usuarios:<\/strong><\/span><\/p>\n<ul>\n<li>Continuado: De 7:30h a 8:45h. Pulsar el timbre, esperar apertura de puerta y seguir indicaciones del personal de atenci\u00f3n.<\/li>\n<\/ul>\n<p>Puede utilizarse cualquier d\u00eda previa inscripci\u00f3n y domiciliaci\u00f3n bancaria.<\/p>\n<p><span style=\"color: #000080\"><strong>Empresa concesionaria: <\/strong><\/span><em><strong>Celemin &amp; Formaci\u00f3n SL<\/strong><\/em><\/p>\n<ul>\n<li>Correo-e: <em>servicios1@celemin.es<\/em> o al tel\u00e9fono: <em>658 84 11 56<\/em><\/li>\n<li><a title=\"Informaci\u00f3n.- Aula Matinal Curso 23-24\" href=\"https:\/\/blogsaverroes.juntadeandalucia.es\/ceipconcepcionestevarena\/files\/2024\/04\/Informacion.-Aula-Matinal-Curso-23-24.pdf\" target=\"_blank\" rel=\"noopener\">Informaci\u00f3n.- Aula Matinal Curso 23-24<\/a><\/li>\n<li><a href=\"https:\/\/blogsaverroes.juntadeandalucia.es\/ceipconcepcionestevarena\/files\/2025\/11\/INFORMACION-AM-GESTION-DE-COBROS.-Curso-25-26.pdf\" target=\"_blank\" rel=\"noopener\">INFORMACI\u00d3N GESTI\u00d3N DE COBROS.- Curso 25-26<\/a><\/li>\n<\/ul>\n<p><span style=\"color: #000080\"><strong>Impresos:<\/strong><\/span><\/p>\n<ul>\n<li><a title=\"Anexo II. Solicitud de servicios\" href=\"https:\/\/www.juntadeandalucia.es\/educacion\/portals\/delegate\/content\/6c4342f7-1581-4c26-bc7e-2e49b4b64cee\/Anexo%20II:%20Solicitud%20de%20servicio%20de%20aula%20matinal,%20comedor%20escolar%20o%20actividades%20extraescolares\" target=\"_blank\" rel=\"noopener\">Anexo II. Solicitud de servicios<\/a>&nbsp;(PDF rellenable)<\/li>\n<li><a title=\"Anexo V. solicitud de bonificaciones.\" href=\"https:\/\/www.juntadeandalucia.es\/educacion\/portals\/delegate\/content\/74016212-4361-405a-a81c-9e6909e07964\/Anexo%20V:%20Solicitud%20de%20gratuidad\/bonificaci%C3%B3n%20del%20precio%20p%C3%BAblico%20por%20los%20servicios%20complementarios%20de%20aula%20matinal,%20comedor%20escolar%20y%20actividades%20extraescolares\" target=\"_blank\" rel=\"noopener\">Anexo V. Solicitud de bonificaciones<\/a> (PDF rellenable)<\/li>\n<\/ul>\n<p>Descargue los formularios, cumplimente los aparatados y f\u00edrmelo; acompa\u00f1e la documentaci\u00f3n correspondiente y realice su entrega en el centro a trav\u00e9s de la <a href=\"https:\/\/www.juntadeandalucia.es\/educacion\/secretariavirtual\/accesoTramite\/462\/\" target=\"_blank\" rel=\"noopener noreferrer\">Secretar\u00eda Virtual<\/a> o presencial en la Secretar\u00eda (De 10:30 a 12:00 horas).<\/p>\n<p><strong><a title=\"Servicios Complementarios\" href=\"https:\/\/blogsaverroes.juntadeandalucia.es\/ceipconcepcionestevarena\/servicios-complementarios\/\" target=\"_blank\" rel=\"noopener noreferrer\">Informaci\u00f3n general sobre Servicios Complementarios<\/a><\/strong><\/p>\n<p>&nbsp;<\/p>\n","protected":false},"excerpt":{"rendered":"<p>El Aula Matinal abre a las 7:30 horas de lunes a viernes, ofreciendo actividades diversas a los estudiantes hasta el comienzo del horario lectivo. Horario de acceso usuarios: Continuado: De 7:30h a 8:45h. Pulsar&#46;&#46;&#46;<\/p>\n","protected":false},"author":1,"featured_media":533,"parent":0,"menu_order":0,"comment_status":"closed","ping_status":"open","template":"","meta":{"ngg_post_thumbnail":0,"footnotes":"","_mc_calendar":[]},"aioseo_notices":[],"_links":{"self":[{"href":"https:\/\/blogsaverroes.juntadeandalucia.es\/ceipconcepcionestevarena\/wp-json\/wp\/v2\/pages\/870"}],"collection":[{"href":"https:\/\/blogsaverroes.juntadeandalucia.es\/ceipconcepcionestevarena\/wp-json\/wp\/v2\/pages"}],"about":[{"href":"https:\/\/blogsaverroes.juntadeandalucia.es\/ceipconcepcionestevarena\/wp-json\/wp\/v2\/types\/page"}],"author":[{"embeddable":true,"href":"https:\/\/blogsaverroes.juntadeandalucia.es\/ceipconcepcionestevarena\/wp-json\/wp\/v2\/users\/1"}],"replies":[{"embeddable":true,"href":"https:\/\/blogsaverroes.juntadeandalucia.es\/ceipconcepcionestevarena\/wp-json\/wp\/v2\/comments?post=870"}],"version-history":[{"count":26,"href":"https:\/\/blogsaverroes.juntadeandalucia.es\/ceipconcepcionestevarena\/wp-json\/wp\/v2\/pages\/870\/revisions"}],"predecessor-version":[{"id":6661,"href":"https:\/\/blogsaverroes.juntadeandalucia.es\/ceipconcepcionestevarena\/wp-json\/wp\/v2\/pages\/870\/revisions\/6661"}],"wp:featuredmedia":[{"embeddable":true,"href":"https:\/\/blogsaverroes.juntadeandalucia.es\/ceipconcepcionestevarena\/wp-json\/wp\/v2\/media\/533"}],"wp:attachment":[{"href":"https:\/\/blogsaverroes.juntadeandalucia.es\/ceipconcepcionestevarena\/wp-json\/wp\/v2\/media?parent=870"}],"curies":[{"name":"wp","href":"https:\/\/api.w.org\/{rel}","templated":true}]}}