{"id":871,"date":"2024-01-23T09:20:46","date_gmt":"2024-01-23T07:20:46","guid":{"rendered":"http:\/\/blogsaverroes.juntadeandalucia.es\/pre\/ceip\/?page_id=106"},"modified":"2026-01-23T12:21:48","modified_gmt":"2026-01-23T10:21:48","slug":"actividades-extraescolares","status":"publish","type":"page","link":"https:\/\/blogsaverroes.juntadeandalucia.es\/ceipconcepcionestevarena\/actividades-extraescolares\/","title":{"rendered":"Actividades extraescolares"},"content":{"rendered":"<p style=\"text-align: left\">Las actividades extraescolares tienen lugar en horario de tarde y abarcan distintas actividades l\u00fadicas y formativas.<\/p>\n<p>Para hacer posible la realizaci\u00f3n de estas actividades fuera del horario lectivo, este centro abrir\u00e1 sus instalaciones hasta las 17:00h todos los d\u00edas lectivos con excepci\u00f3n de los viernes.<\/p>\n<h2><strong>Curso 2025-2026<\/strong><\/h2>\n<p>Propuesta de actividades extraescolares:<\/p>\n<table class=\"alignleft\" style=\"height: 157px;width: 98.1586%;border-collapse: collapse\" border=\"1\">\n<caption>&nbsp;<\/caption>\n<tbody>\n<tr style=\"height: 24px\">\n<td style=\"width: 19.3356%;height: 24px;background-color: #787373\"><span style=\"color: #ffffff\">Denominaci\u00f3n<\/span><\/td>\n<td style=\"width: 19.6131%;height: 24px;background-color: #787373\"><span style=\"color: #ffffff\">D\u00edas<\/span><\/td>\n<td style=\"width: 18.233%;height: 24px;background-color: #787373\"><span style=\"color: #ffffff\">Horario<\/span><\/td>\n<td style=\"width: 51.7025%;height: 24px;background-color: #787373\"><span style=\"color: #ffffff\">Observaciones<\/span><\/td>\n<\/tr>\n<tr style=\"height: 24px\">\n<td style=\"width: 19.3356%;height: 24px\"><strong>BAILE Y DANZA<\/strong><\/td>\n<td style=\"width: 19.6131%;height: 24px\"><span style=\"color: #999999\"><strong>Lunes y mi\u00e9rcoles<\/strong><\/span><\/td>\n<td style=\"width: 18.233%;height: 24px\"><span style=\"color: #999999\"><strong>16:00h a 17:00h<\/strong><\/span><\/td>\n<td style=\"width: 51.7025%;height: 24px\"><em>Cese de oferta a partir de enero de 2026, por n\u00famero de usuarios inferior a la demanda m\u00ednima.<\/em><\/td>\n<\/tr>\n<tr style=\"height: 24px\">\n<td style=\"width: 19.3356%;height: 24px\"><strong>MULTIDEPORTE<\/strong><\/td>\n<td style=\"width: 19.6131%;height: 24px\"><strong>Martes y jueves<\/strong><\/td>\n<td style=\"width: 18.233%;height: 24px\"><strong>16:00h a 17:00h<\/strong><\/td>\n<td style=\"width: 51.7025%;height: 24px\"><strong>&nbsp;<\/strong><\/td>\n<\/tr>\n<\/tbody>\n<\/table>\n<p>&nbsp;<\/p>\n<p>&nbsp;<\/p>\n<ul>\n<li><strong>Per\u00edodo de funcionamiento general:<\/strong> <em>De octubre de 2025 a mayo de 2026.<\/em><\/li>\n<li><strong>Precio por taller (sin bonificaci\u00f3n)<\/strong>: <strong>17,51\u20ac,<\/strong> precio p\u00fablico referenciado para el curso 2024-2025.&nbsp;<\/li>\n<li><strong>Bonificaci\u00f3n que pudiera corresponder<\/strong>: Solo un taller por curso\/alumno.<\/li>\n<li><strong>Empresa concesionaria del servicio:<\/strong><em>OCIOAMBIENTE SL (Adjudicada por la Agencia P\u00fablica Andaluza de Educaci\u00f3n &#8211; APAE)<\/em><\/li>\n<\/ul>\n<p><strong><a title=\"Servicios Complementarios\" href=\"https:\/\/blogsaverroes.juntadeandalucia.es\/ceipconcepcionestevarena\/servicios-complementarios\/\" target=\"_blank\" rel=\"noopener noreferrer\">Informaci\u00f3n general sobre Servicios Complementarios<\/a><\/strong><\/p>\n<p><!--nextpage--><\/p>\n<h2><strong>Curso 202<\/strong><strong>4-2025<\/strong><\/h2>\n<p>Actividades extraescolares incluidas en el Plan de Apoyo a las Familias:<\/p>\n<ul>\n<li><span style=\"background-color: #ffdbb6\"><strong>BAILE\/DANZA<\/strong><\/span>:&nbsp;Lunes y mi\u00e9rcoles (16:00h a 17:00h)<\/li>\n<li><strong>Cese de actividades:<\/strong>\n<ul>\n<li><span style=\"background-color: #dee6ef\"><strong>PATINAJE<\/strong><\/span><strong>: <\/strong>Martes y jueves (16:00h a 17:00h) &#8211; Diciembre, 2024.<\/li>\n<li><span style=\"background-color: #dde8cb\"><strong>EXPRESI\u00d3N PL\u00c1STICA<\/strong><\/span><strong>: <\/strong>Martes y jueves (17:00h a 18:00h) &#8211; Diciembre, 2024.<\/li>\n<li><span style=\"background-color: #ff99cc\"><strong>TEATRO<\/strong><\/span><strong>:<\/strong> Lunes y mi\u00e9rcoles (17:00h a 18:00h): 30 de abril de 2025.<\/li>\n<\/ul>\n<\/li>\n<\/ul>\n<p><span style=\"color: #003300\"><strong>Solicitudes:&nbsp;<\/strong><\/span><\/p>\n<ul>\n<li><a title=\"Anexo II. Solicitud de servicios\" href=\"https:\/\/www.juntadeandalucia.es\/educacion\/portals\/delegate\/content\/6c4342f7-1581-4c26-bc7e-2e49b4b64cee\/Anexo%20II:%20Solicitud%20de%20servicio%20de%20aula%20matinal,%20comedor%20escolar%20o%20actividades%20extraescolares\" target=\"_blank\" rel=\"noopener\">Anexo II. Solicitud de servicios<\/a>&nbsp;(PDF rellenable)<\/li>\n<li><a title=\"Anexo V. solicitud de bonificaciones.\" href=\"https:\/\/www.juntadeandalucia.es\/educacion\/portals\/delegate\/content\/74016212-4361-405a-a81c-9e6909e07964\/Anexo%20V:%20Solicitud%20de%20gratuidad\/bonificaci%C3%B3n%20del%20precio%20p%C3%BAblico%20por%20los%20servicios%20complementarios%20de%20aula%20matinal,%20comedor%20escolar%20y%20actividades%20extraescolares\" target=\"_blank\" rel=\"noopener\">Anexo V. Solicitud de bonificaciones<\/a> (PDF rellenable)<\/li>\n<\/ul>\n<p><a href=\"https:\/\/blogsaverroes.juntadeandalucia.es\/ceipconcepcionestevarena\/files\/2025\/04\/ACTEXTRESC-2324_3.png\"><img loading=\"lazy\" decoding=\"async\" class=\"aligncenter wp-image-6318 size-large\" src=\"https:\/\/blogsaverroes.juntadeandalucia.es\/ceipconcepcionestevarena\/files\/2025\/04\/ACTEXTRESC-2324_3-1024x484.png\" alt=\"\" width=\"1024\" height=\"484\" srcset=\"https:\/\/blogsaverroes.juntadeandalucia.es\/ceipconcepcionestevarena\/files\/2025\/04\/ACTEXTRESC-2324_3-1024x484.png 1024w, https:\/\/blogsaverroes.juntadeandalucia.es\/ceipconcepcionestevarena\/files\/2025\/04\/ACTEXTRESC-2324_3-300x142.png 300w, https:\/\/blogsaverroes.juntadeandalucia.es\/ceipconcepcionestevarena\/files\/2025\/04\/ACTEXTRESC-2324_3-768x363.png 768w, https:\/\/blogsaverroes.juntadeandalucia.es\/ceipconcepcionestevarena\/files\/2025\/04\/ACTEXTRESC-2324_3-520x245.png 520w, https:\/\/blogsaverroes.juntadeandalucia.es\/ceipconcepcionestevarena\/files\/2025\/04\/ACTEXTRESC-2324_3-720x340.png 720w, https:\/\/blogsaverroes.juntadeandalucia.es\/ceipconcepcionestevarena\/files\/2025\/04\/ACTEXTRESC-2324_3.png 1042w\" sizes=\"(max-width: 1024px) 100vw, 1024px\" \/><\/a><\/p>\n<ul>\n<li><strong>Per\u00edodo de funcionamiento general:<\/strong> De octubre de 2024 a mayo de 2025.<\/li>\n<li><strong>Precio por taller (sin bonificaci\u00f3n)<\/strong>: <strong>17,51\u20ac<\/strong><\/li>\n<li><strong>Bonificaci\u00f3n que pudiera corresponder<\/strong>: Solo un taller por curso\/alumno.<\/li>\n<li><strong>Empresa concesionaria del servicio: <\/strong><em>Pendiente de adjudicaci\u00f3n.<\/em><\/li>\n<\/ul>\n<p><strong><a title=\"Servicios Complementarios\" href=\"https:\/\/blogsaverroes.juntadeandalucia.es\/ceipconcepcionestevarena\/servicios-complementarios\/\" target=\"_blank\" rel=\"noopener noreferrer\">Informaci\u00f3n general sobre Servicios Complementarios<\/a><\/strong><!--nextpage--><\/p>\n<h2><strong>Curso 2023-2024<\/strong><\/h2>\n<p><strong>Actividades extraescolares para el curso 2023-2024:<\/strong><\/p>\n<ul>\n<li><span style=\"background-color: #ffdbb6\"><strong>BAILE\/DANZA (Infantil y Primaria)<\/strong><\/span>\n<ul>\n<li><strong>Baile Moderno, Hip Hop, Funcky<\/strong>:&nbsp;Lunes y mi\u00e9rcoles (16:00h a 17:00h)<\/li>\n<\/ul>\n<\/li>\n<li><span style=\"background-color: #dee6ef\"><strong>INICIACI\u00d3N AL DEPORTE (Infantil y Primaria)<\/strong><\/span>\n<ul>\n<li><strong> Deporte\/Psicomotricidad: <\/strong>Martes y jueves (16:00h a 17:00h)<\/li>\n<\/ul>\n<\/li>\n<li><span style=\"background-color: #dde8cb\"><strong>EXPRESI\u00d3N ART\u00cdSTICA (Primaria)<\/strong><\/span>\n<ul>\n<li><strong> Art Attac &#8211; Dibujo y pintura: <\/strong>Martes y jueves (17:00h a 18:00h).<\/li>\n<\/ul>\n<\/li>\n<\/ul>\n<p><a href=\"https:\/\/blogsaverroes.juntadeandalucia.es\/ceipconcepcionestevarena\/files\/2024\/01\/Cartel-ACTEXTRESC-2324-1.png\"><img loading=\"lazy\" decoding=\"async\" class=\"size-full wp-image-5063 aligncenter\" src=\"https:\/\/blogsaverroes.juntadeandalucia.es\/ceipconcepcionestevarena\/files\/2024\/01\/Cartel-ACTEXTRESC-2324-1.png\" alt=\"\" width=\"1042\" height=\"705\" srcset=\"https:\/\/blogsaverroes.juntadeandalucia.es\/ceipconcepcionestevarena\/files\/2024\/01\/Cartel-ACTEXTRESC-2324-1.png 1042w, https:\/\/blogsaverroes.juntadeandalucia.es\/ceipconcepcionestevarena\/files\/2024\/01\/Cartel-ACTEXTRESC-2324-1-300x203.png 300w, https:\/\/blogsaverroes.juntadeandalucia.es\/ceipconcepcionestevarena\/files\/2024\/01\/Cartel-ACTEXTRESC-2324-1-1024x693.png 1024w, https:\/\/blogsaverroes.juntadeandalucia.es\/ceipconcepcionestevarena\/files\/2024\/01\/Cartel-ACTEXTRESC-2324-1-768x520.png 768w\" sizes=\"(max-width: 1042px) 100vw, 1042px\" \/><\/a><\/p>\n<p align=\"justify\"><strong>Observaciones:<\/strong><\/p>\n<ul>\n<li>\n<p align=\"justify\">Las actividades y talleres comunes para alumnado de <strong>Educ. Infantil y Primaria<\/strong> se realizar\u00e1n en horario <strong>de 16:00 a 17:00 horas<\/strong>.<\/p>\n<\/li>\n<li>\n<p align=\"justify\">El horario <strong>de 17:00 a 18:00 horas<\/strong> se destina a actividades y talleres <strong>s\u00f3lo para alumnado de Educ. Primaria<\/strong>.<\/p>\n<\/li>\n<li>\n<p align=\"justify\"><strong>Empresa concesionaria del servicio<\/strong>. OCIOAMBIENTE SL (Adjudicada con fecha 09\/10\/2023 por la Agencia P\u00fablica Andaluza de Educaci\u00f3n &#8211; APAE)<\/p>\n<\/li>\n<li><strong>Precios p\u00fablicos actualizados<\/strong> por <a href=\"https:\/\/blogsaverroes.juntadeandalucia.es\/ceipconcepcionestevarena\/files\/2023\/09\/BOJA23-147-00002-12929-01_00287936.pdf\" target=\"_blank\" rel=\"noopener noreferrer\">Acuerdo de Gobierno de 27\/07\/2023<\/a>: Corresponde para el curso 2023-2024, 17,51 euros.<\/li>\n<\/ul>\n<p><strong><a title=\"Servicios Complementarios\" href=\"https:\/\/blogsaverroes.juntadeandalucia.es\/ceipconcepcionestevarena\/servicios-complementarios\/\" target=\"_blank\" rel=\"noopener noreferrer\">Informaci\u00f3n general sobre Servicios Complementarios<\/a><\/strong><\/p>\n","protected":false},"excerpt":{"rendered":"<p>Las actividades extraescolares tienen lugar en horario de tarde y abarcan distintas actividades l\u00fadicas y formativas. Para hacer posible la realizaci\u00f3n de estas actividades fuera del horario lectivo, este centro abrir\u00e1 sus instalaciones hasta&#46;&#46;&#46;<\/p>\n","protected":false},"author":1,"featured_media":0,"parent":0,"menu_order":0,"comment_status":"closed","ping_status":"open","template":"","meta":{"ngg_post_thumbnail":0,"footnotes":"","_mc_calendar":[]},"aioseo_notices":[],"_links":{"self":[{"href":"https:\/\/blogsaverroes.juntadeandalucia.es\/ceipconcepcionestevarena\/wp-json\/wp\/v2\/pages\/871"}],"collection":[{"href":"https:\/\/blogsaverroes.juntadeandalucia.es\/ceipconcepcionestevarena\/wp-json\/wp\/v2\/pages"}],"about":[{"href":"https:\/\/blogsaverroes.juntadeandalucia.es\/ceipconcepcionestevarena\/wp-json\/wp\/v2\/types\/page"}],"author":[{"embeddable":true,"href":"https:\/\/blogsaverroes.juntadeandalucia.es\/ceipconcepcionestevarena\/wp-json\/wp\/v2\/users\/1"}],"replies":[{"embeddable":true,"href":"https:\/\/blogsaverroes.juntadeandalucia.es\/ceipconcepcionestevarena\/wp-json\/wp\/v2\/comments?post=871"}],"version-history":[{"count":79,"href":"https:\/\/blogsaverroes.juntadeandalucia.es\/ceipconcepcionestevarena\/wp-json\/wp\/v2\/pages\/871\/revisions"}],"predecessor-version":[{"id":6799,"href":"https:\/\/blogsaverroes.juntadeandalucia.es\/ceipconcepcionestevarena\/wp-json\/wp\/v2\/pages\/871\/revisions\/6799"}],"wp:attachment":[{"href":"https:\/\/blogsaverroes.juntadeandalucia.es\/ceipconcepcionestevarena\/wp-json\/wp\/v2\/media?parent=871"}],"curies":[{"name":"wp","href":"https:\/\/api.w.org\/{rel}","templated":true}]}}