{"id":89,"date":"2016-10-20T21:37:57","date_gmt":"2016-10-20T21:37:57","guid":{"rendered":"http:\/\/blogsaverroes.juntadeandalucia.es\/ceipcondadodehuelva\/?page_id=89"},"modified":"2024-11-27T20:34:24","modified_gmt":"2024-11-27T20:34:24","slug":"claustro","status":"publish","type":"page","link":"https:\/\/blogsaverroes.juntadeandalucia.es\/ceipcondadodehuelva\/?page_id=89","title":{"rendered":"CLAUSTRO"},"content":{"rendered":"<h1 style=\"text-align: center\"><span style=\"color: #0000ff\"><strong>CLAUSTRO DEL C.E.I.P. CONDADO DE HUELVA<\/strong><\/span><\/h1>\n<h2 style=\"text-align: center\"><span style=\"color: #000080\">CURSO 2024\/2025<\/span><\/h2>\n<h3 style=\"text-align: center\"><strong><em>EQUIPO DIRECTIVO:<\/em><\/strong><\/h3>\n<p style=\"text-align: center\">Director\/a: D. Juan Manuel Albarr\u00e1n G\u00f3mez<\/p>\n<p style=\"text-align: center\">Jefe\/a de estudios: D. Francisco J. Barroso Lagares<\/p>\n<p style=\"text-align: center\">Secretario\/a:&nbsp; Maril\u00e9 Ramos Espina<\/p>\n<p style=\"text-align: center\"><strong><em>&nbsp;<\/em><\/strong><strong><em>HORARIO DE DIRECCI\u00d3N:<\/em><\/strong><\/p>\n<p style=\"text-align: center\">De Lunes, Mi\u00e9rcoles y Viernes de 9-11 de la ma\u00f1ana<\/p>\n<p style=\"text-align: center\"><strong><em>&nbsp;<\/em><\/strong><strong>EDUCACI\u00d3N INFANTIL:<\/strong><\/p>\n<p style=\"text-align: center\">3&nbsp; a\u00f1os. D\u00f1a. Lole Cejudo<\/p>\n<p style=\"text-align: center\">&nbsp;4 a\u00f1os&nbsp; D. Rosal\u00eda Blas V\u00e1zquez<\/p>\n<p style=\"text-align: center\">5 a\u00f1os. D\u00f1a.&nbsp; F\u00e1tima Romero Cerrej\u00f3n<\/p>\n<p style=\"text-align: center\"><strong>&nbsp;<\/strong><strong>EDUCACI\u00d3N PRIMARIA:<\/strong><\/p>\n<p style=\"text-align: center\">1\u00ba&nbsp; &nbsp;D. Francisco Jos\u00e9 Barroso Lagares<\/p>\n<p style=\"text-align: center\">2\u00ba A D\u00f1a. Roc\u00edo Y. Medrano Lagares<\/p>\n<p style=\"text-align: center\">2\u00ba B Ana Fern\u00e1ndez<\/p>\n<p style=\"text-align: center\">3\u00ba&nbsp; &nbsp;D\u00f1a. Piedad Ben\u00edtez<\/p>\n<p style=\"text-align: center\">4\u00ba D\u00f1a. F\u00e1tima Robledo<\/p>\n<p style=\"text-align: center\">5\u00ba D\u00f1a. Rosa Anguita<\/p>\n<p style=\"text-align: center\">6\u00baA&nbsp; D. Juan Manuel Raposo<\/p>\n<p style=\"text-align: center\">6\u00ba B D\u00f1a. Roc\u00edo Dom\u00ednguez Cruz<\/p>\n<p style=\"text-align: center\">Aula espec\u00edfica. &nbsp;D. Manuel Jes\u00fas<\/p>\n<p style=\"text-align: center\">Maestra de Apoyo :<\/p>\n<p style=\"text-align: center\">D\u00f1a. Vanesa M\u00e1rquez<\/p>\n<p>&nbsp;<\/p>\n<p style=\"text-align: center\"><strong>PROFESORES ESPECIALISTAS:<\/strong><\/p>\n<p style=\"text-align: center\">D\u00f1a. M\u00aa Leonor Ramos Espina \u2026\u2026\u2026\u2026\u2026\u2026\u2026\u2026Ingl\u00e9s<\/p>\n<p style=\"text-align: center\">D\u00f1a. M\u00aa Nuria Castillo&#8230;&#8230;&#8230;. Educaci\u00f3n F\u00edsica<\/p>\n<p style=\"text-align: center\">D\u00f1a. Anto\u00f1eta Jim\u00e9nez Mant\u00eds&nbsp; \u2026\u2026\u2026\u2026\u2026&#8230;. Educ. Especial.<\/p>\n<p style=\"text-align: center\">D\u00f1a. M\u00aa Jos\u00e9 Dom\u00ednguez L\u00f3pez\u2026..\u2026\u2026\u2026\u2026. Religi\u00f3n.<\/p>\n<p style=\"text-align: center\">D\u00f1a.&nbsp; &nbsp; Lorena Mac\u00edas \u2026..\u2026&nbsp; ..\u2026\u2026.. Audici\u00f3n y lenguaje<\/p>\n<p style=\"text-align: center\"><strong>&nbsp;<\/strong><\/p>\n<p style=\"text-align: center\"><strong>EQUIPO EOE.<\/strong><\/p>\n<p style=\"text-align: center\">Orientador-a: D\u00f1a. Mercedes V\u00e1zquez<\/p>\n<p style=\"text-align: center\">Logopedia: D. Emilio Matas de \u00c1lvaro<\/p>\n<p style=\"text-align: center\">M\u00e9dico\/a: D\u00f1a. Antonia Acosta Delgado<\/p>\n<p style=\"text-align: center\"><strong>EL CENTRO CUENTA TAMBI\u00c9N&nbsp; CON:<\/strong><\/p>\n<p style=\"text-align: center\">Auxiliar administrativo: \u2026\u2026\u2026\u2026&#8230;&#8230;&#8230;&#8230;\u2026.D. Ismael D\u00edaz Robledo<\/p>\n<p style=\"text-align: center\">Conserje: \u2026\u2026\u2026\u2026\u2026\u2026\u2026\u2026\u2026\u2026.\u2026\u2026\u2026\u2026D. Lu\u00eds<\/p>\n<p style=\"text-align: center\">Monitora escolar \u2026\u2026\u2026\u2026\u2026\u2026\u2026\u2026\u2026..&nbsp;&nbsp;&nbsp;&nbsp; &nbsp;D\u00f1a. M\u00aa Inmaculada Camacho<\/p>\n<p style=\"text-align: center\">Monitora escolar \u2026\u2026\u2026\u2026\u2026\u2026\u2026\u2026\u2026\u2026..&nbsp; D\u00f1a. Lourdes<\/p>\n<p style=\"text-align: center\">&nbsp;<\/p>\n<p style=\"text-align: center\"><strong>HORARIO&nbsp; DE ATENCI\u00d3N A PADRES:<\/strong><\/p>\n<h2 style=\"text-align: center\">Lunes de 18:30 a 19:30<\/h2>\n<p>&nbsp;<\/p>\n","protected":false},"excerpt":{"rendered":"<p>CLAUSTRO DEL C.E.I.P. CONDADO DE HUELVA CURSO 2024\/2025 EQUIPO DIRECTIVO: Director\/a: D. Juan Manuel Albarr\u00e1n G\u00f3mez Jefe\/a de estudios: D. Francisco J. Barroso Lagares Secretario\/a:&nbsp;&hellip;<\/p>\n","protected":false},"author":3534,"featured_media":0,"parent":0,"menu_order":0,"comment_status":"open","ping_status":"open","template":"","meta":{"ngg_post_thumbnail":0,"footnotes":""},"aioseo_notices":[],"_links":{"self":[{"href":"https:\/\/blogsaverroes.juntadeandalucia.es\/ceipcondadodehuelva\/index.php?rest_route=\/wp\/v2\/pages\/89"}],"collection":[{"href":"https:\/\/blogsaverroes.juntadeandalucia.es\/ceipcondadodehuelva\/index.php?rest_route=\/wp\/v2\/pages"}],"about":[{"href":"https:\/\/blogsaverroes.juntadeandalucia.es\/ceipcondadodehuelva\/index.php?rest_route=\/wp\/v2\/types\/page"}],"author":[{"embeddable":true,"href":"https:\/\/blogsaverroes.juntadeandalucia.es\/ceipcondadodehuelva\/index.php?rest_route=\/wp\/v2\/users\/3534"}],"replies":[{"embeddable":true,"href":"https:\/\/blogsaverroes.juntadeandalucia.es\/ceipcondadodehuelva\/index.php?rest_route=%2Fwp%2Fv2%2Fcomments&post=89"}],"version-history":[{"count":23,"href":"https:\/\/blogsaverroes.juntadeandalucia.es\/ceipcondadodehuelva\/index.php?rest_route=\/wp\/v2\/pages\/89\/revisions"}],"predecessor-version":[{"id":481,"href":"https:\/\/blogsaverroes.juntadeandalucia.es\/ceipcondadodehuelva\/index.php?rest_route=\/wp\/v2\/pages\/89\/revisions\/481"}],"wp:attachment":[{"href":"https:\/\/blogsaverroes.juntadeandalucia.es\/ceipcondadodehuelva\/index.php?rest_route=%2Fwp%2Fv2%2Fmedia&parent=89"}],"curies":[{"name":"wp","href":"https:\/\/api.w.org\/{rel}","templated":true}]}}