{"id":2018,"date":"2015-06-08T12:56:23","date_gmt":"2015-06-08T12:56:23","guid":{"rendered":"http:\/\/blogsaverroes.juntadeandalucia.es\/ceip\/?page_id=2018"},"modified":"2025-09-20T11:39:16","modified_gmt":"2025-09-20T11:39:16","slug":"calendario","status":"publish","type":"page","link":"https:\/\/blogsaverroes.juntadeandalucia.es\/ceipcondedetendilla\/calendario\/","title":{"rendered":"Calendario Curso 2025-2026"},"content":{"rendered":"<p><a href=\"https:\/\/blogsaverroes.juntadeandalucia.es\/ceipcondedetendilla\/files\/2025\/09\/51qJ3MMIrtL._UF10001000_QL80_.jpg\"><img loading=\"lazy\" decoding=\"async\" class=\"wp-image-7775 size-medium alignleft\" src=\"https:\/\/blogsaverroes.juntadeandalucia.es\/ceipcondedetendilla\/files\/2025\/09\/51qJ3MMIrtL._UF10001000_QL80_-e1757768660847-300x202.jpg\" alt=\"\" width=\"300\" height=\"202\" srcset=\"https:\/\/blogsaverroes.juntadeandalucia.es\/ceipcondedetendilla\/files\/2025\/09\/51qJ3MMIrtL._UF10001000_QL80_-e1757768660847-300x202.jpg 300w, https:\/\/blogsaverroes.juntadeandalucia.es\/ceipcondedetendilla\/files\/2025\/09\/51qJ3MMIrtL._UF10001000_QL80_-e1757768660847-768x516.jpg 768w, https:\/\/blogsaverroes.juntadeandalucia.es\/ceipcondedetendilla\/files\/2025\/09\/51qJ3MMIrtL._UF10001000_QL80_-e1757768660847.jpg 771w\" sizes=\"(max-width: 300px) 100vw, 300px\" \/><\/a>Adjuntamos enlace para visualizar la disposici\u00f3n que regula <span style=\"color: #339966\">el&nbsp;calendario del Curso Escolar 2025-2026<\/span>&nbsp;en la provincia de <span style=\"color: #339966\">Granada,<\/span> seg\u00fan la <em>Resoluci\u00f3n de 30 de mayo de 2025 de la Delegaci\u00f3n Territorial de la Consejer\u00eda de Desarrollo Educativo y Formaci\u00f3n Profesional de la Junta de Andaluc\u00eda en Granada por la que se dictan las normas que han de regir el calendario escolar para el curso escolar 2025-2026 en todos los centros docentes p\u00fablicos y privados de la provincia, a excepci\u00f3n de los universitarios<\/em><\/p>\n<p>\u00a1Pulse aqu\u00ed para verlo! &gt;&nbsp;<span style=\"color: #339966\"><a style=\"color: #339966\" href=\"https:\/\/www.juntadeandalucia.es\/educacion\/portales\/documents\/1197087\/2016119\/Resoluci%C3%B3n%20de%2030%20de%20mayo%20de%202025%20calendario%20escolar%202025-2026%20en%20Granada.pdf\/6f7d1f52-5444-f226-1166-5f15ef909a40?version=1.0\" target=\"_blank\" rel=\"noopener\">RESOLUCI\u00d3N Y CALENDARIO 25-26 GRANADA<\/a><\/span><\/p>\n<p><a href=\"https:\/\/blogsaverroes.juntadeandalucia.es\/ceipcondedetendilla\/files\/2025\/09\/Calendario-escolar-2025-2026-en-Granada-1086x1536-1.jpg\"><img loading=\"lazy\" decoding=\"async\" class=\"wp-image-7809 size-medium aligncenter\" src=\"https:\/\/blogsaverroes.juntadeandalucia.es\/ceipcondedetendilla\/files\/2025\/09\/Calendario-escolar-2025-2026-en-Granada-1086x1536-1-e1757786422742-234x300.jpg\" alt=\"\" width=\"234\" height=\"300\" srcset=\"https:\/\/blogsaverroes.juntadeandalucia.es\/ceipcondedetendilla\/files\/2025\/09\/Calendario-escolar-2025-2026-en-Granada-1086x1536-1-e1757786422742-234x300.jpg 234w, https:\/\/blogsaverroes.juntadeandalucia.es\/ceipcondedetendilla\/files\/2025\/09\/Calendario-escolar-2025-2026-en-Granada-1086x1536-1-e1757786422742-799x1024.jpg 799w, https:\/\/blogsaverroes.juntadeandalucia.es\/ceipcondedetendilla\/files\/2025\/09\/Calendario-escolar-2025-2026-en-Granada-1086x1536-1-e1757786422742-768x984.jpg 768w, https:\/\/blogsaverroes.juntadeandalucia.es\/ceipcondedetendilla\/files\/2025\/09\/Calendario-escolar-2025-2026-en-Granada-1086x1536-1-e1757786422742.jpg 944w\" sizes=\"(max-width: 234px) 100vw, 234px\" \/><\/a><\/p>\n<p>Adem\u00e1s, por d\u00edas de libre disposici\u00f3n autorizados, d\u00edas no lectivos, festivos o fiestas locales, <span style=\"color: #339966\">no habr\u00e1 clase los d\u00edas:<\/span><\/p>\n<ul style=\"list-style-type: circle\">\n<li><span style=\"color: #339966\">13 de octubre, lunes<\/span> (Fiesta Nacional de Espa\u00f1a pasa al d\u00eda 13).<\/li>\n<li><span style=\"color: #339966\">3 de noviembre, lunes<\/span> (D\u00eda no lectivo provincial).<\/li>\n<li><span style=\"color: #339966\">8 de diciembre, lunes<\/span> (Fiesta de la Inmaculada).<\/li>\n<li><span style=\"color: #339966\">22 de diciembre, lunes &#8211; <\/span><span style=\"color: #339966\">7 de enero, mi\u00e9rcoles<\/span> (inicio y fin de las vacaciones de Navidad).<\/li>\n<li><span style=\"color: #339966\">23 de febrero, lunes<\/span> (\u00abLunes de Resaca\u00bb).<\/li>\n<li><span style=\"color: #339966\">2 de marzo, lunes <\/span>(D\u00eda de la Comunidad Educativa).<\/li>\n<li><span style=\"color: #339966\">27 de marzo, viernes<\/span> (\u00abViernes de Dolores\u00bb).<\/li>\n<li><span style=\"color: #339966\">30 de marzo, lunes &#8211; 5 de abril, domingo<\/span> (inicio y fin de las vacaciones de Semana Santa).<\/li>\n<li><span style=\"color: #339966\">1 de mayo, viernes <\/span>(Fiesta del Trabajo).<\/li>\n<li><span style=\"color: #339966\">4 de mayo, lunes<\/span> (D\u00eda de libre disposici\u00f3n).<\/li>\n<li><span style=\"color: #339966\">5 de junio, viernes <\/span>(D\u00eda no lectivo provincial).<\/li>\n<\/ul>\n","protected":false},"excerpt":{"rendered":"<p>Adjuntamos enlace para visualizar la disposici\u00f3n que regula el&nbsp;calendario del Curso Escolar 2025-2026&nbsp;en la provincia de Granada, seg\u00fan la Resoluci\u00f3n de 30 de mayo de 2025 de la Delegaci\u00f3n Territorial de la Consejer\u00eda de Desarrollo Educativo y Formaci\u00f3n Profesional de la Junta de Andaluc\u00eda en Granada por la que se dictan las normas que han &hellip; <\/p>\n<p class=\"link-more\"><a href=\"https:\/\/blogsaverroes.juntadeandalucia.es\/ceipcondedetendilla\/calendario\/\" class=\"more-link\">Continuar leyendo<span class=\"screen-reader-text\"> \u00abCalendario Curso 2025-2026\u00bb<\/span><\/a><\/p>\n","protected":false},"author":1,"featured_media":0,"parent":0,"menu_order":0,"comment_status":"closed","ping_status":"closed","template":"","meta":{"ngg_post_thumbnail":0,"footnotes":""},"aioseo_notices":[],"_links":{"self":[{"href":"https:\/\/blogsaverroes.juntadeandalucia.es\/ceipcondedetendilla\/wp-json\/wp\/v2\/pages\/2018"}],"collection":[{"href":"https:\/\/blogsaverroes.juntadeandalucia.es\/ceipcondedetendilla\/wp-json\/wp\/v2\/pages"}],"about":[{"href":"https:\/\/blogsaverroes.juntadeandalucia.es\/ceipcondedetendilla\/wp-json\/wp\/v2\/types\/page"}],"author":[{"embeddable":true,"href":"https:\/\/blogsaverroes.juntadeandalucia.es\/ceipcondedetendilla\/wp-json\/wp\/v2\/users\/1"}],"replies":[{"embeddable":true,"href":"https:\/\/blogsaverroes.juntadeandalucia.es\/ceipcondedetendilla\/wp-json\/wp\/v2\/comments?post=2018"}],"version-history":[{"count":22,"href":"https:\/\/blogsaverroes.juntadeandalucia.es\/ceipcondedetendilla\/wp-json\/wp\/v2\/pages\/2018\/revisions"}],"predecessor-version":[{"id":7851,"href":"https:\/\/blogsaverroes.juntadeandalucia.es\/ceipcondedetendilla\/wp-json\/wp\/v2\/pages\/2018\/revisions\/7851"}],"wp:attachment":[{"href":"https:\/\/blogsaverroes.juntadeandalucia.es\/ceipcondedetendilla\/wp-json\/wp\/v2\/media?parent=2018"}],"curies":[{"name":"wp","href":"https:\/\/api.w.org\/{rel}","templated":true}]}}