{"id":2881,"date":"2015-03-13T08:40:47","date_gmt":"2015-03-13T08:40:47","guid":{"rendered":"http:\/\/blogsaverroes.juntadeandalucia.es\/pre\/ceip\/?page_id=42"},"modified":"2025-09-15T15:16:23","modified_gmt":"2025-09-15T15:16:23","slug":"equipo-directivo","status":"publish","type":"page","link":"https:\/\/blogsaverroes.juntadeandalucia.es\/ceipcondedetendilla\/equipo-directivo\/","title":{"rendered":"Equipo directivo"},"content":{"rendered":"<p><a href=\"https:\/\/blogsaverroes.juntadeandalucia.es\/ceipcondedetendilla\/files\/2025\/09\/EQUIPO-DIRECTIVO.webp_-2.jpg\"><img loading=\"lazy\" decoding=\"async\" class=\"alignnone wp-image-7761 size-medium\" src=\"https:\/\/blogsaverroes.juntadeandalucia.es\/ceipcondedetendilla\/files\/2025\/09\/EQUIPO-DIRECTIVO.webp_-2-e1757766812870-300x194.jpg\" alt=\"\" width=\"300\" height=\"194\" srcset=\"https:\/\/blogsaverroes.juntadeandalucia.es\/ceipcondedetendilla\/files\/2025\/09\/EQUIPO-DIRECTIVO.webp_-2-e1757766812870-300x194.jpg 300w, https:\/\/blogsaverroes.juntadeandalucia.es\/ceipcondedetendilla\/files\/2025\/09\/EQUIPO-DIRECTIVO.webp_-2-e1757766812870.jpg 672w\" sizes=\"(max-width: 300px) 100vw, 300px\" \/><\/a><\/p>\n<p><em><span style=\"color: #339966\"><strong>Direcci\u00f3n:<\/strong><\/span><\/em><\/p>\n<ul style=\"list-style-type: square\">\n<li><em>M\u00aa del Carmen Quiles Arrabal.<\/em><\/li>\n<li><em>Horario de atenci\u00f3n (mediante cita previa): Lunes de 09:00 a 10:00 horas.<\/em><\/li>\n<\/ul>\n<p><em><span style=\"color: #339966\"><strong>Jefatura de estudios:<\/strong><\/span><\/em><\/p>\n<ul>\n<li><em>Alejandro \u00c1lvarez Crespo.<\/em><\/li>\n<li><em>Horario de atenci\u00f3n ( mediante cita previa): Mi\u00e9rcoles de 11:00 a 12:00 horas.<\/em><\/li>\n<\/ul>\n<p><em><span style=\"color: #339966\"><strong>Secretar\u00eda:<\/strong><\/span><\/em><\/p>\n<ul>\n<li><em>Inmaculada Castillo M\u00e1rquez.<\/em><\/li>\n<li><em>Horario de atenci\u00f3n (mediante cita previa): Martes de 10:00 a 11:00 horas.<\/em><\/li>\n<\/ul>\n","protected":false},"excerpt":{"rendered":"<p>Direcci\u00f3n: M\u00aa del Carmen Quiles Arrabal. Horario de atenci\u00f3n (mediante cita previa): Lunes de 09:00 a 10:00 horas. Jefatura de estudios: Alejandro \u00c1lvarez Crespo. Horario de atenci\u00f3n ( mediante cita previa): Mi\u00e9rcoles de 11:00 a 12:00 horas. Secretar\u00eda: Inmaculada Castillo M\u00e1rquez. Horario de atenci\u00f3n (mediante cita previa): Martes de 10:00 a 11:00 horas.<\/p>\n","protected":false},"author":1,"featured_media":0,"parent":0,"menu_order":0,"comment_status":"closed","ping_status":"open","template":"","meta":{"ngg_post_thumbnail":0,"footnotes":""},"aioseo_notices":[],"_links":{"self":[{"href":"https:\/\/blogsaverroes.juntadeandalucia.es\/ceipcondedetendilla\/wp-json\/wp\/v2\/pages\/2881"}],"collection":[{"href":"https:\/\/blogsaverroes.juntadeandalucia.es\/ceipcondedetendilla\/wp-json\/wp\/v2\/pages"}],"about":[{"href":"https:\/\/blogsaverroes.juntadeandalucia.es\/ceipcondedetendilla\/wp-json\/wp\/v2\/types\/page"}],"author":[{"embeddable":true,"href":"https:\/\/blogsaverroes.juntadeandalucia.es\/ceipcondedetendilla\/wp-json\/wp\/v2\/users\/1"}],"replies":[{"embeddable":true,"href":"https:\/\/blogsaverroes.juntadeandalucia.es\/ceipcondedetendilla\/wp-json\/wp\/v2\/comments?post=2881"}],"version-history":[{"count":16,"href":"https:\/\/blogsaverroes.juntadeandalucia.es\/ceipcondedetendilla\/wp-json\/wp\/v2\/pages\/2881\/revisions"}],"predecessor-version":[{"id":7833,"href":"https:\/\/blogsaverroes.juntadeandalucia.es\/ceipcondedetendilla\/wp-json\/wp\/v2\/pages\/2881\/revisions\/7833"}],"wp:attachment":[{"href":"https:\/\/blogsaverroes.juntadeandalucia.es\/ceipcondedetendilla\/wp-json\/wp\/v2\/media?parent=2881"}],"curies":[{"name":"wp","href":"https:\/\/api.w.org\/{rel}","templated":true}]}}