{"id":2882,"date":"2015-03-13T08:42:15","date_gmt":"2015-03-13T08:42:15","guid":{"rendered":"http:\/\/blogsaverroes.juntadeandalucia.es\/pre\/ceip\/?page_id=44"},"modified":"2025-09-24T15:34:00","modified_gmt":"2025-09-24T15:34:00","slug":"planes-y-proyectos","status":"publish","type":"page","link":"https:\/\/blogsaverroes.juntadeandalucia.es\/ceipcondedetendilla\/planes-y-proyectos\/","title":{"rendered":"PLANES Y PROGRAMAS DEL CENTRO"},"content":{"rendered":"<p style=\"text-align: center\" align=\"JUSTIFY\"><strong><span style=\"color: #339966\">PLAN DE APERTURA<\/span><\/strong><a href=\"https:\/\/blogsaverroes.juntadeandalucia.es\/ceipcondedetendilla\/files\/2025\/09\/Plan-de-apertura.jpg\"><img loading=\"lazy\" decoding=\"async\" class=\"size-medium wp-image-7822 aligncenter\" src=\"https:\/\/blogsaverroes.juntadeandalucia.es\/ceipcondedetendilla\/files\/2025\/09\/Plan-de-apertura-300x220.jpg\" alt=\"\" width=\"300\" height=\"220\" srcset=\"https:\/\/blogsaverroes.juntadeandalucia.es\/ceipcondedetendilla\/files\/2025\/09\/Plan-de-apertura-300x220.jpg 300w, https:\/\/blogsaverroes.juntadeandalucia.es\/ceipcondedetendilla\/files\/2025\/09\/Plan-de-apertura.jpg 389w\" sizes=\"(max-width: 300px) 100vw, 300px\" \/><\/a><\/p>\n<ul style=\"list-style-type: disc\">\n<li><span style=\"color: #339966\"><em>Coordinadora: <\/em><\/span><em>M\u00aa del Carmen Quiles Arrabal.<\/em><\/li>\n<\/ul>\n<p><em><span style=\"color: #339966\">Servicios ofertados:<\/span><\/em><\/p>\n<ul>\n<li><em><a href=\"https:\/\/blogsaverroes.juntadeandalucia.es\/ceipcondedetendilla\/aula-matinal\/\">Aula Matinal<\/a> &#8211; 07:30 a 09:00 horas.<\/em><\/li>\n<li><em><a href=\"https:\/\/blogsaverroes.juntadeandalucia.es\/ceipcondedetendilla\/comedor-escolar\/\">Comedor Escolar<\/a> &#8211; 14:00 a 16:00 horas (en 2 turnos).<\/em><\/li>\n<li><em><a href=\"https:\/\/blogsaverroes.juntadeandalucia.es\/ceipcondedetendilla\/actividades-extraescolares\/\">Actividades extraescolares<\/a> &#8211;&nbsp;<\/em>16:00 a 18:00 horas.<\/li>\n<\/ul>\n<p>Los servicios conexos a la ense\u00f1anza son de gran relevancia para la conciliaci\u00f3n de la vida laboral y familiar, por tanto, los servicios complementarios de aula matinal, comedor escolar y actividades extraescolares se han ido manteniendo dentro del Sistema P\u00fablico Educativo Andaluz desde su implantaci\u00f3n.<\/p>\n<p>Dentro del Plan de Apoyo a las Familias Andaluzas, la Consejer\u00eda de Educaci\u00f3n persigue que los centros docentes, m\u00e1s all\u00e1 de la jornada lectiva tradicional, sean capaces de ofrecer al alumnado y sus familias una oferta de jornada escolar completa, de forma que encuentren en sus centros las actividades que necesitan para completar su formaci\u00f3n y para utilizar de una manera educativa su tiempo libre.<\/p>\n<p><em><span style=\"color: #339966\">\u00a1Click aqu\u00ed para saber m\u00e1s! &gt; <a style=\"color: #339966\" title=\"Enlace al Plan de apertura de Centros\" href=\"https:\/\/www.juntadeandalucia.es\/educacion\/portals\/en\/web\/ced\/plan-apertura\" target=\"_blank\" rel=\"noopener\">Enlace al Plan de apertura de Centros<\/a><\/span><\/em><\/p>\n<p style=\"text-align: center\"><span style=\"color: #339966\"><strong>BIBLIOTECA ESCOLAR<\/strong><\/span><a href=\"https:\/\/blogsaverroes.juntadeandalucia.es\/ceipcondedetendilla\/files\/2025\/09\/biblioteca_1-1.jpg\"><img loading=\"lazy\" decoding=\"async\" class=\"size-medium wp-image-7823 aligncenter\" src=\"https:\/\/blogsaverroes.juntadeandalucia.es\/ceipcondedetendilla\/files\/2025\/09\/biblioteca_1-1-300x226.jpg\" alt=\"\" width=\"300\" height=\"226\" srcset=\"https:\/\/blogsaverroes.juntadeandalucia.es\/ceipcondedetendilla\/files\/2025\/09\/biblioteca_1-1-300x226.jpg 300w, https:\/\/blogsaverroes.juntadeandalucia.es\/ceipcondedetendilla\/files\/2025\/09\/biblioteca_1-1-768x577.jpg 768w, https:\/\/blogsaverroes.juntadeandalucia.es\/ceipcondedetendilla\/files\/2025\/09\/biblioteca_1-1.jpg 850w\" sizes=\"(max-width: 300px) 100vw, 300px\" \/><\/a><\/p>\n<ul>\n<li><em><span style=\"color: #339966\">Coordinadora:&nbsp;<span style=\"color: #333333\">Inmaculada Castillo M\u00e1rquez.<\/span><\/span><\/em><\/li>\n<li><em><span style=\"color: #339966\">Equipo de Biblioteca:<\/span><\/em><\/li>\n<\/ul>\n<p>En la sociedad de la informaci\u00f3n y el conocimiento se requiere que las bibliotecas escolares se conviertan en centros de recursos para la ense\u00f1anza y el aprendizaje.<\/p>\n<p>Las bibliotecas escolares son un factor de compensaci\u00f3n social que posibilita el acceso a los recursos informativos y culturales a quienes carecen de ellos, procurando as\u00ed paliar la brecha digital y social.<\/p>\n<p>Como centros de recursos, deben permitir el acceso a materiales informativos actualizados, diversos, apropiados, suficientes en n\u00famero y calidad para todas las \u00e1reas del curr\u00edculo, as\u00ed como atender la diversidad y apoyar los planes y proyectos del centro.<\/p>\n<p>Entre sus tareas destaca la articulaci\u00f3n de programas de alfabetizaci\u00f3n informacional y digital, as\u00ed como de programas de fomento de la lectura.<\/p>\n<p>Las bibliotecas escolares deben ser&nbsp; espacios f\u00edsicos y digitales abiertos a toda la comunidad educativa y espacios sociales abiertos para eventos culturales, profesionales y educativos. En este sentido, la colaboraci\u00f3n con las familias y otras entidades del entorno cobrar\u00e1n especial relevancia.<\/p>\n<p><span style=\"color: #339966\"><em>\u00a1Click aqu\u00ed para saber m\u00e1s! &gt;&nbsp;<a style=\"color: #339966\" title=\"Lecturas y bibliotecas escolares\" href=\"https:\/\/www.juntadeandalucia.es\/educacion\/portals\/web\/lecturas-bibliotecas-escolares\/inicio\">Lecturas y bibliotecas escolares<\/a><\/em><\/span><\/p>\n<p style=\"text-align: center\" align=\"JUSTIFY\"><span style=\"font-family: georgia, palatino, serif;font-size: 12pt;color: #339966\"><b>TRANSFORMACI\u00d3N DIGITAL EDUCATIVA (TDE) Y C\u00d3DIGO ESCUELA 4.0<\/b><\/span><a href=\"https:\/\/blogsaverroes.juntadeandalucia.es\/ceipcondedetendilla\/files\/2025\/09\/imagVideo1TDE.png\"><img loading=\"lazy\" decoding=\"async\" class=\"size-medium wp-image-7824 aligncenter\" src=\"https:\/\/blogsaverroes.juntadeandalucia.es\/ceipcondedetendilla\/files\/2025\/09\/imagVideo1TDE-300x153.png\" alt=\"\" width=\"300\" height=\"153\" srcset=\"https:\/\/blogsaverroes.juntadeandalucia.es\/ceipcondedetendilla\/files\/2025\/09\/imagVideo1TDE-300x153.png 300w, https:\/\/blogsaverroes.juntadeandalucia.es\/ceipcondedetendilla\/files\/2025\/09\/imagVideo1TDE.png 600w\" sizes=\"(max-width: 300px) 100vw, 300px\" \/><\/a><\/p>\n<ul style=\"list-style-type: disc\">\n<li><span style=\"color: #339966\"><em>Coordinadores: <span style=\"color: #333333\">Alejandro \u00c1lvarez Crespo y Nacho Lorenzo Jim\u00e9nez.<\/span><\/em><\/span><\/li>\n<\/ul>\n<p>La innovaci\u00f3n en educaci\u00f3n es un proceso&nbsp;permanente, original e intencional&nbsp;de b\u00fasqueda de mejora de la calidad educativa y de los aprendizajes del alumnado; su relaci\u00f3n con el uso de las tecnolog\u00eda est\u00e1 supeditada a esa mejora e incluye aspectos estructurales que incumben a la&nbsp;organizaci\u00f3n&nbsp;de los centros, la din\u00e1mica de&nbsp;informaci\u00f3n y comunicaci\u00f3n&nbsp;y, sobre todo, los procesos de&nbsp;ense\u00f1anza-aprendizaje. En cualquiera de estos tres \u00e1mbitos, las iniciativas de innovaci\u00f3n pedag\u00f3gica y de investigaci\u00f3n que desarrolla el profesorado en los centros docentes son fundamentales, as\u00ed como la formaci\u00f3n.<\/p>\n<p>La transformaci\u00f3n digital educativa (TDE) busca modernizar la ense\u00f1anza con herramientas digitales, y el Programa C\u00f3digo Escuela 4.0 es una iniciativa espec\u00edfica dentro de ella en Espa\u00f1a, financiada con fondos europeos Next Generation EU. <span style=\"color: #333333\">Su objetivo es desarrollar el pensamiento computacional, la programaci\u00f3n y la rob\u00f3tica en alumnos y profesores, proporcionando recursos de hardware y software, formaci\u00f3n para los docentes y un acompa\u00f1amiento en el aula para impulsar la competencia digital y fomentar las vocaciones STEM.<span class=\"pjBG2e\" data-cid=\"7496a21d-59fb-46c2-9fcb-f9ed2952528f\"><span class=\"UV3uM\">&nbsp;<\/span><\/span><\/span><\/p>\n<p><span style=\"color: #339966\"><em>\u00a1Click aqu\u00ed para saber m\u00e1s! &gt;&nbsp;<a style=\"color: #339966\" title=\"Transformaci\u00f3n Digital Educativa\" href=\"https:\/\/www.juntadeandalucia.es\/educacion\/portals\/web\/transformacion-digital-educativa\">Transformaci\u00f3n Digital Educativa<\/a><\/em><\/span><\/p>\n<p><span style=\"color: #339966\"><em>\u00a1Click aqu\u00ed para saber m\u00e1s! &gt;&nbsp;<a style=\"color: #339966\" href=\"https:\/\/espanadigital.gob.es\/lineas-de-actuacion\/programa-codigo-escuela-40\" target=\"_blank\" rel=\"noopener\">C\u00f3digo Escuela 4.0<\/a><\/em><\/span><\/p>\n<p style=\"text-align: center\" align=\"JUSTIFY\"><span style=\"font-family: georgia, palatino, serif;font-size: 12pt;color: #339966\"><b>M\u00c1S DEPORTE<\/b><\/span><\/p>\n<p style=\"text-align: center\" align=\"JUSTIFY\"><a href=\"https:\/\/blogsaverroes.juntadeandalucia.es\/ceipcondedetendilla\/files\/2025\/09\/descarga.png\"><img loading=\"lazy\" decoding=\"async\" class=\"alignnone size-full wp-image-7825\" src=\"https:\/\/blogsaverroes.juntadeandalucia.es\/ceipcondedetendilla\/files\/2025\/09\/descarga.png\" alt=\"\" width=\"275\" height=\"183\"><\/a><\/p>\n<ul style=\"list-style-type: disc\">\n<li><span style=\"color: #339966\"><em>Coordinador:&nbsp;<span style=\"color: #333333\">Alejandro \u00c1lvarez Crespo.<\/span><\/em><\/span><\/li>\n<\/ul>\n<p style=\"text-align: left\" align=\"JUSTIFY\"><span data-huuid=\"6504947380496790281\">El principal programa de escuelas deportivas de la Junta de Andaluc\u00eda se llama Programa M\u00e1s Deporte, el cual forma parte del&nbsp;<em><span style=\"color: #333333\"><a class=\"DTlJ6d\" style=\"color: #333333\" href=\"https:\/\/www.google.com\/search?sca_esv=adba07b31be7c891&amp;rlz=1C1CHBF_esES1023ES1023&amp;cs=1&amp;sxsrf=AE3TifMiu3V24yLCjN5ZI-75yEn0AZbufA%3A1757846659698&amp;q=Plan+de+Deporte+en+Edad+Escolar&amp;sa=X&amp;ved=2ahUKEwiTuriNidiPAxVQTqQEHcOlM7kQxccNegQIAhAC&amp;mstk=AUtExfCcmZ1z9PCYmNFaeh6RH8r4OD9WZLqQpKFBvjkVrHcLMNCnqdC07iCThXatIJierBdu7hZuhSwOxbUcCFmBxb1ZsUA0KMJstI47Y4ug4vgwf0elLp40rP7D0oY3u2ljlw-Da1x9KBdsMWV0bJMfJJNKBUddsSgXv1r3d-BeNV453Zivib9cVJVtLVCd5EFjx2zeBcwtIiZsRd4PASSaOrsJyVN7Zl6ag6I0OhqTIB9TxFTKAEBrJTvjRs9hKDBj6DzFmp95SRb57LveLUr0nCV8NLT1UVvZXs0OebTFCfDWEQ&amp;csui=3\" target=\"_blank\" rel=\"noopener\" data-hveid=\"CAIQAg\">Plan de Deporte en Edad Escolar<\/a><\/span>&nbsp;<\/em>y est\u00e1 dise\u00f1ado para fomentar la pr\u00e1ctica deportiva entre los escolares de la etapa de Primaria en horario extraescolar. <\/span><span data-huuid=\"6504947380496790182\">Busca promover h\u00e1bitos de vida saludables, desarrollar valores, mejorar la competencia social del alumnado y facilitar la conciliaci\u00f3n familiar y laboral.&nbsp;<\/span><span data-huuid=\"6504947380496790083\">El programa se implementa en centros docentes p\u00fablicos y se apoya en la colaboraci\u00f3n con ayuntamientos y otras entidades.<span class=\"pjBG2e\" data-cid=\"c14f9281-c1ba-4c9c-91a3-72dfbb772bd3\"><span class=\"UV3uM\">&nbsp;<\/span><\/span><\/span><\/p>\n<p align=\"JUSTIFY\"><span style=\"color: #339966\"><em>Horario:<\/em>&nbsp;<em><span style=\"color: #333333\">lunes y mi\u00e9rcoles de 16:00 a 18:00 horas (solo para alumnado de la etapa de Educaci\u00f3n Primaria).<\/span><\/em><\/span><\/p>\n<p><span style=\"color: #339966\"><em>\u00a1Click aqu\u00ed para saber m\u00e1s! &gt;&nbsp;<a style=\"color: #339966\" title=\"Programa Escuelas Deportivas\" href=\"https:\/\/www.juntadeandalucia.es\/organismos\/transparencia\/planificacion-evaluacion-estadistica\/planes\/detalle\/2737.html\" target=\"_blank\" rel=\"noopener\">Programa M\u00e1s Deporte<\/a><\/em><\/span><\/p>\n<p style=\"text-align: center\"><span style=\"color: #339966\"><strong>PROGRAMA DE ACOMPA\u00d1AMIENTO ESCOLAR (PROA)<\/strong><\/span><a href=\"https:\/\/blogsaverroes.juntadeandalucia.es\/ceipcondedetendilla\/files\/2025\/09\/logo-proaplus.png\"><img loading=\"lazy\" decoding=\"async\" class=\"size-medium wp-image-7826 aligncenter\" src=\"https:\/\/blogsaverroes.juntadeandalucia.es\/ceipcondedetendilla\/files\/2025\/09\/logo-proaplus-300x91.png\" alt=\"\" width=\"300\" height=\"91\" srcset=\"https:\/\/blogsaverroes.juntadeandalucia.es\/ceipcondedetendilla\/files\/2025\/09\/logo-proaplus-300x91.png 300w, https:\/\/blogsaverroes.juntadeandalucia.es\/ceipcondedetendilla\/files\/2025\/09\/logo-proaplus-768x232.png 768w, https:\/\/blogsaverroes.juntadeandalucia.es\/ceipcondedetendilla\/files\/2025\/09\/logo-proaplus.png 864w\" sizes=\"(max-width: 300px) 100vw, 300px\" \/><\/a><\/p>\n<ul>\n<li><span style=\"color: #339966\"><em>Coordinador:&nbsp;<span style=\"color: #333333\">Alejandro \u00c1lvarez Crespo.<\/span><\/em><\/span><\/li>\n<\/ul>\n<p>El Programa de Refuerzo, Orientaci\u00f3n y Apoyo en los centros docentes p\u00fablicos dependientes de la Consejer\u00eda de Educaci\u00f3n y Deporte de la Junta de Andaluc\u00eda (PROA Andaluc\u00eda), se concibe como un conjunto de actuaciones dirigidas a mejorar el grado de adquisici\u00f3n de las competencias clave y la motivaci\u00f3n del alumnado con necesidades espec\u00edficas de apoyo educativo por precisar acciones de car\u00e1cter compensatorio, que en el caso del alumnado de origen extranjero, adem\u00e1s, pretenden conseguir un nivel adecuado de uso del espa\u00f1ol como lengua vehicular. Dichas acciones est\u00e1n dirigidas a evitar el riesgo de abandono temprano del sistema educativo y complementar las acciones encaminadas a la mejora del \u00e9xito escolar que se desarrollan en los centros docentes p\u00fablicos andaluces.<\/p>\n<p><span style=\"color: #339966\"><em>Horario:<\/em>&nbsp;<em><span style=\"color: #333333\">martes y jueves de 16:00 a 18:00 horas (solo para 2\u00ba y 3er Ciclo de Educaci\u00f3n Primaria).<\/span><\/em><\/span><\/p>\n<p><span style=\"color: #339966\"><em>\u00a1Click aqu\u00ed para saber m\u00e1s! &gt;&nbsp;<a style=\"color: #339966\" title=\"PROA\" href=\"https:\/\/www.juntadeandalucia.es\/educacion\/portales\/web\/planes-y-programas\/programas-desarrollo-educativo\/proa\/presentacion\" target=\"_blank\" rel=\"noopener\">PROA<\/a><\/em><\/span><\/p>\n<p style=\"text-align: center\" align=\"JUSTIFY\"><span style=\"color: #339966\"><strong>CRECIENDO EN SALUD<\/strong><\/span><a href=\"https:\/\/blogsaverroes.juntadeandalucia.es\/ceipcondedetendilla\/files\/2025\/09\/descarga-1.png\"><img loading=\"lazy\" decoding=\"async\" class=\"size-full wp-image-7827 aligncenter\" src=\"https:\/\/blogsaverroes.juntadeandalucia.es\/ceipcondedetendilla\/files\/2025\/09\/descarga-1.png\" alt=\"\" width=\"267\" height=\"189\"><\/a><\/p>\n<ul>\n<li><span style=\"color: #339966\"><em>Coordinador:&nbsp;<\/em><\/span><em>Nicol\u00e1s Moncada D\u00edaz.<\/em><\/li>\n<\/ul>\n<p>Tiene como objetivo promover, entrenar y capacitar al alumnado para el desarrollo de habilidades cognitivo-conductuales que, de forma adaptada a cada edad, les permitan adoptar estilos de vida saludables, mediante la toma de decisiones razonadas en el marco de entornos no siempre favorables a la protecci\u00f3n y al fomento de la salud.<\/p>\n<p><span style=\"color: #339966\"><em>\u00a1Click aqu\u00ed para saber m\u00e1s! &gt;&nbsp;<a style=\"color: #339966\" title=\"H\u00e1bitos de vida saludable\" href=\"https:\/\/www.juntadeandalucia.es\/educacion\/portals\/web\/habitos-vida-saludable\/creciendo-en-salud\" target=\"_blank\" rel=\"noopener\">Creciendo en Salud<\/a><\/em><\/span><\/p>\n<p style=\"text-align: center\" align=\"JUSTIFY\"><span style=\"color: #339966\"><strong>PLAN DE IGUALDAD DE G\u00c9NERO EN EDUCACI\u00d3N<\/strong><\/span><a href=\"https:\/\/blogsaverroes.juntadeandalucia.es\/ceipcondedetendilla\/files\/2025\/09\/portalIgualdad.jpg\"><img loading=\"lazy\" decoding=\"async\" class=\"wp-image-7828 size-full aligncenter\" src=\"https:\/\/blogsaverroes.juntadeandalucia.es\/ceipcondedetendilla\/files\/2025\/09\/portalIgualdad-e1757847734841.jpg\" alt=\"\" width=\"273\" height=\"135\"><\/a><\/p>\n<ul>\n<li><span style=\"color: #339966\"><em>Coordinadora:&nbsp;<span style=\"color: #333333\">Inmaculada Castillo M\u00e1rquez.<\/span><\/em><\/span><\/li>\n<\/ul>\n<p>La Igualdad entre hombres y mujeres se presenta como un principio b\u00e1sico y un derecho fundamental dentro del marco legal de la Comunidad Europea, la Constituci\u00f3n Espa\u00f1ola y el estatuto de Autonom\u00eda de la Comunidad Andaluza. Este \u00faltimo &nbsp;establece que promover\u00e1 las condiciones para que la libertad y la igualdad sean reales y, particularmente, siendo consciente de las diferencias culturales que producen desigualdades por raz\u00f3n de sexo, regula como principio relevante la igualdad efectiva del hombre y la mujer, promoviendo la plena incorporaci\u00f3n de las mujeres a la vida social superando cualquier discriminaci\u00f3n laboral, cultural, econ\u00f3mica o pol\u00edtica.<\/p>\n<p><span style=\"color: #339966\"><em>\u00a1Click aqu\u00ed para saber m\u00e1s! &gt;&nbsp;<a style=\"color: #339966\" title=\"Portal de Igualdad\" href=\"https:\/\/www.juntadeandalucia.es\/educacion\/portals\/web\/igualdad\">Portal de Igualdad<\/a><\/em><\/span><\/p>\n<p style=\"text-align: center\"><span style=\"color: #339966\"><strong><span style=\"color: #339966\">ESCUELA, ESPACIO DE PAZ<\/span><\/strong><\/span><a href=\"https:\/\/blogsaverroes.juntadeandalucia.es\/ceipcondedetendilla\/files\/2025\/09\/Logo-RAEEP-color-590x423-copia.jpg\"><img loading=\"lazy\" decoding=\"async\" class=\"size-medium wp-image-7829 aligncenter\" src=\"https:\/\/blogsaverroes.juntadeandalucia.es\/ceipcondedetendilla\/files\/2025\/09\/Logo-RAEEP-color-590x423-copia-300x215.jpg\" alt=\"\" width=\"300\" height=\"215\" srcset=\"https:\/\/blogsaverroes.juntadeandalucia.es\/ceipcondedetendilla\/files\/2025\/09\/Logo-RAEEP-color-590x423-copia-300x215.jpg 300w, https:\/\/blogsaverroes.juntadeandalucia.es\/ceipcondedetendilla\/files\/2025\/09\/Logo-RAEEP-color-590x423-copia.jpg 400w\" sizes=\"(max-width: 300px) 100vw, 300px\" \/><\/a><\/p>\n<ul style=\"list-style-type: disc\">\n<li><span style=\"color: #339966\"><em>Coordinadora:&nbsp;<\/em><\/span><em>Mar\u00eda Esther Garc\u00eda Mart\u00edn.<\/em><\/li>\n<\/ul>\n<p>La Red Andaluza \u00abEscuela: Espacio de Paz\u00bb es una red de centros interesados en compartir iniciativas, recursos y experiencias para la mejora de la convivencia escolar y la difusi\u00f3n de la Cultura de Paz, contrayendo un compromiso de profundizaci\u00f3n en aspectos concretos de su Plan de Convivencia. La normativa que regula el funcionamiento de la Red pone el acento en la cultura de la evaluaci\u00f3n, en la necesidad de visibilizar las buenas pr\u00e1cticas desarrolladas en los centros y en la voluntad de trabajar en red compartiendo propuestas, estrategias y recursos con toda la comunidad educativa.<\/p>\n<p>Entre las se\u00f1as de identidad de los centros que integran la Red Andaluza \u00abEscuela: Espacio de Paz\u00bb destacan la promoci\u00f3n de los valores propios de una sociedad democr\u00e1tica, el respeto mutuo, la igualdad, el di\u00e1logo, la solidaridad y la resoluci\u00f3n pac\u00edfica de los conflictos, contando con la participaci\u00f3n de toda la comunidad educativa en la vida de los centros y la vinculaci\u00f3n e implicaci\u00f3n con su entorno.<\/p>\n<p><span style=\"color: #339966\"><em>\u00a1Click aqu\u00ed para saber m\u00e1s! &gt;&nbsp;<a style=\"color: #339966\" title=\"Red Andaluza &quot;Escuela: Espacio de Paz&quot;\" href=\"https:\/\/www.juntadeandalucia.es\/educacion\/portals\/web\/convivencia-escolar\/red-escuela-espacio-de-paz\">Red Andaluza \u00abEscuela: Espacio de Paz\u00bb<\/a><\/em><\/span><\/p>\n<p style=\"text-align: center\"><span style=\"color: #339966\"><strong>PLAN DE SALUD LABORAL Y PREVENCI\u00d3N DE RIESGOS LABORALES<\/strong><\/span><a href=\"https:\/\/blogsaverroes.juntadeandalucia.es\/ceipcondedetendilla\/files\/2025\/09\/prevencion-riesgos-laborales-imgEs20170504094632Peq.png\"><img loading=\"lazy\" decoding=\"async\" class=\"size-medium wp-image-7830 aligncenter\" src=\"https:\/\/blogsaverroes.juntadeandalucia.es\/ceipcondedetendilla\/files\/2025\/09\/prevencion-riesgos-laborales-imgEs20170504094632Peq-300x225.png\" alt=\"\" width=\"300\" height=\"225\" srcset=\"https:\/\/blogsaverroes.juntadeandalucia.es\/ceipcondedetendilla\/files\/2025\/09\/prevencion-riesgos-laborales-imgEs20170504094632Peq-300x225.png 300w, https:\/\/blogsaverroes.juntadeandalucia.es\/ceipcondedetendilla\/files\/2025\/09\/prevencion-riesgos-laborales-imgEs20170504094632Peq.png 670w\" sizes=\"(max-width: 300px) 100vw, 300px\" \/><\/a><\/p>\n<p>El Plan de Autoprotecci\u00f3n del Centro&nbsp;es el sistema de acciones y medidas, adoptadas por los titulares o responsables de las actividades educativas, con sus propios medios y recursos, dentro de su \u00e1mbito de competencias, encaminadas a prevenir y controlar los riesgos sobre las personas y los bienes, a dar respuestas adecuadas a las posibles situaciones de emergencia y a garantizar la integraci\u00f3n de estas actuaciones en el sistema p\u00fablico de protecci\u00f3n civil.<\/p>\n<p style=\"text-align: center\"><strong><span style=\"color: #339966\">BILING\u00dcISMO<\/span><\/strong><a href=\"https:\/\/blogsaverroes.juntadeandalucia.es\/ceipcondedetendilla\/files\/2025\/09\/plurilinguismo.jpg\"><img loading=\"lazy\" decoding=\"async\" class=\"size-medium wp-image-7831 aligncenter\" src=\"https:\/\/blogsaverroes.juntadeandalucia.es\/ceipcondedetendilla\/files\/2025\/09\/plurilinguismo-300x291.jpg\" alt=\"\" width=\"300\" height=\"291\" srcset=\"https:\/\/blogsaverroes.juntadeandalucia.es\/ceipcondedetendilla\/files\/2025\/09\/plurilinguismo-300x291.jpg 300w, https:\/\/blogsaverroes.juntadeandalucia.es\/ceipcondedetendilla\/files\/2025\/09\/plurilinguismo.jpg 400w\" sizes=\"(max-width: 300px) 100vw, 300px\" \/><\/a><\/p>\n<ul>\n<li><em><span style=\"color: #339966\">Coordinadora: <span style=\"color: #333333\">Charo Castillo.<\/span><\/span><\/em><\/li>\n<li><em><span style=\"color: #339966\">Equipo biling\u00fce: <span style=\"color: #333333\">Nacho Lorenzo Jim\u00e9nez, Mar\u00eda Esther Garc\u00eda Mart\u00edn y Carmen L\u00f3pez Moreno.<\/span><\/span><\/em><\/li>\n<\/ul>\n<p style=\"text-align: left\" align=\"JUSTIFY\">La apuesta decidida por el aprendizaje de las lenguas constituye uno de los principales objetivos educativos del Centro. Somos conscientes del papel determinante que la competencia en comunicaci\u00f3n ling\u00fc\u00edstica desempe\u00f1a en la formaci\u00f3n integral de las ciudadanas y los ciudadanos del siglo XXI. En una sociedad en continuo cambio, donde el lenguaje en su m\u00e1s amplia acepci\u00f3n sigue ocupando el papel central de las relaciones humanas, la habilidad para manejarse en situaciones comunicativas cada vez m\u00e1s complejas constituye una de las destrezas b\u00e1sicas que nuestras alumnas y alumnos deben dominar.<\/p>\n<p align=\"JUSTIFY\"><span style=\"color: #339966\"><em>\u00a1Click aqu\u00ed para saber m\u00e1s! &gt;&nbsp;<a style=\"color: #339966\" title=\"Biling\u00fcismo\" href=\"https:\/\/www.juntadeandalucia.es\/educacion\/portals\/web\/plurilinguismo\">Biling\u00fcismo <\/a><\/em><\/span><\/p>\n","protected":false},"excerpt":{"rendered":"<p>PLAN DE APERTURA Coordinadora: M\u00aa del Carmen Quiles Arrabal. Servicios ofertados: Aula Matinal &#8211; 07:30 a 09:00 horas. Comedor Escolar &#8211; 14:00 a 16:00 horas (en 2 turnos). Actividades extraescolares &#8211;&nbsp;16:00 a 18:00 horas. Los servicios conexos a la ense\u00f1anza son de gran relevancia para la conciliaci\u00f3n de la vida laboral y familiar, por tanto, &hellip; <\/p>\n<p class=\"link-more\"><a href=\"https:\/\/blogsaverroes.juntadeandalucia.es\/ceipcondedetendilla\/planes-y-proyectos\/\" class=\"more-link\">Continuar leyendo<span class=\"screen-reader-text\"> \u00abPLANES Y PROGRAMAS DEL CENTRO\u00bb<\/span><\/a><\/p>\n","protected":false},"author":1,"featured_media":0,"parent":0,"menu_order":0,"comment_status":"closed","ping_status":"closed","template":"","meta":{"ngg_post_thumbnail":0,"footnotes":""},"aioseo_notices":[],"_links":{"self":[{"href":"https:\/\/blogsaverroes.juntadeandalucia.es\/ceipcondedetendilla\/wp-json\/wp\/v2\/pages\/2882"}],"collection":[{"href":"https:\/\/blogsaverroes.juntadeandalucia.es\/ceipcondedetendilla\/wp-json\/wp\/v2\/pages"}],"about":[{"href":"https:\/\/blogsaverroes.juntadeandalucia.es\/ceipcondedetendilla\/wp-json\/wp\/v2\/types\/page"}],"author":[{"embeddable":true,"href":"https:\/\/blogsaverroes.juntadeandalucia.es\/ceipcondedetendilla\/wp-json\/wp\/v2\/users\/1"}],"replies":[{"embeddable":true,"href":"https:\/\/blogsaverroes.juntadeandalucia.es\/ceipcondedetendilla\/wp-json\/wp\/v2\/comments?post=2882"}],"version-history":[{"count":22,"href":"https:\/\/blogsaverroes.juntadeandalucia.es\/ceipcondedetendilla\/wp-json\/wp\/v2\/pages\/2882\/revisions"}],"predecessor-version":[{"id":7913,"href":"https:\/\/blogsaverroes.juntadeandalucia.es\/ceipcondedetendilla\/wp-json\/wp\/v2\/pages\/2882\/revisions\/7913"}],"wp:attachment":[{"href":"https:\/\/blogsaverroes.juntadeandalucia.es\/ceipcondedetendilla\/wp-json\/wp\/v2\/media?parent=2882"}],"curies":[{"name":"wp","href":"https:\/\/api.w.org\/{rel}","templated":true}]}}