{"id":2885,"date":"2015-03-16T06:57:36","date_gmt":"2015-03-16T06:57:36","guid":{"rendered":"http:\/\/blogsaverroes.juntadeandalucia.es\/pre\/ceip\/?page_id=80"},"modified":"2025-09-20T11:35:37","modified_gmt":"2025-09-20T11:35:37","slug":"curso-escolar","status":"publish","type":"page","link":"https:\/\/blogsaverroes.juntadeandalucia.es\/ceipcondedetendilla\/curso-escolar\/","title":{"rendered":"Curso escolar"},"content":{"rendered":"<p><a href=\"https:\/\/blogsaverroes.juntadeandalucia.es\/ceipcondedetendilla\/files\/2025\/09\/25-26.png\"><img loading=\"lazy\" decoding=\"async\" class=\" wp-image-7768 alignleft\" src=\"https:\/\/blogsaverroes.juntadeandalucia.es\/ceipcondedetendilla\/files\/2025\/09\/25-26-300x180.png\" alt=\"\" width=\"224\" height=\"135\" srcset=\"https:\/\/blogsaverroes.juntadeandalucia.es\/ceipcondedetendilla\/files\/2025\/09\/25-26-300x180.png 300w, https:\/\/blogsaverroes.juntadeandalucia.es\/ceipcondedetendilla\/files\/2025\/09\/25-26.png 720w\" sizes=\"(max-width: 224px) 100vw, 224px\" \/><\/a><\/p>\n<p>P\u00e1gina de presentaci\u00f3n del curso escolar actual en la que se reflejar\u00e1n informaciones, principales novedades y\/o cambios que pudiesen tener efecto.<\/p>\n<p>Estructuramos este espacio en: <span style=\"color: #339966\"><em><a style=\"color: #339966\" href=\"https:\/\/blogsaverroes.juntadeandalucia.es\/ceipcondedetendilla\/equipo-directivo\/\">Equipo Directivo<\/a> &#8211; <\/em><em><a style=\"color: #339966\" href=\"https:\/\/blogsaverroes.juntadeandalucia.es\/ceipcondedetendilla\/claustro-y-personal-del-centro-curso-23-24\/\">Claustro y personal del Centro<\/a> &#8211; <\/em><em><a style=\"color: #339966\" href=\"https:\/\/blogsaverroes.juntadeandalucia.es\/ceipcondedetendilla\/calendario\/\">Calendario Escolar<\/a> &#8211;&nbsp; <\/em><em><a style=\"color: #339966\" href=\"https:\/\/blogsaverroes.juntadeandalucia.es\/ceipcondedetendilla\/horarios\/\">Horarios<\/a> &#8211; <\/em><em><a style=\"color: #339966\" href=\"https:\/\/blogsaverroes.juntadeandalucia.es\/ceipcondedetendilla\/planes-y-proyectos\/\">Planes y Programas<\/a>.<\/em><\/span><\/p>\n","protected":false},"excerpt":{"rendered":"<p>P\u00e1gina de presentaci\u00f3n del curso escolar actual en la que se reflejar\u00e1n informaciones, principales novedades y\/o cambios que pudiesen tener efecto. Estructuramos este espacio en: Equipo Directivo &#8211; Claustro y personal del Centro &#8211; Calendario Escolar &#8211;&nbsp; Horarios &#8211; Planes y Programas.<\/p>\n","protected":false},"author":1,"featured_media":0,"parent":0,"menu_order":0,"comment_status":"closed","ping_status":"open","template":"","meta":{"ngg_post_thumbnail":0,"footnotes":""},"aioseo_notices":[],"_links":{"self":[{"href":"https:\/\/blogsaverroes.juntadeandalucia.es\/ceipcondedetendilla\/wp-json\/wp\/v2\/pages\/2885"}],"collection":[{"href":"https:\/\/blogsaverroes.juntadeandalucia.es\/ceipcondedetendilla\/wp-json\/wp\/v2\/pages"}],"about":[{"href":"https:\/\/blogsaverroes.juntadeandalucia.es\/ceipcondedetendilla\/wp-json\/wp\/v2\/types\/page"}],"author":[{"embeddable":true,"href":"https:\/\/blogsaverroes.juntadeandalucia.es\/ceipcondedetendilla\/wp-json\/wp\/v2\/users\/1"}],"replies":[{"embeddable":true,"href":"https:\/\/blogsaverroes.juntadeandalucia.es\/ceipcondedetendilla\/wp-json\/wp\/v2\/comments?post=2885"}],"version-history":[{"count":7,"href":"https:\/\/blogsaverroes.juntadeandalucia.es\/ceipcondedetendilla\/wp-json\/wp\/v2\/pages\/2885\/revisions"}],"predecessor-version":[{"id":7849,"href":"https:\/\/blogsaverroes.juntadeandalucia.es\/ceipcondedetendilla\/wp-json\/wp\/v2\/pages\/2885\/revisions\/7849"}],"wp:attachment":[{"href":"https:\/\/blogsaverroes.juntadeandalucia.es\/ceipcondedetendilla\/wp-json\/wp\/v2\/media?parent=2885"}],"curies":[{"name":"wp","href":"https:\/\/api.w.org\/{rel}","templated":true}]}}