{"id":2886,"date":"2015-03-16T06:59:55","date_gmt":"2015-03-16T06:59:55","guid":{"rendered":"http:\/\/blogsaverroes.juntadeandalucia.es\/pre\/ceip\/?page_id=82"},"modified":"2025-09-21T07:17:43","modified_gmt":"2025-09-21T07:17:43","slug":"horarios","status":"publish","type":"page","link":"https:\/\/blogsaverroes.juntadeandalucia.es\/ceipcondedetendilla\/horarios\/","title":{"rendered":"Horarios Curso 2024-2025"},"content":{"rendered":"<p style=\"text-align: left\" align=\"CENTER\"><strong><span style=\"color: #339966\">HORARIOS GENERALES:<\/span><\/strong><\/p>\n<p style=\"text-align: left\" align=\"CENTER\"><a href=\"https:\/\/blogsaverroes.juntadeandalucia.es\/ceipcondedetendilla\/files\/2025\/09\/images-1.png\"><img loading=\"lazy\" decoding=\"async\" class=\"alignnone size-full wp-image-7818\" src=\"https:\/\/blogsaverroes.juntadeandalucia.es\/ceipcondedetendilla\/files\/2025\/09\/images-1.png\" alt=\"\" width=\"229\" height=\"220\"><\/a><\/p>\n<p><strong><span style=\"color: #339966\">HORARIO LECTIVO: <\/span><\/strong><span style=\"color: #333333\">de<\/span> <span style=\"color: #339966\">09:00 a 14:00 horas.<\/span><\/p>\n<p>&nbsp;<\/p>\n<p><span style=\"color: #339966\"><strong>HORARIO DE ATENCI\u00d3N A LAS FAMILIAS (TUTOR\u00cdA):<\/strong>&nbsp;<span style=\"color: #333333\">con car\u00e1cter general, y salvo excepciones o particularidades, tendr\u00e1n lugar los <span style=\"color: #339966\">lunes por la tarde de 16:00 a 17:00 horas<\/span> mediante<span style=\"color: #339966\"> cita previa<\/span>, bien sea por <span style=\"color: #339966\">solicitud de la familia, el tutor\/a o alg\u00fan miembro del Equipo Docente<\/span> (maestros\/as que imparten docencia a un grupo de alumnado). La <span style=\"color: #339966\">cita se concertar\u00e1<\/span> mediante<span style=\"color: #339966\"> nota escrita, agenda escolar o medios telem\u00e1ticos<\/span> (correo electr\u00f3nico o servicio de mensajer\u00eda de iPasen\/iS\u00e9neca) que se acordar\u00e1n en la reuni\u00f3n de inicio de curso con las familias.<\/span><\/span><\/p>\n<p>&nbsp;<\/p>\n<p><span style=\"color: #339966\"><strong>D\u00cdAS Y HORARIO DE ATENCI\u00d3N DEL EQUIPO DIRECTIVO (MEDIANTE CITA PREVIA):<\/strong><\/span><\/p>\n<ul>\n<li style=\"text-align: left\"><em><span style=\"color: #339966\">Direcci\u00f3n:&nbsp;<\/span><\/em>Lunes de 09:00 a 10:00 horas.<\/li>\n<li style=\"text-align: left\"><em><span style=\"color: #339966\">Jefatura de Estudios:&nbsp;<\/span><\/em>Mi\u00e9rcoles de 11:00 a 12:00 horas.<\/li>\n<li style=\"text-align: left\"><em><span style=\"color: #339966\">Secretar\u00eda:&nbsp;<\/span><\/em>Martes de 10:00 a 11:00 horas.<\/li>\n<\/ul>\n<p>&nbsp;<\/p>\n<p><span style=\"color: #339966\"><b>TAREAS ADMINISTRATIVAS:<\/b><\/span><\/p>\n<ul>\n<li style=\"text-align: left\"><span style=\"color: #339966\"><span style=\"color: #333333\"><span style=\"color: #339966\">Pedir cita previa<\/span> por correo electr\u00f3nico (18000362.edu@juntadeandalucia.es) o tel\u00e9fono (958 36 95 32).<\/span><\/span><\/li>\n<li style=\"text-align: left\">La atenci\u00f3n ser\u00e1 siempre en <span style=\"color: #339966\">horarios diferentes a las entradas y salidas<\/span>, concret\u00e1ndose as\u00ed el horario para tareas administrativas en el tramo comprendido <span style=\"color: #339966\">entre las 09:15 y 13:45 horas.&nbsp;<\/span><\/li>\n<li style=\"text-align: left\">Se realizar\u00e1, con car\u00e1cter general, a trav\u00e9s de <span style=\"color: #339966\">ventanilla de secretar\u00eda.<\/span><\/li>\n<\/ul>\n<p>&nbsp;<\/p>\n<p><span style=\"color: #339966\"><strong>SERVICIOS OFERTADOS EN EL PLAN DE APERTURA:<\/strong><\/span><\/p>\n<ul>\n<li><span style=\"color: #339966\"><a style=\"color: #339966\" href=\"https:\/\/blogsaverroes.juntadeandalucia.es\/ceipcondedetendilla\/aula-matinal\/\">Aula Matinal:<\/a> <span style=\"color: #333333\">diariamente de 07:30 a 09:00 horas.<\/span><\/span><\/li>\n<li><span style=\"color: #339966\"><a style=\"color: #339966\" href=\"https:\/\/blogsaverroes.juntadeandalucia.es\/ceipcondedetendilla\/comedor-escolar\/\">Comedor escolar:<\/a> <span style=\"color: #333333\">diariamente de 14:00 a 16:00 horas (divididos en dos turnos).<\/span><\/span><\/li>\n<li><span style=\"color: #339966\"><a style=\"color: #339966\" href=\"https:\/\/blogsaverroes.juntadeandalucia.es\/ceipcondedetendilla\/actividades-extraescolares\/\">Actividades extraescolares:<\/a> <span style=\"color: #333333\">de lunes a jueves de 16:00 a 18:00 horas.<\/span><\/span><\/li>\n<\/ul>\n","protected":false},"excerpt":{"rendered":"<p>HORARIOS GENERALES: HORARIO LECTIVO: de 09:00 a 14:00 horas. &nbsp; HORARIO DE ATENCI\u00d3N A LAS FAMILIAS (TUTOR\u00cdA):&nbsp;con car\u00e1cter general, y salvo excepciones o particularidades, tendr\u00e1n lugar los lunes por la tarde de 16:00 a 17:00 horas mediante cita previa, bien sea por solicitud de la familia, el tutor\/a o alg\u00fan miembro del Equipo Docente (maestros\/as &hellip; <\/p>\n<p class=\"link-more\"><a href=\"https:\/\/blogsaverroes.juntadeandalucia.es\/ceipcondedetendilla\/horarios\/\" class=\"more-link\">Continuar leyendo<span class=\"screen-reader-text\"> \u00abHorarios Curso 2024-2025\u00bb<\/span><\/a><\/p>\n","protected":false},"author":1,"featured_media":0,"parent":0,"menu_order":0,"comment_status":"closed","ping_status":"open","template":"","meta":{"ngg_post_thumbnail":0,"footnotes":""},"aioseo_notices":[],"_links":{"self":[{"href":"https:\/\/blogsaverroes.juntadeandalucia.es\/ceipcondedetendilla\/wp-json\/wp\/v2\/pages\/2886"}],"collection":[{"href":"https:\/\/blogsaverroes.juntadeandalucia.es\/ceipcondedetendilla\/wp-json\/wp\/v2\/pages"}],"about":[{"href":"https:\/\/blogsaverroes.juntadeandalucia.es\/ceipcondedetendilla\/wp-json\/wp\/v2\/types\/page"}],"author":[{"embeddable":true,"href":"https:\/\/blogsaverroes.juntadeandalucia.es\/ceipcondedetendilla\/wp-json\/wp\/v2\/users\/1"}],"replies":[{"embeddable":true,"href":"https:\/\/blogsaverroes.juntadeandalucia.es\/ceipcondedetendilla\/wp-json\/wp\/v2\/comments?post=2886"}],"version-history":[{"count":16,"href":"https:\/\/blogsaverroes.juntadeandalucia.es\/ceipcondedetendilla\/wp-json\/wp\/v2\/pages\/2886\/revisions"}],"predecessor-version":[{"id":7863,"href":"https:\/\/blogsaverroes.juntadeandalucia.es\/ceipcondedetendilla\/wp-json\/wp\/v2\/pages\/2886\/revisions\/7863"}],"wp:attachment":[{"href":"https:\/\/blogsaverroes.juntadeandalucia.es\/ceipcondedetendilla\/wp-json\/wp\/v2\/media?parent=2886"}],"curies":[{"name":"wp","href":"https:\/\/api.w.org\/{rel}","templated":true}]}}