{"id":35,"date":"2015-03-13T08:21:43","date_gmt":"2015-03-13T08:21:43","guid":{"rendered":"http:\/\/blogsaverroes.juntadeandalucia.es\/pre\/ceip\/?page_id=35"},"modified":"2025-09-20T11:31:02","modified_gmt":"2025-09-20T11:31:02","slug":"el-centro-2","status":"publish","type":"page","link":"https:\/\/blogsaverroes.juntadeandalucia.es\/ceipcondedetendilla\/el-centro-2\/","title":{"rendered":"SOBRE NOSOTROS"},"content":{"rendered":"<p><a href=\"https:\/\/blogsaverroes.juntadeandalucia.es\/ceipcondedetendilla\/files\/2025\/09\/descarga.jpg\"><img loading=\"lazy\" decoding=\"async\" class=\" wp-image-7801 alignleft\" src=\"https:\/\/blogsaverroes.juntadeandalucia.es\/ceipcondedetendilla\/files\/2025\/09\/descarga.jpg\" alt=\"\" width=\"180\" height=\"117\"><\/a>Presentaci\u00f3n de nuestra identidad, historia, valores, misi\u00f3n y realidad en un espacio estructurado: <span style=\"color: #339966\"><em><a style=\"color: #339966\" href=\"https:\/\/blogsaverroes.juntadeandalucia.es\/ceipcondedetendilla\/contacto-y-localizacion\/\">formas de contacto y localizaci\u00f3n<\/a>, <a style=\"color: #339966\" href=\"https:\/\/blogsaverroes.juntadeandalucia.es\/ceipcondedetendilla\/ensenanzas\/\">ense\u00f1anzas<\/a>, <a style=\"color: #339966\" href=\"https:\/\/blogsaverroes.juntadeandalucia.es\/ceipcondedetendilla\/plan-de-centro\/\">Plan de Centro<\/a> y <a style=\"color: #339966\" href=\"https:\/\/blogsaverroes.juntadeandalucia.es\/ceipcondedetendilla\/visita-virtual\/\">presentaci\u00f3n de nuestras instalaciones<\/a>.<\/em><\/span><\/p>\n<p>&nbsp;<\/p>\n","protected":false},"excerpt":{"rendered":"<p>Presentaci\u00f3n de nuestra identidad, historia, valores, misi\u00f3n y realidad en un espacio estructurado: formas de contacto y localizaci\u00f3n, ense\u00f1anzas, Plan de Centro y presentaci\u00f3n de nuestras instalaciones. &nbsp;<\/p>\n","protected":false},"author":1843,"featured_media":0,"parent":0,"menu_order":0,"comment_status":"closed","ping_status":"closed","template":"","meta":{"ngg_post_thumbnail":0,"footnotes":""},"aioseo_notices":[],"_links":{"self":[{"href":"https:\/\/blogsaverroes.juntadeandalucia.es\/ceipcondedetendilla\/wp-json\/wp\/v2\/pages\/35"}],"collection":[{"href":"https:\/\/blogsaverroes.juntadeandalucia.es\/ceipcondedetendilla\/wp-json\/wp\/v2\/pages"}],"about":[{"href":"https:\/\/blogsaverroes.juntadeandalucia.es\/ceipcondedetendilla\/wp-json\/wp\/v2\/types\/page"}],"author":[{"embeddable":true,"href":"https:\/\/blogsaverroes.juntadeandalucia.es\/ceipcondedetendilla\/wp-json\/wp\/v2\/users\/1843"}],"replies":[{"embeddable":true,"href":"https:\/\/blogsaverroes.juntadeandalucia.es\/ceipcondedetendilla\/wp-json\/wp\/v2\/comments?post=35"}],"version-history":[{"count":21,"href":"https:\/\/blogsaverroes.juntadeandalucia.es\/ceipcondedetendilla\/wp-json\/wp\/v2\/pages\/35\/revisions"}],"predecessor-version":[{"id":7848,"href":"https:\/\/blogsaverroes.juntadeandalucia.es\/ceipcondedetendilla\/wp-json\/wp\/v2\/pages\/35\/revisions\/7848"}],"wp:attachment":[{"href":"https:\/\/blogsaverroes.juntadeandalucia.es\/ceipcondedetendilla\/wp-json\/wp\/v2\/media?parent=35"}],"curies":[{"name":"wp","href":"https:\/\/api.w.org\/{rel}","templated":true}]}}