{"id":6920,"date":"2024-05-10T10:33:52","date_gmt":"2024-05-10T10:33:52","guid":{"rendered":"https:\/\/blogsaverroes.juntadeandalucia.es\/ceipcondedetendilla\/?page_id=6920"},"modified":"2025-11-02T09:12:25","modified_gmt":"2025-11-02T09:12:25","slug":"biblioweb-seneca","status":"publish","type":"page","link":"https:\/\/blogsaverroes.juntadeandalucia.es\/ceipcondedetendilla\/biblioweb-seneca\/","title":{"rendered":"BiblioWeb S\u00e9neca"},"content":{"rendered":"<p>\u00a1Pincha aqu\u00ed para acceder al <span style=\"color: #339966\">cat\u00e1logo web de la biblioteca de nuestro Centro<\/span>! &gt;&nbsp;<span style=\"color: #339966\"><em><a style=\"color: #339966\" title=\"BiblioWeb S\u00e9neca C.E.I.P. Conde de Tendilla\" href=\"https:\/\/www.juntadeandalucia.es\/educacion\/portals\/web\/lecturas-bibliotecas-escolares\/biblioweb-2\" target=\"_blank\" rel=\"noopener\">BiblioWeb S\u00e9neca C.E.I.P. Conde de Tendilla<\/a><\/em><\/span><\/p>\n<p><img decoding=\"async\" src=\"https:\/\/www.juntadeandalucia.es\/educacion\/portals\/ishare-servlet\/content\/29341ac2-ced7-4438-b46c-b99fade50f04\" alt=\"LogoBibliowebSeneca\"><\/p>\n<p><span style=\"color: #333333\">Biblioweb S\u00e9neca es el m\u00f3dulo de Gesti\u00f3n de Bibliotecas Escolares en los centros educativos andaluces.<\/span><\/p>\n<p>Este m\u00f3dulo facilita a los centros la gesti\u00f3n de sus bibliotecas escolares, permitiendo:<\/p>\n<ul>\n<li>La gesti\u00f3n de fondos, ejemplares, lectores, pr\u00e9stamos, reservas y desideratas.<\/li>\n<li>La configuraci\u00f3n de la pol\u00edtica de pr\u00e9stamos, valores predefinidos en el registro de fondos o avisos.<\/li>\n<li>La gesti\u00f3n del portal p\u00fablico de la biblioteca del centro, de las noticias de la biblioteca y la consulta de datos estad\u00edsticos de la misma.<\/li>\n<\/ul>\n<p><img decoding=\"async\" src=\"https:\/\/www.comunidadbaratz.com\/wp-content\/uploads\/La-biblioteca-es-inclusion-social-e-igualdad-de-oportunidades.jpg\" alt=\"10 principios para una biblioteca abierta y hospitalaria\u2026 y 5 propuestas para hacerla posible\"><\/p>\n","protected":false},"excerpt":{"rendered":"<p>\u00a1Pincha aqu\u00ed para acceder al cat\u00e1logo web de la biblioteca de nuestro Centro! &gt;&nbsp;BiblioWeb S\u00e9neca C.E.I.P. Conde de Tendilla Biblioweb S\u00e9neca es el m\u00f3dulo de Gesti\u00f3n de Bibliotecas Escolares en los centros educativos andaluces. Este m\u00f3dulo facilita a los centros la gesti\u00f3n de sus bibliotecas escolares, permitiendo: La gesti\u00f3n de fondos, ejemplares, lectores, pr\u00e9stamos, reservas &hellip; <\/p>\n<p class=\"link-more\"><a href=\"https:\/\/blogsaverroes.juntadeandalucia.es\/ceipcondedetendilla\/biblioweb-seneca\/\" class=\"more-link\">Continuar leyendo<span class=\"screen-reader-text\"> \u00abBiblioWeb S\u00e9neca\u00bb<\/span><\/a><\/p>\n","protected":false},"author":1887,"featured_media":0,"parent":0,"menu_order":0,"comment_status":"closed","ping_status":"closed","template":"","meta":{"ngg_post_thumbnail":0,"footnotes":""},"aioseo_notices":[],"_links":{"self":[{"href":"https:\/\/blogsaverroes.juntadeandalucia.es\/ceipcondedetendilla\/wp-json\/wp\/v2\/pages\/6920"}],"collection":[{"href":"https:\/\/blogsaverroes.juntadeandalucia.es\/ceipcondedetendilla\/wp-json\/wp\/v2\/pages"}],"about":[{"href":"https:\/\/blogsaverroes.juntadeandalucia.es\/ceipcondedetendilla\/wp-json\/wp\/v2\/types\/page"}],"author":[{"embeddable":true,"href":"https:\/\/blogsaverroes.juntadeandalucia.es\/ceipcondedetendilla\/wp-json\/wp\/v2\/users\/1887"}],"replies":[{"embeddable":true,"href":"https:\/\/blogsaverroes.juntadeandalucia.es\/ceipcondedetendilla\/wp-json\/wp\/v2\/comments?post=6920"}],"version-history":[{"count":6,"href":"https:\/\/blogsaverroes.juntadeandalucia.es\/ceipcondedetendilla\/wp-json\/wp\/v2\/pages\/6920\/revisions"}],"predecessor-version":[{"id":7965,"href":"https:\/\/blogsaverroes.juntadeandalucia.es\/ceipcondedetendilla\/wp-json\/wp\/v2\/pages\/6920\/revisions\/7965"}],"wp:attachment":[{"href":"https:\/\/blogsaverroes.juntadeandalucia.es\/ceipcondedetendilla\/wp-json\/wp\/v2\/media?parent=6920"}],"curies":[{"name":"wp","href":"https:\/\/api.w.org\/{rel}","templated":true}]}}