{"id":7650,"date":"2025-09-11T16:34:06","date_gmt":"2025-09-11T16:34:06","guid":{"rendered":"https:\/\/blogsaverroes.juntadeandalucia.es\/ceipcondedetendilla\/?page_id=7650"},"modified":"2025-09-21T07:28:52","modified_gmt":"2025-09-21T07:28:52","slug":"servicios-complementarios","status":"publish","type":"page","link":"https:\/\/blogsaverroes.juntadeandalucia.es\/ceipcondedetendilla\/servicios-complementarios\/","title":{"rendered":"Plan de Apertura"},"content":{"rendered":"<p><a href=\"https:\/\/blogsaverroes.juntadeandalucia.es\/ceipcondedetendilla\/files\/2025\/09\/descarga-1.jpg\"><img loading=\"lazy\" decoding=\"async\" class=\"size-medium wp-image-7868 alignleft\" src=\"https:\/\/blogsaverroes.juntadeandalucia.es\/ceipcondedetendilla\/files\/2025\/09\/descarga-1-300x102.jpg\" alt=\"\" width=\"300\" height=\"102\" srcset=\"https:\/\/blogsaverroes.juntadeandalucia.es\/ceipcondedetendilla\/files\/2025\/09\/descarga-1-300x102.jpg 300w, https:\/\/blogsaverroes.juntadeandalucia.es\/ceipcondedetendilla\/files\/2025\/09\/descarga-1.jpg 385w\" sizes=\"(max-width: 300px) 100vw, 300px\" \/><\/a>Los servicios conexos a la ense\u00f1anza son de gran relevancia para la conciliaci\u00f3n de la vida laboral y familiar, motivo por el que los servicios complementarios de<em><span style=\"color: #339966\"><a style=\"color: #339966\" href=\"https:\/\/blogsaverroes.juntadeandalucia.es\/ceipcondedetendilla\/aula-matinal\/\" target=\"_blank\" rel=\"noopener\"> aula matinal<\/a>, <a style=\"color: #339966\" href=\"https:\/\/blogsaverroes.juntadeandalucia.es\/ceipcondedetendilla\/comedor-escolar\/\" target=\"_blank\" rel=\"noopener\">comedor escolar<\/a> y <a style=\"color: #339966\" href=\"https:\/\/blogsaverroes.juntadeandalucia.es\/ceipcondedetendilla\/actividades-extraescolares\/\" target=\"_blank\" rel=\"noopener\">actividades extraescolares<\/a><\/span><\/em> se han ido manteniendo dentro del Sistema P\u00fablico Educativo Andaluz desde su implantaci\u00f3n.<\/p>\n<p>Dentro del Plan de Apoyo a las Familias Andaluzas, la Consejer\u00eda de Desarrollo Educativo y Formaci\u00f3n Profesional persigue que los centros docentes, m\u00e1s all\u00e1 de la jornada lectiva tradicional, sean capaces de ofrecer al alumnado y sus familias una oferta de jornada escolar completa, de forma que encuentren en sus centros las actividades que necesitan para completar su formaci\u00f3n y para utilizar de una manera educativa su tiempo libre.<\/p>\n<p>En nuestro centro, los <span style=\"color: #339966\">listados definitivos de admitidos<\/span> se encuentran expuestos en la entrada desde el pasado mes de junio y continuar\u00e1n disponibles para su consulta.<\/p>\n","protected":false},"excerpt":{"rendered":"<p>Los servicios conexos a la ense\u00f1anza son de gran relevancia para la conciliaci\u00f3n de la vida laboral y familiar, motivo por el que los servicios complementarios de aula matinal, comedor escolar y actividades extraescolares se han ido manteniendo dentro del Sistema P\u00fablico Educativo Andaluz desde su implantaci\u00f3n. Dentro del Plan de Apoyo a las Familias &hellip; <\/p>\n<p class=\"link-more\"><a href=\"https:\/\/blogsaverroes.juntadeandalucia.es\/ceipcondedetendilla\/servicios-complementarios\/\" class=\"more-link\">Continuar leyendo<span class=\"screen-reader-text\"> \u00abPlan de Apertura\u00bb<\/span><\/a><\/p>\n","protected":false},"author":1887,"featured_media":0,"parent":0,"menu_order":0,"comment_status":"closed","ping_status":"closed","template":"","meta":{"ngg_post_thumbnail":0,"footnotes":""},"aioseo_notices":[],"_links":{"self":[{"href":"https:\/\/blogsaverroes.juntadeandalucia.es\/ceipcondedetendilla\/wp-json\/wp\/v2\/pages\/7650"}],"collection":[{"href":"https:\/\/blogsaverroes.juntadeandalucia.es\/ceipcondedetendilla\/wp-json\/wp\/v2\/pages"}],"about":[{"href":"https:\/\/blogsaverroes.juntadeandalucia.es\/ceipcondedetendilla\/wp-json\/wp\/v2\/types\/page"}],"author":[{"embeddable":true,"href":"https:\/\/blogsaverroes.juntadeandalucia.es\/ceipcondedetendilla\/wp-json\/wp\/v2\/users\/1887"}],"replies":[{"embeddable":true,"href":"https:\/\/blogsaverroes.juntadeandalucia.es\/ceipcondedetendilla\/wp-json\/wp\/v2\/comments?post=7650"}],"version-history":[{"count":6,"href":"https:\/\/blogsaverroes.juntadeandalucia.es\/ceipcondedetendilla\/wp-json\/wp\/v2\/pages\/7650\/revisions"}],"predecessor-version":[{"id":7869,"href":"https:\/\/blogsaverroes.juntadeandalucia.es\/ceipcondedetendilla\/wp-json\/wp\/v2\/pages\/7650\/revisions\/7869"}],"wp:attachment":[{"href":"https:\/\/blogsaverroes.juntadeandalucia.es\/ceipcondedetendilla\/wp-json\/wp\/v2\/media?parent=7650"}],"curies":[{"name":"wp","href":"https:\/\/api.w.org\/{rel}","templated":true}]}}