{"id":7651,"date":"2025-09-11T16:34:06","date_gmt":"2025-09-11T16:34:06","guid":{"rendered":"https:\/\/blogsaverroes.juntadeandalucia.es\/ceipcondedetendilla\/?page_id=7651"},"modified":"2025-09-21T07:41:30","modified_gmt":"2025-09-21T07:41:30","slug":"ciclos","status":"publish","type":"page","link":"https:\/\/blogsaverroes.juntadeandalucia.es\/ceipcondedetendilla\/ciclos\/","title":{"rendered":"Ciclos"},"content":{"rendered":"<p><a href=\"https:\/\/blogsaverroes.juntadeandalucia.es\/ceipcondedetendilla\/files\/2025\/09\/el-noticiario-91e2SXfpz3d-cwIamMjutgY.1400x1400.jpg\"><img loading=\"lazy\" decoding=\"async\" class=\" wp-image-7873 alignleft\" src=\"https:\/\/blogsaverroes.juntadeandalucia.es\/ceipcondedetendilla\/files\/2025\/09\/el-noticiario-91e2SXfpz3d-cwIamMjutgY.1400x1400-300x300.jpg\" alt=\"\" width=\"186\" height=\"186\" srcset=\"https:\/\/blogsaverroes.juntadeandalucia.es\/ceipcondedetendilla\/files\/2025\/09\/el-noticiario-91e2SXfpz3d-cwIamMjutgY.1400x1400-300x300.jpg 300w, https:\/\/blogsaverroes.juntadeandalucia.es\/ceipcondedetendilla\/files\/2025\/09\/el-noticiario-91e2SXfpz3d-cwIamMjutgY.1400x1400-1024x1024.jpg 1024w, https:\/\/blogsaverroes.juntadeandalucia.es\/ceipcondedetendilla\/files\/2025\/09\/el-noticiario-91e2SXfpz3d-cwIamMjutgY.1400x1400-150x150.jpg 150w, https:\/\/blogsaverroes.juntadeandalucia.es\/ceipcondedetendilla\/files\/2025\/09\/el-noticiario-91e2SXfpz3d-cwIamMjutgY.1400x1400-768x768.jpg 768w, https:\/\/blogsaverroes.juntadeandalucia.es\/ceipcondedetendilla\/files\/2025\/09\/el-noticiario-91e2SXfpz3d-cwIamMjutgY.1400x1400-100x100.jpg 100w, https:\/\/blogsaverroes.juntadeandalucia.es\/ceipcondedetendilla\/files\/2025\/09\/el-noticiario-91e2SXfpz3d-cwIamMjutgY.1400x1400.jpg 1400w\" sizes=\"(max-width: 186px) 100vw, 186px\" \/><\/a>Espacio para visualizar las <span style=\"color: #339966\">noticias y actividades<\/span> m\u00e1s destacadas <span style=\"color: #339966\">de cada Ciclo<\/span> y etapa educativa:<\/p>\n<ul>\n<li><span style=\"color: #339966\"><em><a style=\"color: #339966\" href=\"https:\/\/blogsaverroes.juntadeandalucia.es\/ceipcondedetendilla\/category\/3-ciclos\/4-ed-infantil-noticias\/\" target=\"_blank\" rel=\"noopener\">Educaci\u00f3n Infantil.<\/a><\/em><\/span><\/li>\n<li><span style=\"color: #339966\"><em><a style=\"color: #339966\" href=\"https:\/\/blogsaverroes.juntadeandalucia.es\/ceipcondedetendilla\/category\/3-ciclos\/5-e-p-1o-ciclo-noticias\/\" target=\"_blank\" rel=\"noopener\">Primer Ciclo de Educaci\u00f3n Primaria.<\/a><\/em><\/span><\/li>\n<li><span style=\"color: #339966\"><em><a style=\"color: #339966\" href=\"https:\/\/blogsaverroes.juntadeandalucia.es\/ceipcondedetendilla\/category\/3-ciclos\/6-e-p-2o-ciclo-noticias\/\" target=\"_blank\" rel=\"noopener\">Segundo Ciclo de Educaci\u00f3n Primaria.<\/a><\/em><\/span><\/li>\n<li><span style=\"color: #339966\"><em><a style=\"color: #339966\" href=\"https:\/\/blogsaverroes.juntadeandalucia.es\/ceipcondedetendilla\/category\/3-ciclos\/7-e-p-3o-ciclo-noticias\/\" target=\"_blank\" rel=\"noopener\">Tercer Ciclo de Educaci\u00f3n Primaria.<\/a><\/em><\/span><\/li>\n<\/ul>\n<p>&nbsp;<\/p>\n","protected":false},"excerpt":{"rendered":"<p>Espacio para visualizar las noticias y actividades m\u00e1s destacadas de cada Ciclo y etapa educativa: Educaci\u00f3n Infantil. Primer Ciclo de Educaci\u00f3n Primaria. Segundo Ciclo de Educaci\u00f3n Primaria. Tercer Ciclo de Educaci\u00f3n Primaria. &nbsp;<\/p>\n","protected":false},"author":1887,"featured_media":0,"parent":0,"menu_order":0,"comment_status":"closed","ping_status":"closed","template":"","meta":{"ngg_post_thumbnail":0,"footnotes":""},"aioseo_notices":[],"_links":{"self":[{"href":"https:\/\/blogsaverroes.juntadeandalucia.es\/ceipcondedetendilla\/wp-json\/wp\/v2\/pages\/7651"}],"collection":[{"href":"https:\/\/blogsaverroes.juntadeandalucia.es\/ceipcondedetendilla\/wp-json\/wp\/v2\/pages"}],"about":[{"href":"https:\/\/blogsaverroes.juntadeandalucia.es\/ceipcondedetendilla\/wp-json\/wp\/v2\/types\/page"}],"author":[{"embeddable":true,"href":"https:\/\/blogsaverroes.juntadeandalucia.es\/ceipcondedetendilla\/wp-json\/wp\/v2\/users\/1887"}],"replies":[{"embeddable":true,"href":"https:\/\/blogsaverroes.juntadeandalucia.es\/ceipcondedetendilla\/wp-json\/wp\/v2\/comments?post=7651"}],"version-history":[{"count":5,"href":"https:\/\/blogsaverroes.juntadeandalucia.es\/ceipcondedetendilla\/wp-json\/wp\/v2\/pages\/7651\/revisions"}],"predecessor-version":[{"id":7876,"href":"https:\/\/blogsaverroes.juntadeandalucia.es\/ceipcondedetendilla\/wp-json\/wp\/v2\/pages\/7651\/revisions\/7876"}],"wp:attachment":[{"href":"https:\/\/blogsaverroes.juntadeandalucia.es\/ceipcondedetendilla\/wp-json\/wp\/v2\/media?parent=7651"}],"curies":[{"name":"wp","href":"https:\/\/api.w.org\/{rel}","templated":true}]}}