{"id":1113,"date":"2015-03-12T11:00:55","date_gmt":"2015-03-12T11:00:55","guid":{"rendered":"http:\/\/blogsaverroes.juntadeandalucia.es\/pre\/ceip\/?page_id=2"},"modified":"2023-03-27T09:38:50","modified_gmt":"2023-03-27T09:38:50","slug":"pagina-ejemplo-2","status":"publish","type":"page","link":"https:\/\/blogsaverroes.juntadeandalucia.es\/ceipcostaoeste\/","title":{"rendered":"Inicio"},"content":{"rendered":"<p style=\"text-align: justify\"><!-- [if IE 7]&gt; &lt;![endif]--><\/p>\n<div id=\"art-page-background-middle-texture\">\n<div id=\"art-main\">\n<div class=\"art-sheet\">\n<div class=\"art-sheet-body\">\n<div class=\"art-content-layout\">\n<div class=\"art-content-layout-row\">\n<div class=\"art-layout-cell art-content\">\n<div class=\"art-post\">\n<div class=\"art-post-body\">\n<div class=\"art-post-inner art-article\">\n<h4 class=\"art-postcontent\" style=\"text-align: left\"><strong><span style=\"color: #0000ff\"><span style=\"font-family: 'Comic Sans MS'\">BIENVENIDOS AL CENTRO DE EDUCACI\u00d3N INFANTIL Y PRIMARIA&nbsp;<\/span><span style=\"font-family: 'Comic Sans MS'\">\u00abCOSTA OESTE\u00bb<\/span><\/span><\/strong><\/h4>\n<p style=\"text-align: justify\">El C.E.I.P Costa Oeste es un centro p\u00fablico biling\u00fce de educaci\u00f3n infantil y primaria ubicado en el municipio de El Puerto de Santa Mar\u00eda, provincia de C\u00e1diz, perteneciente a la Junta de Andaluc\u00eda, cuenta con dos l\u00edneas completas de educaci\u00f3n infantil y primaria.<\/p>\n<p>&nbsp;<\/p>\n<\/div>\n<\/div>\n<\/div>\n<\/div>\n<\/div>\n<\/div>\n<\/div>\n<\/div>\n<\/div>\n<\/div>\n<p style=\"text-align: justify\"><a href=\"http:\/\/blogsaverroes.juntadeandalucia.es\/ceipcostaoeste\/files\/2015\/03\/IMG_1714.jpg\"><img loading=\"lazy\" decoding=\"async\" class=\" aligncenter wp-image-2198 size-full\" src=\"http:\/\/blogsaverroes.juntadeandalucia.es\/ceipcostaoeste\/files\/2015\/03\/IMG_1714.jpg\" alt=\"IMG_1714\" width=\"9477\" height=\"2934\" srcset=\"https:\/\/blogsaverroes.juntadeandalucia.es\/ceipcostaoeste\/files\/2015\/03\/IMG_1714.jpg 1600w, https:\/\/blogsaverroes.juntadeandalucia.es\/ceipcostaoeste\/files\/2015\/03\/IMG_1714-300x93.jpg 300w, https:\/\/blogsaverroes.juntadeandalucia.es\/ceipcostaoeste\/files\/2015\/03\/IMG_1714-1024x317.jpg 1024w, https:\/\/blogsaverroes.juntadeandalucia.es\/ceipcostaoeste\/files\/2015\/03\/IMG_1714-24x7.jpg 24w, https:\/\/blogsaverroes.juntadeandalucia.es\/ceipcostaoeste\/files\/2015\/03\/IMG_1714-36x11.jpg 36w, https:\/\/blogsaverroes.juntadeandalucia.es\/ceipcostaoeste\/files\/2015\/03\/IMG_1714-48x15.jpg 48w\" sizes=\"(max-width: 9477px) 100vw, 9477px\" \/><\/a><\/p>\n<p style=\"text-align: justify\">C.E.I.P. Costa Oeste<\/p>\n<div id=\"art-page-background-middle-texture\">\n<div id=\"art-main\">\n<div class=\"art-sheet\">\n<div class=\"art-sheet-body\">\n<div class=\"art-content-layout\">\n<div class=\"art-content-layout-row\">\n<div class=\"art-layout-cell art-content\">\n<div class=\"art-post\">\n<div class=\"art-post-body\">\n<div class=\"art-post-inner art-article\">\n<div class=\"art-postcontent\">\n<p style=\"text-align: justify\">SALUDA del Director del centro:<\/p>\n<p style=\"text-align: justify\">Adem\u00e1s de ser un centro biling\u00fce, el C.E.I.P Costa Oeste tiene como misi\u00f3n principal proporcionar una educaci\u00f3n integral y de calidad a todos sus estudiantes, fomentando su desarrollo personal, social y acad\u00e9mico en un entorno seguro y amigable. Para ello, cuenta con un equipo docente altamente capacitado y comprometido con la educaci\u00f3n de los m\u00e1s peque\u00f1os, y con instalaciones modernas y equipadas con recursos educativos de \u00faltima generaci\u00f3n.<\/p>\n<p style=\"text-align: justify\">En el C.E.I.P Costa Oeste, creemos que cada estudiante es \u00fanico y tiene su propio ritmo de aprendizaje, por lo que nos enfocamos en adaptar nuestra metodolog\u00eda educativa a las necesidades individuales de cada uno de nuestros alumnos, a trav\u00e9s de un enfoque inclusivo y personalizado.<\/p>\n<p style=\"text-align: justify\">Asimismo, en el C.E.I.P Costa Oeste promovemos valores como la tolerancia, el respeto, la solidaridad y el compromiso con el medio ambiente, con el fin de formar ciudadanos responsables y comprometidos con la sociedad.<\/p>\n<p style=\"text-align: justify\">En definitiva, el C.E.I.P Costa Oeste es un centro educativo que busca formar personas cr\u00edticas, reflexivas y capaces de enfrentar los desaf\u00edos del mundo actual, y para ello, trabajamos d\u00eda a d\u00eda en la mejora constante de nuestros servicios y programas educativos.<\/p>\n<p style=\"text-align: justify\">Esperamos que esta p\u00e1gina web sea de utilidad para ustedes y les invitamos a formar parte de nuestra comunidad educativa.<\/p>\n<p style=\"text-align: justify\">Atentamente,<\/p>\n<p style=\"text-align: justify\">Emilio Platero Caraballo Director del C.E.I.P Costa Oeste.<\/p>\n<\/div>\n<\/div>\n<\/div>\n<\/div>\n<\/div>\n<\/div>\n<\/div>\n<\/div>\n<\/div>\n<\/div>\n<\/div>\n","protected":false},"excerpt":{"rendered":"<p>BIENVENIDOS AL CENTRO DE EDUCACI\u00d3N INFANTIL Y PRIMARIA&nbsp;\u00abCOSTA OESTE\u00bb El C.E.I.P Costa Oeste es un centro p\u00fablico biling\u00fce de educaci\u00f3n infantil y primaria ubicado en el municipio de El Puerto de Santa Mar\u00eda, provincia&#46;&#46;&#46;<\/p>\n","protected":false},"author":1,"featured_media":2203,"parent":0,"menu_order":0,"comment_status":"closed","ping_status":"open","template":"page-c.php","meta":{"ngg_post_thumbnail":0,"footnotes":"","_mc_calendar":[]},"aioseo_notices":[],"_links":{"self":[{"href":"https:\/\/blogsaverroes.juntadeandalucia.es\/ceipcostaoeste\/wp-json\/wp\/v2\/pages\/1113"}],"collection":[{"href":"https:\/\/blogsaverroes.juntadeandalucia.es\/ceipcostaoeste\/wp-json\/wp\/v2\/pages"}],"about":[{"href":"https:\/\/blogsaverroes.juntadeandalucia.es\/ceipcostaoeste\/wp-json\/wp\/v2\/types\/page"}],"author":[{"embeddable":true,"href":"https:\/\/blogsaverroes.juntadeandalucia.es\/ceipcostaoeste\/wp-json\/wp\/v2\/users\/1"}],"replies":[{"embeddable":true,"href":"https:\/\/blogsaverroes.juntadeandalucia.es\/ceipcostaoeste\/wp-json\/wp\/v2\/comments?post=1113"}],"version-history":[{"count":25,"href":"https:\/\/blogsaverroes.juntadeandalucia.es\/ceipcostaoeste\/wp-json\/wp\/v2\/pages\/1113\/revisions"}],"predecessor-version":[{"id":3383,"href":"https:\/\/blogsaverroes.juntadeandalucia.es\/ceipcostaoeste\/wp-json\/wp\/v2\/pages\/1113\/revisions\/3383"}],"wp:featuredmedia":[{"embeddable":true,"href":"https:\/\/blogsaverroes.juntadeandalucia.es\/ceipcostaoeste\/wp-json\/wp\/v2\/media\/2203"}],"wp:attachment":[{"href":"https:\/\/blogsaverroes.juntadeandalucia.es\/ceipcostaoeste\/wp-json\/wp\/v2\/media?parent=1113"}],"curies":[{"name":"wp","href":"https:\/\/api.w.org\/{rel}","templated":true}]}}