{"id":113,"date":"2015-03-16T08:06:00","date_gmt":"2015-03-16T08:06:00","guid":{"rendered":"http:\/\/blogsaverroes.juntadeandalucia.es\/pre\/ceip\/?page_id=113"},"modified":"2021-11-22T12:12:05","modified_gmt":"2021-11-22T12:12:05","slug":"biblioteca","status":"publish","type":"page","link":"https:\/\/blogsaverroes.juntadeandalucia.es\/ceipcostaoeste\/biblioteca\/","title":{"rendered":"Biblioteca"},"content":{"rendered":"<p><iframe loading=\"lazy\" title=\"Bibliotecas escolares de Andaluc\u00eda al servicio de la comunidad educativa\" width=\"500\" height=\"281\" src=\"https:\/\/www.youtube.com\/embed\/N_rrGePF_zM?feature=oembed&#038;wmode=opaque\" frameborder=\"0\" allow=\"accelerometer; autoplay; clipboard-write; encrypted-media; gyroscope; picture-in-picture; web-share\" referrerpolicy=\"strict-origin-when-cross-origin\" allowfullscreen><\/iframe><\/p>\n<p><a title=\"Bibliotecas escolares\" href=\"http:\/\/www.juntadeandalucia.es\/educacion\/webportal\/web\/lecturas-y-bibliotecas-escolares\/bibliotecas-escolares\" target=\"_blank\" rel=\"noopener noreferrer\">Enlace al portal sobre las Bibliotecas Escolares.<\/a><\/p>\n<h2 style=\"text-align: center\"><img loading=\"lazy\" decoding=\"async\" class=\"alignleft wp-image-2302\" src=\"http:\/\/blogsaverroes.juntadeandalucia.es\/ceipcostaoeste\/files\/2015\/03\/BIBLIOTECA-2-291x300.jpg\" alt=\"BIBLIOTECA 2\" width=\"188\" height=\"194\" srcset=\"https:\/\/blogsaverroes.juntadeandalucia.es\/ceipcostaoeste\/files\/2015\/03\/BIBLIOTECA-2-291x300.jpg 291w, https:\/\/blogsaverroes.juntadeandalucia.es\/ceipcostaoeste\/files\/2015\/03\/BIBLIOTECA-2-994x1024.jpg 994w, https:\/\/blogsaverroes.juntadeandalucia.es\/ceipcostaoeste\/files\/2015\/03\/BIBLIOTECA-2-24x24.jpg 24w, https:\/\/blogsaverroes.juntadeandalucia.es\/ceipcostaoeste\/files\/2015\/03\/BIBLIOTECA-2-36x36.jpg 36w, https:\/\/blogsaverroes.juntadeandalucia.es\/ceipcostaoeste\/files\/2015\/03\/BIBLIOTECA-2.jpg 1553w\" sizes=\"(max-width: 188px) 100vw, 188px\" \/><\/h2>\n<h2 style=\"text-align: center\"><span style=\"color: #ff00ff\"><em>BIENVENIDOS A NUESTRA BIBLIOTECA<\/em><\/span><\/h2>\n<h2 style=\"text-align: center\">&nbsp;<\/h2>\n<h2 style=\"text-align: center\"><strong><span style=\"color: #008000\">\u00abEL PINAR DE KAMALEO\u00bb<\/span><\/strong><\/h2>\n<p>&nbsp;<\/p>\n<p>&nbsp;<\/p>\n<p>&nbsp;<\/p>\n<p style=\"text-align: justify\">&nbsp;&nbsp;&nbsp;&nbsp;&nbsp;&nbsp;&nbsp;&nbsp;&nbsp;&nbsp;&nbsp; Nuestro colegio Costa Oeste, cuenta con una biblioteca con nombre propio: \u201cEl Pinar de Kamaleo\u201d, con un registro de 2000 ejemplares divididos en ciclos y tem\u00e1tica para el sistema de pr\u00e9stamo, en base a un sistema de colores con el fin de facilitar el manejo de la misma; adem\u00e1s existen colecciones de pr\u00e9stamo para la biblioteca de aula de cada curso, adecuadas a la edad del alumnado y, por \u00faltimo, hay libros de consulta como enciclopedias tanto generales como centradas en el cuerpo humano, la historia, etc.<\/p>\n<p style=\"text-align: justify\">&nbsp;&nbsp;&nbsp;&nbsp;&nbsp;&nbsp;&nbsp;&nbsp;&nbsp;&nbsp;&nbsp; Dicha biblioteca est\u00e1 estructurada en diferentes espacios para fomentar el uso cooperativo de alumnado de diversas edades; adem\u00e1s se encuentra en continua decoraci\u00f3n dependiendo de la estaci\u00f3n, festividad o d\u00eda conmemorativo que se celebre en el centro; puesto que la biblioteca es una parte muy activa del Centro y, adem\u00e1s, de este modo conseguimos una motivaci\u00f3n extra en el alumnado.<\/p>\n<p style=\"text-align: justify\">&nbsp; &nbsp; &nbsp; &nbsp; &nbsp; &nbsp;Dependiendo de lo que queramos hacer pues, la biblioteca ser\u00e1 un espacio di\u00e1fano, o estar\u00e1 estructurado en zonas delimitadas. Existe un lugar especial para el ciclo de infantil delimitado por una moqueta, con los libros del ciclo a su total alcance distribuidos en cajas con colores y letras; adem\u00e1s a su misma altura hay un castillo encantando donde podr\u00e1n dibujar sus historias favoritas o escribir el nombre de sus personajes.<\/p>\n<p style=\"text-align: justify\">&nbsp;&nbsp;&nbsp;&nbsp;&nbsp;&nbsp;&nbsp;&nbsp;&nbsp;&nbsp;&nbsp; En las paredes existen dos castillos encantados, en los que m\u00e1gicamente aparecer\u00e1n mensajes, citas de autores, dibujos representativos, anuncios, adivinanzas\u2026 \u00e9stas incluso, est\u00e1n en continua renovaci\u00f3n en base al concurso mensual de la adivinanza, donde el alumnado resuelve la adivinanza, hace un dibujo que posteriormente se expone en la cristalera de la biblioteca y se elige el mejor entre todo el alumnado que visita la biblioteca. El premiado\/a se exhibe en un atril y el alumno\/a en cuesti\u00f3n recibe un premio por parte de la responsable de la biblioteca.<\/p>\n<p style=\"text-align: justify\">&nbsp; &nbsp; &nbsp; &nbsp; &nbsp; &nbsp; Durante el presente curso continuamos con el sistema de pr\u00e9stamo de libros. Adem\u00e1s se volver\u00e1 a llevar a cabo la \u201cBibliopatio\u201d en la semana cultural desde el D\u00eda del Libro; hecho que tanto \u00e9xito tuvo el curso pasado, ya que hay alumnado que disfruta leyendo en el recreo, y puesto que no es posible aun el sistema de pr\u00e9stamo y lectura en la hora de patio, se organiza una biblioteca port\u00e1til con libros de todos los ciclos y tem\u00e1ticas para hacer un pr\u00e9stamo al menos por una semana en el patio.<\/p>\n<p style=\"text-align: justify\">&nbsp;&nbsp;&nbsp;&nbsp;&nbsp;&nbsp;&nbsp;&nbsp;&nbsp;&nbsp;&nbsp; Por \u00faltimo, la biblioteca del Centro est\u00e1 abierta al uso y disfrute de toda la comunidad educativa, as\u00ed como a las familias del alumnado y personal del Centro, siempre y cuando se solicite con antelaci\u00f3n para no alterar el horario establecido para cada curso. Cualquier actividad que se proponga que tenga cabida en torno a la biblioteca, ser\u00e1 bienvenida.<\/p>\n<p>&nbsp;&nbsp;&nbsp;&nbsp;&nbsp;&nbsp;&nbsp;&nbsp;&nbsp;&nbsp;&nbsp;&nbsp;&nbsp;&nbsp;&nbsp;&nbsp;&nbsp;&nbsp;&nbsp;&nbsp;&nbsp;&nbsp;&nbsp;&nbsp;&nbsp;&nbsp;&nbsp;&nbsp;&nbsp;&nbsp;&nbsp;&nbsp;&nbsp;&nbsp;&nbsp;&nbsp;&nbsp;&nbsp;&nbsp;&nbsp;&nbsp;&nbsp;&nbsp;&nbsp;&nbsp;&nbsp;&nbsp;&nbsp;&nbsp;&nbsp;&nbsp;&nbsp;&nbsp;&nbsp;&nbsp;&nbsp;&nbsp;&nbsp; La responsable de la biblioteca<\/p>\n<p>&nbsp;<\/p>\n<p>&nbsp;<\/p>\n<p>&nbsp;<\/p>\n<p><img loading=\"lazy\" decoding=\"async\" class=\" wp-image-2303 alignright\" src=\"http:\/\/blogsaverroes.juntadeandalucia.es\/ceipcostaoeste\/files\/2015\/03\/BIBLIOTECA-3-300x225.jpg\" alt=\"BIBLIOTECA 3\" width=\"213\" height=\"160\" srcset=\"https:\/\/blogsaverroes.juntadeandalucia.es\/ceipcostaoeste\/files\/2015\/03\/BIBLIOTECA-3-300x225.jpg 300w, https:\/\/blogsaverroes.juntadeandalucia.es\/ceipcostaoeste\/files\/2015\/03\/BIBLIOTECA-3-1024x768.jpg 1024w, https:\/\/blogsaverroes.juntadeandalucia.es\/ceipcostaoeste\/files\/2015\/03\/BIBLIOTECA-3-24x18.jpg 24w, https:\/\/blogsaverroes.juntadeandalucia.es\/ceipcostaoeste\/files\/2015\/03\/BIBLIOTECA-3-36x27.jpg 36w, https:\/\/blogsaverroes.juntadeandalucia.es\/ceipcostaoeste\/files\/2015\/03\/BIBLIOTECA-3-48x36.jpg 48w, https:\/\/blogsaverroes.juntadeandalucia.es\/ceipcostaoeste\/files\/2015\/03\/BIBLIOTECA-3.jpg 1600w\" sizes=\"(max-width: 213px) 100vw, 213px\" \/><img loading=\"lazy\" decoding=\"async\" class=\"alignleft wp-image-2304\" src=\"http:\/\/blogsaverroes.juntadeandalucia.es\/ceipcostaoeste\/files\/2015\/03\/BIBLIOTECA-4-300x225.jpg\" alt=\"BIBLIOTECA 4\" width=\"203\" height=\"152\" srcset=\"https:\/\/blogsaverroes.juntadeandalucia.es\/ceipcostaoeste\/files\/2015\/03\/BIBLIOTECA-4-300x225.jpg 300w, https:\/\/blogsaverroes.juntadeandalucia.es\/ceipcostaoeste\/files\/2015\/03\/BIBLIOTECA-4-1024x768.jpg 1024w, https:\/\/blogsaverroes.juntadeandalucia.es\/ceipcostaoeste\/files\/2015\/03\/BIBLIOTECA-4-24x18.jpg 24w, https:\/\/blogsaverroes.juntadeandalucia.es\/ceipcostaoeste\/files\/2015\/03\/BIBLIOTECA-4-36x27.jpg 36w, https:\/\/blogsaverroes.juntadeandalucia.es\/ceipcostaoeste\/files\/2015\/03\/BIBLIOTECA-4-48x36.jpg 48w, https:\/\/blogsaverroes.juntadeandalucia.es\/ceipcostaoeste\/files\/2015\/03\/BIBLIOTECA-4.jpg 1600w\" sizes=\"(max-width: 203px) 100vw, 203px\" \/><img loading=\"lazy\" decoding=\"async\" class=\" wp-image-2301 aligncenter\" src=\"http:\/\/blogsaverroes.juntadeandalucia.es\/ceipcostaoeste\/files\/2015\/03\/BIBLIOTECA-1-278x300.jpg\" alt=\"BIBLIOTECA 1\" width=\"162\" height=\"175\" srcset=\"https:\/\/blogsaverroes.juntadeandalucia.es\/ceipcostaoeste\/files\/2015\/03\/BIBLIOTECA-1-278x300.jpg 278w, https:\/\/blogsaverroes.juntadeandalucia.es\/ceipcostaoeste\/files\/2015\/03\/BIBLIOTECA-1-950x1024.jpg 950w, https:\/\/blogsaverroes.juntadeandalucia.es\/ceipcostaoeste\/files\/2015\/03\/BIBLIOTECA-1-22x24.jpg 22w, https:\/\/blogsaverroes.juntadeandalucia.es\/ceipcostaoeste\/files\/2015\/03\/BIBLIOTECA-1-33x36.jpg 33w, https:\/\/blogsaverroes.juntadeandalucia.es\/ceipcostaoeste\/files\/2015\/03\/BIBLIOTECA-1-45x48.jpg 45w, https:\/\/blogsaverroes.juntadeandalucia.es\/ceipcostaoeste\/files\/2015\/03\/BIBLIOTECA-1.jpg 1485w\" sizes=\"(max-width: 162px) 100vw, 162px\" \/><\/p>\n","protected":false},"excerpt":{"rendered":"<p>Enlace al portal sobre las Bibliotecas Escolares. BIENVENIDOS A NUESTRA BIBLIOTECA &nbsp; \u00abEL PINAR DE KAMALEO\u00bb &nbsp; &nbsp; &nbsp; &nbsp;&nbsp;&nbsp;&nbsp;&nbsp;&nbsp;&nbsp;&nbsp;&nbsp;&nbsp;&nbsp; Nuestro colegio Costa Oeste, cuenta con una biblioteca con nombre propio: \u201cEl Pinar de&#46;&#46;&#46;<\/p>\n","protected":false},"author":1,"featured_media":0,"parent":0,"menu_order":0,"comment_status":"closed","ping_status":"open","template":"page-cs.php","meta":{"ngg_post_thumbnail":0,"footnotes":"","_mc_calendar":[]},"aioseo_notices":[],"_links":{"self":[{"href":"https:\/\/blogsaverroes.juntadeandalucia.es\/ceipcostaoeste\/wp-json\/wp\/v2\/pages\/113"}],"collection":[{"href":"https:\/\/blogsaverroes.juntadeandalucia.es\/ceipcostaoeste\/wp-json\/wp\/v2\/pages"}],"about":[{"href":"https:\/\/blogsaverroes.juntadeandalucia.es\/ceipcostaoeste\/wp-json\/wp\/v2\/types\/page"}],"author":[{"embeddable":true,"href":"https:\/\/blogsaverroes.juntadeandalucia.es\/ceipcostaoeste\/wp-json\/wp\/v2\/users\/1"}],"replies":[{"embeddable":true,"href":"https:\/\/blogsaverroes.juntadeandalucia.es\/ceipcostaoeste\/wp-json\/wp\/v2\/comments?post=113"}],"version-history":[{"count":12,"href":"https:\/\/blogsaverroes.juntadeandalucia.es\/ceipcostaoeste\/wp-json\/wp\/v2\/pages\/113\/revisions"}],"predecessor-version":[{"id":3257,"href":"https:\/\/blogsaverroes.juntadeandalucia.es\/ceipcostaoeste\/wp-json\/wp\/v2\/pages\/113\/revisions\/3257"}],"wp:attachment":[{"href":"https:\/\/blogsaverroes.juntadeandalucia.es\/ceipcostaoeste\/wp-json\/wp\/v2\/media?parent=113"}],"curies":[{"name":"wp","href":"https:\/\/api.w.org\/{rel}","templated":true}]}}