{"id":35,"date":"2015-03-13T08:21:43","date_gmt":"2015-03-13T08:21:43","guid":{"rendered":"http:\/\/blogsaverroes.juntadeandalucia.es\/pre\/ceip\/?page_id=35"},"modified":"2024-02-16T11:58:31","modified_gmt":"2024-02-16T11:58:31","slug":"el-centro-2","status":"publish","type":"page","link":"https:\/\/blogsaverroes.juntadeandalucia.es\/ceipcostaoeste\/el-centro-2\/","title":{"rendered":"Datos del centro"},"content":{"rendered":"<table style=\"background-color: #39b6cc\">\n<tbody>\n<tr>\n<td>\n<h4><span style=\"color: #000000\"><strong>Datos del Centro:<\/strong><\/span><\/h4>\n<h3><span style=\"color: #000000\"><strong>CEIP COSTA OESTE 11006531<\/strong><\/span><\/h3>\n<h3><span style=\"color: #000000\"><strong>C\/MAR ROJO S\/N&nbsp; &nbsp;C.P <\/strong><strong>11500<\/strong><\/span><\/h3>\n<h3><span style=\"color: #000000\"><strong>EL PUERTO DE SANTA MAR\u00cdA (<\/strong><strong>C\u00c1DIZ)<\/strong><\/span><\/h3>\n<h3><span style=\"color: #000000\"><strong>TFNOS: 956 243457&nbsp; &nbsp; &nbsp;600161389<\/strong><\/span><\/h3>\n<h3><span style=\"color: #000000\"><strong>WEB:&nbsp;http:\/\/blogsaverroes.juntadeandalucia.es\/ceipcostaoeste\/<\/strong><\/span><\/h3>\n<h3><span style=\"color: #000000\"><strong>CORREO: 11006531.edu@juntadeandalucia.es<\/strong><\/span><\/h3>\n<\/td>\n<\/tr>\n<\/tbody>\n<\/table>\n<p style=\"background: white;text-align: left\"><b>&nbsp; &nbsp; &nbsp; &nbsp; &nbsp; &nbsp; &nbsp; &nbsp; &nbsp; &nbsp; &nbsp; &nbsp; &nbsp; &nbsp; &nbsp; &nbsp; &nbsp; &nbsp; &nbsp;&nbsp;<\/b><strong>CONSEJO ESCOLAR C.E.I.P COSTA OESTE<\/strong><\/p>\n<table style=\"width: 72.9105%;height: 487px\">\n<tbody>\n<tr style=\"height: 22px\">\n<td style=\"background-color: #309ccf;width: 35.2531%;height: 22px\" width=\"199\"><span style=\"color: #000000\"><strong><u>Equipo Directivo<\/u><\/strong><\/span><\/td>\n<td style=\"background-color: #309ccf;width: 63.3508%;height: 22px\" width=\"350\"><strong><span style=\"color: #000000\">Platero Caraballo, Emilio<\/span><\/strong><\/p>\n<p><span style=\"color: #000000\"><strong> (DIRECTOR)<\/strong><\/span><\/td>\n<\/tr>\n<tr style=\"height: 22px\">\n<td style=\"background-color: #309ccf;width: 35.2531%;height: 22px\" width=\"199\"><span style=\"color: #000000\"><strong><u>Equipo Directivo<\/u><\/strong><\/span><\/td>\n<td style=\"background-color: #309ccf;width: 63.3508%;height: 22px\" width=\"350\"><strong><span style=\"color: #000000\">Cair\u00f3n&nbsp;Ceballos,&nbsp;Eva&nbsp;Mar\u00eda<\/span>&nbsp;<\/strong><\/p>\n<p><span style=\"color: #000000\"><strong>(JEFA DE&nbsp;ESTUDIOS)<\/strong><\/span><\/td>\n<\/tr>\n<tr style=\"height: 22px\">\n<td style=\"background-color: #309ccf;width: 35.2531%;height: 22px\" width=\"199\"><span style=\"color: #000000\"><strong><u>Equipo Directivo<\/u><\/strong><\/span><\/td>\n<td style=\"background-color: #309ccf;width: 63.3508%;height: 22px\" width=\"350\"><strong><span style=\"color: #000000\">Ruiz Travieso, Jes\u00fas<\/span> <\/strong><\/p>\n<p><span style=\"color: #000000\"><strong>(SECRETARIO)<\/strong><\/span><\/td>\n<\/tr>\n<tr style=\"height: 22px\">\n<td style=\"background-color: #4bcc54;width: 35.2531%;height: 22px\" width=\"199\"><span style=\"color: #000000\"><strong><u>Profesorado<\/u><\/strong><\/span><\/td>\n<td style=\"background-color: #4bcc54;width: 63.3508%;height: 22px\" width=\"350\"><span style=\"color: #000000\"><strong>Albaiceta Vi\u00f1as, Bel\u00e9n&nbsp;<\/strong><\/span><\/td>\n<\/tr>\n<tr style=\"height: 22px\">\n<td style=\"background-color: #4bcc54;width: 35.2531%;height: 22px\" width=\"199\"><span style=\"color: #000000\"><strong><u>Profesorado<\/u><\/strong><\/span><\/td>\n<td style=\"background-color: #4bcc54;width: 63.3508%;height: 22px\" width=\"350\"><span style=\"color: #000000\"><strong>Beato Fern\u00e1ndez , Laura<\/strong><\/span><\/td>\n<\/tr>\n<tr style=\"height: 25px\">\n<td style=\"background-color: #4bcc54;width: 35.2531%;height: 25px\" width=\"199\"><span style=\"color: #000000\"><strong><u>Profesorado<\/u><\/strong><\/span><\/td>\n<td style=\"background-color: #4bcc54;width: 63.3508%;height: 25px\" width=\"350\"><span style=\"color: #000000\"><strong>C\u00e1rave Zapata, Milagros<\/strong><\/span><\/td>\n<\/tr>\n<tr style=\"height: 22px\">\n<td style=\"background-color: #4bcc54;width: 35.2531%;height: 22px\" width=\"199\"><span style=\"color: #000000\"><strong><u>Profesorado<\/u><\/strong><\/span><\/td>\n<td style=\"background-color: #4bcc54;width: 63.3508%;height: 22px\" width=\"350\"><span style=\"color: #000000\"><strong>C\u00e1rave Ruiz, Mar\u00eda Cristina<\/strong><\/span><\/td>\n<\/tr>\n<tr style=\"height: 22px\">\n<td style=\"background-color: #4bcc54;width: 35.2531%;height: 22px\" width=\"199\"><span style=\"color: #000000\"><strong><u>Profesorado<\/u><\/strong><\/span><\/td>\n<td style=\"background-color: #4bcc54;width: 63.3508%;height: 22px\" width=\"350\"><span style=\"color: #000000\"><strong>Guti\u00e9rrez V\u00e1zquez, Eva Mar\u00eda<\/strong><\/span><\/td>\n<\/tr>\n<tr style=\"height: 22px\">\n<td style=\"background-color: #4bcc54;width: 35.2531%;height: 22px\" width=\"199\"><span style=\"color: #000000\"><strong><u>Profesorado<\/u><\/strong><\/span><\/td>\n<td style=\"background-color: #4bcc54;width: 63.3508%;height: 22px\" width=\"350\"><span style=\"color: #000000\"><strong>Hidalgo Mart\u00ednez , Ver\u00f3nica<\/strong><\/span><\/td>\n<\/tr>\n<tr style=\"height: 22px\">\n<td style=\"background-color: #4bcc54;width: 35.2531%;height: 22px\" width=\"199\"><span style=\"color: #000000\"><strong><u>Profesorado<\/u><\/strong><\/span><\/td>\n<td style=\"background-color: #4bcc54;width: 63.3508%;height: 22px\" width=\"350\"><span style=\"color: #000000\"><strong>Ferrer Calvo, Mar\u00eda<\/strong><\/span><\/td>\n<\/tr>\n<tr style=\"height: 22px\">\n<td style=\"background-color: #4bcc54;width: 35.2531%;height: 22px\" width=\"199\"><span style=\"color: #000000\"><strong><u>Profesorado<\/u><\/strong><\/span><\/td>\n<td style=\"background-color: #4bcc54;width: 63.3508%;height: 22px\" width=\"350\"><span style=\"color: #000000\"><strong>Tejada Rivera, Mar\u00eda del Carmen<\/strong><\/span><\/td>\n<\/tr>\n<tr style=\"height: 22px\">\n<td style=\"background-color: #f5eb7f;width: 35.2531%;height: 22px\" width=\"199\"><span style=\"color: #000000\"><strong><u>Madres\/Padres\/Tutores<\/u><\/strong><\/span><\/td>\n<td style=\"background-color: #f5eb7f;width: 63.3508%;height: 22px\" width=\"350\"><span style=\"color: #000000\"><strong>Aca S\u00e1nchez, Cristina<\/strong><\/span><\/p>\n<p><strong>(<span style=\"color: #000000\">REPRESENTANTE DE LA A.M.P.A.)<\/span><\/strong><\/td>\n<\/tr>\n<tr style=\"height: 22px\">\n<td style=\"background-color: #f5eb7f;width: 35.2531%;height: 22px\" width=\"199\"><span style=\"color: #000000\"><strong><u>Madres\/Padres\/Tutores<\/u><\/strong><\/span><\/td>\n<td style=\"background-color: #f5eb7f;width: 63.3508%;height: 22px\" width=\"350\"><span style=\"color: #000000\"><strong>Carrasco Capilla , Jos\u00e9 Manuel<\/strong><\/span><\/td>\n<\/tr>\n<tr style=\"height: 22px\">\n<td style=\"background-color: #f5eb7f;width: 35.2531%;height: 22px\" width=\"199\"><span style=\"color: #000000\"><strong><u>Madres\/Padres\/Tutores<\/u><\/strong><\/span><\/td>\n<td style=\"background-color: #f5eb7f;width: 63.3508%;height: 22px\" width=\"350\"><span style=\"color: #000000\"><strong>Lorioz, Yann<\/strong><\/span><\/td>\n<\/tr>\n<tr style=\"height: 22px\">\n<td style=\"background-color: #f5eb7f;width: 35.2531%;height: 22px\" width=\"199\"><span style=\"color: #000000\"><strong><u>Madres\/Padres\/Tutores<\/u><\/strong><\/span><\/td>\n<td style=\"background-color: #f5eb7f;width: 63.3508%;height: 22px\" width=\"350\"><span style=\"color: #000000\"><strong> Sayans Bajula, David<\/strong><\/span><\/td>\n<\/tr>\n<tr style=\"height: 22px\">\n<td style=\"background-color: #f5eb7f;width: 35.2531%;height: 22px\" width=\"199\"><span style=\"color: #000000\"><strong><u>Madres\/Padres\/Tutores<\/u><\/strong><\/span><\/td>\n<td style=\"background-color: #f5eb7f;width: 63.3508%;height: 22px\" width=\"350\"><span style=\"color: #000000\"><strong>Palacios Guerra, Mar\u00eda&nbsp;<\/strong><\/span><\/td>\n<\/tr>\n<tr style=\"height: 22px\">\n<td style=\"background-color: #f5eb7f;width: 35.2531%;height: 22px\" width=\"199\"><span style=\"color: #000000\"><strong><u>Madres\/Padres\/Tutores<\/u><\/strong><\/span><\/td>\n<td style=\"background-color: #f5eb7f;width: 63.3508%;height: 22px\" width=\"350\"><span style=\"color: #000000\"><strong>&nbsp;Jim\u00e9nez Trujillo, Jos\u00e9 Ignacio<\/strong><\/span><\/td>\n<\/tr>\n<tr style=\"height: 22px\">\n<td style=\"background-color: #f5eb7f;width: 35.2531%;height: 22px\" width=\"199\"><span style=\"color: #000000\"><strong><u>Madres\/Padres\/Tutores<\/u><\/strong><\/span><\/td>\n<td style=\"background-color: #f5eb7f;width: 63.3508%;height: 22px\" width=\"350\"><span style=\"color: #000000\"><strong>M\u00e1rquez Tejero, Rub\u00e9n<\/strong><\/span><\/td>\n<\/tr>\n<tr style=\"height: 22px\">\n<td style=\"background-color: #f5eb7f;width: 35.2531%;height: 22px\" width=\"199\"><span style=\"color: #000000\"><strong><u>Madres\/Padres\/Tutores<\/u><\/strong><\/span><\/td>\n<td style=\"background-color: #f5eb7f;width: 63.3508%;height: 22px\" width=\"350\"><span style=\"color: #000000\"><strong>Raposo Molina, Estefan\u00eda<\/strong><\/span><\/td>\n<\/tr>\n<tr style=\"height: 22px\">\n<td style=\"background-color: #f5eb7f;width: 35.2531%;height: 22px\" width=\"199\"><span style=\"color: #000000\"><strong><u>Madres\/Padres\/Tutores<\/u><\/strong><\/span><\/td>\n<td style=\"background-color: #f5eb7f;width: 63.3508%;height: 22px\" width=\"350\"><span style=\"color: #000000\"><strong>&nbsp;Valima\u00f1a G\u00f3mez, Ang\u00e9lica<\/strong><\/span><\/td>\n<\/tr>\n<tr style=\"height: 22px\">\n<td style=\"background-color: #de932a;width: 35.2531%;height: 22px\" width=\"199\"><span style=\"color: #000000\"><strong><u>Personal Adm\u00f3n. y Servicios<\/u><\/strong><\/span><\/td>\n<td style=\"background-color: #de932a;width: 63.3508%;height: 22px\" width=\"350\"><span style=\"color: #000000\"><strong>Fern\u00e1ndez Alfaro, Mar\u00eda del Rosario<\/strong><\/span><\/td>\n<\/tr>\n<tr style=\"height: 22px\">\n<td style=\"background-color: #d4babf;width: 35.2531%;height: 22px\" width=\"199\"><span style=\"color: #000000\"><strong><u>Ayuntamiento<\/u><\/strong><\/span><\/td>\n<td style=\"background-color: #d4babf;width: 63.3508%;height: 22px\" width=\"350\"><span style=\"color: #000000\"><strong>&nbsp;<\/strong><strong>(<\/strong><strong>REPRESENTANTE&nbsp;DEL&nbsp;AYUNTAMIENTO)<\/strong><\/span><\/td>\n<\/tr>\n<\/tbody>\n<\/table>\n<p>&nbsp;<\/p>\n","protected":false},"excerpt":{"rendered":"<p>Datos del Centro: CEIP COSTA OESTE 11006531 C\/MAR ROJO S\/N&nbsp; &nbsp;C.P 11500 EL PUERTO DE SANTA MAR\u00cdA (C\u00c1DIZ) TFNOS: 956 243457&nbsp; &nbsp; &nbsp;600161389 WEB:&nbsp;http:\/\/blogsaverroes.juntadeandalucia.es\/ceipcostaoeste\/ CORREO: 11006531.edu@juntadeandalucia.es &nbsp; &nbsp; &nbsp; &nbsp; &nbsp; &nbsp; &nbsp; &nbsp;&#46;&#46;&#46;<\/p>\n","protected":false},"author":1,"featured_media":0,"parent":0,"menu_order":0,"comment_status":"closed","ping_status":"open","template":"page-cs.php","meta":{"ngg_post_thumbnail":0,"footnotes":"","_mc_calendar":[]},"aioseo_notices":[],"_links":{"self":[{"href":"https:\/\/blogsaverroes.juntadeandalucia.es\/ceipcostaoeste\/wp-json\/wp\/v2\/pages\/35"}],"collection":[{"href":"https:\/\/blogsaverroes.juntadeandalucia.es\/ceipcostaoeste\/wp-json\/wp\/v2\/pages"}],"about":[{"href":"https:\/\/blogsaverroes.juntadeandalucia.es\/ceipcostaoeste\/wp-json\/wp\/v2\/types\/page"}],"author":[{"embeddable":true,"href":"https:\/\/blogsaverroes.juntadeandalucia.es\/ceipcostaoeste\/wp-json\/wp\/v2\/users\/1"}],"replies":[{"embeddable":true,"href":"https:\/\/blogsaverroes.juntadeandalucia.es\/ceipcostaoeste\/wp-json\/wp\/v2\/comments?post=35"}],"version-history":[{"count":50,"href":"https:\/\/blogsaverroes.juntadeandalucia.es\/ceipcostaoeste\/wp-json\/wp\/v2\/pages\/35\/revisions"}],"predecessor-version":[{"id":3419,"href":"https:\/\/blogsaverroes.juntadeandalucia.es\/ceipcostaoeste\/wp-json\/wp\/v2\/pages\/35\/revisions\/3419"}],"wp:attachment":[{"href":"https:\/\/blogsaverroes.juntadeandalucia.es\/ceipcostaoeste\/wp-json\/wp\/v2\/media?parent=35"}],"curies":[{"name":"wp","href":"https:\/\/api.w.org\/{rel}","templated":true}]}}